{"id":2735,"date":"2024-10-16T21:30:26","date_gmt":"2024-10-17T00:30:26","guid":{"rendered":"https:\/\/paratyperte.com\/?post_type=product&#038;p=2735"},"modified":"2024-10-17T12:02:33","modified_gmt":"2024-10-17T15:02:33","slug":"passeio-de-veleiro-elegancia-e-conexao-com-a-natureza","status":"publish","type":"product","link":"https:\/\/paratyperte.com\/it\/prodotto\/passeio-de-veleiro-elegancia-e-conexao-com-a-natureza\/","title":{"rendered":"Passeio de Veleiro \u2013 Eleg\u00e2ncia e Conex\u00e3o com a Natureza"},"content":{"rendered":"<p>Para aqueles que buscam uma experi\u00eancia mais intimista e ecol\u00f3gica, o passeio de veleiro proporciona uma conex\u00e3o especial com o mar. Movido pelo vento, o veleiro navega em sil\u00eancio, criando uma sensa\u00e7\u00e3o \u00fanica de liberdade e harmonia com a natureza. A experi\u00eancia \u00e9 ideal para casais ou pequenos grupos que desejam uma aventura tranquila que permite que voc\u00ea relaxe enquanto contempla o horizonte. Aproveite paradas em praias isoladas e deixe o som das ondas guiar o seu dia.<\/p>\n<p><strong>\u00a0<\/strong><\/p>","protected":false},"excerpt":{"rendered":"<p>Para aqueles que buscam uma experi\u00eancia mais intimista e ecol\u00f3gica, o passeio de veleiro proporciona uma conex\u00e3o especial com o mar. Movido pelo vento, o veleiro navega em sil\u00eancio, criando uma sensa\u00e7\u00e3o \u00fanica de liberdade e harmonia com a natureza. A experi\u00eancia \u00e9 ideal para casais ou pequenos grupos que desejam uma aventura tranquila que [&hellip;]<\/p>\n","protected":false},"featured_media":2809,"comment_status":"open","ping_status":"closed","template":"","meta":{"_joinchat":[]},"product_brand":[],"product_cat":[46],"product_tag":[],"class_list":{"0":"post-2735","1":"product","2":"type-product","3":"status-publish","4":"has-post-thumbnail","6":"product_cat-agua","8":"first","9":"instock","10":"virtual","11":"purchasable","12":"product-type-simple"},"yoast_head":"<!-- This site is optimized with the Yoast SEO plugin v27.3 - https:\/\/yoast.com\/product\/yoast-seo-wordpress\/ -->\n<title>Passeio de Veleiro \u2013 Eleg\u00e2ncia e Conex\u00e3o com a Natureza - Paraty Per Te<\/title>\n<meta name=\"description\" content=\"Para aqueles que buscam uma experi\u00eancia mais intimista e ecol\u00f3gica, o passeio de veleiro proporciona uma conex\u00e3o especial com o mar.\" \/>\n<meta name=\"robots\" content=\"index, follow, max-snippet:-1, max-image-preview:large, max-video-preview:-1\" \/>\n<link rel=\"canonical\" href=\"https:\/\/paratyperte.com\/it\/prodotto\/passeio-de-veleiro-elegancia-e-conexao-com-a-natureza\/\" \/>\n<meta property=\"og:locale\" content=\"it_IT\" \/>\n<meta property=\"og:type\" content=\"article\" \/>\n<meta property=\"og:title\" content=\"Passeio de Veleiro \u2013 Eleg\u00e2ncia e Conex\u00e3o com a Natureza - Paraty Per Te\" \/>\n<meta property=\"og:description\" content=\"Para aqueles que buscam uma experi\u00eancia mais intimista e ecol\u00f3gica, o passeio de veleiro proporciona uma conex\u00e3o especial com o mar.\" \/>\n<meta property=\"og:url\" content=\"https:\/\/paratyperte.com\/it\/prodotto\/passeio-de-veleiro-elegancia-e-conexao-com-a-natureza\/\" \/>\n<meta property=\"og:site_name\" content=\"Paraty Per Te\" \/>\n<meta property=\"article:publisher\" content=\"https:\/\/www.facebook.com\/paratyperte\/\" \/>\n<meta property=\"article:modified_time\" content=\"2024-10-17T15:02:33+00:00\" \/>\n<meta property=\"og:image\" content=\"https:\/\/paratyperte.com\/wp-content\/uploads\/2024\/10\/Imagem-do-WhatsApp-de-2024-10-17-as-11.55.21_34a2337e.jpg\" \/>\n\t<meta property=\"og:image:width\" content=\"867\" \/>\n\t<meta property=\"og:image:height\" content=\"1156\" \/>\n\t<meta property=\"og:image:type\" content=\"image\/jpeg\" \/>\n<meta name=\"twitter:card\" content=\"summary_large_image\" \/>\n<meta name=\"twitter:label1\" content=\"Tempo di lettura stimato\" \/>\n\t<meta name=\"twitter:data1\" content=\"1 minuto\" \/>\n<script type=\"application\/ld+json\" class=\"yoast-schema-graph\">{\"@context\":\"https:\\\/\\\/schema.org\",\"@graph\":[{\"@type\":\"WebPage\",\"@id\":\"https:\\\/\\\/paratyperte.com\\\/produto\\\/passeio-de-veleiro-elegancia-e-conexao-com-a-natureza\\\/\",\"url\":\"https:\\\/\\\/paratyperte.com\\\/produto\\\/passeio-de-veleiro-elegancia-e-conexao-com-a-natureza\\\/\",\"name\":\"Passeio de Veleiro \u2013 Eleg\u00e2ncia e Conex\u00e3o com a Natureza - Paraty Per Te\",\"isPartOf\":{\"@id\":\"https:\\\/\\\/paratyperte.com\\\/#website\"},\"primaryImageOfPage\":{\"@id\":\"https:\\\/\\\/paratyperte.com\\\/produto\\\/passeio-de-veleiro-elegancia-e-conexao-com-a-natureza\\\/#primaryimage\"},\"image\":{\"@id\":\"https:\\\/\\\/paratyperte.com\\\/produto\\\/passeio-de-veleiro-elegancia-e-conexao-com-a-natureza\\\/#primaryimage\"},\"thumbnailUrl\":\"https:\\\/\\\/paratyperte.com\\\/wp-content\\\/uploads\\\/2024\\\/10\\\/Imagem-do-WhatsApp-de-2024-10-17-as-11.55.21_34a2337e.jpg\",\"datePublished\":\"2024-10-17T00:30:26+00:00\",\"dateModified\":\"2024-10-17T15:02:33+00:00\",\"description\":\"Para aqueles que buscam uma experi\u00eancia mais intimista e ecol\u00f3gica, o passeio de veleiro proporciona uma conex\u00e3o especial com o mar.\",\"breadcrumb\":{\"@id\":\"https:\\\/\\\/paratyperte.com\\\/produto\\\/passeio-de-veleiro-elegancia-e-conexao-com-a-natureza\\\/#breadcrumb\"},\"inLanguage\":\"it-IT\",\"potentialAction\":[{\"@type\":\"ReadAction\",\"target\":[\"https:\\\/\\\/paratyperte.com\\\/produto\\\/passeio-de-veleiro-elegancia-e-conexao-com-a-natureza\\\/\"]}]},{\"@type\":\"ImageObject\",\"inLanguage\":\"it-IT\",\"@id\":\"https:\\\/\\\/paratyperte.com\\\/produto\\\/passeio-de-veleiro-elegancia-e-conexao-com-a-natureza\\\/#primaryimage\",\"url\":\"https:\\\/\\\/paratyperte.com\\\/wp-content\\\/uploads\\\/2024\\\/10\\\/Imagem-do-WhatsApp-de-2024-10-17-as-11.55.21_34a2337e.jpg\",\"contentUrl\":\"https:\\\/\\\/paratyperte.com\\\/wp-content\\\/uploads\\\/2024\\\/10\\\/Imagem-do-WhatsApp-de-2024-10-17-as-11.55.21_34a2337e.jpg\",\"width\":867,\"height\":1156},{\"@type\":\"BreadcrumbList\",\"@id\":\"https:\\\/\\\/paratyperte.com\\\/produto\\\/passeio-de-veleiro-elegancia-e-conexao-com-a-natureza\\\/#breadcrumb\",\"itemListElement\":[{\"@type\":\"ListItem\",\"position\":1,\"name\":\"In\u00edcio\",\"item\":\"https:\\\/\\\/paratyperte.com\\\/\"},{\"@type\":\"ListItem\",\"position\":2,\"name\":\"Produtos\",\"item\":\"https:\\\/\\\/paratyperte.com\\\/shop\\\/\"},{\"@type\":\"ListItem\",\"position\":3,\"name\":\"Passeio de Veleiro \u2013 Eleg\u00e2ncia e Conex\u00e3o com a Natureza\"}]},{\"@type\":\"WebSite\",\"@id\":\"https:\\\/\\\/paratyperte.com\\\/#website\",\"url\":\"https:\\\/\\\/paratyperte.com\\\/\",\"name\":\"Paraty Per Te\",\"description\":\"Ag\u00eancia de turismo em Paraty\",\"publisher\":{\"@id\":\"https:\\\/\\\/paratyperte.com\\\/#organization\"},\"potentialAction\":[{\"@type\":\"SearchAction\",\"target\":{\"@type\":\"EntryPoint\",\"urlTemplate\":\"https:\\\/\\\/paratyperte.com\\\/?s={search_term_string}\"},\"query-input\":{\"@type\":\"PropertyValueSpecification\",\"valueRequired\":true,\"valueName\":\"search_term_string\"}}],\"inLanguage\":\"it-IT\"},{\"@type\":\"Organization\",\"@id\":\"https:\\\/\\\/paratyperte.com\\\/#organization\",\"name\":\"Paraty Per Te\",\"url\":\"https:\\\/\\\/paratyperte.com\\\/\",\"logo\":{\"@type\":\"ImageObject\",\"inLanguage\":\"it-IT\",\"@id\":\"https:\\\/\\\/paratyperte.com\\\/#\\\/schema\\\/logo\\\/image\\\/\",\"url\":\"https:\\\/\\\/paratyperte.com\\\/wp-content\\\/uploads\\\/2024\\\/03\\\/cropped-PARATY-PER-TE-LOGO-SEM-FUNDO-1.png\",\"contentUrl\":\"https:\\\/\\\/paratyperte.com\\\/wp-content\\\/uploads\\\/2024\\\/03\\\/cropped-PARATY-PER-TE-LOGO-SEM-FUNDO-1.png\",\"width\":2644,\"height\":2147,\"caption\":\"Paraty Per Te\"},\"image\":{\"@id\":\"https:\\\/\\\/paratyperte.com\\\/#\\\/schema\\\/logo\\\/image\\\/\"},\"sameAs\":[\"https:\\\/\\\/www.facebook.com\\\/paratyperte\\\/\",\"https:\\\/\\\/www.tripadvisor.com.br\\\/ShowUserReviews-g303503-d24012638-r917170680-PARATY_PER_TE_TURISMO-Paraty_State_of_Rio_de_Janeiro.html\"]}]}<\/script>\n<!-- \/ Yoast SEO plugin. -->","yoast_head_json":{"title":"Passeio de Veleiro \u2013 Eleg\u00e2ncia e Conex\u00e3o com a Natureza - Paraty Per Te","description":"Para aqueles que buscam uma experi\u00eancia mais intimista e ecol\u00f3gica, o passeio de veleiro proporciona uma conex\u00e3o especial com o mar.","robots":{"index":"index","follow":"follow","max-snippet":"max-snippet:-1","max-image-preview":"max-image-preview:large","max-video-preview":"max-video-preview:-1"},"canonical":"https:\/\/paratyperte.com\/it\/prodotto\/passeio-de-veleiro-elegancia-e-conexao-com-a-natureza\/","og_locale":"it_IT","og_type":"article","og_title":"Passeio de Veleiro \u2013 Eleg\u00e2ncia e Conex\u00e3o com a Natureza - Paraty Per Te","og_description":"Para aqueles que buscam uma experi\u00eancia mais intimista e ecol\u00f3gica, o passeio de veleiro proporciona uma conex\u00e3o especial com o mar.","og_url":"https:\/\/paratyperte.com\/it\/prodotto\/passeio-de-veleiro-elegancia-e-conexao-com-a-natureza\/","og_site_name":"Paraty Per Te","article_publisher":"https:\/\/www.facebook.com\/paratyperte\/","article_modified_time":"2024-10-17T15:02:33+00:00","og_image":[{"width":867,"height":1156,"url":"https:\/\/paratyperte.com\/wp-content\/uploads\/2024\/10\/Imagem-do-WhatsApp-de-2024-10-17-as-11.55.21_34a2337e.jpg","type":"image\/jpeg"}],"twitter_card":"summary_large_image","twitter_misc":{"Tempo di lettura stimato":"1 minuto"},"schema":{"@context":"https:\/\/schema.org","@graph":[{"@type":"WebPage","@id":"https:\/\/paratyperte.com\/produto\/passeio-de-veleiro-elegancia-e-conexao-com-a-natureza\/","url":"https:\/\/paratyperte.com\/produto\/passeio-de-veleiro-elegancia-e-conexao-com-a-natureza\/","name":"Passeio de Veleiro \u2013 Eleg\u00e2ncia e Conex\u00e3o com a Natureza - Paraty Per Te","isPartOf":{"@id":"https:\/\/paratyperte.com\/#website"},"primaryImageOfPage":{"@id":"https:\/\/paratyperte.com\/produto\/passeio-de-veleiro-elegancia-e-conexao-com-a-natureza\/#primaryimage"},"image":{"@id":"https:\/\/paratyperte.com\/produto\/passeio-de-veleiro-elegancia-e-conexao-com-a-natureza\/#primaryimage"},"thumbnailUrl":"https:\/\/paratyperte.com\/wp-content\/uploads\/2024\/10\/Imagem-do-WhatsApp-de-2024-10-17-as-11.55.21_34a2337e.jpg","datePublished":"2024-10-17T00:30:26+00:00","dateModified":"2024-10-17T15:02:33+00:00","description":"Para aqueles que buscam uma experi\u00eancia mais intimista e ecol\u00f3gica, o passeio de veleiro proporciona uma conex\u00e3o especial com o mar.","breadcrumb":{"@id":"https:\/\/paratyperte.com\/produto\/passeio-de-veleiro-elegancia-e-conexao-com-a-natureza\/#breadcrumb"},"inLanguage":"it-IT","potentialAction":[{"@type":"ReadAction","target":["https:\/\/paratyperte.com\/produto\/passeio-de-veleiro-elegancia-e-conexao-com-a-natureza\/"]}]},{"@type":"ImageObject","inLanguage":"it-IT","@id":"https:\/\/paratyperte.com\/produto\/passeio-de-veleiro-elegancia-e-conexao-com-a-natureza\/#primaryimage","url":"https:\/\/paratyperte.com\/wp-content\/uploads\/2024\/10\/Imagem-do-WhatsApp-de-2024-10-17-as-11.55.21_34a2337e.jpg","contentUrl":"https:\/\/paratyperte.com\/wp-content\/uploads\/2024\/10\/Imagem-do-WhatsApp-de-2024-10-17-as-11.55.21_34a2337e.jpg","width":867,"height":1156},{"@type":"BreadcrumbList","@id":"https:\/\/paratyperte.com\/produto\/passeio-de-veleiro-elegancia-e-conexao-com-a-natureza\/#breadcrumb","itemListElement":[{"@type":"ListItem","position":1,"name":"In\u00edcio","item":"https:\/\/paratyperte.com\/"},{"@type":"ListItem","position":2,"name":"Produtos","item":"https:\/\/paratyperte.com\/shop\/"},{"@type":"ListItem","position":3,"name":"Passeio de Veleiro \u2013 Eleg\u00e2ncia e Conex\u00e3o com a Natureza"}]},{"@type":"WebSite","@id":"https:\/\/paratyperte.com\/#website","url":"https:\/\/paratyperte.com\/","name":"Festa Per Te","description":"Agenzia di viaggi a Paraty","publisher":{"@id":"https:\/\/paratyperte.com\/#organization"},"potentialAction":[{"@type":"SearchAction","target":{"@type":"EntryPoint","urlTemplate":"https:\/\/paratyperte.com\/?s={search_term_string}"},"query-input":{"@type":"PropertyValueSpecification","valueRequired":true,"valueName":"search_term_string"}}],"inLanguage":"it-IT"},{"@type":"Organization","@id":"https:\/\/paratyperte.com\/#organization","name":"Festa Per Te","url":"https:\/\/paratyperte.com\/","logo":{"@type":"ImageObject","inLanguage":"it-IT","@id":"https:\/\/paratyperte.com\/#\/schema\/logo\/image\/","url":"https:\/\/paratyperte.com\/wp-content\/uploads\/2024\/03\/cropped-PARATY-PER-TE-LOGO-SEM-FUNDO-1.png","contentUrl":"https:\/\/paratyperte.com\/wp-content\/uploads\/2024\/03\/cropped-PARATY-PER-TE-LOGO-SEM-FUNDO-1.png","width":2644,"height":2147,"caption":"Paraty Per Te"},"image":{"@id":"https:\/\/paratyperte.com\/#\/schema\/logo\/image\/"},"sameAs":["https:\/\/www.facebook.com\/paratyperte\/","https:\/\/www.tripadvisor.com.br\/ShowUserReviews-g303503-d24012638-r917170680-PARATY_PER_TE_TURISMO-Paraty_State_of_Rio_de_Janeiro.html"]}]}},"_links":{"self":[{"href":"https:\/\/paratyperte.com\/it\/wp-json\/wp\/v2\/product\/2735","targetHints":{"allow":["GET"]}}],"collection":[{"href":"https:\/\/paratyperte.com\/it\/wp-json\/wp\/v2\/product"}],"about":[{"href":"https:\/\/paratyperte.com\/it\/wp-json\/wp\/v2\/types\/product"}],"replies":[{"embeddable":true,"href":"https:\/\/paratyperte.com\/it\/wp-json\/wp\/v2\/comments?post=2735"}],"wp:featuredmedia":[{"embeddable":true,"href":"https:\/\/paratyperte.com\/it\/wp-json\/wp\/v2\/media\/2809"}],"wp:attachment":[{"href":"https:\/\/paratyperte.com\/it\/wp-json\/wp\/v2\/media?parent=2735"}],"wp:term":[{"taxonomy":"product_brand","embeddable":true,"href":"https:\/\/paratyperte.com\/it\/wp-json\/wp\/v2\/product_brand?post=2735"},{"taxonomy":"product_cat","embeddable":true,"href":"https:\/\/paratyperte.com\/it\/wp-json\/wp\/v2\/product_cat?post=2735"},{"taxonomy":"product_tag","embeddable":true,"href":"https:\/\/paratyperte.com\/it\/wp-json\/wp\/v2\/product_tag?post=2735"}],"curies":[{"name":"wp","href":"https:\/\/api.w.org\/{rel}","templated":true}]}}