{"id":2587,"date":"2024-05-22T10:56:49","date_gmt":"2024-05-22T13:56:49","guid":{"rendered":"https:\/\/paratyperte.com\/?post_type=product&#038;p=2587"},"modified":"2024-05-27T16:57:22","modified_gmt":"2024-05-27T19:57:22","slug":"vivencia-caicara","status":"publish","type":"product","link":"https:\/\/paratyperte.com\/it\/prodotto\/vivencia-caicara\/","title":{"rendered":"Immersione Cai\u00e7ara"},"content":{"rendered":"<p>Mergulhe no estilo de vida cai\u00e7ara com esta experi\u00eancia aut\u00eantica, navegando pela ba\u00eda de Paraty em um barco tradicional de madeira. Guiado por um marinheiro pescador experiente, voc\u00ea se conectar\u00e1 \u00e0 simplicidade e riqueza da vida \u00e0 beira-mar.<\/p>\n<p>Ap\u00f3s a pescaria, desfrute de um delicioso peixe preparado na hora, enquanto ouve hist\u00f3rias e lendas locais, entendendo a import\u00e2ncia da preserva\u00e7\u00e3o ambiental e da rela\u00e7\u00e3o harmoniosa com o mar. Para os entusiastas da pesca, uma vers\u00e3o focada nessa atividade est\u00e1 dispon\u00edvel<\/p>","protected":false},"excerpt":{"rendered":"<p>Mergulhe no estilo de vida cai\u00e7ara com esta experi\u00eancia aut\u00eantica, navegando pela ba\u00eda de Paraty em um barco tradicional de madeira. Guiado por um marinheiro pescador experiente, voc\u00ea se conectar\u00e1 \u00e0 simplicidade e riqueza da vida \u00e0 beira-mar. Ap\u00f3s a pescaria, desfrute de um delicioso peixe preparado na hora, enquanto ouve hist\u00f3rias e lendas locais, [&hellip;]<\/p>\n","protected":false},"featured_media":2608,"comment_status":"open","ping_status":"closed","template":"","meta":{"_joinchat":[]},"product_brand":[],"product_cat":[48,23],"product_tag":[],"class_list":{"0":"post-2587","1":"product","2":"type-product","3":"status-publish","4":"has-post-thumbnail","6":"product_cat-fogo","7":"product_cat-turismo-eco-criativo","9":"first","10":"instock","11":"shipping-taxable","12":"product-type-simple"},"yoast_head":"<!-- This site is optimized with the Yoast SEO plugin v27.3 - https:\/\/yoast.com\/product\/yoast-seo-wordpress\/ -->\n<title>Viv\u00eancia Cai\u00e7ara - Paraty Per Te<\/title>\n<meta name=\"description\" content=\"Vivencie o estilo cai\u00e7ara em Paraty com um passeio aut\u00eantico de barco tradicional. Aprenda com um pescador, saboreie peixe fresco e ou\u00e7a lendas locais. Reserve j\u00e1!\" \/>\n<meta name=\"robots\" content=\"index, follow, max-snippet:-1, max-image-preview:large, max-video-preview:-1\" \/>\n<link rel=\"canonical\" href=\"https:\/\/paratyperte.com\/it\/prodotto\/vivencia-caicara\/\" \/>\n<meta property=\"og:locale\" content=\"it_IT\" \/>\n<meta property=\"og:type\" content=\"article\" \/>\n<meta property=\"og:title\" content=\"Viv\u00eancia Cai\u00e7ara - Paraty Per Te\" \/>\n<meta property=\"og:description\" content=\"Vivencie o estilo cai\u00e7ara em Paraty com um passeio aut\u00eantico de barco tradicional. Aprenda com um pescador, saboreie peixe fresco e ou\u00e7a lendas locais. Reserve j\u00e1!\" \/>\n<meta property=\"og:url\" content=\"https:\/\/paratyperte.com\/it\/prodotto\/vivencia-caicara\/\" \/>\n<meta property=\"og:site_name\" content=\"Paraty Per Te\" \/>\n<meta property=\"article:publisher\" content=\"https:\/\/www.facebook.com\/paratyperte\/\" \/>\n<meta property=\"article:modified_time\" content=\"2024-05-27T19:57:22+00:00\" \/>\n<meta property=\"og:image\" content=\"https:\/\/paratyperte.com\/wp-content\/uploads\/2024\/05\/churrasco_caicara_paraty-1.jpg\" \/>\n\t<meta property=\"og:image:width\" content=\"1024\" \/>\n\t<meta property=\"og:image:height\" content=\"800\" \/>\n\t<meta property=\"og:image:type\" content=\"image\/jpeg\" \/>\n<meta name=\"twitter:card\" content=\"summary_large_image\" \/>\n<meta name=\"twitter:label1\" content=\"Tempo di lettura stimato\" \/>\n\t<meta name=\"twitter:data1\" content=\"1 minuto\" \/>\n<script type=\"application\/ld+json\" class=\"yoast-schema-graph\">{\"@context\":\"https:\\\/\\\/schema.org\",\"@graph\":[{\"@type\":\"WebPage\",\"@id\":\"https:\\\/\\\/paratyperte.com\\\/produto\\\/vivencia-caicara\\\/\",\"url\":\"https:\\\/\\\/paratyperte.com\\\/produto\\\/vivencia-caicara\\\/\",\"name\":\"Viv\u00eancia Cai\u00e7ara - Paraty Per Te\",\"isPartOf\":{\"@id\":\"https:\\\/\\\/paratyperte.com\\\/#website\"},\"primaryImageOfPage\":{\"@id\":\"https:\\\/\\\/paratyperte.com\\\/produto\\\/vivencia-caicara\\\/#primaryimage\"},\"image\":{\"@id\":\"https:\\\/\\\/paratyperte.com\\\/produto\\\/vivencia-caicara\\\/#primaryimage\"},\"thumbnailUrl\":\"https:\\\/\\\/paratyperte.com\\\/wp-content\\\/uploads\\\/2024\\\/05\\\/churrasco_caicara_paraty-1.jpg\",\"datePublished\":\"2024-05-22T13:56:49+00:00\",\"dateModified\":\"2024-05-27T19:57:22+00:00\",\"description\":\"Vivencie o estilo cai\u00e7ara em Paraty com um passeio aut\u00eantico de barco tradicional. Aprenda com um pescador, saboreie peixe fresco e ou\u00e7a lendas locais. Reserve j\u00e1!\",\"breadcrumb\":{\"@id\":\"https:\\\/\\\/paratyperte.com\\\/produto\\\/vivencia-caicara\\\/#breadcrumb\"},\"inLanguage\":\"it-IT\",\"potentialAction\":[{\"@type\":\"ReadAction\",\"target\":[\"https:\\\/\\\/paratyperte.com\\\/produto\\\/vivencia-caicara\\\/\"]}]},{\"@type\":\"ImageObject\",\"inLanguage\":\"it-IT\",\"@id\":\"https:\\\/\\\/paratyperte.com\\\/produto\\\/vivencia-caicara\\\/#primaryimage\",\"url\":\"https:\\\/\\\/paratyperte.com\\\/wp-content\\\/uploads\\\/2024\\\/05\\\/churrasco_caicara_paraty-1.jpg\",\"contentUrl\":\"https:\\\/\\\/paratyperte.com\\\/wp-content\\\/uploads\\\/2024\\\/05\\\/churrasco_caicara_paraty-1.jpg\",\"width\":1024,\"height\":800,\"caption\":\"churrasco com peixe fresco e banana da terra\"},{\"@type\":\"BreadcrumbList\",\"@id\":\"https:\\\/\\\/paratyperte.com\\\/produto\\\/vivencia-caicara\\\/#breadcrumb\",\"itemListElement\":[{\"@type\":\"ListItem\",\"position\":1,\"name\":\"In\u00edcio\",\"item\":\"https:\\\/\\\/paratyperte.com\\\/\"},{\"@type\":\"ListItem\",\"position\":2,\"name\":\"Produtos\",\"item\":\"https:\\\/\\\/paratyperte.com\\\/shop\\\/\"},{\"@type\":\"ListItem\",\"position\":3,\"name\":\"Viv\u00eancia Cai\u00e7ara\"}]},{\"@type\":\"WebSite\",\"@id\":\"https:\\\/\\\/paratyperte.com\\\/#website\",\"url\":\"https:\\\/\\\/paratyperte.com\\\/\",\"name\":\"Paraty Per Te\",\"description\":\"Ag\u00eancia de turismo em Paraty\",\"publisher\":{\"@id\":\"https:\\\/\\\/paratyperte.com\\\/#organization\"},\"potentialAction\":[{\"@type\":\"SearchAction\",\"target\":{\"@type\":\"EntryPoint\",\"urlTemplate\":\"https:\\\/\\\/paratyperte.com\\\/?s={search_term_string}\"},\"query-input\":{\"@type\":\"PropertyValueSpecification\",\"valueRequired\":true,\"valueName\":\"search_term_string\"}}],\"inLanguage\":\"it-IT\"},{\"@type\":\"Organization\",\"@id\":\"https:\\\/\\\/paratyperte.com\\\/#organization\",\"name\":\"Paraty Per Te\",\"url\":\"https:\\\/\\\/paratyperte.com\\\/\",\"logo\":{\"@type\":\"ImageObject\",\"inLanguage\":\"it-IT\",\"@id\":\"https:\\\/\\\/paratyperte.com\\\/#\\\/schema\\\/logo\\\/image\\\/\",\"url\":\"https:\\\/\\\/paratyperte.com\\\/wp-content\\\/uploads\\\/2024\\\/03\\\/cropped-PARATY-PER-TE-LOGO-SEM-FUNDO-1.png\",\"contentUrl\":\"https:\\\/\\\/paratyperte.com\\\/wp-content\\\/uploads\\\/2024\\\/03\\\/cropped-PARATY-PER-TE-LOGO-SEM-FUNDO-1.png\",\"width\":2644,\"height\":2147,\"caption\":\"Paraty Per Te\"},\"image\":{\"@id\":\"https:\\\/\\\/paratyperte.com\\\/#\\\/schema\\\/logo\\\/image\\\/\"},\"sameAs\":[\"https:\\\/\\\/www.facebook.com\\\/paratyperte\\\/\",\"https:\\\/\\\/www.tripadvisor.com.br\\\/ShowUserReviews-g303503-d24012638-r917170680-PARATY_PER_TE_TURISMO-Paraty_State_of_Rio_de_Janeiro.html\"]}]}<\/script>\n<!-- \/ Yoast SEO plugin. -->","yoast_head_json":{"title":"Viv\u00eancia Cai\u00e7ara - Paraty Per Te","description":"Vivencie o estilo cai\u00e7ara em Paraty com um passeio aut\u00eantico de barco tradicional. Aprenda com um pescador, saboreie peixe fresco e ou\u00e7a lendas locais. Reserve j\u00e1!","robots":{"index":"index","follow":"follow","max-snippet":"max-snippet:-1","max-image-preview":"max-image-preview:large","max-video-preview":"max-video-preview:-1"},"canonical":"https:\/\/paratyperte.com\/it\/prodotto\/vivencia-caicara\/","og_locale":"it_IT","og_type":"article","og_title":"Viv\u00eancia Cai\u00e7ara - Paraty Per Te","og_description":"Vivencie o estilo cai\u00e7ara em Paraty com um passeio aut\u00eantico de barco tradicional. Aprenda com um pescador, saboreie peixe fresco e ou\u00e7a lendas locais. Reserve j\u00e1!","og_url":"https:\/\/paratyperte.com\/it\/prodotto\/vivencia-caicara\/","og_site_name":"Paraty Per Te","article_publisher":"https:\/\/www.facebook.com\/paratyperte\/","article_modified_time":"2024-05-27T19:57:22+00:00","og_image":[{"width":1024,"height":800,"url":"https:\/\/paratyperte.com\/wp-content\/uploads\/2024\/05\/churrasco_caicara_paraty-1.jpg","type":"image\/jpeg"}],"twitter_card":"summary_large_image","twitter_misc":{"Tempo di lettura stimato":"1 minuto"},"schema":{"@context":"https:\/\/schema.org","@graph":[{"@type":"WebPage","@id":"https:\/\/paratyperte.com\/produto\/vivencia-caicara\/","url":"https:\/\/paratyperte.com\/produto\/vivencia-caicara\/","name":"Viv\u00eancia Cai\u00e7ara - Paraty Per Te","isPartOf":{"@id":"https:\/\/paratyperte.com\/#website"},"primaryImageOfPage":{"@id":"https:\/\/paratyperte.com\/produto\/vivencia-caicara\/#primaryimage"},"image":{"@id":"https:\/\/paratyperte.com\/produto\/vivencia-caicara\/#primaryimage"},"thumbnailUrl":"https:\/\/paratyperte.com\/wp-content\/uploads\/2024\/05\/churrasco_caicara_paraty-1.jpg","datePublished":"2024-05-22T13:56:49+00:00","dateModified":"2024-05-27T19:57:22+00:00","description":"Vivencie o estilo cai\u00e7ara em Paraty com um passeio aut\u00eantico de barco tradicional. Aprenda com um pescador, saboreie peixe fresco e ou\u00e7a lendas locais. Reserve j\u00e1!","breadcrumb":{"@id":"https:\/\/paratyperte.com\/produto\/vivencia-caicara\/#breadcrumb"},"inLanguage":"it-IT","potentialAction":[{"@type":"ReadAction","target":["https:\/\/paratyperte.com\/produto\/vivencia-caicara\/"]}]},{"@type":"ImageObject","inLanguage":"it-IT","@id":"https:\/\/paratyperte.com\/produto\/vivencia-caicara\/#primaryimage","url":"https:\/\/paratyperte.com\/wp-content\/uploads\/2024\/05\/churrasco_caicara_paraty-1.jpg","contentUrl":"https:\/\/paratyperte.com\/wp-content\/uploads\/2024\/05\/churrasco_caicara_paraty-1.jpg","width":1024,"height":800,"caption":"churrasco com peixe fresco e banana da terra"},{"@type":"BreadcrumbList","@id":"https:\/\/paratyperte.com\/produto\/vivencia-caicara\/#breadcrumb","itemListElement":[{"@type":"ListItem","position":1,"name":"In\u00edcio","item":"https:\/\/paratyperte.com\/"},{"@type":"ListItem","position":2,"name":"Produtos","item":"https:\/\/paratyperte.com\/shop\/"},{"@type":"ListItem","position":3,"name":"Viv\u00eancia Cai\u00e7ara"}]},{"@type":"WebSite","@id":"https:\/\/paratyperte.com\/#website","url":"https:\/\/paratyperte.com\/","name":"Festa Per Te","description":"Agenzia di viaggi a Paraty","publisher":{"@id":"https:\/\/paratyperte.com\/#organization"},"potentialAction":[{"@type":"SearchAction","target":{"@type":"EntryPoint","urlTemplate":"https:\/\/paratyperte.com\/?s={search_term_string}"},"query-input":{"@type":"PropertyValueSpecification","valueRequired":true,"valueName":"search_term_string"}}],"inLanguage":"it-IT"},{"@type":"Organization","@id":"https:\/\/paratyperte.com\/#organization","name":"Festa Per Te","url":"https:\/\/paratyperte.com\/","logo":{"@type":"ImageObject","inLanguage":"it-IT","@id":"https:\/\/paratyperte.com\/#\/schema\/logo\/image\/","url":"https:\/\/paratyperte.com\/wp-content\/uploads\/2024\/03\/cropped-PARATY-PER-TE-LOGO-SEM-FUNDO-1.png","contentUrl":"https:\/\/paratyperte.com\/wp-content\/uploads\/2024\/03\/cropped-PARATY-PER-TE-LOGO-SEM-FUNDO-1.png","width":2644,"height":2147,"caption":"Paraty Per Te"},"image":{"@id":"https:\/\/paratyperte.com\/#\/schema\/logo\/image\/"},"sameAs":["https:\/\/www.facebook.com\/paratyperte\/","https:\/\/www.tripadvisor.com.br\/ShowUserReviews-g303503-d24012638-r917170680-PARATY_PER_TE_TURISMO-Paraty_State_of_Rio_de_Janeiro.html"]}]}},"_links":{"self":[{"href":"https:\/\/paratyperte.com\/it\/wp-json\/wp\/v2\/product\/2587","targetHints":{"allow":["GET"]}}],"collection":[{"href":"https:\/\/paratyperte.com\/it\/wp-json\/wp\/v2\/product"}],"about":[{"href":"https:\/\/paratyperte.com\/it\/wp-json\/wp\/v2\/types\/product"}],"replies":[{"embeddable":true,"href":"https:\/\/paratyperte.com\/it\/wp-json\/wp\/v2\/comments?post=2587"}],"wp:featuredmedia":[{"embeddable":true,"href":"https:\/\/paratyperte.com\/it\/wp-json\/wp\/v2\/media\/2608"}],"wp:attachment":[{"href":"https:\/\/paratyperte.com\/it\/wp-json\/wp\/v2\/media?parent=2587"}],"wp:term":[{"taxonomy":"product_brand","embeddable":true,"href":"https:\/\/paratyperte.com\/it\/wp-json\/wp\/v2\/product_brand?post=2587"},{"taxonomy":"product_cat","embeddable":true,"href":"https:\/\/paratyperte.com\/it\/wp-json\/wp\/v2\/product_cat?post=2587"},{"taxonomy":"product_tag","embeddable":true,"href":"https:\/\/paratyperte.com\/it\/wp-json\/wp\/v2\/product_tag?post=2587"}],"curies":[{"name":"wp","href":"https:\/\/api.w.org\/{rel}","templated":true}]}}