{"id":2456,"date":"2024-05-17T16:09:32","date_gmt":"2024-05-17T19:09:32","guid":{"rendered":"https:\/\/paratyperte.com\/?post_type=product&#038;p=2456"},"modified":"2024-05-22T11:21:43","modified_gmt":"2024-05-22T14:21:43","slug":"roteiro-terra","status":"publish","type":"product","link":"https:\/\/paratyperte.com\/it\/prodotto\/roteiro-terra\/","title":{"rendered":"ROTEIRO TERRA"},"content":{"rendered":"<h5><strong>CITY TOUR CULTURAL ART\u00cdSTICO CRIATIVO<\/strong><\/h5>\n<h6><strong>Durata <\/strong>1 hora e 30 minutos a 3 horas.<\/h6>\n<h6><strong>Passeio a p\u00e9 pelo Centro Hist\u00f3rico<\/strong><\/h6>\n<p>Neste envolvente passeio a p\u00e9 pelo centro hist\u00f3rico de Paraty, reconhecido como Patrim\u00f4nio Mundial da UNESCO, seu guia local o transportar\u00e1 para uma jornada fascinante pela hist\u00f3ria do Brasil e pelo desenvolvimento de Paraty ao longo dos booms econ\u00f4micos do a\u00e7\u00facar, ouro e caf\u00e9. Em meio \u00e0s ruas estreitas de pedra e \u00e0 deslumbrante arquitetura colonial, voc\u00ea ser\u00e1 imerso em uma narrativa repleta de curiosidades e anedotas que d\u00e3o vida \u00e0 hist\u00f3ria da cidade, revelando a conex\u00e3o entre o passado e o presente.<\/p>\n<p>Mas esta experi\u00eancia vai al\u00e9m da hist\u00f3ria; Paraty \u00e9 um centro de criatividade e express\u00e3o art\u00edstica. Durante o tour, voc\u00ea ter\u00e1 a oportunidade de conhecer artistas talentosos da regi\u00e3o, conversar sobre suas obras e se inspirar com suas cria\u00e7\u00f5es \u00fanicas. A arte \u00e9 uma presen\u00e7a vibrante em todos os cantos desta cidade encantadora, mostrando-se como parte essencial da identidade de Paraty. E n\u00e3o podemos esquecer a gastronomia local, que tamb\u00e9m faz parte da riqueza cultural de Paraty. Durante o passeio, voc\u00ea ter\u00e1 a oportunidade de degustar licores e cacha\u00e7as t\u00edpicas da regi\u00e3o, mergulhando ainda mais na experi\u00eancia sensorial e cultural que a cidade oferece.<\/p>\n<p>Prepare-se para uma imers\u00e3o completa na hist\u00f3ria, cultura, arte e gastronomia de Paraty, em uma viagem no tempo que despertar\u00e1 seu interesse e admira\u00e7\u00e3o pela cidade.<\/p>\n<h5><strong>Party In The Run Tour<\/strong><\/h5>\n<p>O Passeio de corrida \u00e9 adaptado para todos os perfis de corredores, respeitando sempre o seu estado de condicionamento f\u00edsico. Seja voc\u00ea um atleta experiente em busca de um novo desafio ou um iniciante procurando por uma atividade din\u00e2mica e estimulante, nosso tour \u00e9 ajustado de acordo com suas caracter\u00edsticas individuais.<\/p>\n<p>Durante o percurso, os corredores t\u00eam a oportunidade de se exercitar enquanto exploram as maravilhas que a bela cidade de Paraty tem a oferecer. Nossos guias locais, apaixonados pela cidade e pela corrida, garantem uma jornada aut\u00eantica e enriquecedora, compartilhando informa\u00e7\u00f5es interessantes sobre Paraty e zelando pela sua seguran\u00e7a e bem-estar.<\/p>\n<p>Participar do Paraty Running Tour significa vivenciar uma experi\u00eancia que vai al\u00e9m do simples exerc\u00edcio f\u00edsico. Nosso objetivo \u00e9 estimular n\u00e3o apenas o corpo, mas tamb\u00e9m a mente e o esp\u00edrito. Desfrute de uma corrida din\u00e2mica, cheia de estilo e descobertas pela encantadora Paraty.<\/p>\n<p>Questa \u00e8 l'occasione perfetta per allenarsi, esplorare e connettersi con una delle citt\u00e0 pi\u00f9 affascinanti del Brasile e la sua natura. Unisciti a noi e vivi il Paraty Running Tour!<\/p>\n<h5><strong>CAMINHO DO OURO<\/strong><\/h5>\n<p>Explore a hist\u00f3rica rota do Caminho do Ouro, antiga Estrada Real, em um percurso de 2,5 km de n\u00edvel f\u00e1cil\/moderado. Originalmente utilizada para transportar ouro e mercadorias de Minas Gerais ao litoral do Rio de Janeiro, a Estrada Real \u00e9 um s\u00edmbolo da riqueza cultural e hist\u00f3rica do pa\u00eds. Ao atravessar a Mata Atl\u00e2ntica, voc\u00ea aprender\u00e1 sobre a hist\u00f3ria da regi\u00e3o enquanto aprecia sua rica biodiversidade.<\/p>\n<p>Em seguida, desfrute da oportunidade \u00fanica de mergulhar nas \u00e1guas da cachoeira do Tobog\u00e3 e no po\u00e7o do Tarzan, verdadeiros ref\u00fagios naturais que convidam \u00e0 medita\u00e7\u00e3o e contempla\u00e7\u00e3o.<\/p>\n<p>Durante o percurso, ser\u00e1 poss\u00edvel observar a riqueza da fauna e flora do Parque Nacional da Serra da Bocaina, habitat de uma vasta diversidade de esp\u00e9cies preservadas. Para encerrar com chave de ouro, visite os renomados alambiques da regi\u00e3o, reconhecidos mundialmente pela produ\u00e7\u00e3o de cacha\u00e7as premiadas.<\/p>\n<p>Prepare-se para uma experi\u00eancia \u00fanica, onde hist\u00f3ria e natureza se entrela\u00e7am, criando mem\u00f3rias inesquec\u00edveis em um dos cen\u00e1rios mais encantadores de Paraty.<\/p>\n<h5><strong>PASSEIO DE BICICLETA<\/strong><\/h5>\n<p>Descubra Paraty de uma forma \u00fanica com o Passeio de Bicicleta, uma experi\u00eancia vers\u00e1til e emocionante para casais, grupos de amigos e fam\u00edlias em busca de aventura e divers\u00e3o. Nossos itiner\u00e1rios personalizados garantem uma jornada fascinante, onde voc\u00ea poder\u00e1 explorar os encantos da regi\u00e3o de maneira relaxante e estimulante.<\/p>\n<h6><strong>Destinos Especiais:<\/strong><\/h6>\n<ul>\n<li>Morro do Forte Defensor<\/li>\n<li>Centro Hist\u00f3rico<\/li>\n<li>Praias ao redor da cidade<\/li>\n<\/ul>\n<p>&nbsp;<\/p>\n<p>Durante essa aventura de bike, voc\u00ea ter\u00e1 a chance de percorrer trilhas pitorescas, se refrescar em cachoeiras revigorantes e visitar os principais pontos tur\u00edsticos da cidade, e muito mais. Prepare-se para uma jornada cheia de surpresas e descobertas em Paraty, onde cada pedalada \u00e9 uma nova aventura esperando por voc\u00ea!<\/p>\n<h5><strong>Crian\u00e7a na Floresta<\/strong><\/h5>\n<p>\u201cTemos um roteiro exclusivo para crian\u00e7as pelo caminho do Ouro. Que \u00e9 uma experi\u00eancia interativa \u00fanica de aprendizagem e conex\u00e3o da crian\u00e7a com a natureza e com a hist\u00f3ria\u201d<\/p>","protected":false},"excerpt":{"rendered":"<p>CITY TOUR CULTURAL ART\u00cdSTICO CRIATIVO Dura\u00e7\u00e3o: 1 hora e 30 minutos a 3 horas. Passeio a p\u00e9 pelo Centro Hist\u00f3rico Neste envolvente passeio a p\u00e9 pelo centro hist\u00f3rico de Paraty, reconhecido como Patrim\u00f4nio Mundial da UNESCO, seu guia local o transportar\u00e1 para uma jornada fascinante pela hist\u00f3ria do Brasil e pelo desenvolvimento de Paraty ao [&hellip;]<\/p>\n","protected":false},"featured_media":29,"comment_status":"open","ping_status":"closed","template":"","meta":{"_joinchat":[]},"product_brand":[],"product_cat":[23],"product_tag":[],"class_list":{"0":"post-2456","1":"product","2":"type-product","3":"status-publish","4":"has-post-thumbnail","6":"product_cat-turismo-eco-criativo","8":"first","9":"instock","10":"shipping-taxable","11":"product-type-simple"},"yoast_head":"<!-- This site is optimized with the Yoast SEO plugin v27.3 - https:\/\/yoast.com\/product\/yoast-seo-wordpress\/ -->\n<title>ROTEIRO TERRA - Paraty Per Te<\/title>\n<meta name=\"robots\" content=\"index, follow, max-snippet:-1, max-image-preview:large, max-video-preview:-1\" \/>\n<link rel=\"canonical\" href=\"https:\/\/paratyperte.com\/it\/prodotto\/roteiro-terra\/\" \/>\n<meta property=\"og:locale\" content=\"it_IT\" \/>\n<meta property=\"og:type\" content=\"article\" \/>\n<meta property=\"og:title\" content=\"ROTEIRO TERRA - Paraty Per Te\" \/>\n<meta property=\"og:description\" content=\"CITY TOUR CULTURAL ART\u00cdSTICO CRIATIVO Dura\u00e7\u00e3o: 1 hora e 30 minutos a 3 horas. Passeio a p\u00e9 pelo Centro Hist\u00f3rico Neste envolvente passeio a p\u00e9 pelo centro hist\u00f3rico de Paraty, reconhecido como Patrim\u00f4nio Mundial da UNESCO, seu guia local o transportar\u00e1 para uma jornada fascinante pela hist\u00f3ria do Brasil e pelo desenvolvimento de Paraty ao [&hellip;]\" \/>\n<meta property=\"og:url\" content=\"https:\/\/paratyperte.com\/it\/prodotto\/roteiro-terra\/\" \/>\n<meta property=\"og:site_name\" content=\"Paraty Per Te\" \/>\n<meta property=\"article:publisher\" content=\"https:\/\/www.facebook.com\/paratyperte\/\" \/>\n<meta property=\"article:modified_time\" content=\"2024-05-22T14:21:43+00:00\" \/>\n<meta property=\"og:image\" content=\"https:\/\/paratyperte.com\/wp-content\/uploads\/2024\/03\/Design-sem-nome-63-1.jpg\" \/>\n\t<meta property=\"og:image:width\" content=\"1000\" \/>\n\t<meta property=\"og:image:height\" content=\"1200\" \/>\n\t<meta property=\"og:image:type\" content=\"image\/jpeg\" \/>\n<meta name=\"twitter:card\" content=\"summary_large_image\" \/>\n<meta name=\"twitter:label1\" content=\"Tempo di lettura stimato\" \/>\n\t<meta name=\"twitter:data1\" content=\"5 minuti\" \/>\n<script type=\"application\/ld+json\" class=\"yoast-schema-graph\">{\"@context\":\"https:\\\/\\\/schema.org\",\"@graph\":[{\"@type\":\"WebPage\",\"@id\":\"https:\\\/\\\/paratyperte.com\\\/produto\\\/roteiro-terra\\\/\",\"url\":\"https:\\\/\\\/paratyperte.com\\\/produto\\\/roteiro-terra\\\/\",\"name\":\"ROTEIRO TERRA - Paraty Per Te\",\"isPartOf\":{\"@id\":\"https:\\\/\\\/paratyperte.com\\\/#website\"},\"primaryImageOfPage\":{\"@id\":\"https:\\\/\\\/paratyperte.com\\\/produto\\\/roteiro-terra\\\/#primaryimage\"},\"image\":{\"@id\":\"https:\\\/\\\/paratyperte.com\\\/produto\\\/roteiro-terra\\\/#primaryimage\"},\"thumbnailUrl\":\"https:\\\/\\\/paratyperte.com\\\/wp-content\\\/uploads\\\/2024\\\/03\\\/Design-sem-nome-63-1.jpg\",\"datePublished\":\"2024-05-17T19:09:32+00:00\",\"dateModified\":\"2024-05-22T14:21:43+00:00\",\"breadcrumb\":{\"@id\":\"https:\\\/\\\/paratyperte.com\\\/produto\\\/roteiro-terra\\\/#breadcrumb\"},\"inLanguage\":\"it-IT\",\"potentialAction\":[{\"@type\":\"ReadAction\",\"target\":[\"https:\\\/\\\/paratyperte.com\\\/produto\\\/roteiro-terra\\\/\"]}]},{\"@type\":\"ImageObject\",\"inLanguage\":\"it-IT\",\"@id\":\"https:\\\/\\\/paratyperte.com\\\/produto\\\/roteiro-terra\\\/#primaryimage\",\"url\":\"https:\\\/\\\/paratyperte.com\\\/wp-content\\\/uploads\\\/2024\\\/03\\\/Design-sem-nome-63-1.jpg\",\"contentUrl\":\"https:\\\/\\\/paratyperte.com\\\/wp-content\\\/uploads\\\/2024\\\/03\\\/Design-sem-nome-63-1.jpg\",\"width\":1000,\"height\":1200},{\"@type\":\"BreadcrumbList\",\"@id\":\"https:\\\/\\\/paratyperte.com\\\/produto\\\/roteiro-terra\\\/#breadcrumb\",\"itemListElement\":[{\"@type\":\"ListItem\",\"position\":1,\"name\":\"In\u00edcio\",\"item\":\"https:\\\/\\\/paratyperte.com\\\/\"},{\"@type\":\"ListItem\",\"position\":2,\"name\":\"Produtos\",\"item\":\"https:\\\/\\\/paratyperte.com\\\/shop\\\/\"},{\"@type\":\"ListItem\",\"position\":3,\"name\":\"ROTEIRO TERRA\"}]},{\"@type\":\"WebSite\",\"@id\":\"https:\\\/\\\/paratyperte.com\\\/#website\",\"url\":\"https:\\\/\\\/paratyperte.com\\\/\",\"name\":\"Paraty Per Te\",\"description\":\"Ag\u00eancia de turismo em Paraty\",\"publisher\":{\"@id\":\"https:\\\/\\\/paratyperte.com\\\/#organization\"},\"potentialAction\":[{\"@type\":\"SearchAction\",\"target\":{\"@type\":\"EntryPoint\",\"urlTemplate\":\"https:\\\/\\\/paratyperte.com\\\/?s={search_term_string}\"},\"query-input\":{\"@type\":\"PropertyValueSpecification\",\"valueRequired\":true,\"valueName\":\"search_term_string\"}}],\"inLanguage\":\"it-IT\"},{\"@type\":\"Organization\",\"@id\":\"https:\\\/\\\/paratyperte.com\\\/#organization\",\"name\":\"Paraty Per Te\",\"url\":\"https:\\\/\\\/paratyperte.com\\\/\",\"logo\":{\"@type\":\"ImageObject\",\"inLanguage\":\"it-IT\",\"@id\":\"https:\\\/\\\/paratyperte.com\\\/#\\\/schema\\\/logo\\\/image\\\/\",\"url\":\"https:\\\/\\\/paratyperte.com\\\/wp-content\\\/uploads\\\/2024\\\/03\\\/cropped-PARATY-PER-TE-LOGO-SEM-FUNDO-1.png\",\"contentUrl\":\"https:\\\/\\\/paratyperte.com\\\/wp-content\\\/uploads\\\/2024\\\/03\\\/cropped-PARATY-PER-TE-LOGO-SEM-FUNDO-1.png\",\"width\":2644,\"height\":2147,\"caption\":\"Paraty Per Te\"},\"image\":{\"@id\":\"https:\\\/\\\/paratyperte.com\\\/#\\\/schema\\\/logo\\\/image\\\/\"},\"sameAs\":[\"https:\\\/\\\/www.facebook.com\\\/paratyperte\\\/\",\"https:\\\/\\\/www.tripadvisor.com.br\\\/ShowUserReviews-g303503-d24012638-r917170680-PARATY_PER_TE_TURISMO-Paraty_State_of_Rio_de_Janeiro.html\"]}]}<\/script>\n<!-- \/ Yoast SEO plugin. -->","yoast_head_json":{"title":"ROTEIRO TERRA - Paraty Per Te","robots":{"index":"index","follow":"follow","max-snippet":"max-snippet:-1","max-image-preview":"max-image-preview:large","max-video-preview":"max-video-preview:-1"},"canonical":"https:\/\/paratyperte.com\/it\/prodotto\/roteiro-terra\/","og_locale":"it_IT","og_type":"article","og_title":"ROTEIRO TERRA - Paraty Per Te","og_description":"CITY TOUR CULTURAL ART\u00cdSTICO CRIATIVO Dura\u00e7\u00e3o: 1 hora e 30 minutos a 3 horas. Passeio a p\u00e9 pelo Centro Hist\u00f3rico Neste envolvente passeio a p\u00e9 pelo centro hist\u00f3rico de Paraty, reconhecido como Patrim\u00f4nio Mundial da UNESCO, seu guia local o transportar\u00e1 para uma jornada fascinante pela hist\u00f3ria do Brasil e pelo desenvolvimento de Paraty ao [&hellip;]","og_url":"https:\/\/paratyperte.com\/it\/prodotto\/roteiro-terra\/","og_site_name":"Paraty Per Te","article_publisher":"https:\/\/www.facebook.com\/paratyperte\/","article_modified_time":"2024-05-22T14:21:43+00:00","og_image":[{"width":1000,"height":1200,"url":"https:\/\/paratyperte.com\/wp-content\/uploads\/2024\/03\/Design-sem-nome-63-1.jpg","type":"image\/jpeg"}],"twitter_card":"summary_large_image","twitter_misc":{"Tempo di lettura stimato":"5 minuti"},"schema":{"@context":"https:\/\/schema.org","@graph":[{"@type":"WebPage","@id":"https:\/\/paratyperte.com\/produto\/roteiro-terra\/","url":"https:\/\/paratyperte.com\/produto\/roteiro-terra\/","name":"ROTEIRO TERRA - Paraty Per Te","isPartOf":{"@id":"https:\/\/paratyperte.com\/#website"},"primaryImageOfPage":{"@id":"https:\/\/paratyperte.com\/produto\/roteiro-terra\/#primaryimage"},"image":{"@id":"https:\/\/paratyperte.com\/produto\/roteiro-terra\/#primaryimage"},"thumbnailUrl":"https:\/\/paratyperte.com\/wp-content\/uploads\/2024\/03\/Design-sem-nome-63-1.jpg","datePublished":"2024-05-17T19:09:32+00:00","dateModified":"2024-05-22T14:21:43+00:00","breadcrumb":{"@id":"https:\/\/paratyperte.com\/produto\/roteiro-terra\/#breadcrumb"},"inLanguage":"it-IT","potentialAction":[{"@type":"ReadAction","target":["https:\/\/paratyperte.com\/produto\/roteiro-terra\/"]}]},{"@type":"ImageObject","inLanguage":"it-IT","@id":"https:\/\/paratyperte.com\/produto\/roteiro-terra\/#primaryimage","url":"https:\/\/paratyperte.com\/wp-content\/uploads\/2024\/03\/Design-sem-nome-63-1.jpg","contentUrl":"https:\/\/paratyperte.com\/wp-content\/uploads\/2024\/03\/Design-sem-nome-63-1.jpg","width":1000,"height":1200},{"@type":"BreadcrumbList","@id":"https:\/\/paratyperte.com\/produto\/roteiro-terra\/#breadcrumb","itemListElement":[{"@type":"ListItem","position":1,"name":"In\u00edcio","item":"https:\/\/paratyperte.com\/"},{"@type":"ListItem","position":2,"name":"Produtos","item":"https:\/\/paratyperte.com\/shop\/"},{"@type":"ListItem","position":3,"name":"ROTEIRO TERRA"}]},{"@type":"WebSite","@id":"https:\/\/paratyperte.com\/#website","url":"https:\/\/paratyperte.com\/","name":"Festa Per Te","description":"Agenzia di viaggi a Paraty","publisher":{"@id":"https:\/\/paratyperte.com\/#organization"},"potentialAction":[{"@type":"SearchAction","target":{"@type":"EntryPoint","urlTemplate":"https:\/\/paratyperte.com\/?s={search_term_string}"},"query-input":{"@type":"PropertyValueSpecification","valueRequired":true,"valueName":"search_term_string"}}],"inLanguage":"it-IT"},{"@type":"Organization","@id":"https:\/\/paratyperte.com\/#organization","name":"Festa Per Te","url":"https:\/\/paratyperte.com\/","logo":{"@type":"ImageObject","inLanguage":"it-IT","@id":"https:\/\/paratyperte.com\/#\/schema\/logo\/image\/","url":"https:\/\/paratyperte.com\/wp-content\/uploads\/2024\/03\/cropped-PARATY-PER-TE-LOGO-SEM-FUNDO-1.png","contentUrl":"https:\/\/paratyperte.com\/wp-content\/uploads\/2024\/03\/cropped-PARATY-PER-TE-LOGO-SEM-FUNDO-1.png","width":2644,"height":2147,"caption":"Paraty Per Te"},"image":{"@id":"https:\/\/paratyperte.com\/#\/schema\/logo\/image\/"},"sameAs":["https:\/\/www.facebook.com\/paratyperte\/","https:\/\/www.tripadvisor.com.br\/ShowUserReviews-g303503-d24012638-r917170680-PARATY_PER_TE_TURISMO-Paraty_State_of_Rio_de_Janeiro.html"]}]}},"_links":{"self":[{"href":"https:\/\/paratyperte.com\/it\/wp-json\/wp\/v2\/product\/2456","targetHints":{"allow":["GET"]}}],"collection":[{"href":"https:\/\/paratyperte.com\/it\/wp-json\/wp\/v2\/product"}],"about":[{"href":"https:\/\/paratyperte.com\/it\/wp-json\/wp\/v2\/types\/product"}],"replies":[{"embeddable":true,"href":"https:\/\/paratyperte.com\/it\/wp-json\/wp\/v2\/comments?post=2456"}],"wp:featuredmedia":[{"embeddable":true,"href":"https:\/\/paratyperte.com\/it\/wp-json\/wp\/v2\/media\/29"}],"wp:attachment":[{"href":"https:\/\/paratyperte.com\/it\/wp-json\/wp\/v2\/media?parent=2456"}],"wp:term":[{"taxonomy":"product_brand","embeddable":true,"href":"https:\/\/paratyperte.com\/it\/wp-json\/wp\/v2\/product_brand?post=2456"},{"taxonomy":"product_cat","embeddable":true,"href":"https:\/\/paratyperte.com\/it\/wp-json\/wp\/v2\/product_cat?post=2456"},{"taxonomy":"product_tag","embeddable":true,"href":"https:\/\/paratyperte.com\/it\/wp-json\/wp\/v2\/product_tag?post=2456"}],"curies":[{"name":"wp","href":"https:\/\/api.w.org\/{rel}","templated":true}]}}