{"id":2451,"date":"2024-05-17T16:02:58","date_gmt":"2024-05-17T19:02:58","guid":{"rendered":"https:\/\/paratyperte.com\/?post_type=product&#038;p=2451"},"modified":"2024-05-20T14:50:07","modified_gmt":"2024-05-20T17:50:07","slug":"roteiro-ar","status":"publish","type":"product","link":"https:\/\/paratyperte.com\/it\/prodotto\/roteiro-ar\/","title":{"rendered":"ROTEIRO AR"},"content":{"rendered":"<h4><strong>Trilha para a Cachoeira do Saco Bravo<\/strong><\/h4>\n<h6><strong>Roteiro de 2 dias na Reserva da Juatinga<\/strong><\/h6>\n<h6><strong>Primeiro Dia:<\/strong><\/h6>\n<p>Inicie sua jornada na Vila Orat\u00f3rio, onde daremos in\u00edcio a uma trilha pela exuberante Mata Atl\u00e2ntica. Nossa primeira parada \u00e9 na deslumbrante Praia do Sono, a maior da Reserva Ecol\u00f3gica Estadual da Juatinga, com 1 km de extens\u00e3o. Desfrute de um almo\u00e7o cai\u00e7ara opcional \u00e0 beira-mar ou opte por um piquenique em meio \u00e0 natureza. Ap\u00f3s um refrescante banho de mar, continuaremos nossa caminhada pelas praias preservadas de Antigos, Antiguinhos e pela revigorante Cachoeira das Galhetas. Concluiremos o dia na acolhedora vila de pescadores de Ponta Negra, a terceira comunidade cai\u00e7ara mais povoada da reserva, onde desfrutaremos de um jantar local e pernoitaremos.<\/p>\n<p>Dist\u00e2ncia percorrida: 7,4 km com pausas para refei\u00e7\u00f5es e banhos refrescantes.<\/p>\n<h6><strong>Segundo Dia:<\/strong> Cachoeira do Saco Bravo e Retorno<\/h6>\n<p>Ap\u00f3s desfrutar de um delicioso caf\u00e9 da manh\u00e3, partiremos em dire\u00e7\u00e3o \u00e0 deslumbrante Cachoeira do Saco Bravo, percorrendo 8,4 km de trilha ida e volta, aproximadamente duas horas cada trecho. Embora a trilha apresente algumas subidas e descidas, a vis\u00e3o panor\u00e2mica da cachoeira sobre o mar compensa a aventura. Ap\u00f3s um almo\u00e7o t\u00edpico cai\u00e7ara na Praia de Ponta Negra, embarcaremos em um barco at\u00e9 o sofisticado Condom\u00ednio Laranjeiras. De l\u00e1, seguiremos at\u00e9 a Vila Orat\u00f3rio, onde retornaremos a Paraty.<\/p>\n<h6><strong>Incluso:<\/strong><\/h6>\n<p>Guia de turismo credenciado.<br \/>\nHospedagem em chal\u00e9 cai\u00e7ara com caf\u00e9 da manh\u00e3.<br \/>\nTransporte terrestre e mar\u00edtimo.<br \/>\nDescubra a magia da Cachoeira do Saco Bravo e a autenticidade cai\u00e7ara enquanto explora as maravilhas naturais da Reserva da Juatinga em Paraty.<\/p>","protected":false},"excerpt":{"rendered":"<p>Trilha para a Cachoeira do Saco Bravo Roteiro de 2 dias na Reserva da Juatinga Primeiro Dia: Inicie sua jornada na Vila Orat\u00f3rio, onde daremos in\u00edcio a uma trilha pela exuberante Mata Atl\u00e2ntica. Nossa primeira parada \u00e9 na deslumbrante Praia do Sono, a maior da Reserva Ecol\u00f3gica Estadual da Juatinga, com 1 km de extens\u00e3o. [&hellip;]<\/p>\n","protected":false},"featured_media":1157,"comment_status":"open","ping_status":"closed","template":"","meta":{"_joinchat":[]},"product_brand":[],"product_cat":[23],"product_tag":[],"class_list":{"0":"post-2451","1":"product","2":"type-product","3":"status-publish","4":"has-post-thumbnail","6":"product_cat-turismo-eco-criativo","8":"first","9":"instock","10":"shipping-taxable","11":"product-type-simple"},"yoast_head":"<!-- This site is optimized with the Yoast SEO plugin v27.3 - https:\/\/yoast.com\/product\/yoast-seo-wordpress\/ -->\n<title>ROTEIRO AR - Paraty Per Te<\/title>\n<meta name=\"robots\" content=\"index, follow, max-snippet:-1, max-image-preview:large, max-video-preview:-1\" \/>\n<link rel=\"canonical\" href=\"https:\/\/paratyperte.com\/it\/prodotto\/roteiro-ar\/\" \/>\n<meta property=\"og:locale\" content=\"it_IT\" \/>\n<meta property=\"og:type\" content=\"article\" \/>\n<meta property=\"og:title\" content=\"ROTEIRO AR - Paraty Per Te\" \/>\n<meta property=\"og:description\" content=\"Trilha para a Cachoeira do Saco Bravo Roteiro de 2 dias na Reserva da Juatinga Primeiro Dia: Inicie sua jornada na Vila Orat\u00f3rio, onde daremos in\u00edcio a uma trilha pela exuberante Mata Atl\u00e2ntica. Nossa primeira parada \u00e9 na deslumbrante Praia do Sono, a maior da Reserva Ecol\u00f3gica Estadual da Juatinga, com 1 km de extens\u00e3o. [&hellip;]\" \/>\n<meta property=\"og:url\" content=\"https:\/\/paratyperte.com\/it\/prodotto\/roteiro-ar\/\" \/>\n<meta property=\"og:site_name\" content=\"Paraty Per Te\" \/>\n<meta property=\"article:publisher\" content=\"https:\/\/www.facebook.com\/paratyperte\/\" \/>\n<meta property=\"article:modified_time\" content=\"2024-05-20T17:50:07+00:00\" \/>\n<meta property=\"og:image\" content=\"https:\/\/paratyperte.com\/wp-content\/uploads\/2024\/03\/Design-sem-nome-2.jpg\" \/>\n\t<meta property=\"og:image:width\" content=\"1920\" \/>\n\t<meta property=\"og:image:height\" content=\"1280\" \/>\n\t<meta property=\"og:image:type\" content=\"image\/jpeg\" \/>\n<meta name=\"twitter:card\" content=\"summary_large_image\" \/>\n<meta name=\"twitter:label1\" content=\"Tempo di lettura stimato\" \/>\n\t<meta name=\"twitter:data1\" content=\"2 minuti\" \/>\n<script type=\"application\/ld+json\" class=\"yoast-schema-graph\">{\"@context\":\"https:\\\/\\\/schema.org\",\"@graph\":[{\"@type\":\"WebPage\",\"@id\":\"https:\\\/\\\/paratyperte.com\\\/produto\\\/roteiro-ar\\\/\",\"url\":\"https:\\\/\\\/paratyperte.com\\\/produto\\\/roteiro-ar\\\/\",\"name\":\"ROTEIRO AR - Paraty Per Te\",\"isPartOf\":{\"@id\":\"https:\\\/\\\/paratyperte.com\\\/#website\"},\"primaryImageOfPage\":{\"@id\":\"https:\\\/\\\/paratyperte.com\\\/produto\\\/roteiro-ar\\\/#primaryimage\"},\"image\":{\"@id\":\"https:\\\/\\\/paratyperte.com\\\/produto\\\/roteiro-ar\\\/#primaryimage\"},\"thumbnailUrl\":\"https:\\\/\\\/paratyperte.com\\\/wp-content\\\/uploads\\\/2024\\\/03\\\/Design-sem-nome-2.jpg\",\"datePublished\":\"2024-05-17T19:02:58+00:00\",\"dateModified\":\"2024-05-20T17:50:07+00:00\",\"breadcrumb\":{\"@id\":\"https:\\\/\\\/paratyperte.com\\\/produto\\\/roteiro-ar\\\/#breadcrumb\"},\"inLanguage\":\"it-IT\",\"potentialAction\":[{\"@type\":\"ReadAction\",\"target\":[\"https:\\\/\\\/paratyperte.com\\\/produto\\\/roteiro-ar\\\/\"]}]},{\"@type\":\"ImageObject\",\"inLanguage\":\"it-IT\",\"@id\":\"https:\\\/\\\/paratyperte.com\\\/produto\\\/roteiro-ar\\\/#primaryimage\",\"url\":\"https:\\\/\\\/paratyperte.com\\\/wp-content\\\/uploads\\\/2024\\\/03\\\/Design-sem-nome-2.jpg\",\"contentUrl\":\"https:\\\/\\\/paratyperte.com\\\/wp-content\\\/uploads\\\/2024\\\/03\\\/Design-sem-nome-2.jpg\",\"width\":1920,\"height\":1280},{\"@type\":\"BreadcrumbList\",\"@id\":\"https:\\\/\\\/paratyperte.com\\\/produto\\\/roteiro-ar\\\/#breadcrumb\",\"itemListElement\":[{\"@type\":\"ListItem\",\"position\":1,\"name\":\"In\u00edcio\",\"item\":\"https:\\\/\\\/paratyperte.com\\\/\"},{\"@type\":\"ListItem\",\"position\":2,\"name\":\"Produtos\",\"item\":\"https:\\\/\\\/paratyperte.com\\\/shop\\\/\"},{\"@type\":\"ListItem\",\"position\":3,\"name\":\"ROTEIRO AR\"}]},{\"@type\":\"WebSite\",\"@id\":\"https:\\\/\\\/paratyperte.com\\\/#website\",\"url\":\"https:\\\/\\\/paratyperte.com\\\/\",\"name\":\"Paraty Per Te\",\"description\":\"Ag\u00eancia de turismo em Paraty\",\"publisher\":{\"@id\":\"https:\\\/\\\/paratyperte.com\\\/#organization\"},\"potentialAction\":[{\"@type\":\"SearchAction\",\"target\":{\"@type\":\"EntryPoint\",\"urlTemplate\":\"https:\\\/\\\/paratyperte.com\\\/?s={search_term_string}\"},\"query-input\":{\"@type\":\"PropertyValueSpecification\",\"valueRequired\":true,\"valueName\":\"search_term_string\"}}],\"inLanguage\":\"it-IT\"},{\"@type\":\"Organization\",\"@id\":\"https:\\\/\\\/paratyperte.com\\\/#organization\",\"name\":\"Paraty Per Te\",\"url\":\"https:\\\/\\\/paratyperte.com\\\/\",\"logo\":{\"@type\":\"ImageObject\",\"inLanguage\":\"it-IT\",\"@id\":\"https:\\\/\\\/paratyperte.com\\\/#\\\/schema\\\/logo\\\/image\\\/\",\"url\":\"https:\\\/\\\/paratyperte.com\\\/wp-content\\\/uploads\\\/2024\\\/03\\\/cropped-PARATY-PER-TE-LOGO-SEM-FUNDO-1.png\",\"contentUrl\":\"https:\\\/\\\/paratyperte.com\\\/wp-content\\\/uploads\\\/2024\\\/03\\\/cropped-PARATY-PER-TE-LOGO-SEM-FUNDO-1.png\",\"width\":2644,\"height\":2147,\"caption\":\"Paraty Per Te\"},\"image\":{\"@id\":\"https:\\\/\\\/paratyperte.com\\\/#\\\/schema\\\/logo\\\/image\\\/\"},\"sameAs\":[\"https:\\\/\\\/www.facebook.com\\\/paratyperte\\\/\",\"https:\\\/\\\/www.tripadvisor.com.br\\\/ShowUserReviews-g303503-d24012638-r917170680-PARATY_PER_TE_TURISMO-Paraty_State_of_Rio_de_Janeiro.html\"]}]}<\/script>\n<!-- \/ Yoast SEO plugin. -->","yoast_head_json":{"title":"ROTEIRO AR - Paraty Per Te","robots":{"index":"index","follow":"follow","max-snippet":"max-snippet:-1","max-image-preview":"max-image-preview:large","max-video-preview":"max-video-preview:-1"},"canonical":"https:\/\/paratyperte.com\/it\/prodotto\/roteiro-ar\/","og_locale":"it_IT","og_type":"article","og_title":"ROTEIRO AR - Paraty Per Te","og_description":"Trilha para a Cachoeira do Saco Bravo Roteiro de 2 dias na Reserva da Juatinga Primeiro Dia: Inicie sua jornada na Vila Orat\u00f3rio, onde daremos in\u00edcio a uma trilha pela exuberante Mata Atl\u00e2ntica. Nossa primeira parada \u00e9 na deslumbrante Praia do Sono, a maior da Reserva Ecol\u00f3gica Estadual da Juatinga, com 1 km de extens\u00e3o. [&hellip;]","og_url":"https:\/\/paratyperte.com\/it\/prodotto\/roteiro-ar\/","og_site_name":"Paraty Per Te","article_publisher":"https:\/\/www.facebook.com\/paratyperte\/","article_modified_time":"2024-05-20T17:50:07+00:00","og_image":[{"width":1920,"height":1280,"url":"https:\/\/paratyperte.com\/wp-content\/uploads\/2024\/03\/Design-sem-nome-2.jpg","type":"image\/jpeg"}],"twitter_card":"summary_large_image","twitter_misc":{"Tempo di lettura stimato":"2 minuti"},"schema":{"@context":"https:\/\/schema.org","@graph":[{"@type":"WebPage","@id":"https:\/\/paratyperte.com\/produto\/roteiro-ar\/","url":"https:\/\/paratyperte.com\/produto\/roteiro-ar\/","name":"ROTEIRO AR - Paraty Per Te","isPartOf":{"@id":"https:\/\/paratyperte.com\/#website"},"primaryImageOfPage":{"@id":"https:\/\/paratyperte.com\/produto\/roteiro-ar\/#primaryimage"},"image":{"@id":"https:\/\/paratyperte.com\/produto\/roteiro-ar\/#primaryimage"},"thumbnailUrl":"https:\/\/paratyperte.com\/wp-content\/uploads\/2024\/03\/Design-sem-nome-2.jpg","datePublished":"2024-05-17T19:02:58+00:00","dateModified":"2024-05-20T17:50:07+00:00","breadcrumb":{"@id":"https:\/\/paratyperte.com\/produto\/roteiro-ar\/#breadcrumb"},"inLanguage":"it-IT","potentialAction":[{"@type":"ReadAction","target":["https:\/\/paratyperte.com\/produto\/roteiro-ar\/"]}]},{"@type":"ImageObject","inLanguage":"it-IT","@id":"https:\/\/paratyperte.com\/produto\/roteiro-ar\/#primaryimage","url":"https:\/\/paratyperte.com\/wp-content\/uploads\/2024\/03\/Design-sem-nome-2.jpg","contentUrl":"https:\/\/paratyperte.com\/wp-content\/uploads\/2024\/03\/Design-sem-nome-2.jpg","width":1920,"height":1280},{"@type":"BreadcrumbList","@id":"https:\/\/paratyperte.com\/produto\/roteiro-ar\/#breadcrumb","itemListElement":[{"@type":"ListItem","position":1,"name":"In\u00edcio","item":"https:\/\/paratyperte.com\/"},{"@type":"ListItem","position":2,"name":"Produtos","item":"https:\/\/paratyperte.com\/shop\/"},{"@type":"ListItem","position":3,"name":"ROTEIRO AR"}]},{"@type":"WebSite","@id":"https:\/\/paratyperte.com\/#website","url":"https:\/\/paratyperte.com\/","name":"Festa Per Te","description":"Agenzia di viaggi a Paraty","publisher":{"@id":"https:\/\/paratyperte.com\/#organization"},"potentialAction":[{"@type":"SearchAction","target":{"@type":"EntryPoint","urlTemplate":"https:\/\/paratyperte.com\/?s={search_term_string}"},"query-input":{"@type":"PropertyValueSpecification","valueRequired":true,"valueName":"search_term_string"}}],"inLanguage":"it-IT"},{"@type":"Organization","@id":"https:\/\/paratyperte.com\/#organization","name":"Festa Per Te","url":"https:\/\/paratyperte.com\/","logo":{"@type":"ImageObject","inLanguage":"it-IT","@id":"https:\/\/paratyperte.com\/#\/schema\/logo\/image\/","url":"https:\/\/paratyperte.com\/wp-content\/uploads\/2024\/03\/cropped-PARATY-PER-TE-LOGO-SEM-FUNDO-1.png","contentUrl":"https:\/\/paratyperte.com\/wp-content\/uploads\/2024\/03\/cropped-PARATY-PER-TE-LOGO-SEM-FUNDO-1.png","width":2644,"height":2147,"caption":"Paraty Per Te"},"image":{"@id":"https:\/\/paratyperte.com\/#\/schema\/logo\/image\/"},"sameAs":["https:\/\/www.facebook.com\/paratyperte\/","https:\/\/www.tripadvisor.com.br\/ShowUserReviews-g303503-d24012638-r917170680-PARATY_PER_TE_TURISMO-Paraty_State_of_Rio_de_Janeiro.html"]}]}},"_links":{"self":[{"href":"https:\/\/paratyperte.com\/it\/wp-json\/wp\/v2\/product\/2451","targetHints":{"allow":["GET"]}}],"collection":[{"href":"https:\/\/paratyperte.com\/it\/wp-json\/wp\/v2\/product"}],"about":[{"href":"https:\/\/paratyperte.com\/it\/wp-json\/wp\/v2\/types\/product"}],"replies":[{"embeddable":true,"href":"https:\/\/paratyperte.com\/it\/wp-json\/wp\/v2\/comments?post=2451"}],"wp:featuredmedia":[{"embeddable":true,"href":"https:\/\/paratyperte.com\/it\/wp-json\/wp\/v2\/media\/1157"}],"wp:attachment":[{"href":"https:\/\/paratyperte.com\/it\/wp-json\/wp\/v2\/media?parent=2451"}],"wp:term":[{"taxonomy":"product_brand","embeddable":true,"href":"https:\/\/paratyperte.com\/it\/wp-json\/wp\/v2\/product_brand?post=2451"},{"taxonomy":"product_cat","embeddable":true,"href":"https:\/\/paratyperte.com\/it\/wp-json\/wp\/v2\/product_cat?post=2451"},{"taxonomy":"product_tag","embeddable":true,"href":"https:\/\/paratyperte.com\/it\/wp-json\/wp\/v2\/product_tag?post=2451"}],"curies":[{"name":"wp","href":"https:\/\/api.w.org\/{rel}","templated":true}]}}