{"id":1525,"date":"2024-03-27T14:14:43","date_gmt":"2024-03-27T17:14:43","guid":{"rendered":"https:\/\/paratyperte.com\/?post_type=product&#038;p=1525"},"modified":"2024-06-19T18:10:02","modified_gmt":"2024-06-19T21:10:02","slug":"descubra-a-magia-de-cunha","status":"publish","type":"product","link":"https:\/\/paratyperte.com\/it\/prodotto\/descubra-a-magia-de-cunha\/","title":{"rendered":"Scopri la magia di Cuneo"},"content":{"rendered":"<p><b>Descubra a magia de Cunha: Arte, Natureza e Sabores!<\/b><\/p>\n<p><span style=\"font-weight: 400;\">Viva uma jornada encantadora por Cunha, um tesouro escondido entre Paraty e o Vale do Para\u00edba, cercado pela exuberante Serra do Mar. Ao adentrar Cunha pela estrada que atravessa o Parque Nacional da Serra da Bocaina, voc\u00ea ser\u00e1 recebido por cachoeiras cristalinas, trilhas pela Mata Atl\u00e2ntica e um clima de encantamento que permeia toda a regi\u00e3o. Em nossos passeios, voc\u00ea ter\u00e1 a oportunidade de explorar essa regi\u00e3o deslumbrante e descobrir seus tesouros escondidos. Oferecemos dois roteiros incr\u00edveis para que voc\u00ea possa escolher a experi\u00eancia que mais combina com seus gostos e interesses.Seja contemplando o nascer do sol na majestosa Pedra da Macela ou explorando o encanto cultural e gastron\u00f4mico por Cunha<\/span><\/p>\n<h4><strong>Roteiro 1<\/strong><\/h4>\n<h4><strong>Amanhecer na Montanha &#8211; Passeio \u00e0 Pedra da Macela\u00a0<\/strong><\/h4>\n<p><span style=\"font-weight: 400;\">Inicie\u00a0 uma jornada inesquec\u00edvel at\u00e9 a majestosa Pedra da Macela, uma montanha com 1.840 metros de altitude, localizada na deslumbrante Serra do Mar, na divisa entre Cunha-SP e Paraty-RJ. Durante essa aventura, voc\u00ea ter\u00e1 a oportunidade de testemunhar o nascer do sol sobre o mar, proporcionando uma experi\u00eancia verdadeiramente m\u00e1gica.<\/span><\/p>\n<p><strong>Detalhes do Roteiro:<\/strong><\/p>\n<ul>\n<li style=\"font-weight: 400;\" aria-level=\"1\"><span style=\"font-weight: 400;\">Trilha de 4 km com vista panor\u00e2mica da ba\u00eda de Paraty, Angra dos Reis, Ilha Grande e da regi\u00e3o serrana protegida pelo Parque Estadual da Serra do Mar.<\/span><\/li>\n<li style=\"font-weight: 400;\" aria-level=\"1\"><span style=\"font-weight: 400;\">Experi\u00eancia sob o brilho da lua e das estrelas, culminando em um espet\u00e1culo magn\u00edfico com o nascer do sol.<\/span><\/li>\n<li style=\"font-weight: 400;\" aria-level=\"1\"><span style=\"font-weight: 400;\">Atra\u00e7\u00f5es complementares como o fazenda de planta\u00e7\u00e3o de lavanda, cervejaria artesanal, contempl\u00e1rio, arte em cer\u00e2mica, olival e Cachoeiras.<\/span><\/li>\n<\/ul>\n<h4><\/h4>\n<h4><strong>Roteiro 2<\/strong><\/h4>\n<h4><strong>Encanto Cultural e Gastron\u00f4mico por Cunha\u00a0<\/strong><\/h4>\n<p><span style=\"font-weight: 400;\">Descubra a riqueza cultural e gastron\u00f4mica de Cunha em um passeio pelo Centro Hist\u00f3rico, onde voc\u00ea poder\u00e1 explorar os marcos hist\u00f3ricos da cidade, visitar ateli\u00eas de cer\u00e2mica renomados, degustar pratos locais em restaurantes tradicionais e vivenciar momentos de contempla\u00e7\u00e3o em meio \u00e0 natureza exuberante.<\/span><\/p>\n<p><strong>Detalhes do Roteiro:<\/strong><\/p>\n<ul>\n<li style=\"font-weight: 400;\" aria-level=\"1\"><span style=\"font-weight: 400;\">Visita \u00e0 Igreja e Pra\u00e7a da Matriz, Mercado Municipal e Casa do Artes\u00e3o.<\/span><\/li>\n<li style=\"font-weight: 400;\" aria-level=\"1\"><span style=\"font-weight: 400;\">Tour pelos ateli\u00eas de cer\u00e2mica renomados da regi\u00e3o<\/span><\/li>\n<li style=\"font-weight: 400;\" aria-level=\"1\"><span style=\"font-weight: 400;\">Parada para almo\u00e7o em restaurante local com ingredientes frescos das fazendas da regi\u00e3o (N\u00e3o Incluso).<\/span><\/li>\n<li style=\"font-weight: 400;\" aria-level=\"1\"><span style=\"font-weight: 400;\">Visita ao fazenda de planta\u00e7\u00e3o de lavanda para uma experi\u00eancia sensorial \u00fanica.<\/span><\/li>\n<li style=\"font-weight: 400;\" aria-level=\"1\"><span style=\"font-weight: 400;\">Possibilidade de contempla\u00e7\u00e3o em lugares tranquilos como o Contempl\u00e1rio.<\/span><\/li>\n<\/ul>\n<p><span style=\"font-weight: 400;\">Independentemente do roteiro escolhido, garantimos uma experi\u00eancia enriquecedora, repleta de beleza natural, arte, cultura e sabores aut\u00eanticos de Cunha. Aventure-se conosco e descubra o encanto deste destino singular!<\/span><\/p>\n<p><span style=\"font-weight: 400;\">Para sua comodidade, oferecemos transporte privativo de ida e volta saindo de Paraty para Cunha, proporcionando conforto e tranquilidade<\/span><\/p>","protected":false},"excerpt":{"rendered":"<p>Descubra a magia de Cunha: Arte, Natureza e Sabores! Viva uma jornada encantadora por Cunha, um tesouro escondido entre Paraty e o Vale do Para\u00edba, cercado pela exuberante Serra do Mar. Ao adentrar Cunha pela estrada que atravessa o Parque Nacional da Serra da Bocaina, voc\u00ea ser\u00e1 recebido por cachoeiras cristalinas, trilhas pela Mata Atl\u00e2ntica [&hellip;]<\/p>\n","protected":false},"featured_media":2172,"comment_status":"open","ping_status":"closed","template":"","meta":{"_joinchat":[]},"product_brand":[],"product_cat":[47,66,23],"product_tag":[38],"class_list":{"0":"post-1525","1":"product","2":"type-product","3":"status-publish","4":"has-post-thumbnail","6":"product_cat-ar","7":"product_cat-transfer","8":"product_cat-turismo-eco-criativo","9":"product_tag-passeio-cunha-pedra-da-macela","11":"first","12":"instock","13":"virtual","14":"purchasable","15":"product-type-simple"},"yoast_head":"<!-- This site is optimized with the Yoast SEO plugin v27.3 - https:\/\/yoast.com\/product\/yoast-seo-wordpress\/ -->\n<title>Descubra a magia de Cunha - Paraty Per Te<\/title>\n<meta name=\"description\" content=\"Explore a deslumbrante Pedra da Macela em Cunha com nossos passeios guiados. Reserve agora e embarque nesta aventura!\" \/>\n<meta name=\"robots\" content=\"index, follow, max-snippet:-1, max-image-preview:large, max-video-preview:-1\" \/>\n<link rel=\"canonical\" href=\"https:\/\/paratyperte.com\/it\/prodotto\/descubra-a-magia-de-cunha\/\" \/>\n<meta property=\"og:locale\" content=\"it_IT\" \/>\n<meta property=\"og:type\" content=\"article\" \/>\n<meta property=\"og:title\" content=\"Descubra a magia de Cunha - Paraty Per Te\" \/>\n<meta property=\"og:description\" content=\"Explore a deslumbrante Pedra da Macela em Cunha com nossos passeios guiados. Reserve agora e embarque nesta aventura!\" \/>\n<meta property=\"og:url\" content=\"https:\/\/paratyperte.com\/it\/prodotto\/descubra-a-magia-de-cunha\/\" \/>\n<meta property=\"og:site_name\" content=\"Paraty Per Te\" \/>\n<meta property=\"article:publisher\" content=\"https:\/\/www.facebook.com\/paratyperte\/\" \/>\n<meta property=\"article:modified_time\" content=\"2024-06-19T21:10:02+00:00\" \/>\n<meta property=\"og:image\" content=\"https:\/\/paratyperte.com\/wp-content\/uploads\/2024\/03\/Design-sem-nome-2024-04-12T141111.497.jpg\" \/>\n\t<meta property=\"og:image:width\" content=\"1000\" \/>\n\t<meta property=\"og:image:height\" content=\"1500\" \/>\n\t<meta property=\"og:image:type\" content=\"image\/jpeg\" \/>\n<meta name=\"twitter:card\" content=\"summary_large_image\" \/>\n<meta name=\"twitter:label1\" content=\"Tempo di lettura stimato\" \/>\n\t<meta name=\"twitter:data1\" content=\"3 minuti\" \/>\n<script type=\"application\/ld+json\" class=\"yoast-schema-graph\">{\"@context\":\"https:\\\/\\\/schema.org\",\"@graph\":[{\"@type\":\"WebPage\",\"@id\":\"https:\\\/\\\/paratyperte.com\\\/produto\\\/descubra-a-magia-de-cunha\\\/\",\"url\":\"https:\\\/\\\/paratyperte.com\\\/produto\\\/descubra-a-magia-de-cunha\\\/\",\"name\":\"Descubra a magia de Cunha - Paraty Per Te\",\"isPartOf\":{\"@id\":\"https:\\\/\\\/paratyperte.com\\\/#website\"},\"primaryImageOfPage\":{\"@id\":\"https:\\\/\\\/paratyperte.com\\\/produto\\\/descubra-a-magia-de-cunha\\\/#primaryimage\"},\"image\":{\"@id\":\"https:\\\/\\\/paratyperte.com\\\/produto\\\/descubra-a-magia-de-cunha\\\/#primaryimage\"},\"thumbnailUrl\":\"https:\\\/\\\/paratyperte.com\\\/wp-content\\\/uploads\\\/2024\\\/03\\\/Design-sem-nome-2024-04-12T141111.497.jpg\",\"datePublished\":\"2024-03-27T17:14:43+00:00\",\"dateModified\":\"2024-06-19T21:10:02+00:00\",\"description\":\"Explore a deslumbrante Pedra da Macela em Cunha com nossos passeios guiados. Reserve agora e embarque nesta aventura!\",\"breadcrumb\":{\"@id\":\"https:\\\/\\\/paratyperte.com\\\/produto\\\/descubra-a-magia-de-cunha\\\/#breadcrumb\"},\"inLanguage\":\"it-IT\",\"potentialAction\":[{\"@type\":\"ReadAction\",\"target\":[\"https:\\\/\\\/paratyperte.com\\\/produto\\\/descubra-a-magia-de-cunha\\\/\"]}]},{\"@type\":\"ImageObject\",\"inLanguage\":\"it-IT\",\"@id\":\"https:\\\/\\\/paratyperte.com\\\/produto\\\/descubra-a-magia-de-cunha\\\/#primaryimage\",\"url\":\"https:\\\/\\\/paratyperte.com\\\/wp-content\\\/uploads\\\/2024\\\/03\\\/Design-sem-nome-2024-04-12T141111.497.jpg\",\"contentUrl\":\"https:\\\/\\\/paratyperte.com\\\/wp-content\\\/uploads\\\/2024\\\/03\\\/Design-sem-nome-2024-04-12T141111.497.jpg\",\"width\":1000,\"height\":1500,\"caption\":\"xr:d:DAGCI4P9fbw:46,j:1000223776871729229,t:24041217\"},{\"@type\":\"BreadcrumbList\",\"@id\":\"https:\\\/\\\/paratyperte.com\\\/produto\\\/descubra-a-magia-de-cunha\\\/#breadcrumb\",\"itemListElement\":[{\"@type\":\"ListItem\",\"position\":1,\"name\":\"In\u00edcio\",\"item\":\"https:\\\/\\\/paratyperte.com\\\/\"},{\"@type\":\"ListItem\",\"position\":2,\"name\":\"Produtos\",\"item\":\"https:\\\/\\\/paratyperte.com\\\/shop\\\/\"},{\"@type\":\"ListItem\",\"position\":3,\"name\":\"Descubra a magia de Cunha\"}]},{\"@type\":\"WebSite\",\"@id\":\"https:\\\/\\\/paratyperte.com\\\/#website\",\"url\":\"https:\\\/\\\/paratyperte.com\\\/\",\"name\":\"Paraty Per Te\",\"description\":\"Ag\u00eancia de turismo em Paraty\",\"publisher\":{\"@id\":\"https:\\\/\\\/paratyperte.com\\\/#organization\"},\"potentialAction\":[{\"@type\":\"SearchAction\",\"target\":{\"@type\":\"EntryPoint\",\"urlTemplate\":\"https:\\\/\\\/paratyperte.com\\\/?s={search_term_string}\"},\"query-input\":{\"@type\":\"PropertyValueSpecification\",\"valueRequired\":true,\"valueName\":\"search_term_string\"}}],\"inLanguage\":\"it-IT\"},{\"@type\":\"Organization\",\"@id\":\"https:\\\/\\\/paratyperte.com\\\/#organization\",\"name\":\"Paraty Per Te\",\"url\":\"https:\\\/\\\/paratyperte.com\\\/\",\"logo\":{\"@type\":\"ImageObject\",\"inLanguage\":\"it-IT\",\"@id\":\"https:\\\/\\\/paratyperte.com\\\/#\\\/schema\\\/logo\\\/image\\\/\",\"url\":\"https:\\\/\\\/paratyperte.com\\\/wp-content\\\/uploads\\\/2024\\\/03\\\/cropped-PARATY-PER-TE-LOGO-SEM-FUNDO-1.png\",\"contentUrl\":\"https:\\\/\\\/paratyperte.com\\\/wp-content\\\/uploads\\\/2024\\\/03\\\/cropped-PARATY-PER-TE-LOGO-SEM-FUNDO-1.png\",\"width\":2644,\"height\":2147,\"caption\":\"Paraty Per Te\"},\"image\":{\"@id\":\"https:\\\/\\\/paratyperte.com\\\/#\\\/schema\\\/logo\\\/image\\\/\"},\"sameAs\":[\"https:\\\/\\\/www.facebook.com\\\/paratyperte\\\/\",\"https:\\\/\\\/www.tripadvisor.com.br\\\/ShowUserReviews-g303503-d24012638-r917170680-PARATY_PER_TE_TURISMO-Paraty_State_of_Rio_de_Janeiro.html\"]}]}<\/script>\n<!-- \/ Yoast SEO plugin. -->","yoast_head_json":{"title":"Descubra a magia de Cunha - Paraty Per Te","description":"Explore a deslumbrante Pedra da Macela em Cunha com nossos passeios guiados. Reserve agora e embarque nesta aventura!","robots":{"index":"index","follow":"follow","max-snippet":"max-snippet:-1","max-image-preview":"max-image-preview:large","max-video-preview":"max-video-preview:-1"},"canonical":"https:\/\/paratyperte.com\/it\/prodotto\/descubra-a-magia-de-cunha\/","og_locale":"it_IT","og_type":"article","og_title":"Descubra a magia de Cunha - Paraty Per Te","og_description":"Explore a deslumbrante Pedra da Macela em Cunha com nossos passeios guiados. Reserve agora e embarque nesta aventura!","og_url":"https:\/\/paratyperte.com\/it\/prodotto\/descubra-a-magia-de-cunha\/","og_site_name":"Paraty Per Te","article_publisher":"https:\/\/www.facebook.com\/paratyperte\/","article_modified_time":"2024-06-19T21:10:02+00:00","og_image":[{"width":1000,"height":1500,"url":"https:\/\/paratyperte.com\/wp-content\/uploads\/2024\/03\/Design-sem-nome-2024-04-12T141111.497.jpg","type":"image\/jpeg"}],"twitter_card":"summary_large_image","twitter_misc":{"Tempo di lettura stimato":"3 minuti"},"schema":{"@context":"https:\/\/schema.org","@graph":[{"@type":"WebPage","@id":"https:\/\/paratyperte.com\/produto\/descubra-a-magia-de-cunha\/","url":"https:\/\/paratyperte.com\/produto\/descubra-a-magia-de-cunha\/","name":"Descubra a magia de Cunha - Paraty Per Te","isPartOf":{"@id":"https:\/\/paratyperte.com\/#website"},"primaryImageOfPage":{"@id":"https:\/\/paratyperte.com\/produto\/descubra-a-magia-de-cunha\/#primaryimage"},"image":{"@id":"https:\/\/paratyperte.com\/produto\/descubra-a-magia-de-cunha\/#primaryimage"},"thumbnailUrl":"https:\/\/paratyperte.com\/wp-content\/uploads\/2024\/03\/Design-sem-nome-2024-04-12T141111.497.jpg","datePublished":"2024-03-27T17:14:43+00:00","dateModified":"2024-06-19T21:10:02+00:00","description":"Explore a deslumbrante Pedra da Macela em Cunha com nossos passeios guiados. Reserve agora e embarque nesta aventura!","breadcrumb":{"@id":"https:\/\/paratyperte.com\/produto\/descubra-a-magia-de-cunha\/#breadcrumb"},"inLanguage":"it-IT","potentialAction":[{"@type":"ReadAction","target":["https:\/\/paratyperte.com\/produto\/descubra-a-magia-de-cunha\/"]}]},{"@type":"ImageObject","inLanguage":"it-IT","@id":"https:\/\/paratyperte.com\/produto\/descubra-a-magia-de-cunha\/#primaryimage","url":"https:\/\/paratyperte.com\/wp-content\/uploads\/2024\/03\/Design-sem-nome-2024-04-12T141111.497.jpg","contentUrl":"https:\/\/paratyperte.com\/wp-content\/uploads\/2024\/03\/Design-sem-nome-2024-04-12T141111.497.jpg","width":1000,"height":1500,"caption":"xr:d:DAGCI4P9fbw:46,j:1000223776871729229,t:24041217"},{"@type":"BreadcrumbList","@id":"https:\/\/paratyperte.com\/produto\/descubra-a-magia-de-cunha\/#breadcrumb","itemListElement":[{"@type":"ListItem","position":1,"name":"In\u00edcio","item":"https:\/\/paratyperte.com\/"},{"@type":"ListItem","position":2,"name":"Produtos","item":"https:\/\/paratyperte.com\/shop\/"},{"@type":"ListItem","position":3,"name":"Descubra a magia de Cunha"}]},{"@type":"WebSite","@id":"https:\/\/paratyperte.com\/#website","url":"https:\/\/paratyperte.com\/","name":"Festa Per Te","description":"Agenzia di viaggi a Paraty","publisher":{"@id":"https:\/\/paratyperte.com\/#organization"},"potentialAction":[{"@type":"SearchAction","target":{"@type":"EntryPoint","urlTemplate":"https:\/\/paratyperte.com\/?s={search_term_string}"},"query-input":{"@type":"PropertyValueSpecification","valueRequired":true,"valueName":"search_term_string"}}],"inLanguage":"it-IT"},{"@type":"Organization","@id":"https:\/\/paratyperte.com\/#organization","name":"Festa Per Te","url":"https:\/\/paratyperte.com\/","logo":{"@type":"ImageObject","inLanguage":"it-IT","@id":"https:\/\/paratyperte.com\/#\/schema\/logo\/image\/","url":"https:\/\/paratyperte.com\/wp-content\/uploads\/2024\/03\/cropped-PARATY-PER-TE-LOGO-SEM-FUNDO-1.png","contentUrl":"https:\/\/paratyperte.com\/wp-content\/uploads\/2024\/03\/cropped-PARATY-PER-TE-LOGO-SEM-FUNDO-1.png","width":2644,"height":2147,"caption":"Paraty Per Te"},"image":{"@id":"https:\/\/paratyperte.com\/#\/schema\/logo\/image\/"},"sameAs":["https:\/\/www.facebook.com\/paratyperte\/","https:\/\/www.tripadvisor.com.br\/ShowUserReviews-g303503-d24012638-r917170680-PARATY_PER_TE_TURISMO-Paraty_State_of_Rio_de_Janeiro.html"]}]}},"_links":{"self":[{"href":"https:\/\/paratyperte.com\/it\/wp-json\/wp\/v2\/product\/1525","targetHints":{"allow":["GET"]}}],"collection":[{"href":"https:\/\/paratyperte.com\/it\/wp-json\/wp\/v2\/product"}],"about":[{"href":"https:\/\/paratyperte.com\/it\/wp-json\/wp\/v2\/types\/product"}],"replies":[{"embeddable":true,"href":"https:\/\/paratyperte.com\/it\/wp-json\/wp\/v2\/comments?post=1525"}],"wp:featuredmedia":[{"embeddable":true,"href":"https:\/\/paratyperte.com\/it\/wp-json\/wp\/v2\/media\/2172"}],"wp:attachment":[{"href":"https:\/\/paratyperte.com\/it\/wp-json\/wp\/v2\/media?parent=1525"}],"wp:term":[{"taxonomy":"product_brand","embeddable":true,"href":"https:\/\/paratyperte.com\/it\/wp-json\/wp\/v2\/product_brand?post=1525"},{"taxonomy":"product_cat","embeddable":true,"href":"https:\/\/paratyperte.com\/it\/wp-json\/wp\/v2\/product_cat?post=1525"},{"taxonomy":"product_tag","embeddable":true,"href":"https:\/\/paratyperte.com\/it\/wp-json\/wp\/v2\/product_tag?post=1525"}],"curies":[{"name":"wp","href":"https:\/\/api.w.org\/{rel}","templated":true}]}}