{"id":1519,"date":"2024-03-27T14:02:24","date_gmt":"2024-03-27T17:02:24","guid":{"rendered":"https:\/\/paratyperte.com\/?post_type=product&#038;p=1519"},"modified":"2024-05-24T12:50:57","modified_gmt":"2024-05-24T15:50:57","slug":"passeio-de-bike-em-paraty","status":"publish","type":"product","link":"https:\/\/paratyperte.com\/it\/prodotto\/passeio-de-bike-em-paraty\/","title":{"rendered":"Ride la tua Moto sul Lato"},"content":{"rendered":"<p><span style=\"font-weight: 400;\">Descubra Paraty de uma forma \u00fanica com o Passeio de Bicicleta, uma experi\u00eancia vers\u00e1til e emocionante para casais, grupos de amigos e fam\u00edlias em busca de aventura e divers\u00e3o. Nossos itiner\u00e1rios personalizados garantem uma jornada fascinante, onde voc\u00ea poder\u00e1 explorar os encantos da regi\u00e3o de maneira relaxante e estimulante.<\/span><\/p>\n<p><strong>Destinos Especiais:<\/strong><\/p>\n<ul>\n<li style=\"font-weight: 400;\" aria-level=\"1\"><span style=\"font-weight: 400;\">Morro do Forte Defensor<\/span><\/li>\n<li style=\"font-weight: 400;\" aria-level=\"1\"><span style=\"font-weight: 400;\">Centro Hist\u00f3rico<\/span><\/li>\n<li style=\"font-weight: 400;\" aria-level=\"1\"><span style=\"font-weight: 400;\">Praias ao redor da cidade<\/span><\/li>\n<\/ul>\n<p>&nbsp;<\/p>\n<p><span style=\"font-weight: 400;\">Durante essa aventura de\u00a0 bike, voc\u00ea ter\u00e1 a chance de percorrer trilhas pitorescas, se refrescar em cachoeiras revigorantes e visitar os principais pontos tur\u00edsticos da cidade,\u00a0 e muito mais. Prepare-se para uma jornada cheia de surpresas e descobertas em Paraty, onde cada pedalada \u00e9 uma nova aventura esperando por voc\u00ea!<\/span><\/p>","protected":false},"excerpt":{"rendered":"<p>Descubra Paraty de uma forma \u00fanica com o Passeio de Bicicleta, uma experi\u00eancia vers\u00e1til e emocionante para casais, grupos de amigos e fam\u00edlias em busca de aventura e divers\u00e3o. Nossos itiner\u00e1rios personalizados garantem uma jornada fascinante, onde voc\u00ea poder\u00e1 explorar os encantos da regi\u00e3o de maneira relaxante e estimulante. Destinos Especiais: Morro do Forte Defensor [&hellip;]<\/p>\n","protected":false},"featured_media":2174,"comment_status":"open","ping_status":"closed","template":"","meta":{"_joinchat":[]},"product_brand":[],"product_cat":[49,23],"product_tag":[33,42,35],"class_list":{"0":"post-1519","1":"product","2":"type-product","3":"status-publish","4":"has-post-thumbnail","6":"product_cat-terra","7":"product_cat-turismo-eco-criativo","8":"product_tag-paraty","9":"product_tag-passeio-de-bicicleta-em-paraty","10":"product_tag-passeio-de-bike","12":"first","13":"instock","14":"virtual","15":"purchasable","16":"product-type-simple"},"yoast_head":"<!-- This site is optimized with the Yoast SEO plugin v27.3 - https:\/\/yoast.com\/product\/yoast-seo-wordpress\/ -->\n<title>Passeio de Bicicleta em Paraty - Paraty Per Te<\/title>\n<meta name=\"description\" content=\"Pedale pelas ruas hist\u00f3ricas, trilhas naturais e praias paradis\u00edacas enquanto desfruta da beleza da cidade. Explore Paraty de uma maneira \u00fanica e ecol\u00f3gica.\" \/>\n<meta name=\"robots\" content=\"index, follow, max-snippet:-1, max-image-preview:large, max-video-preview:-1\" \/>\n<link rel=\"canonical\" href=\"https:\/\/paratyperte.com\/it\/prodotto\/passeio-de-bike-em-paraty\/\" \/>\n<meta property=\"og:locale\" content=\"it_IT\" \/>\n<meta property=\"og:type\" content=\"article\" \/>\n<meta property=\"og:title\" content=\"Passeio de Bicicleta em Paraty - Paraty Per Te\" \/>\n<meta property=\"og:description\" content=\"Pedale pelas ruas hist\u00f3ricas, trilhas naturais e praias paradis\u00edacas enquanto desfruta da beleza da cidade. Explore Paraty de uma maneira \u00fanica e ecol\u00f3gica.\" \/>\n<meta property=\"og:url\" content=\"https:\/\/paratyperte.com\/it\/prodotto\/passeio-de-bike-em-paraty\/\" \/>\n<meta property=\"og:site_name\" content=\"Paraty Per Te\" \/>\n<meta property=\"article:publisher\" content=\"https:\/\/www.facebook.com\/paratyperte\/\" \/>\n<meta property=\"article:modified_time\" content=\"2024-05-24T15:50:57+00:00\" \/>\n<meta property=\"og:image\" content=\"https:\/\/paratyperte.com\/wp-content\/uploads\/2024\/03\/Design-sem-nome-2024-04-12T141624.959.jpg\" \/>\n\t<meta property=\"og:image:width\" content=\"1000\" \/>\n\t<meta property=\"og:image:height\" content=\"1500\" \/>\n\t<meta property=\"og:image:type\" content=\"image\/jpeg\" \/>\n<meta name=\"twitter:card\" content=\"summary_large_image\" \/>\n<meta name=\"twitter:label1\" content=\"Tempo di lettura stimato\" \/>\n\t<meta name=\"twitter:data1\" content=\"1 minuto\" \/>\n<script type=\"application\/ld+json\" class=\"yoast-schema-graph\">{\"@context\":\"https:\\\/\\\/schema.org\",\"@graph\":[{\"@type\":\"WebPage\",\"@id\":\"https:\\\/\\\/paratyperte.com\\\/produto\\\/passeio-de-bike-em-paraty\\\/\",\"url\":\"https:\\\/\\\/paratyperte.com\\\/produto\\\/passeio-de-bike-em-paraty\\\/\",\"name\":\"Passeio de Bicicleta em Paraty - Paraty Per Te\",\"isPartOf\":{\"@id\":\"https:\\\/\\\/paratyperte.com\\\/#website\"},\"primaryImageOfPage\":{\"@id\":\"https:\\\/\\\/paratyperte.com\\\/produto\\\/passeio-de-bike-em-paraty\\\/#primaryimage\"},\"image\":{\"@id\":\"https:\\\/\\\/paratyperte.com\\\/produto\\\/passeio-de-bike-em-paraty\\\/#primaryimage\"},\"thumbnailUrl\":\"https:\\\/\\\/paratyperte.com\\\/wp-content\\\/uploads\\\/2024\\\/03\\\/Design-sem-nome-2024-04-12T141624.959.jpg\",\"datePublished\":\"2024-03-27T17:02:24+00:00\",\"dateModified\":\"2024-05-24T15:50:57+00:00\",\"description\":\"Pedale pelas ruas hist\u00f3ricas, trilhas naturais e praias paradis\u00edacas enquanto desfruta da beleza da cidade. Explore Paraty de uma maneira \u00fanica e ecol\u00f3gica.\",\"breadcrumb\":{\"@id\":\"https:\\\/\\\/paratyperte.com\\\/produto\\\/passeio-de-bike-em-paraty\\\/#breadcrumb\"},\"inLanguage\":\"it-IT\",\"potentialAction\":[{\"@type\":\"ReadAction\",\"target\":[\"https:\\\/\\\/paratyperte.com\\\/produto\\\/passeio-de-bike-em-paraty\\\/\"]}]},{\"@type\":\"ImageObject\",\"inLanguage\":\"it-IT\",\"@id\":\"https:\\\/\\\/paratyperte.com\\\/produto\\\/passeio-de-bike-em-paraty\\\/#primaryimage\",\"url\":\"https:\\\/\\\/paratyperte.com\\\/wp-content\\\/uploads\\\/2024\\\/03\\\/Design-sem-nome-2024-04-12T141624.959.jpg\",\"contentUrl\":\"https:\\\/\\\/paratyperte.com\\\/wp-content\\\/uploads\\\/2024\\\/03\\\/Design-sem-nome-2024-04-12T141624.959.jpg\",\"width\":1000,\"height\":1500,\"caption\":\"xr:d:DAGCI4P9fbw:50,j:5358582315177757684,t:24041217\"},{\"@type\":\"BreadcrumbList\",\"@id\":\"https:\\\/\\\/paratyperte.com\\\/produto\\\/passeio-de-bike-em-paraty\\\/#breadcrumb\",\"itemListElement\":[{\"@type\":\"ListItem\",\"position\":1,\"name\":\"In\u00edcio\",\"item\":\"https:\\\/\\\/paratyperte.com\\\/\"},{\"@type\":\"ListItem\",\"position\":2,\"name\":\"Produtos\",\"item\":\"https:\\\/\\\/paratyperte.com\\\/shop\\\/\"},{\"@type\":\"ListItem\",\"position\":3,\"name\":\"Passeio de Bicicleta em Paraty\"}]},{\"@type\":\"WebSite\",\"@id\":\"https:\\\/\\\/paratyperte.com\\\/#website\",\"url\":\"https:\\\/\\\/paratyperte.com\\\/\",\"name\":\"Paraty Per Te\",\"description\":\"Ag\u00eancia de turismo em Paraty\",\"publisher\":{\"@id\":\"https:\\\/\\\/paratyperte.com\\\/#organization\"},\"potentialAction\":[{\"@type\":\"SearchAction\",\"target\":{\"@type\":\"EntryPoint\",\"urlTemplate\":\"https:\\\/\\\/paratyperte.com\\\/?s={search_term_string}\"},\"query-input\":{\"@type\":\"PropertyValueSpecification\",\"valueRequired\":true,\"valueName\":\"search_term_string\"}}],\"inLanguage\":\"it-IT\"},{\"@type\":\"Organization\",\"@id\":\"https:\\\/\\\/paratyperte.com\\\/#organization\",\"name\":\"Paraty Per Te\",\"url\":\"https:\\\/\\\/paratyperte.com\\\/\",\"logo\":{\"@type\":\"ImageObject\",\"inLanguage\":\"it-IT\",\"@id\":\"https:\\\/\\\/paratyperte.com\\\/#\\\/schema\\\/logo\\\/image\\\/\",\"url\":\"https:\\\/\\\/paratyperte.com\\\/wp-content\\\/uploads\\\/2024\\\/03\\\/cropped-PARATY-PER-TE-LOGO-SEM-FUNDO-1.png\",\"contentUrl\":\"https:\\\/\\\/paratyperte.com\\\/wp-content\\\/uploads\\\/2024\\\/03\\\/cropped-PARATY-PER-TE-LOGO-SEM-FUNDO-1.png\",\"width\":2644,\"height\":2147,\"caption\":\"Paraty Per Te\"},\"image\":{\"@id\":\"https:\\\/\\\/paratyperte.com\\\/#\\\/schema\\\/logo\\\/image\\\/\"},\"sameAs\":[\"https:\\\/\\\/www.facebook.com\\\/paratyperte\\\/\",\"https:\\\/\\\/www.tripadvisor.com.br\\\/ShowUserReviews-g303503-d24012638-r917170680-PARATY_PER_TE_TURISMO-Paraty_State_of_Rio_de_Janeiro.html\"]}]}<\/script>\n<!-- \/ Yoast SEO plugin. -->","yoast_head_json":{"title":"Passeio de Bicicleta em Paraty - Paraty Per Te","description":"Pedale pelas ruas hist\u00f3ricas, trilhas naturais e praias paradis\u00edacas enquanto desfruta da beleza da cidade. Explore Paraty de uma maneira \u00fanica e ecol\u00f3gica.","robots":{"index":"index","follow":"follow","max-snippet":"max-snippet:-1","max-image-preview":"max-image-preview:large","max-video-preview":"max-video-preview:-1"},"canonical":"https:\/\/paratyperte.com\/it\/prodotto\/passeio-de-bike-em-paraty\/","og_locale":"it_IT","og_type":"article","og_title":"Passeio de Bicicleta em Paraty - Paraty Per Te","og_description":"Pedale pelas ruas hist\u00f3ricas, trilhas naturais e praias paradis\u00edacas enquanto desfruta da beleza da cidade. Explore Paraty de uma maneira \u00fanica e ecol\u00f3gica.","og_url":"https:\/\/paratyperte.com\/it\/prodotto\/passeio-de-bike-em-paraty\/","og_site_name":"Paraty Per Te","article_publisher":"https:\/\/www.facebook.com\/paratyperte\/","article_modified_time":"2024-05-24T15:50:57+00:00","og_image":[{"width":1000,"height":1500,"url":"https:\/\/paratyperte.com\/wp-content\/uploads\/2024\/03\/Design-sem-nome-2024-04-12T141624.959.jpg","type":"image\/jpeg"}],"twitter_card":"summary_large_image","twitter_misc":{"Tempo di lettura stimato":"1 minuto"},"schema":{"@context":"https:\/\/schema.org","@graph":[{"@type":"WebPage","@id":"https:\/\/paratyperte.com\/produto\/passeio-de-bike-em-paraty\/","url":"https:\/\/paratyperte.com\/produto\/passeio-de-bike-em-paraty\/","name":"Passeio de Bicicleta em Paraty - Paraty Per Te","isPartOf":{"@id":"https:\/\/paratyperte.com\/#website"},"primaryImageOfPage":{"@id":"https:\/\/paratyperte.com\/produto\/passeio-de-bike-em-paraty\/#primaryimage"},"image":{"@id":"https:\/\/paratyperte.com\/produto\/passeio-de-bike-em-paraty\/#primaryimage"},"thumbnailUrl":"https:\/\/paratyperte.com\/wp-content\/uploads\/2024\/03\/Design-sem-nome-2024-04-12T141624.959.jpg","datePublished":"2024-03-27T17:02:24+00:00","dateModified":"2024-05-24T15:50:57+00:00","description":"Pedale pelas ruas hist\u00f3ricas, trilhas naturais e praias paradis\u00edacas enquanto desfruta da beleza da cidade. Explore Paraty de uma maneira \u00fanica e ecol\u00f3gica.","breadcrumb":{"@id":"https:\/\/paratyperte.com\/produto\/passeio-de-bike-em-paraty\/#breadcrumb"},"inLanguage":"it-IT","potentialAction":[{"@type":"ReadAction","target":["https:\/\/paratyperte.com\/produto\/passeio-de-bike-em-paraty\/"]}]},{"@type":"ImageObject","inLanguage":"it-IT","@id":"https:\/\/paratyperte.com\/produto\/passeio-de-bike-em-paraty\/#primaryimage","url":"https:\/\/paratyperte.com\/wp-content\/uploads\/2024\/03\/Design-sem-nome-2024-04-12T141624.959.jpg","contentUrl":"https:\/\/paratyperte.com\/wp-content\/uploads\/2024\/03\/Design-sem-nome-2024-04-12T141624.959.jpg","width":1000,"height":1500,"caption":"xr:d:DAGCI4P9fbw:50,j:5358582315177757684,t:24041217"},{"@type":"BreadcrumbList","@id":"https:\/\/paratyperte.com\/produto\/passeio-de-bike-em-paraty\/#breadcrumb","itemListElement":[{"@type":"ListItem","position":1,"name":"In\u00edcio","item":"https:\/\/paratyperte.com\/"},{"@type":"ListItem","position":2,"name":"Produtos","item":"https:\/\/paratyperte.com\/shop\/"},{"@type":"ListItem","position":3,"name":"Passeio de Bicicleta em Paraty"}]},{"@type":"WebSite","@id":"https:\/\/paratyperte.com\/#website","url":"https:\/\/paratyperte.com\/","name":"Festa Per Te","description":"Agenzia di viaggi a Paraty","publisher":{"@id":"https:\/\/paratyperte.com\/#organization"},"potentialAction":[{"@type":"SearchAction","target":{"@type":"EntryPoint","urlTemplate":"https:\/\/paratyperte.com\/?s={search_term_string}"},"query-input":{"@type":"PropertyValueSpecification","valueRequired":true,"valueName":"search_term_string"}}],"inLanguage":"it-IT"},{"@type":"Organization","@id":"https:\/\/paratyperte.com\/#organization","name":"Festa Per Te","url":"https:\/\/paratyperte.com\/","logo":{"@type":"ImageObject","inLanguage":"it-IT","@id":"https:\/\/paratyperte.com\/#\/schema\/logo\/image\/","url":"https:\/\/paratyperte.com\/wp-content\/uploads\/2024\/03\/cropped-PARATY-PER-TE-LOGO-SEM-FUNDO-1.png","contentUrl":"https:\/\/paratyperte.com\/wp-content\/uploads\/2024\/03\/cropped-PARATY-PER-TE-LOGO-SEM-FUNDO-1.png","width":2644,"height":2147,"caption":"Paraty Per Te"},"image":{"@id":"https:\/\/paratyperte.com\/#\/schema\/logo\/image\/"},"sameAs":["https:\/\/www.facebook.com\/paratyperte\/","https:\/\/www.tripadvisor.com.br\/ShowUserReviews-g303503-d24012638-r917170680-PARATY_PER_TE_TURISMO-Paraty_State_of_Rio_de_Janeiro.html"]}]}},"_links":{"self":[{"href":"https:\/\/paratyperte.com\/it\/wp-json\/wp\/v2\/product\/1519","targetHints":{"allow":["GET"]}}],"collection":[{"href":"https:\/\/paratyperte.com\/it\/wp-json\/wp\/v2\/product"}],"about":[{"href":"https:\/\/paratyperte.com\/it\/wp-json\/wp\/v2\/types\/product"}],"replies":[{"embeddable":true,"href":"https:\/\/paratyperte.com\/it\/wp-json\/wp\/v2\/comments?post=1519"}],"wp:featuredmedia":[{"embeddable":true,"href":"https:\/\/paratyperte.com\/it\/wp-json\/wp\/v2\/media\/2174"}],"wp:attachment":[{"href":"https:\/\/paratyperte.com\/it\/wp-json\/wp\/v2\/media?parent=1519"}],"wp:term":[{"taxonomy":"product_brand","embeddable":true,"href":"https:\/\/paratyperte.com\/it\/wp-json\/wp\/v2\/product_brand?post=1519"},{"taxonomy":"product_cat","embeddable":true,"href":"https:\/\/paratyperte.com\/it\/wp-json\/wp\/v2\/product_cat?post=1519"},{"taxonomy":"product_tag","embeddable":true,"href":"https:\/\/paratyperte.com\/it\/wp-json\/wp\/v2\/product_tag?post=1519"}],"curies":[{"name":"wp","href":"https:\/\/api.w.org\/{rel}","templated":true}]}}