{"id":1514,"date":"2024-03-27T13:51:45","date_gmt":"2024-03-27T16:51:45","guid":{"rendered":"https:\/\/paratyperte.com\/?post_type=product&#038;p=1514"},"modified":"2024-06-19T17:48:17","modified_gmt":"2024-06-19T20:48:17","slug":"expedicao-saco-do-mamangua","status":"publish","type":"product","link":"https:\/\/paratyperte.com\/it\/prodotto\/expedicao-saco-do-mamangua\/","title":{"rendered":"Spedizione al Saco do Mamangu\u00e1"},"content":{"rendered":"<div class=\"flex flex-grow flex-col max-w-full\">\n<div class=\"min-h-[20px] text-message flex flex-col items-start whitespace-pre-wrap break-words [.text-message+&amp;]:mt-5 juice:w-full juice:items-end overflow-x-auto gap-2\" dir=\"auto\" data-message-author-role=\"assistant\" data-message-id=\"21e3d2fc-a3b6-4604-a981-48c1d98a1c54\">\n<div class=\"flex w-full flex-col gap-1 juice:empty:hidden juice:first:pt-[3px]\">\n<div class=\"markdown prose w-full break-words dark:prose-invert light\">\n<h4><strong>Encontro entre o Mar e a Montanha<\/strong><\/h4>\n<p>Explore o deslumbrante Saco do Mamangu\u00e1, localizado na Reserva Ecol\u00f3gica Estadual da Juatinga, conhecido como o &#8220;Fiorde tropical Brasileiro&#8221; que \u00e9 tecnicamente uma RIA. Esta expedi\u00e7\u00e3o oferece duas op\u00e7\u00f5es de roteiro, ambas proporcionando uma imers\u00e3o \u00fanica na beleza natural e biodiversidade da regi\u00e3o.<\/p>\n<h4><strong>Roteiro 1: Trilha para o Pico do P\u00e3o de A\u00e7\u00facar<\/strong><\/h4>\n<p><strong>Dura\u00e7\u00e3o<\/strong>: 6 horas<\/p>\n<p><strong>Dificuldade<\/strong>: M\u00e9dia<\/p>\n<p><strong>Tempo de Caminhada<\/strong>: 1h30 &#8211; 2 horas<\/p>\n<p>Inicie sua aventura com um passeio at\u00e9 a Praia de Paraty-Mirim, seguido de uma trilha de 1,5 km at\u00e9 o Pico do P\u00e3o de A\u00e7\u00facar, com 420 metros de altura. A vista 360\u00b0 do topo \u00e9 uma das mais deslumbrantes que voc\u00ea j\u00e1 viu. Ap\u00f3s a trilha, relaxe na Praia do Cruzeiro e aproveite um almo\u00e7o t\u00edpico cai\u00e7ara.<\/p>\n<h4><strong>Roteiro 2: Praias Isoladas do Saco do Mamangu\u00e1<\/strong><\/h4>\n<p>Descubra as praias paradis\u00edacas e isoladas do Saco do Mamangu\u00e1. Sugerimos algumas paradas como a Praia do Engenho, a Praia do Cruzeiro e a Praia do Crep\u00fasculo, onde voc\u00ea pode nadar, praticar snorkel e explorar a rica vida marinha. Uma parada opcional para almo\u00e7o nos restaurantes da regi\u00e3o permite que voc\u00ea desfrute de uma aut\u00eantica gastronomia cai\u00e7ara<\/p>\n<\/div>\n<\/div>\n<\/div>\n<\/div>\n","protected":false},"excerpt":{"rendered":"<p>Encontro entre o Mar e a Montanha Explore o deslumbrante Saco do Mamangu\u00e1, localizado na Reserva Ecol\u00f3gica Estadual da Juatinga, conhecido como o &#8220;Fiorde tropical Brasileiro&#8221; que \u00e9 tecnicamente uma RIA. Esta expedi\u00e7\u00e3o oferece duas op\u00e7\u00f5es de roteiro, ambas proporcionando uma imers\u00e3o \u00fanica na beleza natural e biodiversidade da regi\u00e3o. Roteiro 1: Trilha para o [&hellip;]<\/p>\n","protected":false},"featured_media":2177,"comment_status":"open","ping_status":"closed","template":"","meta":{"_joinchat":[]},"product_brand":[],"product_cat":[47,23],"product_tag":[32,33,27],"class_list":{"0":"post-1514","1":"product","2":"type-product","3":"status-publish","4":"has-post-thumbnail","6":"product_cat-ar","7":"product_cat-turismo-eco-criativo","8":"product_tag-expedicao-saco-do-mamangua","9":"product_tag-paraty","10":"product_tag-trilha","12":"first","13":"instock","14":"virtual","15":"purchasable","16":"product-type-simple"},"yoast_head":"<!-- This site is optimized with the Yoast SEO plugin v27.3 - https:\/\/yoast.com\/product\/yoast-seo-wordpress\/ -->\n<title>Expedi\u00e7\u00e3o Saco do Mamangu\u00e1 - Paraty Per Te<\/title>\n<meta name=\"description\" content=\"Descubra as maravilhas naturais do Saco do Mamangu\u00e1 em Paraty. Explore trilhas deslumbrantes, praias isoladas e vistas panor\u00e2micas deslumbrantes.\" \/>\n<meta name=\"robots\" content=\"index, follow, max-snippet:-1, max-image-preview:large, max-video-preview:-1\" \/>\n<link rel=\"canonical\" href=\"https:\/\/paratyperte.com\/it\/prodotto\/expedicao-saco-do-mamangua\/\" \/>\n<meta property=\"og:locale\" content=\"it_IT\" \/>\n<meta property=\"og:type\" content=\"article\" \/>\n<meta property=\"og:title\" content=\"Expedi\u00e7\u00e3o Saco do Mamangu\u00e1 - Paraty Per Te\" \/>\n<meta property=\"og:description\" content=\"Descubra as maravilhas naturais do Saco do Mamangu\u00e1 em Paraty. Explore trilhas deslumbrantes, praias isoladas e vistas panor\u00e2micas deslumbrantes.\" \/>\n<meta property=\"og:url\" content=\"https:\/\/paratyperte.com\/it\/prodotto\/expedicao-saco-do-mamangua\/\" \/>\n<meta property=\"og:site_name\" content=\"Paraty Per Te\" \/>\n<meta property=\"article:publisher\" content=\"https:\/\/www.facebook.com\/paratyperte\/\" \/>\n<meta property=\"article:modified_time\" content=\"2024-06-19T20:48:17+00:00\" \/>\n<meta property=\"og:image\" content=\"https:\/\/paratyperte.com\/wp-content\/uploads\/2024\/03\/Design-sem-nome-2024-04-12T142042.011.jpg\" \/>\n\t<meta property=\"og:image:width\" content=\"1000\" \/>\n\t<meta property=\"og:image:height\" content=\"1500\" \/>\n\t<meta property=\"og:image:type\" content=\"image\/jpeg\" \/>\n<meta name=\"twitter:card\" content=\"summary_large_image\" \/>\n<meta name=\"twitter:label1\" content=\"Tempo di lettura stimato\" \/>\n\t<meta name=\"twitter:data1\" content=\"2 minuti\" \/>\n<script type=\"application\/ld+json\" class=\"yoast-schema-graph\">{\"@context\":\"https:\\\/\\\/schema.org\",\"@graph\":[{\"@type\":\"WebPage\",\"@id\":\"https:\\\/\\\/paratyperte.com\\\/produto\\\/expedicao-saco-do-mamangua\\\/\",\"url\":\"https:\\\/\\\/paratyperte.com\\\/produto\\\/expedicao-saco-do-mamangua\\\/\",\"name\":\"Expedi\u00e7\u00e3o Saco do Mamangu\u00e1 - Paraty Per Te\",\"isPartOf\":{\"@id\":\"https:\\\/\\\/paratyperte.com\\\/#website\"},\"primaryImageOfPage\":{\"@id\":\"https:\\\/\\\/paratyperte.com\\\/produto\\\/expedicao-saco-do-mamangua\\\/#primaryimage\"},\"image\":{\"@id\":\"https:\\\/\\\/paratyperte.com\\\/produto\\\/expedicao-saco-do-mamangua\\\/#primaryimage\"},\"thumbnailUrl\":\"https:\\\/\\\/paratyperte.com\\\/wp-content\\\/uploads\\\/2024\\\/03\\\/Design-sem-nome-2024-04-12T142042.011.jpg\",\"datePublished\":\"2024-03-27T16:51:45+00:00\",\"dateModified\":\"2024-06-19T20:48:17+00:00\",\"description\":\"Descubra as maravilhas naturais do Saco do Mamangu\u00e1 em Paraty. Explore trilhas deslumbrantes, praias isoladas e vistas panor\u00e2micas deslumbrantes.\",\"breadcrumb\":{\"@id\":\"https:\\\/\\\/paratyperte.com\\\/produto\\\/expedicao-saco-do-mamangua\\\/#breadcrumb\"},\"inLanguage\":\"it-IT\",\"potentialAction\":[{\"@type\":\"ReadAction\",\"target\":[\"https:\\\/\\\/paratyperte.com\\\/produto\\\/expedicao-saco-do-mamangua\\\/\"]}]},{\"@type\":\"ImageObject\",\"inLanguage\":\"it-IT\",\"@id\":\"https:\\\/\\\/paratyperte.com\\\/produto\\\/expedicao-saco-do-mamangua\\\/#primaryimage\",\"url\":\"https:\\\/\\\/paratyperte.com\\\/wp-content\\\/uploads\\\/2024\\\/03\\\/Design-sem-nome-2024-04-12T142042.011.jpg\",\"contentUrl\":\"https:\\\/\\\/paratyperte.com\\\/wp-content\\\/uploads\\\/2024\\\/03\\\/Design-sem-nome-2024-04-12T142042.011.jpg\",\"width\":1000,\"height\":1500,\"caption\":\"xr:d:DAGCI4P9fbw:51,j:3512106467933072884,t:24041217\"},{\"@type\":\"BreadcrumbList\",\"@id\":\"https:\\\/\\\/paratyperte.com\\\/produto\\\/expedicao-saco-do-mamangua\\\/#breadcrumb\",\"itemListElement\":[{\"@type\":\"ListItem\",\"position\":1,\"name\":\"In\u00edcio\",\"item\":\"https:\\\/\\\/paratyperte.com\\\/\"},{\"@type\":\"ListItem\",\"position\":2,\"name\":\"Produtos\",\"item\":\"https:\\\/\\\/paratyperte.com\\\/shop\\\/\"},{\"@type\":\"ListItem\",\"position\":3,\"name\":\"Expedi\u00e7\u00e3o Saco do Mamangu\u00e1\"}]},{\"@type\":\"WebSite\",\"@id\":\"https:\\\/\\\/paratyperte.com\\\/#website\",\"url\":\"https:\\\/\\\/paratyperte.com\\\/\",\"name\":\"Paraty Per Te\",\"description\":\"Ag\u00eancia de turismo em Paraty\",\"publisher\":{\"@id\":\"https:\\\/\\\/paratyperte.com\\\/#organization\"},\"potentialAction\":[{\"@type\":\"SearchAction\",\"target\":{\"@type\":\"EntryPoint\",\"urlTemplate\":\"https:\\\/\\\/paratyperte.com\\\/?s={search_term_string}\"},\"query-input\":{\"@type\":\"PropertyValueSpecification\",\"valueRequired\":true,\"valueName\":\"search_term_string\"}}],\"inLanguage\":\"it-IT\"},{\"@type\":\"Organization\",\"@id\":\"https:\\\/\\\/paratyperte.com\\\/#organization\",\"name\":\"Paraty Per Te\",\"url\":\"https:\\\/\\\/paratyperte.com\\\/\",\"logo\":{\"@type\":\"ImageObject\",\"inLanguage\":\"it-IT\",\"@id\":\"https:\\\/\\\/paratyperte.com\\\/#\\\/schema\\\/logo\\\/image\\\/\",\"url\":\"https:\\\/\\\/paratyperte.com\\\/wp-content\\\/uploads\\\/2024\\\/03\\\/cropped-PARATY-PER-TE-LOGO-SEM-FUNDO-1.png\",\"contentUrl\":\"https:\\\/\\\/paratyperte.com\\\/wp-content\\\/uploads\\\/2024\\\/03\\\/cropped-PARATY-PER-TE-LOGO-SEM-FUNDO-1.png\",\"width\":2644,\"height\":2147,\"caption\":\"Paraty Per Te\"},\"image\":{\"@id\":\"https:\\\/\\\/paratyperte.com\\\/#\\\/schema\\\/logo\\\/image\\\/\"},\"sameAs\":[\"https:\\\/\\\/www.facebook.com\\\/paratyperte\\\/\",\"https:\\\/\\\/www.tripadvisor.com.br\\\/ShowUserReviews-g303503-d24012638-r917170680-PARATY_PER_TE_TURISMO-Paraty_State_of_Rio_de_Janeiro.html\"]}]}<\/script>\n<!-- \/ Yoast SEO plugin. -->","yoast_head_json":{"title":"Expedi\u00e7\u00e3o Saco do Mamangu\u00e1 - Paraty Per Te","description":"Descubra as maravilhas naturais do Saco do Mamangu\u00e1 em Paraty. Explore trilhas deslumbrantes, praias isoladas e vistas panor\u00e2micas deslumbrantes.","robots":{"index":"index","follow":"follow","max-snippet":"max-snippet:-1","max-image-preview":"max-image-preview:large","max-video-preview":"max-video-preview:-1"},"canonical":"https:\/\/paratyperte.com\/it\/prodotto\/expedicao-saco-do-mamangua\/","og_locale":"it_IT","og_type":"article","og_title":"Expedi\u00e7\u00e3o Saco do Mamangu\u00e1 - Paraty Per Te","og_description":"Descubra as maravilhas naturais do Saco do Mamangu\u00e1 em Paraty. Explore trilhas deslumbrantes, praias isoladas e vistas panor\u00e2micas deslumbrantes.","og_url":"https:\/\/paratyperte.com\/it\/prodotto\/expedicao-saco-do-mamangua\/","og_site_name":"Paraty Per Te","article_publisher":"https:\/\/www.facebook.com\/paratyperte\/","article_modified_time":"2024-06-19T20:48:17+00:00","og_image":[{"width":1000,"height":1500,"url":"https:\/\/paratyperte.com\/wp-content\/uploads\/2024\/03\/Design-sem-nome-2024-04-12T142042.011.jpg","type":"image\/jpeg"}],"twitter_card":"summary_large_image","twitter_misc":{"Tempo di lettura stimato":"2 minuti"},"schema":{"@context":"https:\/\/schema.org","@graph":[{"@type":"WebPage","@id":"https:\/\/paratyperte.com\/produto\/expedicao-saco-do-mamangua\/","url":"https:\/\/paratyperte.com\/produto\/expedicao-saco-do-mamangua\/","name":"Expedi\u00e7\u00e3o Saco do Mamangu\u00e1 - Paraty Per Te","isPartOf":{"@id":"https:\/\/paratyperte.com\/#website"},"primaryImageOfPage":{"@id":"https:\/\/paratyperte.com\/produto\/expedicao-saco-do-mamangua\/#primaryimage"},"image":{"@id":"https:\/\/paratyperte.com\/produto\/expedicao-saco-do-mamangua\/#primaryimage"},"thumbnailUrl":"https:\/\/paratyperte.com\/wp-content\/uploads\/2024\/03\/Design-sem-nome-2024-04-12T142042.011.jpg","datePublished":"2024-03-27T16:51:45+00:00","dateModified":"2024-06-19T20:48:17+00:00","description":"Descubra as maravilhas naturais do Saco do Mamangu\u00e1 em Paraty. Explore trilhas deslumbrantes, praias isoladas e vistas panor\u00e2micas deslumbrantes.","breadcrumb":{"@id":"https:\/\/paratyperte.com\/produto\/expedicao-saco-do-mamangua\/#breadcrumb"},"inLanguage":"it-IT","potentialAction":[{"@type":"ReadAction","target":["https:\/\/paratyperte.com\/produto\/expedicao-saco-do-mamangua\/"]}]},{"@type":"ImageObject","inLanguage":"it-IT","@id":"https:\/\/paratyperte.com\/produto\/expedicao-saco-do-mamangua\/#primaryimage","url":"https:\/\/paratyperte.com\/wp-content\/uploads\/2024\/03\/Design-sem-nome-2024-04-12T142042.011.jpg","contentUrl":"https:\/\/paratyperte.com\/wp-content\/uploads\/2024\/03\/Design-sem-nome-2024-04-12T142042.011.jpg","width":1000,"height":1500,"caption":"xr:d:DAGCI4P9fbw:51,j:3512106467933072884,t:24041217"},{"@type":"BreadcrumbList","@id":"https:\/\/paratyperte.com\/produto\/expedicao-saco-do-mamangua\/#breadcrumb","itemListElement":[{"@type":"ListItem","position":1,"name":"In\u00edcio","item":"https:\/\/paratyperte.com\/"},{"@type":"ListItem","position":2,"name":"Produtos","item":"https:\/\/paratyperte.com\/shop\/"},{"@type":"ListItem","position":3,"name":"Expedi\u00e7\u00e3o Saco do Mamangu\u00e1"}]},{"@type":"WebSite","@id":"https:\/\/paratyperte.com\/#website","url":"https:\/\/paratyperte.com\/","name":"Festa Per Te","description":"Agenzia di viaggi a Paraty","publisher":{"@id":"https:\/\/paratyperte.com\/#organization"},"potentialAction":[{"@type":"SearchAction","target":{"@type":"EntryPoint","urlTemplate":"https:\/\/paratyperte.com\/?s={search_term_string}"},"query-input":{"@type":"PropertyValueSpecification","valueRequired":true,"valueName":"search_term_string"}}],"inLanguage":"it-IT"},{"@type":"Organization","@id":"https:\/\/paratyperte.com\/#organization","name":"Festa Per Te","url":"https:\/\/paratyperte.com\/","logo":{"@type":"ImageObject","inLanguage":"it-IT","@id":"https:\/\/paratyperte.com\/#\/schema\/logo\/image\/","url":"https:\/\/paratyperte.com\/wp-content\/uploads\/2024\/03\/cropped-PARATY-PER-TE-LOGO-SEM-FUNDO-1.png","contentUrl":"https:\/\/paratyperte.com\/wp-content\/uploads\/2024\/03\/cropped-PARATY-PER-TE-LOGO-SEM-FUNDO-1.png","width":2644,"height":2147,"caption":"Paraty Per Te"},"image":{"@id":"https:\/\/paratyperte.com\/#\/schema\/logo\/image\/"},"sameAs":["https:\/\/www.facebook.com\/paratyperte\/","https:\/\/www.tripadvisor.com.br\/ShowUserReviews-g303503-d24012638-r917170680-PARATY_PER_TE_TURISMO-Paraty_State_of_Rio_de_Janeiro.html"]}]}},"_links":{"self":[{"href":"https:\/\/paratyperte.com\/it\/wp-json\/wp\/v2\/product\/1514","targetHints":{"allow":["GET"]}}],"collection":[{"href":"https:\/\/paratyperte.com\/it\/wp-json\/wp\/v2\/product"}],"about":[{"href":"https:\/\/paratyperte.com\/it\/wp-json\/wp\/v2\/types\/product"}],"replies":[{"embeddable":true,"href":"https:\/\/paratyperte.com\/it\/wp-json\/wp\/v2\/comments?post=1514"}],"wp:featuredmedia":[{"embeddable":true,"href":"https:\/\/paratyperte.com\/it\/wp-json\/wp\/v2\/media\/2177"}],"wp:attachment":[{"href":"https:\/\/paratyperte.com\/it\/wp-json\/wp\/v2\/media?parent=1514"}],"wp:term":[{"taxonomy":"product_brand","embeddable":true,"href":"https:\/\/paratyperte.com\/it\/wp-json\/wp\/v2\/product_brand?post=1514"},{"taxonomy":"product_cat","embeddable":true,"href":"https:\/\/paratyperte.com\/it\/wp-json\/wp\/v2\/product_cat?post=1514"},{"taxonomy":"product_tag","embeddable":true,"href":"https:\/\/paratyperte.com\/it\/wp-json\/wp\/v2\/product_tag?post=1514"}],"curies":[{"name":"wp","href":"https:\/\/api.w.org\/{rel}","templated":true}]}}