{"id":1512,"date":"2024-03-27T13:47:53","date_gmt":"2024-03-27T16:47:53","guid":{"rendered":"https:\/\/paratyperte.com\/?post_type=product&#038;p=1512"},"modified":"2024-06-19T18:21:32","modified_gmt":"2024-06-19T21:21:32","slug":"caminho-do-ouro","status":"publish","type":"product","link":"https:\/\/paratyperte.com\/it\/prodotto\/caminho-do-ouro\/","title":{"rendered":"Percorso di Oro"},"content":{"rendered":"<p><strong>Durata <\/strong>5\u00a0horas<\/p>\n<p><strong>Dificuldade: <\/strong>F\u00e1cil<\/p>\n<p><strong>Tempo de caminhada: <\/strong>2 horas<\/p>\n<p>Explore a hist\u00f3rica rota do Caminho do Ouro, antiga Estrada Real, em um percurso de 2,5 km de n\u00edvel f\u00e1cil\/moderado. Originalmente utilizada para transportar ouro e mercadorias de Minas Gerais ao litoral do Rio de Janeiro, a Estrada Real \u00e9 um s\u00edmbolo da riqueza cultural e hist\u00f3rica do pa\u00eds. Ao atravessar a Mata Atl\u00e2ntica, voc\u00ea aprender\u00e1 sobre a hist\u00f3ria da regi\u00e3o enquanto aprecia sua rica biodiversidade.<\/p>\n<p>Em seguida, desfrute da oportunidade \u00fanica de mergulhar nas \u00e1guas da cachoeira do Tobog\u00e3 e no po\u00e7o do Tarzan, verdadeiros ref\u00fagios naturais que convidam \u00e0 medita\u00e7\u00e3o e contempla\u00e7\u00e3o.<\/p>\n<p>Durante o percurso, ser\u00e1 poss\u00edvel observar a riqueza da fauna e flora do Parque Nacional da Serra da Bocaina, habitat de uma vasta diversidade de esp\u00e9cies preservadas. Para encerrar com chave de ouro, visite os renomados alambiques da regi\u00e3o, reconhecidos mundialmente pela produ\u00e7\u00e3o de cacha\u00e7as premiadas.<\/p>\n<p>Prepare-se para uma experi\u00eancia \u00fanica, onde hist\u00f3ria e natureza se entrela\u00e7am, criando mem\u00f3rias inesquec\u00edveis em um dos cen\u00e1rios mais encantadores de Paraty.<\/p>\n<p><strong>Crian\u00e7a na Floresta<\/strong><\/p>\n<p>\u201cTemos um roteiro exclusivo para crian\u00e7as pelo Caminho do Ouro, que \u00e9 uma experi\u00eancia interativa \u00fanica de aprendizagem e conex\u00e3o da crian\u00e7a com a natureza e com a hist\u00f3riado lugar.\u201d<\/p>","protected":false},"excerpt":{"rendered":"<p>Dura\u00e7\u00e3o: 5\u00a0horas Dificuldade: F\u00e1cil Tempo de caminhada: 2 horas Explore a hist\u00f3rica rota do Caminho do Ouro, antiga Estrada Real, em um percurso de 2,5 km de n\u00edvel f\u00e1cil\/moderado. Originalmente utilizada para transportar ouro e mercadorias de Minas Gerais ao litoral do Rio de Janeiro, a Estrada Real \u00e9 um s\u00edmbolo da riqueza cultural e [&hellip;]<\/p>\n","protected":false},"featured_media":2178,"comment_status":"open","ping_status":"closed","template":"","meta":{"_joinchat":[]},"product_brand":[],"product_cat":[49,23],"product_tag":[28,43,30,29],"class_list":{"0":"post-1512","1":"product","2":"type-product","3":"status-publish","4":"has-post-thumbnail","6":"product_cat-terra","7":"product_cat-turismo-eco-criativo","8":"product_tag-caminho-do-ouro","9":"product_tag-caminho-do-ouro-em-paraty","10":"product_tag-paraaty","11":"product_tag-paraty-per-te","13":"first","14":"instock","15":"shipping-taxable","16":"purchasable","17":"product-type-simple"},"yoast_head":"<!-- This site is optimized with the Yoast SEO plugin v27.3 - https:\/\/yoast.com\/product\/yoast-seo-wordpress\/ -->\n<title>Caminho do Ouro - Paraty Per Te<\/title>\n<meta name=\"description\" content=\"Explore o Caminho do Ouro em Paraty em uma passeio que combina hist\u00f3ria, natureza e experi\u00eancias culturais. Reserve seu passeio!\" \/>\n<meta name=\"robots\" content=\"index, follow, max-snippet:-1, max-image-preview:large, max-video-preview:-1\" \/>\n<link rel=\"canonical\" href=\"https:\/\/paratyperte.com\/it\/prodotto\/caminho-do-ouro\/\" \/>\n<meta property=\"og:locale\" content=\"it_IT\" \/>\n<meta property=\"og:type\" content=\"article\" \/>\n<meta property=\"og:title\" content=\"Caminho do Ouro - Paraty Per Te\" \/>\n<meta property=\"og:description\" content=\"Explore o Caminho do Ouro em Paraty em uma passeio que combina hist\u00f3ria, natureza e experi\u00eancias culturais. Reserve seu passeio!\" \/>\n<meta property=\"og:url\" content=\"https:\/\/paratyperte.com\/it\/prodotto\/caminho-do-ouro\/\" \/>\n<meta property=\"og:site_name\" content=\"Paraty Per Te\" \/>\n<meta property=\"article:publisher\" content=\"https:\/\/www.facebook.com\/paratyperte\/\" \/>\n<meta property=\"article:modified_time\" content=\"2024-06-19T21:21:32+00:00\" \/>\n<meta property=\"og:image\" content=\"https:\/\/paratyperte.com\/wp-content\/uploads\/2024\/03\/Design-sem-nome-2024-04-12T142238.011.jpg\" \/>\n\t<meta property=\"og:image:width\" content=\"1000\" \/>\n\t<meta property=\"og:image:height\" content=\"1500\" \/>\n\t<meta property=\"og:image:type\" content=\"image\/jpeg\" \/>\n<meta name=\"twitter:card\" content=\"summary_large_image\" \/>\n<meta name=\"twitter:label1\" content=\"Tempo di lettura stimato\" \/>\n\t<meta name=\"twitter:data1\" content=\"2 minuti\" \/>\n<script type=\"application\/ld+json\" class=\"yoast-schema-graph\">{\"@context\":\"https:\\\/\\\/schema.org\",\"@graph\":[{\"@type\":\"WebPage\",\"@id\":\"https:\\\/\\\/paratyperte.com\\\/produto\\\/caminho-do-ouro\\\/\",\"url\":\"https:\\\/\\\/paratyperte.com\\\/produto\\\/caminho-do-ouro\\\/\",\"name\":\"Caminho do Ouro - Paraty Per Te\",\"isPartOf\":{\"@id\":\"https:\\\/\\\/paratyperte.com\\\/#website\"},\"primaryImageOfPage\":{\"@id\":\"https:\\\/\\\/paratyperte.com\\\/produto\\\/caminho-do-ouro\\\/#primaryimage\"},\"image\":{\"@id\":\"https:\\\/\\\/paratyperte.com\\\/produto\\\/caminho-do-ouro\\\/#primaryimage\"},\"thumbnailUrl\":\"https:\\\/\\\/paratyperte.com\\\/wp-content\\\/uploads\\\/2024\\\/03\\\/Design-sem-nome-2024-04-12T142238.011.jpg\",\"datePublished\":\"2024-03-27T16:47:53+00:00\",\"dateModified\":\"2024-06-19T21:21:32+00:00\",\"description\":\"Explore o Caminho do Ouro em Paraty em uma passeio que combina hist\u00f3ria, natureza e experi\u00eancias culturais. Reserve seu passeio!\",\"breadcrumb\":{\"@id\":\"https:\\\/\\\/paratyperte.com\\\/produto\\\/caminho-do-ouro\\\/#breadcrumb\"},\"inLanguage\":\"it-IT\",\"potentialAction\":[{\"@type\":\"ReadAction\",\"target\":[\"https:\\\/\\\/paratyperte.com\\\/produto\\\/caminho-do-ouro\\\/\"]}]},{\"@type\":\"ImageObject\",\"inLanguage\":\"it-IT\",\"@id\":\"https:\\\/\\\/paratyperte.com\\\/produto\\\/caminho-do-ouro\\\/#primaryimage\",\"url\":\"https:\\\/\\\/paratyperte.com\\\/wp-content\\\/uploads\\\/2024\\\/03\\\/Design-sem-nome-2024-04-12T142238.011.jpg\",\"contentUrl\":\"https:\\\/\\\/paratyperte.com\\\/wp-content\\\/uploads\\\/2024\\\/03\\\/Design-sem-nome-2024-04-12T142238.011.jpg\",\"width\":1000,\"height\":1500,\"caption\":\"xr:d:DAGCI4P9fbw:52,j:8620314343839238889,t:24041217\"},{\"@type\":\"BreadcrumbList\",\"@id\":\"https:\\\/\\\/paratyperte.com\\\/produto\\\/caminho-do-ouro\\\/#breadcrumb\",\"itemListElement\":[{\"@type\":\"ListItem\",\"position\":1,\"name\":\"In\u00edcio\",\"item\":\"https:\\\/\\\/paratyperte.com\\\/\"},{\"@type\":\"ListItem\",\"position\":2,\"name\":\"Produtos\",\"item\":\"https:\\\/\\\/paratyperte.com\\\/shop\\\/\"},{\"@type\":\"ListItem\",\"position\":3,\"name\":\"Caminho do Ouro\"}]},{\"@type\":\"WebSite\",\"@id\":\"https:\\\/\\\/paratyperte.com\\\/#website\",\"url\":\"https:\\\/\\\/paratyperte.com\\\/\",\"name\":\"Paraty Per Te\",\"description\":\"Ag\u00eancia de turismo em Paraty\",\"publisher\":{\"@id\":\"https:\\\/\\\/paratyperte.com\\\/#organization\"},\"potentialAction\":[{\"@type\":\"SearchAction\",\"target\":{\"@type\":\"EntryPoint\",\"urlTemplate\":\"https:\\\/\\\/paratyperte.com\\\/?s={search_term_string}\"},\"query-input\":{\"@type\":\"PropertyValueSpecification\",\"valueRequired\":true,\"valueName\":\"search_term_string\"}}],\"inLanguage\":\"it-IT\"},{\"@type\":\"Organization\",\"@id\":\"https:\\\/\\\/paratyperte.com\\\/#organization\",\"name\":\"Paraty Per Te\",\"url\":\"https:\\\/\\\/paratyperte.com\\\/\",\"logo\":{\"@type\":\"ImageObject\",\"inLanguage\":\"it-IT\",\"@id\":\"https:\\\/\\\/paratyperte.com\\\/#\\\/schema\\\/logo\\\/image\\\/\",\"url\":\"https:\\\/\\\/paratyperte.com\\\/wp-content\\\/uploads\\\/2024\\\/03\\\/cropped-PARATY-PER-TE-LOGO-SEM-FUNDO-1.png\",\"contentUrl\":\"https:\\\/\\\/paratyperte.com\\\/wp-content\\\/uploads\\\/2024\\\/03\\\/cropped-PARATY-PER-TE-LOGO-SEM-FUNDO-1.png\",\"width\":2644,\"height\":2147,\"caption\":\"Paraty Per Te\"},\"image\":{\"@id\":\"https:\\\/\\\/paratyperte.com\\\/#\\\/schema\\\/logo\\\/image\\\/\"},\"sameAs\":[\"https:\\\/\\\/www.facebook.com\\\/paratyperte\\\/\",\"https:\\\/\\\/www.tripadvisor.com.br\\\/ShowUserReviews-g303503-d24012638-r917170680-PARATY_PER_TE_TURISMO-Paraty_State_of_Rio_de_Janeiro.html\"]}]}<\/script>\n<!-- \/ Yoast SEO plugin. -->","yoast_head_json":{"title":"Caminho do Ouro - Paraty Per Te","description":"Explore o Caminho do Ouro em Paraty em uma passeio que combina hist\u00f3ria, natureza e experi\u00eancias culturais. Reserve seu passeio!","robots":{"index":"index","follow":"follow","max-snippet":"max-snippet:-1","max-image-preview":"max-image-preview:large","max-video-preview":"max-video-preview:-1"},"canonical":"https:\/\/paratyperte.com\/it\/prodotto\/caminho-do-ouro\/","og_locale":"it_IT","og_type":"article","og_title":"Caminho do Ouro - Paraty Per Te","og_description":"Explore o Caminho do Ouro em Paraty em uma passeio que combina hist\u00f3ria, natureza e experi\u00eancias culturais. Reserve seu passeio!","og_url":"https:\/\/paratyperte.com\/it\/prodotto\/caminho-do-ouro\/","og_site_name":"Paraty Per Te","article_publisher":"https:\/\/www.facebook.com\/paratyperte\/","article_modified_time":"2024-06-19T21:21:32+00:00","og_image":[{"width":1000,"height":1500,"url":"https:\/\/paratyperte.com\/wp-content\/uploads\/2024\/03\/Design-sem-nome-2024-04-12T142238.011.jpg","type":"image\/jpeg"}],"twitter_card":"summary_large_image","twitter_misc":{"Tempo di lettura stimato":"2 minuti"},"schema":{"@context":"https:\/\/schema.org","@graph":[{"@type":"WebPage","@id":"https:\/\/paratyperte.com\/produto\/caminho-do-ouro\/","url":"https:\/\/paratyperte.com\/produto\/caminho-do-ouro\/","name":"Caminho do Ouro - Paraty Per Te","isPartOf":{"@id":"https:\/\/paratyperte.com\/#website"},"primaryImageOfPage":{"@id":"https:\/\/paratyperte.com\/produto\/caminho-do-ouro\/#primaryimage"},"image":{"@id":"https:\/\/paratyperte.com\/produto\/caminho-do-ouro\/#primaryimage"},"thumbnailUrl":"https:\/\/paratyperte.com\/wp-content\/uploads\/2024\/03\/Design-sem-nome-2024-04-12T142238.011.jpg","datePublished":"2024-03-27T16:47:53+00:00","dateModified":"2024-06-19T21:21:32+00:00","description":"Explore o Caminho do Ouro em Paraty em uma passeio que combina hist\u00f3ria, natureza e experi\u00eancias culturais. Reserve seu passeio!","breadcrumb":{"@id":"https:\/\/paratyperte.com\/produto\/caminho-do-ouro\/#breadcrumb"},"inLanguage":"it-IT","potentialAction":[{"@type":"ReadAction","target":["https:\/\/paratyperte.com\/produto\/caminho-do-ouro\/"]}]},{"@type":"ImageObject","inLanguage":"it-IT","@id":"https:\/\/paratyperte.com\/produto\/caminho-do-ouro\/#primaryimage","url":"https:\/\/paratyperte.com\/wp-content\/uploads\/2024\/03\/Design-sem-nome-2024-04-12T142238.011.jpg","contentUrl":"https:\/\/paratyperte.com\/wp-content\/uploads\/2024\/03\/Design-sem-nome-2024-04-12T142238.011.jpg","width":1000,"height":1500,"caption":"xr:d:DAGCI4P9fbw:52,j:8620314343839238889,t:24041217"},{"@type":"BreadcrumbList","@id":"https:\/\/paratyperte.com\/produto\/caminho-do-ouro\/#breadcrumb","itemListElement":[{"@type":"ListItem","position":1,"name":"In\u00edcio","item":"https:\/\/paratyperte.com\/"},{"@type":"ListItem","position":2,"name":"Produtos","item":"https:\/\/paratyperte.com\/shop\/"},{"@type":"ListItem","position":3,"name":"Caminho do Ouro"}]},{"@type":"WebSite","@id":"https:\/\/paratyperte.com\/#website","url":"https:\/\/paratyperte.com\/","name":"Festa Per Te","description":"Agenzia di viaggi a Paraty","publisher":{"@id":"https:\/\/paratyperte.com\/#organization"},"potentialAction":[{"@type":"SearchAction","target":{"@type":"EntryPoint","urlTemplate":"https:\/\/paratyperte.com\/?s={search_term_string}"},"query-input":{"@type":"PropertyValueSpecification","valueRequired":true,"valueName":"search_term_string"}}],"inLanguage":"it-IT"},{"@type":"Organization","@id":"https:\/\/paratyperte.com\/#organization","name":"Festa Per Te","url":"https:\/\/paratyperte.com\/","logo":{"@type":"ImageObject","inLanguage":"it-IT","@id":"https:\/\/paratyperte.com\/#\/schema\/logo\/image\/","url":"https:\/\/paratyperte.com\/wp-content\/uploads\/2024\/03\/cropped-PARATY-PER-TE-LOGO-SEM-FUNDO-1.png","contentUrl":"https:\/\/paratyperte.com\/wp-content\/uploads\/2024\/03\/cropped-PARATY-PER-TE-LOGO-SEM-FUNDO-1.png","width":2644,"height":2147,"caption":"Paraty Per Te"},"image":{"@id":"https:\/\/paratyperte.com\/#\/schema\/logo\/image\/"},"sameAs":["https:\/\/www.facebook.com\/paratyperte\/","https:\/\/www.tripadvisor.com.br\/ShowUserReviews-g303503-d24012638-r917170680-PARATY_PER_TE_TURISMO-Paraty_State_of_Rio_de_Janeiro.html"]}]}},"_links":{"self":[{"href":"https:\/\/paratyperte.com\/it\/wp-json\/wp\/v2\/product\/1512","targetHints":{"allow":["GET"]}}],"collection":[{"href":"https:\/\/paratyperte.com\/it\/wp-json\/wp\/v2\/product"}],"about":[{"href":"https:\/\/paratyperte.com\/it\/wp-json\/wp\/v2\/types\/product"}],"replies":[{"embeddable":true,"href":"https:\/\/paratyperte.com\/it\/wp-json\/wp\/v2\/comments?post=1512"}],"wp:featuredmedia":[{"embeddable":true,"href":"https:\/\/paratyperte.com\/it\/wp-json\/wp\/v2\/media\/2178"}],"wp:attachment":[{"href":"https:\/\/paratyperte.com\/it\/wp-json\/wp\/v2\/media?parent=1512"}],"wp:term":[{"taxonomy":"product_brand","embeddable":true,"href":"https:\/\/paratyperte.com\/it\/wp-json\/wp\/v2\/product_brand?post=1512"},{"taxonomy":"product_cat","embeddable":true,"href":"https:\/\/paratyperte.com\/it\/wp-json\/wp\/v2\/product_cat?post=1512"},{"taxonomy":"product_tag","embeddable":true,"href":"https:\/\/paratyperte.com\/it\/wp-json\/wp\/v2\/product_tag?post=1512"}],"curies":[{"name":"wp","href":"https:\/\/api.w.org\/{rel}","templated":true}]}}