{"id":1695,"date":"2024-04-03T14:01:42","date_gmt":"2024-04-03T17:01:42","guid":{"rendered":"https:\/\/paratyperte.com\/?page_id=1695"},"modified":"2024-05-07T13:40:04","modified_gmt":"2024-05-07T16:40:04","slug":"ar","status":"publish","type":"page","link":"https:\/\/paratyperte.com\/it\/ar\/","title":{"rendered":"Aria"},"content":{"rendered":"<style>.elementor-1695 .elementor-element.elementor-element-e099c35 > .elementor-container{max-width:720px;}.elementor-1695 .elementor-element.elementor-element-e099c35:not(.elementor-motion-effects-element-type-background), .elementor-1695 .elementor-element.elementor-element-e099c35 > .elementor-motion-effects-container > .elementor-motion-effects-layer{background-image:url(\"https:\/\/paratyperte.com\/wp-content\/uploads\/2024\/03\/tripsz_paraty.jpg-1.webp\");background-position:bottom left;background-repeat:no-repeat;background-size:cover;}.elementor-1695 .elementor-element.elementor-element-e099c35 > .elementor-background-overlay{background-color:transparent;background-image:linear-gradient(180deg, #00000000 0%, #000000E3 100%);opacity:1;transition:background 0.3s, border-radius 0.3s, opacity 0.3s;}.elementor-1695 .elementor-element.elementor-element-e099c35{transition:background 0.3s, border 0.3s, border-radius 0.3s, box-shadow 0.3s;padding:250px 0px 180px 0px;}.elementor-1695 .elementor-element.elementor-element-37b7e7a.elementor-column > .elementor-widget-wrap{justify-content:center;}.elementor-1695 .elementor-element.elementor-element-37b7e7a > .elementor-element-populated{padding:0% 12% 0% 12%;}.elementor-1695 .elementor-element.elementor-element-01f199a{text-align:center;}.elementor-1695 .elementor-element.elementor-element-01f199a .elementor-heading-title{font-family:\"Poppins\";font-size:60px;font-weight:600;color:#FFFFFF;}.elementor-1695 .elementor-element.elementor-element-6951911{--display:flex;--padding-top:40px;--padding-bottom:60px;--padding-left:20px;--padding-right:20px;}.elementor-1695 .elementor-element.elementor-element-3f821fa .jkit-product-grid{--product-grid-column:4;}.elementor-1695 .elementor-element.elementor-element-3f821fa .jeg-elementor-kit.jkit-product-grid .jkit-products, .elementor-1695 .elementor-element.elementor-element-3f821fa .jeg-elementor-kit.jkit-product-carousel .jkit-products .button{text-align:center;}.elementor-1695 .elementor-element.elementor-element-3f821fa .jeg-elementor-kit.jkit-product-grid .star-rating{--rating-margin-center:0;font-size:13px;}.elementor-1695 .elementor-element.elementor-element-3f821fa .jeg-elementor-kit.jkit-product-grid .product-image{border-radius:20px 20px 20px 20px;}.elementor-1695 .elementor-element.elementor-element-3f821fa .jeg-elementor-kit.jkit-product-grid .woocommerce ul.products li.product .product-link span.onsale{right:8px;top:9px;--jkit-onsale-gap:5px;}.elementor-1695 .elementor-element.elementor-element-3f821fa .jeg-elementor-kit.jkit-product-grid .product-title{font-family:\"Poppins\";font-size:18px;text-transform:uppercase;line-height:19px;}.elementor-1695 .elementor-element.elementor-element-3f821fa .jeg-elementor-kit.jkit-postblock .jeg_empty_module{text-align:left;}:root{--page-title-display:none;}@media(max-width:1024px){.elementor-1695 .elementor-element.elementor-element-e099c35{padding:14em 0em 7em 0em;}.elementor-1695 .elementor-element.elementor-element-37b7e7a > .elementor-element-populated{padding:0% 0% 0% 0%;}.elementor-1695 .elementor-element.elementor-element-01f199a > .elementor-widget-container{padding:0% 8% 0% 8%;}.elementor-1695 .elementor-element.elementor-element-3f821fa .jkit-product-grid{--product-grid-column:3;}}@media(max-width:767px){.elementor-1695 .elementor-element.elementor-element-e099c35{padding:200px 0px 100px 0px;}.elementor-1695 .elementor-element.elementor-element-37b7e7a > .elementor-element-populated{padding:0px 0px 0px 0px;}.elementor-1695 .elementor-element.elementor-element-01f199a .elementor-heading-title{font-size:45px;}.elementor-1695 .elementor-element.elementor-element-01f199a > .elementor-widget-container{padding:0% 0% 0% 0%;}.elementor-1695 .elementor-element.elementor-element-3f821fa .jkit-product-grid{--product-grid-column:1;}.elementor-1695 .elementor-element.elementor-element-3f821fa .jeg-elementor-kit.jkit-product-grid .jkit-products, .elementor-1695 .elementor-element.elementor-element-3f821fa .jeg-elementor-kit.jkit-product-carousel .jkit-products .button{text-align:center;}.elementor-1695 .elementor-element.elementor-element-3f821fa .jeg-elementor-kit.jkit-product-grid .star-rating{--rating-margin-center:0;}}<\/style>\t\t<div data-elementor-type=\"wp-page\" data-elementor-id=\"1695\" class=\"elementor elementor-1695\" data-elementor-post-type=\"page\">\n\t\t\t\t\t\t<section class=\"elementor-section elementor-top-section elementor-element elementor-element-e099c35 elementor-section-boxed elementor-section-height-default elementor-section-height-default\" data-id=\"e099c35\" data-element_type=\"section\" data-e-type=\"section\" data-settings=\"{&quot;background_background&quot;:&quot;classic&quot;}\">\n\t\t\t\t\t\t\t<div class=\"elementor-background-overlay\"><\/div>\n\t\t\t\t\t\t\t<div class=\"elementor-container elementor-column-gap-default\">\n\t\t\t\t\t<div class=\"elementor-column elementor-col-100 elementor-top-column elementor-element elementor-element-37b7e7a\" data-id=\"37b7e7a\" data-element_type=\"column\" data-e-type=\"column\">\n\t\t\t<div class=\"elementor-widget-wrap elementor-element-populated\">\n\t\t\t\t\t\t<div class=\"elementor-element elementor-element-01f199a elementor-invisible elementor-widget elementor-widget-heading\" data-id=\"01f199a\" data-element_type=\"widget\" data-e-type=\"widget\" data-settings=\"{&quot;_animation&quot;:&quot;fadeInUp&quot;}\" data-widget_type=\"heading.default\">\n\t\t\t\t<div class=\"elementor-widget-container\">\n\t\t\t\t\t<h1 class=\"elementor-heading-title elementor-size-default\">AR<\/h1>\t\t\t\t<\/div>\n\t\t\t\t<\/div>\n\t\t\t\t\t<\/div>\n\t\t<\/div>\n\t\t\t\t\t<\/div>\n\t\t<\/section>\n\t\t<div class=\"elementor-element elementor-element-6951911 e-flex e-con-boxed e-con e-parent\" data-id=\"6951911\" data-element_type=\"container\" data-e-type=\"container\">\n\t\t\t\t\t<div class=\"e-con-inner\">\n\t\t\t\t<div class=\"elementor-element elementor-element-3f821fa elementor-widget elementor-widget-jkit_product_grid\" data-id=\"3f821fa\" data-element_type=\"widget\" data-e-type=\"widget\" data-widget_type=\"jkit_product_grid.default\">\n\t\t\t\t<div class=\"elementor-widget-container\">\n\t\t\t\t\t<div  class=\"jeg-elementor-kit jkit-product-grid jkit-pagination-disable post-element jeg_module___69d7450bd2ffb\"  data-id=\"jeg_module___69d7450bd2ffb\" data-settings=\"{&quot;sg_content_column&quot;:4,&quot;sg_content_show_element&quot;:&quot;image,title&quot;,&quot;sg_content_show_button&quot;:&quot;&quot;,&quot;sg_content_sorting&quot;:&quot;&quot;,&quot;sg_content_image_heading&quot;:&quot;&quot;,&quot;sg_content_image_size&quot;:&quot;&quot;,&quot;sg_content_sale&quot;:&quot;&quot;,&quot;sg_content_percentage&quot;:&quot;&quot;,&quot;number_post&quot;:{&quot;unit&quot;:&quot;px&quot;,&quot;size&quot;:36,&quot;sizes&quot;:[]},&quot;post_offset&quot;:0,&quot;wc_include_post&quot;:&quot;&quot;,&quot;wc_exclude_post&quot;:&quot;&quot;,&quot;wc_include_category&quot;:&quot;47&quot;,&quot;wc_exclude_category&quot;:&quot;&quot;,&quot;wc_include_tag&quot;:&quot;&quot;,&quot;wc_exclude_tag&quot;:&quot;&quot;,&quot;sort_by&quot;:&quot;latest&quot;,&quot;pagination_mode&quot;:&quot;disable&quot;,&quot;pagination_loadmore_text&quot;:&quot;Load More&quot;,&quot;pagination_loading_text&quot;:&quot;Loading...&quot;,&quot;pagination_number_post&quot;:{&quot;unit&quot;:&quot;px&quot;,&quot;size&quot;:4,&quot;sizes&quot;:[]},&quot;pagination_scroll_limit&quot;:0,&quot;pagination_icon&quot;:{&quot;value&quot;:&quot;&quot;,&quot;library&quot;:&quot;&quot;},&quot;pagination_icon_position&quot;:&quot;before&quot;,&quot;sg_content_image_size_imagesize_size&quot;:&quot;full&quot;,&quot;post_type&quot;:&quot;product&quot;,&quot;paged&quot;:1,&quot;class&quot;:&quot;jkit_product_grid&quot;}\"><div class=\"jkit-block-container\"><div class=\"woocommerce\"><ul class=\"products jkit-products jkit-align-left\"><li class=\"product type-product post-1884 status-publish first instock product_cat-ar product_cat-turismo-eco-criativo product_tag-cachoeira-do-saco-bravo product_tag-saco-bravo has-post-thumbnail virtual purchasable product-type-simple jkit-product-block\"><a href=\"https:\/\/paratyperte.com\/it\/prodotto\/trekking-na-cachoeira-do-saco-bravo\/\" class=\"jkit-product\"><div class=\"product-link\"><img fetchpriority=\"high\" decoding=\"async\" width=\"1000\" height=\"1500\" src=\"https:\/\/paratyperte.com\/wp-content\/uploads\/2024\/04\/Design-sem-nome-2024-04-12T140842.412.jpg\" class=\"wp-post-image product-image\" alt=\"Trekking alle cascate \u00e8 nella Borsa (Bravo)\" srcset=\"https:\/\/paratyperte.com\/wp-content\/uploads\/2024\/04\/Design-sem-nome-2024-04-12T140842.412.jpg 1000w, https:\/\/paratyperte.com\/wp-content\/uploads\/2024\/04\/Design-sem-nome-2024-04-12T140842.412-200x300.jpg 200w, https:\/\/paratyperte.com\/wp-content\/uploads\/2024\/04\/Design-sem-nome-2024-04-12T140842.412-683x1024.jpg 683w, https:\/\/paratyperte.com\/wp-content\/uploads\/2024\/04\/Design-sem-nome-2024-04-12T140842.412-768x1152.jpg 768w, https:\/\/paratyperte.com\/wp-content\/uploads\/2024\/04\/Design-sem-nome-2024-04-12T140842.412-600x900.jpg 600w\" sizes=\"(max-width: 1000px) 100vw, 1000px\" \/><\/div><h2 class=\"product-title\">Trekking alle cascate \u00e8 nella Borsa (Bravo)<\/h2><\/a><\/li><li class=\"product type-product post-1525 status-publish instock product_cat-ar product_cat-transfer product_cat-turismo-eco-criativo product_tag-passeio-cunha-pedra-da-macela has-post-thumbnail virtual purchasable product-type-simple jkit-product-block\"><a href=\"https:\/\/paratyperte.com\/it\/prodotto\/descubra-a-magia-de-cunha\/\" class=\"jkit-product\"><div class=\"product-link\"><img decoding=\"async\" width=\"1000\" height=\"1500\" data-src=\"https:\/\/paratyperte.com\/wp-content\/uploads\/2024\/03\/Design-sem-nome-2024-04-12T141111.497.jpg\" class=\"wp-post-image product-image lazyload\" alt=\"Scopri la magia di Cuneo\" data-srcset=\"https:\/\/paratyperte.com\/wp-content\/uploads\/2024\/03\/Design-sem-nome-2024-04-12T141111.497.jpg 1000w, https:\/\/paratyperte.com\/wp-content\/uploads\/2024\/03\/Design-sem-nome-2024-04-12T141111.497-200x300.jpg 200w, https:\/\/paratyperte.com\/wp-content\/uploads\/2024\/03\/Design-sem-nome-2024-04-12T141111.497-683x1024.jpg 683w, https:\/\/paratyperte.com\/wp-content\/uploads\/2024\/03\/Design-sem-nome-2024-04-12T141111.497-768x1152.jpg 768w, https:\/\/paratyperte.com\/wp-content\/uploads\/2024\/03\/Design-sem-nome-2024-04-12T141111.497-600x900.jpg 600w\" data-sizes=\"(max-width: 1000px) 100vw, 1000px\" src=\"data:image\/svg+xml;base64,PHN2ZyB3aWR0aD0iMSIgaGVpZ2h0PSIxIiB4bWxucz0iaHR0cDovL3d3dy53My5vcmcvMjAwMC9zdmciPjwvc3ZnPg==\" style=\"--smush-placeholder-width: 1000px; --smush-placeholder-aspect-ratio: 1000\/1500;\" \/><\/div><h2 class=\"product-title\">Scopri la magia di Cuneo<\/h2><\/a><\/li><li class=\"product type-product post-1514 status-publish instock product_cat-ar product_cat-turismo-eco-criativo product_tag-expedicao-saco-do-mamangua product_tag-paraty product_tag-trilha has-post-thumbnail virtual purchasable product-type-simple jkit-product-block\"><a href=\"https:\/\/paratyperte.com\/it\/prodotto\/expedicao-saco-do-mamangua\/\" class=\"jkit-product\"><div class=\"product-link\"><img decoding=\"async\" width=\"1000\" height=\"1500\" data-src=\"https:\/\/paratyperte.com\/wp-content\/uploads\/2024\/03\/Design-sem-nome-2024-04-12T142042.011.jpg\" class=\"wp-post-image product-image lazyload\" alt=\"Spedizione al Saco do Mamangu\u00e1\" data-srcset=\"https:\/\/paratyperte.com\/wp-content\/uploads\/2024\/03\/Design-sem-nome-2024-04-12T142042.011.jpg 1000w, https:\/\/paratyperte.com\/wp-content\/uploads\/2024\/03\/Design-sem-nome-2024-04-12T142042.011-200x300.jpg 200w, https:\/\/paratyperte.com\/wp-content\/uploads\/2024\/03\/Design-sem-nome-2024-04-12T142042.011-683x1024.jpg 683w, https:\/\/paratyperte.com\/wp-content\/uploads\/2024\/03\/Design-sem-nome-2024-04-12T142042.011-768x1152.jpg 768w, https:\/\/paratyperte.com\/wp-content\/uploads\/2024\/03\/Design-sem-nome-2024-04-12T142042.011-600x900.jpg 600w\" data-sizes=\"(max-width: 1000px) 100vw, 1000px\" src=\"data:image\/svg+xml;base64,PHN2ZyB3aWR0aD0iMSIgaGVpZ2h0PSIxIiB4bWxucz0iaHR0cDovL3d3dy53My5vcmcvMjAwMC9zdmciPjwvc3ZnPg==\" style=\"--smush-placeholder-width: 1000px; --smush-placeholder-aspect-ratio: 1000\/1500;\" \/><\/div><h2 class=\"product-title\">Spedizione al Saco do Mamangu\u00e1<\/h2><\/a><\/li><\/ul><\/div><\/div><\/div>\t\t\t\t<\/div>\n\t\t\t\t<\/div>\n\t\t\t\t\t<\/div>\n\t\t\t\t<\/div>\n\t\t\t\t<\/div>","protected":false},"excerpt":{"rendered":"<p>AR Trekking na Cachoeira do Saco Bravo. Passeio Cunha: Pedra da Macela Expedi\u00e7\u00e3o Saco do Mamangua<\/p>","protected":false},"author":1,"featured_media":927,"parent":0,"menu_order":0,"comment_status":"closed","ping_status":"closed","template":"","meta":{"_joinchat":[],"footnotes":""},"class_list":["post-1695","page","type-page","status-publish","has-post-thumbnail","hentry"],"yoast_head":"<!-- This site is optimized with the Yoast SEO plugin v27.3 - https:\/\/yoast.com\/product\/yoast-seo-wordpress\/ -->\n<title>Ar - Paraty Per Te<\/title>\n<meta name=\"description\" content=\"Ag\u00eancia de turismo eco-criativo em Paraty com a Paraty Per Te Turismo. Explore nossas experi\u00eancias \u00fanicas e conecte-se com a natureza, hist\u00f3ria e tradi\u00e7\u00f5es locais.\" \/>\n<meta name=\"robots\" content=\"index, follow, max-snippet:-1, max-image-preview:large, max-video-preview:-1\" \/>\n<link rel=\"canonical\" href=\"https:\/\/paratyperte.com\/it\/ar\/\" \/>\n<meta property=\"og:locale\" content=\"it_IT\" \/>\n<meta property=\"og:type\" content=\"article\" \/>\n<meta property=\"og:title\" content=\"Ar - Paraty Per Te\" \/>\n<meta property=\"og:description\" content=\"Ag\u00eancia de turismo eco-criativo em Paraty com a Paraty Per Te Turismo. Explore nossas experi\u00eancias \u00fanicas e conecte-se com a natureza, hist\u00f3ria e tradi\u00e7\u00f5es locais.\" \/>\n<meta property=\"og:url\" content=\"https:\/\/paratyperte.com\/it\/ar\/\" \/>\n<meta property=\"og:site_name\" content=\"Paraty Per Te\" \/>\n<meta property=\"article:publisher\" content=\"https:\/\/www.facebook.com\/paratyperte\/\" \/>\n<meta property=\"article:modified_time\" content=\"2024-05-07T16:40:04+00:00\" \/>\n<meta property=\"og:image\" content=\"https:\/\/paratyperte.com\/wp-content\/uploads\/2024\/03\/Design-sem-nome-83.jpg\" \/>\n\t<meta property=\"og:image:width\" content=\"500\" \/>\n\t<meta property=\"og:image:height\" content=\"500\" \/>\n\t<meta property=\"og:image:type\" content=\"image\/jpeg\" \/>\n<meta name=\"twitter:card\" content=\"summary_large_image\" \/>\n<meta name=\"twitter:label1\" content=\"Tempo di lettura stimato\" \/>\n\t<meta name=\"twitter:data1\" content=\"1 minuto\" \/>\n<script type=\"application\/ld+json\" class=\"yoast-schema-graph\">{\"@context\":\"https:\\\/\\\/schema.org\",\"@graph\":[{\"@type\":\"WebPage\",\"@id\":\"https:\\\/\\\/paratyperte.com\\\/ar\\\/\",\"url\":\"https:\\\/\\\/paratyperte.com\\\/ar\\\/\",\"name\":\"Ar - Paraty Per Te\",\"isPartOf\":{\"@id\":\"https:\\\/\\\/paratyperte.com\\\/#website\"},\"primaryImageOfPage\":{\"@id\":\"https:\\\/\\\/paratyperte.com\\\/ar\\\/#primaryimage\"},\"image\":{\"@id\":\"https:\\\/\\\/paratyperte.com\\\/ar\\\/#primaryimage\"},\"thumbnailUrl\":\"https:\\\/\\\/paratyperte.com\\\/wp-content\\\/uploads\\\/2024\\\/03\\\/Design-sem-nome-83.jpg\",\"datePublished\":\"2024-04-03T17:01:42+00:00\",\"dateModified\":\"2024-05-07T16:40:04+00:00\",\"description\":\"Ag\u00eancia de turismo eco-criativo em Paraty com a Paraty Per Te Turismo. Explore nossas experi\u00eancias \u00fanicas e conecte-se com a natureza, hist\u00f3ria e tradi\u00e7\u00f5es locais.\",\"breadcrumb\":{\"@id\":\"https:\\\/\\\/paratyperte.com\\\/ar\\\/#breadcrumb\"},\"inLanguage\":\"it-IT\",\"potentialAction\":[{\"@type\":\"ReadAction\",\"target\":[\"https:\\\/\\\/paratyperte.com\\\/ar\\\/\"]}]},{\"@type\":\"ImageObject\",\"inLanguage\":\"it-IT\",\"@id\":\"https:\\\/\\\/paratyperte.com\\\/ar\\\/#primaryimage\",\"url\":\"https:\\\/\\\/paratyperte.com\\\/wp-content\\\/uploads\\\/2024\\\/03\\\/Design-sem-nome-83.jpg\",\"contentUrl\":\"https:\\\/\\\/paratyperte.com\\\/wp-content\\\/uploads\\\/2024\\\/03\\\/Design-sem-nome-83.jpg\",\"width\":500,\"height\":500,\"caption\":\"PARATY PER TE\"},{\"@type\":\"BreadcrumbList\",\"@id\":\"https:\\\/\\\/paratyperte.com\\\/ar\\\/#breadcrumb\",\"itemListElement\":[{\"@type\":\"ListItem\",\"position\":1,\"name\":\"In\u00edcio\",\"item\":\"https:\\\/\\\/paratyperte.com\\\/\"},{\"@type\":\"ListItem\",\"position\":2,\"name\":\"Ar\"}]},{\"@type\":\"WebSite\",\"@id\":\"https:\\\/\\\/paratyperte.com\\\/#website\",\"url\":\"https:\\\/\\\/paratyperte.com\\\/\",\"name\":\"Paraty Per Te\",\"description\":\"Ag\u00eancia de turismo em Paraty\",\"publisher\":{\"@id\":\"https:\\\/\\\/paratyperte.com\\\/#organization\"},\"potentialAction\":[{\"@type\":\"SearchAction\",\"target\":{\"@type\":\"EntryPoint\",\"urlTemplate\":\"https:\\\/\\\/paratyperte.com\\\/?s={search_term_string}\"},\"query-input\":{\"@type\":\"PropertyValueSpecification\",\"valueRequired\":true,\"valueName\":\"search_term_string\"}}],\"inLanguage\":\"it-IT\"},{\"@type\":\"Organization\",\"@id\":\"https:\\\/\\\/paratyperte.com\\\/#organization\",\"name\":\"Paraty Per Te\",\"url\":\"https:\\\/\\\/paratyperte.com\\\/\",\"logo\":{\"@type\":\"ImageObject\",\"inLanguage\":\"it-IT\",\"@id\":\"https:\\\/\\\/paratyperte.com\\\/#\\\/schema\\\/logo\\\/image\\\/\",\"url\":\"https:\\\/\\\/paratyperte.com\\\/wp-content\\\/uploads\\\/2024\\\/03\\\/cropped-PARATY-PER-TE-LOGO-SEM-FUNDO-1.png\",\"contentUrl\":\"https:\\\/\\\/paratyperte.com\\\/wp-content\\\/uploads\\\/2024\\\/03\\\/cropped-PARATY-PER-TE-LOGO-SEM-FUNDO-1.png\",\"width\":2644,\"height\":2147,\"caption\":\"Paraty Per Te\"},\"image\":{\"@id\":\"https:\\\/\\\/paratyperte.com\\\/#\\\/schema\\\/logo\\\/image\\\/\"},\"sameAs\":[\"https:\\\/\\\/www.facebook.com\\\/paratyperte\\\/\",\"https:\\\/\\\/www.tripadvisor.com.br\\\/ShowUserReviews-g303503-d24012638-r917170680-PARATY_PER_TE_TURISMO-Paraty_State_of_Rio_de_Janeiro.html\"]}]}<\/script>\n<!-- \/ Yoast SEO plugin. -->","yoast_head_json":{"title":"Ar - Paraty Per Te","description":"L&#039;agenzia del turismo, eco-creativo con il Lato Per il Tour. Esplorare la nostra esperienza unica e connettersi con la natura, la storia e le tradizioni dei suoi abitanti.","robots":{"index":"index","follow":"follow","max-snippet":"max-snippet:-1","max-image-preview":"max-image-preview:large","max-video-preview":"max-video-preview:-1"},"canonical":"https:\/\/paratyperte.com\/it\/ar\/","og_locale":"it_IT","og_type":"article","og_title":"Ar - Paraty Per Te","og_description":"Ag\u00eancia de turismo eco-criativo em Paraty com a Paraty Per Te Turismo. Explore nossas experi\u00eancias \u00fanicas e conecte-se com a natureza, hist\u00f3ria e tradi\u00e7\u00f5es locais.","og_url":"https:\/\/paratyperte.com\/it\/ar\/","og_site_name":"Paraty Per Te","article_publisher":"https:\/\/www.facebook.com\/paratyperte\/","article_modified_time":"2024-05-07T16:40:04+00:00","og_image":[{"width":500,"height":500,"url":"https:\/\/paratyperte.com\/wp-content\/uploads\/2024\/03\/Design-sem-nome-83.jpg","type":"image\/jpeg"}],"twitter_card":"summary_large_image","twitter_misc":{"Tempo di lettura stimato":"1 minuto"},"schema":{"@context":"https:\/\/schema.org","@graph":[{"@type":"WebPage","@id":"https:\/\/paratyperte.com\/ar\/","url":"https:\/\/paratyperte.com\/ar\/","name":"Ar - Paraty Per Te","isPartOf":{"@id":"https:\/\/paratyperte.com\/#website"},"primaryImageOfPage":{"@id":"https:\/\/paratyperte.com\/ar\/#primaryimage"},"image":{"@id":"https:\/\/paratyperte.com\/ar\/#primaryimage"},"thumbnailUrl":"https:\/\/paratyperte.com\/wp-content\/uploads\/2024\/03\/Design-sem-nome-83.jpg","datePublished":"2024-04-03T17:01:42+00:00","dateModified":"2024-05-07T16:40:04+00:00","description":"L&#039;agenzia del turismo, eco-creativo con il Lato Per il Tour. Esplorare la nostra esperienza unica e connettersi con la natura, la storia e le tradizioni dei suoi abitanti.","breadcrumb":{"@id":"https:\/\/paratyperte.com\/ar\/#breadcrumb"},"inLanguage":"it-IT","potentialAction":[{"@type":"ReadAction","target":["https:\/\/paratyperte.com\/ar\/"]}]},{"@type":"ImageObject","inLanguage":"it-IT","@id":"https:\/\/paratyperte.com\/ar\/#primaryimage","url":"https:\/\/paratyperte.com\/wp-content\/uploads\/2024\/03\/Design-sem-nome-83.jpg","contentUrl":"https:\/\/paratyperte.com\/wp-content\/uploads\/2024\/03\/Design-sem-nome-83.jpg","width":500,"height":500,"caption":"PARATY PER TE"},{"@type":"BreadcrumbList","@id":"https:\/\/paratyperte.com\/ar\/#breadcrumb","itemListElement":[{"@type":"ListItem","position":1,"name":"In\u00edcio","item":"https:\/\/paratyperte.com\/"},{"@type":"ListItem","position":2,"name":"Ar"}]},{"@type":"WebSite","@id":"https:\/\/paratyperte.com\/#website","url":"https:\/\/paratyperte.com\/","name":"Festa Per Te","description":"Agenzia di viaggi a Paraty","publisher":{"@id":"https:\/\/paratyperte.com\/#organization"},"potentialAction":[{"@type":"SearchAction","target":{"@type":"EntryPoint","urlTemplate":"https:\/\/paratyperte.com\/?s={search_term_string}"},"query-input":{"@type":"PropertyValueSpecification","valueRequired":true,"valueName":"search_term_string"}}],"inLanguage":"it-IT"},{"@type":"Organization","@id":"https:\/\/paratyperte.com\/#organization","name":"Festa Per Te","url":"https:\/\/paratyperte.com\/","logo":{"@type":"ImageObject","inLanguage":"it-IT","@id":"https:\/\/paratyperte.com\/#\/schema\/logo\/image\/","url":"https:\/\/paratyperte.com\/wp-content\/uploads\/2024\/03\/cropped-PARATY-PER-TE-LOGO-SEM-FUNDO-1.png","contentUrl":"https:\/\/paratyperte.com\/wp-content\/uploads\/2024\/03\/cropped-PARATY-PER-TE-LOGO-SEM-FUNDO-1.png","width":2644,"height":2147,"caption":"Paraty Per Te"},"image":{"@id":"https:\/\/paratyperte.com\/#\/schema\/logo\/image\/"},"sameAs":["https:\/\/www.facebook.com\/paratyperte\/","https:\/\/www.tripadvisor.com.br\/ShowUserReviews-g303503-d24012638-r917170680-PARATY_PER_TE_TURISMO-Paraty_State_of_Rio_de_Janeiro.html"]}]}},"_links":{"self":[{"href":"https:\/\/paratyperte.com\/it\/wp-json\/wp\/v2\/pages\/1695","targetHints":{"allow":["GET"]}}],"collection":[{"href":"https:\/\/paratyperte.com\/it\/wp-json\/wp\/v2\/pages"}],"about":[{"href":"https:\/\/paratyperte.com\/it\/wp-json\/wp\/v2\/types\/page"}],"author":[{"embeddable":true,"href":"https:\/\/paratyperte.com\/it\/wp-json\/wp\/v2\/users\/1"}],"replies":[{"embeddable":true,"href":"https:\/\/paratyperte.com\/it\/wp-json\/wp\/v2\/comments?post=1695"}],"version-history":[{"count":0,"href":"https:\/\/paratyperte.com\/it\/wp-json\/wp\/v2\/pages\/1695\/revisions"}],"wp:featuredmedia":[{"embeddable":true,"href":"https:\/\/paratyperte.com\/it\/wp-json\/wp\/v2\/media\/927"}],"wp:attachment":[{"href":"https:\/\/paratyperte.com\/it\/wp-json\/wp\/v2\/media?parent=1695"}],"curies":[{"name":"wp","href":"https:\/\/api.w.org\/{rel}","templated":true}]}}