{"id":2447,"date":"2024-05-17T16:00:44","date_gmt":"2024-05-17T19:00:44","guid":{"rendered":"https:\/\/paratyperte.com\/?post_type=product&#038;p=2447"},"modified":"2024-05-17T16:00:44","modified_gmt":"2024-05-17T19:00:44","slug":"praias-tropicais-paradisiacas","status":"publish","type":"product","link":"https:\/\/paratyperte.com\/fr\/produit\/praias-tropicais-paradisiacas\/","title":{"rendered":"Praias Tropicais Paradis\u00edacas"},"content":{"rendered":"<p><span style=\"font-weight: 400;\">Prepare-se para uma experi\u00eancia inesquec\u00edvel nas mais belas praias da regi\u00e3o, tudo isso a bordo de um carro privativo, garantindo conforto e seguran\u00e7a.<\/span><\/p>\n<p><span style=\"font-weight: 400;\">Nosso tour exclusivo proporciona uma maneira \u00fanica de explorar as maravilhas de Paraty no seu pr\u00f3prio ritmo. Imagine-se navegando por estradas sinuosas com vistas deslumbrantes para o mar, parando em praias perfeitas para um mergulho refrescante ou um dia de descanso sob o sol.<\/span><\/p>\n<p><span style=\"font-weight: 400;\">Ao escolher este passeio, voc\u00ea ter\u00e1 a companhia de um guia motorista\u00a0 apaixonado por Paraty. Eles n\u00e3o apenas garantem uma viagem segura, mas tamb\u00e9m compartilham hist\u00f3rias fascinantes e curiosidades sobre a regi\u00e3o, enriquecendo sua jornada com conhecimento local aut\u00eantico.<\/span><\/p>\n<p><span style=\"font-weight: 400;\">Com a Paraty Per Te, voc\u00ea desfruta da flexibilidade de criar seu pr\u00f3prio roteiro personalizado. Inclua as paradas que mais lhe interessam e aproveite ao m\u00e1ximo cada momento dessa aventura<\/span><\/p>\n<p><strong>Observa\u00e7\u00f5es:<\/strong><\/p>\n<p><span style=\"font-weight: 400;\">O valor do servi\u00e7o varia de acordo com a dura\u00e7\u00e3o da excurs\u00e3o e o n\u00famero de pessoas.<\/span><\/p>","protected":false},"excerpt":{"rendered":"<p>Prepare-se para uma experi\u00eancia inesquec\u00edvel nas mais belas praias da regi\u00e3o, tudo isso a bordo de um carro privativo, garantindo conforto e seguran\u00e7a. Nosso tour exclusivo proporciona uma maneira \u00fanica de explorar as maravilhas de Paraty no seu pr\u00f3prio ritmo. Imagine-se navegando por estradas sinuosas com vistas deslumbrantes para o mar, parando em praias perfeitas [&hellip;]<\/p>\n","protected":false},"featured_media":2048,"comment_status":"open","ping_status":"closed","template":"","meta":{"_joinchat":[]},"product_brand":[],"product_cat":[23],"product_tag":[],"class_list":{"0":"post-2447","1":"product","2":"type-product","3":"status-publish","4":"has-post-thumbnail","6":"product_cat-turismo-eco-criativo","8":"first","9":"instock","10":"shipping-taxable","11":"product-type-simple"},"yoast_head":"<!-- This site is optimized with the Yoast SEO plugin v27.4 - https:\/\/yoast.com\/product\/yoast-seo-wordpress\/ -->\n<title>Praias Tropicais Paradis\u00edacas - Paraty Per Te<\/title>\n<meta name=\"robots\" content=\"index, follow, max-snippet:-1, max-image-preview:large, max-video-preview:-1\" \/>\n<link rel=\"canonical\" href=\"https:\/\/paratyperte.com\/fr\/produit\/praias-tropicais-paradisiacas\/\" \/>\n<meta property=\"og:locale\" content=\"fr_FR\" \/>\n<meta property=\"og:type\" content=\"article\" \/>\n<meta property=\"og:title\" content=\"Praias Tropicais Paradis\u00edacas - Paraty Per Te\" \/>\n<meta property=\"og:description\" content=\"Prepare-se para uma experi\u00eancia inesquec\u00edvel nas mais belas praias da regi\u00e3o, tudo isso a bordo de um carro privativo, garantindo conforto e seguran\u00e7a. Nosso tour exclusivo proporciona uma maneira \u00fanica de explorar as maravilhas de Paraty no seu pr\u00f3prio ritmo. Imagine-se navegando por estradas sinuosas com vistas deslumbrantes para o mar, parando em praias perfeitas [&hellip;]\" \/>\n<meta property=\"og:url\" content=\"https:\/\/paratyperte.com\/fr\/produit\/praias-tropicais-paradisiacas\/\" \/>\n<meta property=\"og:site_name\" content=\"Paraty Per Te\" \/>\n<meta property=\"article:publisher\" content=\"https:\/\/www.facebook.com\/paratyperte\/\" \/>\n<meta property=\"og:image\" content=\"https:\/\/paratyperte.com\/wp-content\/uploads\/2024\/03\/5-1.jpg\" \/>\n\t<meta property=\"og:image:width\" content=\"1024\" \/>\n\t<meta property=\"og:image:height\" content=\"800\" \/>\n\t<meta property=\"og:image:type\" content=\"image\/jpeg\" \/>\n<meta name=\"twitter:card\" content=\"summary_large_image\" \/>\n<meta name=\"twitter:label1\" content=\"Dur\u00e9e de lecture estim\u00e9e\" \/>\n\t<meta name=\"twitter:data1\" content=\"2 minutes\" \/>\n<script type=\"application\/ld+json\" class=\"yoast-schema-graph\">{\"@context\":\"https:\\\/\\\/schema.org\",\"@graph\":[{\"@type\":\"WebPage\",\"@id\":\"https:\\\/\\\/paratyperte.com\\\/produto\\\/praias-tropicais-paradisiacas\\\/\",\"url\":\"https:\\\/\\\/paratyperte.com\\\/produto\\\/praias-tropicais-paradisiacas\\\/\",\"name\":\"Praias Tropicais Paradis\u00edacas - Paraty Per Te\",\"isPartOf\":{\"@id\":\"https:\\\/\\\/paratyperte.com\\\/#website\"},\"primaryImageOfPage\":{\"@id\":\"https:\\\/\\\/paratyperte.com\\\/produto\\\/praias-tropicais-paradisiacas\\\/#primaryimage\"},\"image\":{\"@id\":\"https:\\\/\\\/paratyperte.com\\\/produto\\\/praias-tropicais-paradisiacas\\\/#primaryimage\"},\"thumbnailUrl\":\"https:\\\/\\\/paratyperte.com\\\/wp-content\\\/uploads\\\/2024\\\/03\\\/5-1.jpg\",\"datePublished\":\"2024-05-17T19:00:44+00:00\",\"breadcrumb\":{\"@id\":\"https:\\\/\\\/paratyperte.com\\\/produto\\\/praias-tropicais-paradisiacas\\\/#breadcrumb\"},\"inLanguage\":\"fr-FR\",\"potentialAction\":[{\"@type\":\"ReadAction\",\"target\":[\"https:\\\/\\\/paratyperte.com\\\/produto\\\/praias-tropicais-paradisiacas\\\/\"]}]},{\"@type\":\"ImageObject\",\"inLanguage\":\"fr-FR\",\"@id\":\"https:\\\/\\\/paratyperte.com\\\/produto\\\/praias-tropicais-paradisiacas\\\/#primaryimage\",\"url\":\"https:\\\/\\\/paratyperte.com\\\/wp-content\\\/uploads\\\/2024\\\/03\\\/5-1.jpg\",\"contentUrl\":\"https:\\\/\\\/paratyperte.com\\\/wp-content\\\/uploads\\\/2024\\\/03\\\/5-1.jpg\",\"width\":1024,\"height\":800,\"caption\":\"xr:d:DAGCI4P9fbw:9,j:3442300598504427154,t:24041123\"},{\"@type\":\"BreadcrumbList\",\"@id\":\"https:\\\/\\\/paratyperte.com\\\/produto\\\/praias-tropicais-paradisiacas\\\/#breadcrumb\",\"itemListElement\":[{\"@type\":\"ListItem\",\"position\":1,\"name\":\"In\u00edcio\",\"item\":\"https:\\\/\\\/paratyperte.com\\\/\"},{\"@type\":\"ListItem\",\"position\":2,\"name\":\"Produtos\",\"item\":\"https:\\\/\\\/paratyperte.com\\\/shop\\\/\"},{\"@type\":\"ListItem\",\"position\":3,\"name\":\"Praias Tropicais Paradis\u00edacas\"}]},{\"@type\":\"WebSite\",\"@id\":\"https:\\\/\\\/paratyperte.com\\\/#website\",\"url\":\"https:\\\/\\\/paratyperte.com\\\/\",\"name\":\"Paraty Per Te\",\"description\":\"Ag\u00eancia de turismo em Paraty\",\"publisher\":{\"@id\":\"https:\\\/\\\/paratyperte.com\\\/#organization\"},\"potentialAction\":[{\"@type\":\"SearchAction\",\"target\":{\"@type\":\"EntryPoint\",\"urlTemplate\":\"https:\\\/\\\/paratyperte.com\\\/?s={search_term_string}\"},\"query-input\":{\"@type\":\"PropertyValueSpecification\",\"valueRequired\":true,\"valueName\":\"search_term_string\"}}],\"inLanguage\":\"fr-FR\"},{\"@type\":\"Organization\",\"@id\":\"https:\\\/\\\/paratyperte.com\\\/#organization\",\"name\":\"Paraty Per Te\",\"url\":\"https:\\\/\\\/paratyperte.com\\\/\",\"logo\":{\"@type\":\"ImageObject\",\"inLanguage\":\"fr-FR\",\"@id\":\"https:\\\/\\\/paratyperte.com\\\/#\\\/schema\\\/logo\\\/image\\\/\",\"url\":\"https:\\\/\\\/paratyperte.com\\\/wp-content\\\/uploads\\\/2024\\\/03\\\/cropped-PARATY-PER-TE-LOGO-SEM-FUNDO-1.png\",\"contentUrl\":\"https:\\\/\\\/paratyperte.com\\\/wp-content\\\/uploads\\\/2024\\\/03\\\/cropped-PARATY-PER-TE-LOGO-SEM-FUNDO-1.png\",\"width\":2644,\"height\":2147,\"caption\":\"Paraty Per Te\"},\"image\":{\"@id\":\"https:\\\/\\\/paratyperte.com\\\/#\\\/schema\\\/logo\\\/image\\\/\"},\"sameAs\":[\"https:\\\/\\\/www.facebook.com\\\/paratyperte\\\/\",\"https:\\\/\\\/www.tripadvisor.com.br\\\/ShowUserReviews-g303503-d24012638-r917170680-PARATY_PER_TE_TURISMO-Paraty_State_of_Rio_de_Janeiro.html\"]}]}<\/script>\n<!-- \/ Yoast SEO plugin. -->","yoast_head_json":{"title":"Praias Tropicais Paradis\u00edacas - Paraty Per Te","robots":{"index":"index","follow":"follow","max-snippet":"max-snippet:-1","max-image-preview":"max-image-preview:large","max-video-preview":"max-video-preview:-1"},"canonical":"https:\/\/paratyperte.com\/fr\/produit\/praias-tropicais-paradisiacas\/","og_locale":"fr_FR","og_type":"article","og_title":"Praias Tropicais Paradis\u00edacas - Paraty Per Te","og_description":"Prepare-se para uma experi\u00eancia inesquec\u00edvel nas mais belas praias da regi\u00e3o, tudo isso a bordo de um carro privativo, garantindo conforto e seguran\u00e7a. Nosso tour exclusivo proporciona uma maneira \u00fanica de explorar as maravilhas de Paraty no seu pr\u00f3prio ritmo. Imagine-se navegando por estradas sinuosas com vistas deslumbrantes para o mar, parando em praias perfeitas [&hellip;]","og_url":"https:\/\/paratyperte.com\/fr\/produit\/praias-tropicais-paradisiacas\/","og_site_name":"Paraty Per Te","article_publisher":"https:\/\/www.facebook.com\/paratyperte\/","og_image":[{"width":1024,"height":800,"url":"https:\/\/paratyperte.com\/wp-content\/uploads\/2024\/03\/5-1.jpg","type":"image\/jpeg"}],"twitter_card":"summary_large_image","twitter_misc":{"Dur\u00e9e de lecture estim\u00e9e":"2 minutes"},"schema":{"@context":"https:\/\/schema.org","@graph":[{"@type":"WebPage","@id":"https:\/\/paratyperte.com\/produto\/praias-tropicais-paradisiacas\/","url":"https:\/\/paratyperte.com\/produto\/praias-tropicais-paradisiacas\/","name":"Praias Tropicais Paradis\u00edacas - Paraty Per Te","isPartOf":{"@id":"https:\/\/paratyperte.com\/#website"},"primaryImageOfPage":{"@id":"https:\/\/paratyperte.com\/produto\/praias-tropicais-paradisiacas\/#primaryimage"},"image":{"@id":"https:\/\/paratyperte.com\/produto\/praias-tropicais-paradisiacas\/#primaryimage"},"thumbnailUrl":"https:\/\/paratyperte.com\/wp-content\/uploads\/2024\/03\/5-1.jpg","datePublished":"2024-05-17T19:00:44+00:00","breadcrumb":{"@id":"https:\/\/paratyperte.com\/produto\/praias-tropicais-paradisiacas\/#breadcrumb"},"inLanguage":"fr-FR","potentialAction":[{"@type":"ReadAction","target":["https:\/\/paratyperte.com\/produto\/praias-tropicais-paradisiacas\/"]}]},{"@type":"ImageObject","inLanguage":"fr-FR","@id":"https:\/\/paratyperte.com\/produto\/praias-tropicais-paradisiacas\/#primaryimage","url":"https:\/\/paratyperte.com\/wp-content\/uploads\/2024\/03\/5-1.jpg","contentUrl":"https:\/\/paratyperte.com\/wp-content\/uploads\/2024\/03\/5-1.jpg","width":1024,"height":800,"caption":"xr:d:DAGCI4P9fbw:9,j:3442300598504427154,t:24041123"},{"@type":"BreadcrumbList","@id":"https:\/\/paratyperte.com\/produto\/praias-tropicais-paradisiacas\/#breadcrumb","itemListElement":[{"@type":"ListItem","position":1,"name":"In\u00edcio","item":"https:\/\/paratyperte.com\/"},{"@type":"ListItem","position":2,"name":"Produtos","item":"https:\/\/paratyperte.com\/shop\/"},{"@type":"ListItem","position":3,"name":"Praias Tropicais Paradis\u00edacas"}]},{"@type":"WebSite","@id":"https:\/\/paratyperte.com\/#website","url":"https:\/\/paratyperte.com\/","name":"Partie Par Te","description":"Agence de voyage \u00e0 Paraty","publisher":{"@id":"https:\/\/paratyperte.com\/#organization"},"potentialAction":[{"@type":"SearchAction","target":{"@type":"EntryPoint","urlTemplate":"https:\/\/paratyperte.com\/?s={search_term_string}"},"query-input":{"@type":"PropertyValueSpecification","valueRequired":true,"valueName":"search_term_string"}}],"inLanguage":"fr-FR"},{"@type":"Organization","@id":"https:\/\/paratyperte.com\/#organization","name":"Partie Par Te","url":"https:\/\/paratyperte.com\/","logo":{"@type":"ImageObject","inLanguage":"fr-FR","@id":"https:\/\/paratyperte.com\/#\/schema\/logo\/image\/","url":"https:\/\/paratyperte.com\/wp-content\/uploads\/2024\/03\/cropped-PARATY-PER-TE-LOGO-SEM-FUNDO-1.png","contentUrl":"https:\/\/paratyperte.com\/wp-content\/uploads\/2024\/03\/cropped-PARATY-PER-TE-LOGO-SEM-FUNDO-1.png","width":2644,"height":2147,"caption":"Paraty Per Te"},"image":{"@id":"https:\/\/paratyperte.com\/#\/schema\/logo\/image\/"},"sameAs":["https:\/\/www.facebook.com\/paratyperte\/","https:\/\/www.tripadvisor.com.br\/ShowUserReviews-g303503-d24012638-r917170680-PARATY_PER_TE_TURISMO-Paraty_State_of_Rio_de_Janeiro.html"]}]}},"_links":{"self":[{"href":"https:\/\/paratyperte.com\/fr\/wp-json\/wp\/v2\/product\/2447","targetHints":{"allow":["GET"]}}],"collection":[{"href":"https:\/\/paratyperte.com\/fr\/wp-json\/wp\/v2\/product"}],"about":[{"href":"https:\/\/paratyperte.com\/fr\/wp-json\/wp\/v2\/types\/product"}],"replies":[{"embeddable":true,"href":"https:\/\/paratyperte.com\/fr\/wp-json\/wp\/v2\/comments?post=2447"}],"wp:featuredmedia":[{"embeddable":true,"href":"https:\/\/paratyperte.com\/fr\/wp-json\/wp\/v2\/media\/2048"}],"wp:attachment":[{"href":"https:\/\/paratyperte.com\/fr\/wp-json\/wp\/v2\/media?parent=2447"}],"wp:term":[{"taxonomy":"product_brand","embeddable":true,"href":"https:\/\/paratyperte.com\/fr\/wp-json\/wp\/v2\/product_brand?post=2447"},{"taxonomy":"product_cat","embeddable":true,"href":"https:\/\/paratyperte.com\/fr\/wp-json\/wp\/v2\/product_cat?post=2447"},{"taxonomy":"product_tag","embeddable":true,"href":"https:\/\/paratyperte.com\/fr\/wp-json\/wp\/v2\/product_tag?post=2447"}],"curies":[{"name":"wp","href":"https:\/\/api.w.org\/{rel}","templated":true}]}}