{"id":1994,"date":"2024-04-11T13:54:48","date_gmt":"2024-04-11T16:54:48","guid":{"rendered":"https:\/\/paratyperte.com\/?post_type=product&#038;p=1994"},"modified":"2024-05-20T14:03:55","modified_gmt":"2024-05-20T17:03:55","slug":"sabores-de-paraty","status":"publish","type":"product","link":"https:\/\/paratyperte.com\/fr\/produit\/sabores-de-paraty\/","title":{"rendered":"Saveurs de Paraty"},"content":{"rendered":"<h5><strong>Uma Experi\u00eancia Gastron\u00f4mica Criativa<\/strong><\/h5>\n<p>Desvende os segredos da culin\u00e1ria de Paraty em uma divertida e educativa aula pr\u00e1tica de culin\u00e1ria com um renomado chef local, onde voc\u00ea aprender\u00e1 t\u00e9cnicas e segredos culin\u00e1rios.<\/p>\n<p>Prepare-se para mergulhar na riqueza gastron\u00f4mica de Paraty, uma cidade reconhecida pela Unesco como um polo criativo na culin\u00e1ria. Nossa proposta \u00e9 despertar todos os seus sentidos em uma experi\u00eancia sensorial completa, revelando os aromas, sabores e hist\u00f3rias por tr\u00e1s dos pratos.<\/p>\n<p>A aula \u00e9 totalmente customizada para atender \u00e0s suas prefer\u00eancias, perfil e necessidades diet\u00e9ticas, garantindo uma experi\u00eancia \u00fanica e personalizada. Durante todo o processo de prepara\u00e7\u00e3o, nosso instrutor estar\u00e1 \u00e0 disposi\u00e7\u00e3o para gui\u00e1-lo e responder a quaisquer perguntas que surgirem. Ap\u00f3s colocar as m\u00e3os na massa e preparar sua refei\u00e7\u00e3o brasileira, \u00e9 hora de se deliciar com o resultado final feito por voc\u00ea mesmo.<\/p>","protected":false},"excerpt":{"rendered":"<p>Uma Experi\u00eancia Gastron\u00f4mica Criativa Desvende os segredos da culin\u00e1ria de Paraty em uma divertida e educativa aula pr\u00e1tica de culin\u00e1ria com um renomado chef local, onde voc\u00ea aprender\u00e1 t\u00e9cnicas e segredos culin\u00e1rios. Prepare-se para mergulhar na riqueza gastron\u00f4mica de Paraty, uma cidade reconhecida pela Unesco como um polo criativo na culin\u00e1ria. Nossa proposta \u00e9 despertar [&hellip;]<\/p>\n","protected":false},"featured_media":347,"comment_status":"open","ping_status":"closed","template":"","meta":{"_joinchat":[]},"product_brand":[],"product_cat":[48],"product_tag":[61,60,59],"class_list":{"0":"post-1994","1":"product","2":"type-product","3":"status-publish","4":"has-post-thumbnail","6":"product_cat-fogo","7":"product_tag-culinaria-de-paraty","8":"product_tag-gastronomia-de-pararty","9":"product_tag-sabores-de-paraty","11":"first","12":"instock","13":"virtual","14":"purchasable","15":"product-type-simple"},"yoast_head":"<!-- This site is optimized with the Yoast SEO plugin v27.3 - https:\/\/yoast.com\/product\/yoast-seo-wordpress\/ -->\n<title>Sabores de Paraty - Paraty Per Te<\/title>\n<meta name=\"description\" content=\"Venha experimentar a gastronomia criativa de Paraty que recebeu do Unesco, o selo da cidade criativa na gastronomia. Prepare-se para conhecer de perto os cheiros, sabores e hist\u00f3rias por tr\u00e1s da gastronomia da regi\u00e3o nesse gostoso roteiro customizado de acordo com seu perfil, preferencia e dieta.\" \/>\n<meta name=\"robots\" content=\"index, follow, max-snippet:-1, max-image-preview:large, max-video-preview:-1\" \/>\n<link rel=\"canonical\" href=\"https:\/\/paratyperte.com\/fr\/produit\/sabores-de-paraty\/\" \/>\n<meta property=\"og:locale\" content=\"fr_FR\" \/>\n<meta property=\"og:type\" content=\"article\" \/>\n<meta property=\"og:title\" content=\"Sabores de Paraty - Paraty Per Te\" \/>\n<meta property=\"og:description\" content=\"Venha experimentar a gastronomia criativa de Paraty que recebeu do Unesco, o selo da cidade criativa na gastronomia. Prepare-se para conhecer de perto os cheiros, sabores e hist\u00f3rias por tr\u00e1s da gastronomia da regi\u00e3o nesse gostoso roteiro customizado de acordo com seu perfil, preferencia e dieta.\" \/>\n<meta property=\"og:url\" content=\"https:\/\/paratyperte.com\/fr\/produit\/sabores-de-paraty\/\" \/>\n<meta property=\"og:site_name\" content=\"Paraty Per Te\" \/>\n<meta property=\"article:publisher\" content=\"https:\/\/www.facebook.com\/paratyperte\/\" \/>\n<meta property=\"article:modified_time\" content=\"2024-05-20T17:03:55+00:00\" \/>\n<meta property=\"og:image\" content=\"https:\/\/paratyperte.com\/wp-content\/uploads\/2024\/03\/Design-sem-nome-77.jpg\" \/>\n\t<meta property=\"og:image:width\" content=\"1024\" \/>\n\t<meta property=\"og:image:height\" content=\"768\" \/>\n\t<meta property=\"og:image:type\" content=\"image\/jpeg\" \/>\n<meta name=\"twitter:card\" content=\"summary_large_image\" \/>\n<meta name=\"twitter:label1\" content=\"Dur\u00e9e de lecture estim\u00e9e\" \/>\n\t<meta name=\"twitter:data1\" content=\"1 minute\" \/>\n<script type=\"application\/ld+json\" class=\"yoast-schema-graph\">{\"@context\":\"https:\\\/\\\/schema.org\",\"@graph\":[{\"@type\":\"WebPage\",\"@id\":\"https:\\\/\\\/paratyperte.com\\\/produto\\\/sabores-de-paraty\\\/\",\"url\":\"https:\\\/\\\/paratyperte.com\\\/produto\\\/sabores-de-paraty\\\/\",\"name\":\"Sabores de Paraty - Paraty Per Te\",\"isPartOf\":{\"@id\":\"https:\\\/\\\/paratyperte.com\\\/#website\"},\"primaryImageOfPage\":{\"@id\":\"https:\\\/\\\/paratyperte.com\\\/produto\\\/sabores-de-paraty\\\/#primaryimage\"},\"image\":{\"@id\":\"https:\\\/\\\/paratyperte.com\\\/produto\\\/sabores-de-paraty\\\/#primaryimage\"},\"thumbnailUrl\":\"https:\\\/\\\/paratyperte.com\\\/wp-content\\\/uploads\\\/2024\\\/03\\\/Design-sem-nome-77.jpg\",\"datePublished\":\"2024-04-11T16:54:48+00:00\",\"dateModified\":\"2024-05-20T17:03:55+00:00\",\"description\":\"Venha experimentar a gastronomia criativa de Paraty que recebeu do Unesco, o selo da cidade criativa na gastronomia. Prepare-se para conhecer de perto os cheiros, sabores e hist\u00f3rias por tr\u00e1s da gastronomia da regi\u00e3o nesse gostoso roteiro customizado de acordo com seu perfil, preferencia e dieta.\",\"breadcrumb\":{\"@id\":\"https:\\\/\\\/paratyperte.com\\\/produto\\\/sabores-de-paraty\\\/#breadcrumb\"},\"inLanguage\":\"fr-FR\",\"potentialAction\":[{\"@type\":\"ReadAction\",\"target\":[\"https:\\\/\\\/paratyperte.com\\\/produto\\\/sabores-de-paraty\\\/\"]}]},{\"@type\":\"ImageObject\",\"inLanguage\":\"fr-FR\",\"@id\":\"https:\\\/\\\/paratyperte.com\\\/produto\\\/sabores-de-paraty\\\/#primaryimage\",\"url\":\"https:\\\/\\\/paratyperte.com\\\/wp-content\\\/uploads\\\/2024\\\/03\\\/Design-sem-nome-77.jpg\",\"contentUrl\":\"https:\\\/\\\/paratyperte.com\\\/wp-content\\\/uploads\\\/2024\\\/03\\\/Design-sem-nome-77.jpg\",\"width\":1024,\"height\":768},{\"@type\":\"BreadcrumbList\",\"@id\":\"https:\\\/\\\/paratyperte.com\\\/produto\\\/sabores-de-paraty\\\/#breadcrumb\",\"itemListElement\":[{\"@type\":\"ListItem\",\"position\":1,\"name\":\"In\u00edcio\",\"item\":\"https:\\\/\\\/paratyperte.com\\\/\"},{\"@type\":\"ListItem\",\"position\":2,\"name\":\"Produtos\",\"item\":\"https:\\\/\\\/paratyperte.com\\\/shop\\\/\"},{\"@type\":\"ListItem\",\"position\":3,\"name\":\"Sabores de Paraty\"}]},{\"@type\":\"WebSite\",\"@id\":\"https:\\\/\\\/paratyperte.com\\\/#website\",\"url\":\"https:\\\/\\\/paratyperte.com\\\/\",\"name\":\"Paraty Per Te\",\"description\":\"Ag\u00eancia de turismo em Paraty\",\"publisher\":{\"@id\":\"https:\\\/\\\/paratyperte.com\\\/#organization\"},\"potentialAction\":[{\"@type\":\"SearchAction\",\"target\":{\"@type\":\"EntryPoint\",\"urlTemplate\":\"https:\\\/\\\/paratyperte.com\\\/?s={search_term_string}\"},\"query-input\":{\"@type\":\"PropertyValueSpecification\",\"valueRequired\":true,\"valueName\":\"search_term_string\"}}],\"inLanguage\":\"fr-FR\"},{\"@type\":\"Organization\",\"@id\":\"https:\\\/\\\/paratyperte.com\\\/#organization\",\"name\":\"Paraty Per Te\",\"url\":\"https:\\\/\\\/paratyperte.com\\\/\",\"logo\":{\"@type\":\"ImageObject\",\"inLanguage\":\"fr-FR\",\"@id\":\"https:\\\/\\\/paratyperte.com\\\/#\\\/schema\\\/logo\\\/image\\\/\",\"url\":\"https:\\\/\\\/paratyperte.com\\\/wp-content\\\/uploads\\\/2024\\\/03\\\/cropped-PARATY-PER-TE-LOGO-SEM-FUNDO-1.png\",\"contentUrl\":\"https:\\\/\\\/paratyperte.com\\\/wp-content\\\/uploads\\\/2024\\\/03\\\/cropped-PARATY-PER-TE-LOGO-SEM-FUNDO-1.png\",\"width\":2644,\"height\":2147,\"caption\":\"Paraty Per Te\"},\"image\":{\"@id\":\"https:\\\/\\\/paratyperte.com\\\/#\\\/schema\\\/logo\\\/image\\\/\"},\"sameAs\":[\"https:\\\/\\\/www.facebook.com\\\/paratyperte\\\/\",\"https:\\\/\\\/www.tripadvisor.com.br\\\/ShowUserReviews-g303503-d24012638-r917170680-PARATY_PER_TE_TURISMO-Paraty_State_of_Rio_de_Janeiro.html\"]}]}<\/script>\n<!-- \/ Yoast SEO plugin. -->","yoast_head_json":{"title":"Sabores de Paraty - Paraty Per Te","description":"Venha experimentar a gastronomia criativa de Paraty que recebeu do Unesco, o selo da cidade criativa na gastronomia. Prepare-se para conhecer de perto os cheiros, sabores e hist\u00f3rias por tr\u00e1s da gastronomia da regi\u00e3o nesse gostoso roteiro customizado de acordo com seu perfil, preferencia e dieta.","robots":{"index":"index","follow":"follow","max-snippet":"max-snippet:-1","max-image-preview":"max-image-preview:large","max-video-preview":"max-video-preview:-1"},"canonical":"https:\/\/paratyperte.com\/fr\/produit\/sabores-de-paraty\/","og_locale":"fr_FR","og_type":"article","og_title":"Sabores de Paraty - Paraty Per Te","og_description":"Venha experimentar a gastronomia criativa de Paraty que recebeu do Unesco, o selo da cidade criativa na gastronomia. Prepare-se para conhecer de perto os cheiros, sabores e hist\u00f3rias por tr\u00e1s da gastronomia da regi\u00e3o nesse gostoso roteiro customizado de acordo com seu perfil, preferencia e dieta.","og_url":"https:\/\/paratyperte.com\/fr\/produit\/sabores-de-paraty\/","og_site_name":"Paraty Per Te","article_publisher":"https:\/\/www.facebook.com\/paratyperte\/","article_modified_time":"2024-05-20T17:03:55+00:00","og_image":[{"width":1024,"height":768,"url":"https:\/\/paratyperte.com\/wp-content\/uploads\/2024\/03\/Design-sem-nome-77.jpg","type":"image\/jpeg"}],"twitter_card":"summary_large_image","twitter_misc":{"Dur\u00e9e de lecture estim\u00e9e":"1 minute"},"schema":{"@context":"https:\/\/schema.org","@graph":[{"@type":"WebPage","@id":"https:\/\/paratyperte.com\/produto\/sabores-de-paraty\/","url":"https:\/\/paratyperte.com\/produto\/sabores-de-paraty\/","name":"Sabores de Paraty - Paraty Per Te","isPartOf":{"@id":"https:\/\/paratyperte.com\/#website"},"primaryImageOfPage":{"@id":"https:\/\/paratyperte.com\/produto\/sabores-de-paraty\/#primaryimage"},"image":{"@id":"https:\/\/paratyperte.com\/produto\/sabores-de-paraty\/#primaryimage"},"thumbnailUrl":"https:\/\/paratyperte.com\/wp-content\/uploads\/2024\/03\/Design-sem-nome-77.jpg","datePublished":"2024-04-11T16:54:48+00:00","dateModified":"2024-05-20T17:03:55+00:00","description":"Venha experimentar a gastronomia criativa de Paraty que recebeu do Unesco, o selo da cidade criativa na gastronomia. Prepare-se para conhecer de perto os cheiros, sabores e hist\u00f3rias por tr\u00e1s da gastronomia da regi\u00e3o nesse gostoso roteiro customizado de acordo com seu perfil, preferencia e dieta.","breadcrumb":{"@id":"https:\/\/paratyperte.com\/produto\/sabores-de-paraty\/#breadcrumb"},"inLanguage":"fr-FR","potentialAction":[{"@type":"ReadAction","target":["https:\/\/paratyperte.com\/produto\/sabores-de-paraty\/"]}]},{"@type":"ImageObject","inLanguage":"fr-FR","@id":"https:\/\/paratyperte.com\/produto\/sabores-de-paraty\/#primaryimage","url":"https:\/\/paratyperte.com\/wp-content\/uploads\/2024\/03\/Design-sem-nome-77.jpg","contentUrl":"https:\/\/paratyperte.com\/wp-content\/uploads\/2024\/03\/Design-sem-nome-77.jpg","width":1024,"height":768},{"@type":"BreadcrumbList","@id":"https:\/\/paratyperte.com\/produto\/sabores-de-paraty\/#breadcrumb","itemListElement":[{"@type":"ListItem","position":1,"name":"In\u00edcio","item":"https:\/\/paratyperte.com\/"},{"@type":"ListItem","position":2,"name":"Produtos","item":"https:\/\/paratyperte.com\/shop\/"},{"@type":"ListItem","position":3,"name":"Sabores de Paraty"}]},{"@type":"WebSite","@id":"https:\/\/paratyperte.com\/#website","url":"https:\/\/paratyperte.com\/","name":"Partie Par Te","description":"Agence de voyage \u00e0 Paraty","publisher":{"@id":"https:\/\/paratyperte.com\/#organization"},"potentialAction":[{"@type":"SearchAction","target":{"@type":"EntryPoint","urlTemplate":"https:\/\/paratyperte.com\/?s={search_term_string}"},"query-input":{"@type":"PropertyValueSpecification","valueRequired":true,"valueName":"search_term_string"}}],"inLanguage":"fr-FR"},{"@type":"Organization","@id":"https:\/\/paratyperte.com\/#organization","name":"Partie Par Te","url":"https:\/\/paratyperte.com\/","logo":{"@type":"ImageObject","inLanguage":"fr-FR","@id":"https:\/\/paratyperte.com\/#\/schema\/logo\/image\/","url":"https:\/\/paratyperte.com\/wp-content\/uploads\/2024\/03\/cropped-PARATY-PER-TE-LOGO-SEM-FUNDO-1.png","contentUrl":"https:\/\/paratyperte.com\/wp-content\/uploads\/2024\/03\/cropped-PARATY-PER-TE-LOGO-SEM-FUNDO-1.png","width":2644,"height":2147,"caption":"Paraty Per Te"},"image":{"@id":"https:\/\/paratyperte.com\/#\/schema\/logo\/image\/"},"sameAs":["https:\/\/www.facebook.com\/paratyperte\/","https:\/\/www.tripadvisor.com.br\/ShowUserReviews-g303503-d24012638-r917170680-PARATY_PER_TE_TURISMO-Paraty_State_of_Rio_de_Janeiro.html"]}]}},"_links":{"self":[{"href":"https:\/\/paratyperte.com\/fr\/wp-json\/wp\/v2\/product\/1994","targetHints":{"allow":["GET"]}}],"collection":[{"href":"https:\/\/paratyperte.com\/fr\/wp-json\/wp\/v2\/product"}],"about":[{"href":"https:\/\/paratyperte.com\/fr\/wp-json\/wp\/v2\/types\/product"}],"replies":[{"embeddable":true,"href":"https:\/\/paratyperte.com\/fr\/wp-json\/wp\/v2\/comments?post=1994"}],"wp:featuredmedia":[{"embeddable":true,"href":"https:\/\/paratyperte.com\/fr\/wp-json\/wp\/v2\/media\/347"}],"wp:attachment":[{"href":"https:\/\/paratyperte.com\/fr\/wp-json\/wp\/v2\/media?parent=1994"}],"wp:term":[{"taxonomy":"product_brand","embeddable":true,"href":"https:\/\/paratyperte.com\/fr\/wp-json\/wp\/v2\/product_brand?post=1994"},{"taxonomy":"product_cat","embeddable":true,"href":"https:\/\/paratyperte.com\/fr\/wp-json\/wp\/v2\/product_cat?post=1994"},{"taxonomy":"product_tag","embeddable":true,"href":"https:\/\/paratyperte.com\/fr\/wp-json\/wp\/v2\/product_tag?post=1994"}],"curies":[{"name":"wp","href":"https:\/\/api.w.org\/{rel}","templated":true}]}}