{"id":1884,"date":"2024-04-09T11:43:47","date_gmt":"2024-04-09T14:43:47","guid":{"rendered":"https:\/\/paratyperte.com\/?post_type=product&#038;p=1884"},"modified":"2024-05-22T11:24:17","modified_gmt":"2024-05-22T14:24:17","slug":"trekking-na-cachoeira-do-saco-bravo","status":"publish","type":"product","link":"https:\/\/paratyperte.com\/fr\/produit\/trekking-na-cachoeira-do-saco-bravo\/","title":{"rendered":"Randonn\u00e9e \u00e0 la Cascade est dans le Sac (Bravo)"},"content":{"rendered":"<div class=\"flex flex-grow flex-col max-w-full\">\n<div class=\"min-h-[20px] text-message flex flex-col items-start whitespace-pre-wrap break-words [.text-message+&amp;]:mt-5 juice:w-full juice:items-end overflow-x-auto gap-2\" dir=\"auto\" data-message-author-role=\"assistant\" data-message-id=\"679d208c-95e8-449c-bba9-20ae9c237bc6\">\n<div class=\"flex w-full flex-col gap-1 juice:empty:hidden juice:first:pt-[3px]\">\n<div class=\"markdown prose w-full break-words dark:prose-invert light\">\n<h5><strong>Roteiro de 2 dias na Reserva da Juatinga<\/strong><\/h5>\n<h6><strong>Primeiro dia<\/strong><\/h6>\n<p>Inicie sua jornada na Vila Orat\u00f3rio, onde daremos in\u00edcio a uma trilha pela exuberante Mata Atl\u00e2ntica. Nossa primeira parada \u00e9 na deslumbrante Praia do Sono, a maior da Reserva Ecol\u00f3gica Estadual da Juatinga, com 1 km de extens\u00e3o. Desfrute de um almo\u00e7o cai\u00e7ara opcional \u00e0 beira-mar ou opte por um piquenique em meio \u00e0 natureza. Ap\u00f3s um refrescante banho de mar, continuaremos nossa caminhada pelas praias preservadas de Antigos, Antiguinhos e pela revigorante Cachoeira das Galhetas. Concluiremos o dia na acolhedora vila de pescadores de Ponta Negra, a terceira comunidade cai\u00e7ara mais povoada da reserva, onde desfrutaremos de um jantar local e pernoitaremos.<\/p>\n<p>Dist\u00e2ncia percorrida: 7,4 km com pausas para refei\u00e7\u00f5es e banhos refrescantes.<\/p>\n<h6><strong>SEGUNDO DIA: <\/strong>Cachoeira do Saco Bravo e Retorno<\/h6>\n<p>Ap\u00f3s desfrutar de um delicioso caf\u00e9 da manh\u00e3, partiremos em dire\u00e7\u00e3o \u00e0 deslumbrante Cachoeira do Saco Bravo, percorrendo 8,4 km de trilha ida e volta, aproximadamente duas horas cada trecho. Embora a trilha apresente algumas subidas e descidas, a vis\u00e3o panor\u00e2mica da cachoeira sobre o mar compensa a aventura. Ap\u00f3s um almo\u00e7o t\u00edpico cai\u00e7ara na Praia de Ponta Negra, embarcaremos em um barco at\u00e9 o sofisticado Condom\u00ednio Laranjeiras. De l\u00e1, seguiremos at\u00e9 a Vila Orat\u00f3rio, onde retornaremos a Paraty.<\/p>\n<p><strong>Incluso:<\/strong><\/p>\n<ul>\n<li>Guia de turismo credenciado.<\/li>\n<li>Hospedagem em chal\u00e9 cai\u00e7ara com caf\u00e9 da manh\u00e3.<\/li>\n<li>Transporte terrestre e mar\u00edtimo.<\/li>\n<\/ul>\n<p>&nbsp;<\/p>\n<p>Descubra a magia da Cachoeira do Saco Bravo e a autenticidade cai\u00e7ara enquanto explora as maravilhas naturais da Reserva da Juatinga em Paraty.<\/p>\n<\/div>\n<\/div>\n<\/div>\n<\/div>\n","protected":false},"excerpt":{"rendered":"<p>Roteiro de 2 dias na Reserva da Juatinga Primeiro dia Inicie sua jornada na Vila Orat\u00f3rio, onde daremos in\u00edcio a uma trilha pela exuberante Mata Atl\u00e2ntica. Nossa primeira parada \u00e9 na deslumbrante Praia do Sono, a maior da Reserva Ecol\u00f3gica Estadual da Juatinga, com 1 km de extens\u00e3o. Desfrute de um almo\u00e7o cai\u00e7ara opcional \u00e0 [&hellip;]<\/p>\n","protected":false},"featured_media":2171,"comment_status":"open","ping_status":"closed","template":"","meta":{"_joinchat":[]},"product_brand":[],"product_cat":[47,23],"product_tag":[56,55],"class_list":{"0":"post-1884","1":"product","2":"type-product","3":"status-publish","4":"has-post-thumbnail","6":"product_cat-ar","7":"product_cat-turismo-eco-criativo","8":"product_tag-cachoeira-do-saco-bravo","9":"product_tag-saco-bravo","11":"first","12":"instock","13":"virtual","14":"purchasable","15":"product-type-simple"},"yoast_head":"<!-- This site is optimized with the Yoast SEO plugin v27.3 - https:\/\/yoast.com\/product\/yoast-seo-wordpress\/ -->\n<title>Trekking na Cachoeira do Saco Bravo - Paraty Per Te<\/title>\n<meta name=\"description\" content=\"Explore o Roteiro Saco Bravo: Descubra trilhas, praias e cachoeiras na Mata Atl\u00e2ntica, com hospedagem em chal\u00e9 cai\u00e7ara e experi\u00eancias aut\u00eanticas.\" \/>\n<meta name=\"robots\" content=\"index, follow, max-snippet:-1, max-image-preview:large, max-video-preview:-1\" \/>\n<link rel=\"canonical\" href=\"https:\/\/paratyperte.com\/fr\/produit\/trekking-na-cachoeira-do-saco-bravo\/\" \/>\n<meta property=\"og:locale\" content=\"fr_FR\" \/>\n<meta property=\"og:type\" content=\"article\" \/>\n<meta property=\"og:title\" content=\"Trekking na Cachoeira do Saco Bravo - Paraty Per Te\" \/>\n<meta property=\"og:description\" content=\"Explore o Roteiro Saco Bravo: Descubra trilhas, praias e cachoeiras na Mata Atl\u00e2ntica, com hospedagem em chal\u00e9 cai\u00e7ara e experi\u00eancias aut\u00eanticas.\" \/>\n<meta property=\"og:url\" content=\"https:\/\/paratyperte.com\/fr\/produit\/trekking-na-cachoeira-do-saco-bravo\/\" \/>\n<meta property=\"og:site_name\" content=\"Paraty Per Te\" \/>\n<meta property=\"article:publisher\" content=\"https:\/\/www.facebook.com\/paratyperte\/\" \/>\n<meta property=\"article:modified_time\" content=\"2024-05-22T14:24:17+00:00\" \/>\n<meta property=\"og:image\" content=\"https:\/\/paratyperte.com\/wp-content\/uploads\/2024\/04\/Design-sem-nome-2024-04-12T140842.412.jpg\" \/>\n\t<meta property=\"og:image:width\" content=\"1000\" \/>\n\t<meta property=\"og:image:height\" content=\"1500\" \/>\n\t<meta property=\"og:image:type\" content=\"image\/jpeg\" \/>\n<meta name=\"twitter:card\" content=\"summary_large_image\" \/>\n<meta name=\"twitter:label1\" content=\"Dur\u00e9e de lecture estim\u00e9e\" \/>\n\t<meta name=\"twitter:data1\" content=\"2 minutes\" \/>\n<script type=\"application\/ld+json\" class=\"yoast-schema-graph\">{\"@context\":\"https:\\\/\\\/schema.org\",\"@graph\":[{\"@type\":\"WebPage\",\"@id\":\"https:\\\/\\\/paratyperte.com\\\/produto\\\/trekking-na-cachoeira-do-saco-bravo\\\/\",\"url\":\"https:\\\/\\\/paratyperte.com\\\/produto\\\/trekking-na-cachoeira-do-saco-bravo\\\/\",\"name\":\"Trekking na Cachoeira do Saco Bravo - Paraty Per Te\",\"isPartOf\":{\"@id\":\"https:\\\/\\\/paratyperte.com\\\/#website\"},\"primaryImageOfPage\":{\"@id\":\"https:\\\/\\\/paratyperte.com\\\/produto\\\/trekking-na-cachoeira-do-saco-bravo\\\/#primaryimage\"},\"image\":{\"@id\":\"https:\\\/\\\/paratyperte.com\\\/produto\\\/trekking-na-cachoeira-do-saco-bravo\\\/#primaryimage\"},\"thumbnailUrl\":\"https:\\\/\\\/paratyperte.com\\\/wp-content\\\/uploads\\\/2024\\\/04\\\/Design-sem-nome-2024-04-12T140842.412.jpg\",\"datePublished\":\"2024-04-09T14:43:47+00:00\",\"dateModified\":\"2024-05-22T14:24:17+00:00\",\"description\":\"Explore o Roteiro Saco Bravo: Descubra trilhas, praias e cachoeiras na Mata Atl\u00e2ntica, com hospedagem em chal\u00e9 cai\u00e7ara e experi\u00eancias aut\u00eanticas.\",\"breadcrumb\":{\"@id\":\"https:\\\/\\\/paratyperte.com\\\/produto\\\/trekking-na-cachoeira-do-saco-bravo\\\/#breadcrumb\"},\"inLanguage\":\"fr-FR\",\"potentialAction\":[{\"@type\":\"ReadAction\",\"target\":[\"https:\\\/\\\/paratyperte.com\\\/produto\\\/trekking-na-cachoeira-do-saco-bravo\\\/\"]}]},{\"@type\":\"ImageObject\",\"inLanguage\":\"fr-FR\",\"@id\":\"https:\\\/\\\/paratyperte.com\\\/produto\\\/trekking-na-cachoeira-do-saco-bravo\\\/#primaryimage\",\"url\":\"https:\\\/\\\/paratyperte.com\\\/wp-content\\\/uploads\\\/2024\\\/04\\\/Design-sem-nome-2024-04-12T140842.412.jpg\",\"contentUrl\":\"https:\\\/\\\/paratyperte.com\\\/wp-content\\\/uploads\\\/2024\\\/04\\\/Design-sem-nome-2024-04-12T140842.412.jpg\",\"width\":1000,\"height\":1500,\"caption\":\"xr:d:DAGCI4P9fbw:44,j:836968288826900362,t:24041217\"},{\"@type\":\"BreadcrumbList\",\"@id\":\"https:\\\/\\\/paratyperte.com\\\/produto\\\/trekking-na-cachoeira-do-saco-bravo\\\/#breadcrumb\",\"itemListElement\":[{\"@type\":\"ListItem\",\"position\":1,\"name\":\"In\u00edcio\",\"item\":\"https:\\\/\\\/paratyperte.com\\\/\"},{\"@type\":\"ListItem\",\"position\":2,\"name\":\"Produtos\",\"item\":\"https:\\\/\\\/paratyperte.com\\\/shop\\\/\"},{\"@type\":\"ListItem\",\"position\":3,\"name\":\"Trekking na Cachoeira do Saco Bravo\"}]},{\"@type\":\"WebSite\",\"@id\":\"https:\\\/\\\/paratyperte.com\\\/#website\",\"url\":\"https:\\\/\\\/paratyperte.com\\\/\",\"name\":\"Paraty Per Te\",\"description\":\"Ag\u00eancia de turismo em Paraty\",\"publisher\":{\"@id\":\"https:\\\/\\\/paratyperte.com\\\/#organization\"},\"potentialAction\":[{\"@type\":\"SearchAction\",\"target\":{\"@type\":\"EntryPoint\",\"urlTemplate\":\"https:\\\/\\\/paratyperte.com\\\/?s={search_term_string}\"},\"query-input\":{\"@type\":\"PropertyValueSpecification\",\"valueRequired\":true,\"valueName\":\"search_term_string\"}}],\"inLanguage\":\"fr-FR\"},{\"@type\":\"Organization\",\"@id\":\"https:\\\/\\\/paratyperte.com\\\/#organization\",\"name\":\"Paraty Per Te\",\"url\":\"https:\\\/\\\/paratyperte.com\\\/\",\"logo\":{\"@type\":\"ImageObject\",\"inLanguage\":\"fr-FR\",\"@id\":\"https:\\\/\\\/paratyperte.com\\\/#\\\/schema\\\/logo\\\/image\\\/\",\"url\":\"https:\\\/\\\/paratyperte.com\\\/wp-content\\\/uploads\\\/2024\\\/03\\\/cropped-PARATY-PER-TE-LOGO-SEM-FUNDO-1.png\",\"contentUrl\":\"https:\\\/\\\/paratyperte.com\\\/wp-content\\\/uploads\\\/2024\\\/03\\\/cropped-PARATY-PER-TE-LOGO-SEM-FUNDO-1.png\",\"width\":2644,\"height\":2147,\"caption\":\"Paraty Per Te\"},\"image\":{\"@id\":\"https:\\\/\\\/paratyperte.com\\\/#\\\/schema\\\/logo\\\/image\\\/\"},\"sameAs\":[\"https:\\\/\\\/www.facebook.com\\\/paratyperte\\\/\",\"https:\\\/\\\/www.tripadvisor.com.br\\\/ShowUserReviews-g303503-d24012638-r917170680-PARATY_PER_TE_TURISMO-Paraty_State_of_Rio_de_Janeiro.html\"]}]}<\/script>\n<!-- \/ Yoast SEO plugin. -->","yoast_head_json":{"title":"Trekking na Cachoeira do Saco Bravo - Paraty Per Te","description":"Explore o Roteiro Saco Bravo: Descubra trilhas, praias e cachoeiras na Mata Atl\u00e2ntica, com hospedagem em chal\u00e9 cai\u00e7ara e experi\u00eancias aut\u00eanticas.","robots":{"index":"index","follow":"follow","max-snippet":"max-snippet:-1","max-image-preview":"max-image-preview:large","max-video-preview":"max-video-preview:-1"},"canonical":"https:\/\/paratyperte.com\/fr\/produit\/trekking-na-cachoeira-do-saco-bravo\/","og_locale":"fr_FR","og_type":"article","og_title":"Trekking na Cachoeira do Saco Bravo - Paraty Per Te","og_description":"Explore o Roteiro Saco Bravo: Descubra trilhas, praias e cachoeiras na Mata Atl\u00e2ntica, com hospedagem em chal\u00e9 cai\u00e7ara e experi\u00eancias aut\u00eanticas.","og_url":"https:\/\/paratyperte.com\/fr\/produit\/trekking-na-cachoeira-do-saco-bravo\/","og_site_name":"Paraty Per Te","article_publisher":"https:\/\/www.facebook.com\/paratyperte\/","article_modified_time":"2024-05-22T14:24:17+00:00","og_image":[{"width":1000,"height":1500,"url":"https:\/\/paratyperte.com\/wp-content\/uploads\/2024\/04\/Design-sem-nome-2024-04-12T140842.412.jpg","type":"image\/jpeg"}],"twitter_card":"summary_large_image","twitter_misc":{"Dur\u00e9e de lecture estim\u00e9e":"2 minutes"},"schema":{"@context":"https:\/\/schema.org","@graph":[{"@type":"WebPage","@id":"https:\/\/paratyperte.com\/produto\/trekking-na-cachoeira-do-saco-bravo\/","url":"https:\/\/paratyperte.com\/produto\/trekking-na-cachoeira-do-saco-bravo\/","name":"Trekking na Cachoeira do Saco Bravo - Paraty Per Te","isPartOf":{"@id":"https:\/\/paratyperte.com\/#website"},"primaryImageOfPage":{"@id":"https:\/\/paratyperte.com\/produto\/trekking-na-cachoeira-do-saco-bravo\/#primaryimage"},"image":{"@id":"https:\/\/paratyperte.com\/produto\/trekking-na-cachoeira-do-saco-bravo\/#primaryimage"},"thumbnailUrl":"https:\/\/paratyperte.com\/wp-content\/uploads\/2024\/04\/Design-sem-nome-2024-04-12T140842.412.jpg","datePublished":"2024-04-09T14:43:47+00:00","dateModified":"2024-05-22T14:24:17+00:00","description":"Explore o Roteiro Saco Bravo: Descubra trilhas, praias e cachoeiras na Mata Atl\u00e2ntica, com hospedagem em chal\u00e9 cai\u00e7ara e experi\u00eancias aut\u00eanticas.","breadcrumb":{"@id":"https:\/\/paratyperte.com\/produto\/trekking-na-cachoeira-do-saco-bravo\/#breadcrumb"},"inLanguage":"fr-FR","potentialAction":[{"@type":"ReadAction","target":["https:\/\/paratyperte.com\/produto\/trekking-na-cachoeira-do-saco-bravo\/"]}]},{"@type":"ImageObject","inLanguage":"fr-FR","@id":"https:\/\/paratyperte.com\/produto\/trekking-na-cachoeira-do-saco-bravo\/#primaryimage","url":"https:\/\/paratyperte.com\/wp-content\/uploads\/2024\/04\/Design-sem-nome-2024-04-12T140842.412.jpg","contentUrl":"https:\/\/paratyperte.com\/wp-content\/uploads\/2024\/04\/Design-sem-nome-2024-04-12T140842.412.jpg","width":1000,"height":1500,"caption":"xr:d:DAGCI4P9fbw:44,j:836968288826900362,t:24041217"},{"@type":"BreadcrumbList","@id":"https:\/\/paratyperte.com\/produto\/trekking-na-cachoeira-do-saco-bravo\/#breadcrumb","itemListElement":[{"@type":"ListItem","position":1,"name":"In\u00edcio","item":"https:\/\/paratyperte.com\/"},{"@type":"ListItem","position":2,"name":"Produtos","item":"https:\/\/paratyperte.com\/shop\/"},{"@type":"ListItem","position":3,"name":"Trekking na Cachoeira do Saco Bravo"}]},{"@type":"WebSite","@id":"https:\/\/paratyperte.com\/#website","url":"https:\/\/paratyperte.com\/","name":"Partie Par Te","description":"Agence de voyage \u00e0 Paraty","publisher":{"@id":"https:\/\/paratyperte.com\/#organization"},"potentialAction":[{"@type":"SearchAction","target":{"@type":"EntryPoint","urlTemplate":"https:\/\/paratyperte.com\/?s={search_term_string}"},"query-input":{"@type":"PropertyValueSpecification","valueRequired":true,"valueName":"search_term_string"}}],"inLanguage":"fr-FR"},{"@type":"Organization","@id":"https:\/\/paratyperte.com\/#organization","name":"Partie Par Te","url":"https:\/\/paratyperte.com\/","logo":{"@type":"ImageObject","inLanguage":"fr-FR","@id":"https:\/\/paratyperte.com\/#\/schema\/logo\/image\/","url":"https:\/\/paratyperte.com\/wp-content\/uploads\/2024\/03\/cropped-PARATY-PER-TE-LOGO-SEM-FUNDO-1.png","contentUrl":"https:\/\/paratyperte.com\/wp-content\/uploads\/2024\/03\/cropped-PARATY-PER-TE-LOGO-SEM-FUNDO-1.png","width":2644,"height":2147,"caption":"Paraty Per Te"},"image":{"@id":"https:\/\/paratyperte.com\/#\/schema\/logo\/image\/"},"sameAs":["https:\/\/www.facebook.com\/paratyperte\/","https:\/\/www.tripadvisor.com.br\/ShowUserReviews-g303503-d24012638-r917170680-PARATY_PER_TE_TURISMO-Paraty_State_of_Rio_de_Janeiro.html"]}]}},"_links":{"self":[{"href":"https:\/\/paratyperte.com\/fr\/wp-json\/wp\/v2\/product\/1884","targetHints":{"allow":["GET"]}}],"collection":[{"href":"https:\/\/paratyperte.com\/fr\/wp-json\/wp\/v2\/product"}],"about":[{"href":"https:\/\/paratyperte.com\/fr\/wp-json\/wp\/v2\/types\/product"}],"replies":[{"embeddable":true,"href":"https:\/\/paratyperte.com\/fr\/wp-json\/wp\/v2\/comments?post=1884"}],"wp:featuredmedia":[{"embeddable":true,"href":"https:\/\/paratyperte.com\/fr\/wp-json\/wp\/v2\/media\/2171"}],"wp:attachment":[{"href":"https:\/\/paratyperte.com\/fr\/wp-json\/wp\/v2\/media?parent=1884"}],"wp:term":[{"taxonomy":"product_brand","embeddable":true,"href":"https:\/\/paratyperte.com\/fr\/wp-json\/wp\/v2\/product_brand?post=1884"},{"taxonomy":"product_cat","embeddable":true,"href":"https:\/\/paratyperte.com\/fr\/wp-json\/wp\/v2\/product_cat?post=1884"},{"taxonomy":"product_tag","embeddable":true,"href":"https:\/\/paratyperte.com\/fr\/wp-json\/wp\/v2\/product_tag?post=1884"}],"curies":[{"name":"wp","href":"https:\/\/api.w.org\/{rel}","templated":true}]}}