{"id":1524,"date":"2024-03-27T14:12:47","date_gmt":"2024-03-27T17:12:47","guid":{"rendered":"https:\/\/paratyperte.com\/?post_type=product&#038;p=1524"},"modified":"2024-05-22T10:29:12","modified_gmt":"2024-05-22T13:29:12","slug":"passeio-de-barco-privativo","status":"publish","type":"product","link":"https:\/\/paratyperte.com\/fr\/produit\/passeio-de-barco-privativo\/","title":{"rendered":"Excursion en bateau priv\u00e9"},"content":{"rendered":"<p><strong>Excursion en bateau priv\u00e9<\/strong><\/p>\n<p><span style=\"font-weight: 400;\">D\u00e9couvrez avec nous le circuit le plus traditionnel de la r\u00e9gion de Paraty. Nous organisons la visite \u00e0 bord d'un navire choisi sp\u00e9cifiquement pour r\u00e9pondre \u00e0 vos besoins. Nous disposons de plusieurs options de navires, notamment des bateaux traditionnels en bois (chalutier), des vedettes rapides et des voiliers. L'itin\u00e9raire est flexible et adapt\u00e9 \u00e0 vos pr\u00e9f\u00e9rences, avec des arr\u00eats sur les plages et les \u00eeles de la baie de Paraty, id\u00e9ales pour la plong\u00e9e en apn\u00e9e et les bains de soleil, dans le but d'offrir une exp\u00e9rience belle et inoubliable<\/span><\/p>\n<p><span style=\"font-weight: 400;\">Nossos passeios privativos s\u00e3o ideais para quem busca uma experi\u00eancia mais flex\u00edvel, personalizada e \u00edntima, seja para casais em busca de momentos rom\u00e2nticos, fam\u00edlias em busca de divers\u00e3o ou grupos que desejam a aten\u00e7\u00e3o exclusiva de um guia de turismo. Voc\u00ea pode personalizar seu hor\u00e1rio e roteiro de acordo com suas necessidades.<\/span><\/p>\n<p><span style=\"font-weight: 400;\">Durante o passeio, podemos sugerir uma parada para almo\u00e7o em um dos restaurantes nas ilhas e praias ou, se preferirem, podemos oferecer um servi\u00e7o \u00e0 bordo completo. Complemente sua experi\u00eancia com uma refei\u00e7\u00e3o deliciosa preparada com ingredientes frescos enquanto aprecia vistas deslumbrantes.<\/span><\/p>","protected":false},"excerpt":{"rendered":"<p>PASSEIO DE BARCO PRIVATIVO Descubra conosco o passeio mais tradicional da regi\u00e3o de Paraty. Organizamos o\u00a0 passeio a bordo de uma embarca\u00e7\u00e3o escolhida especificamente para atender \u00e0s suas necessidades.Temos diversas op\u00e7\u00f5es de embarca\u00e7\u00f5es dispon\u00edveis, incluindo barcos tradicionais de madeira (traineira), lanchas r\u00e1pidas e veleiros. O roteiro \u00e9 flex\u00edvel e adaptado \u00e0s suas prefer\u00eancias, com paradas [&hellip;]<\/p>\n","protected":false},"featured_media":25,"comment_status":"open","ping_status":"closed","template":"","meta":{"_joinchat":[]},"product_brand":[],"product_cat":[46,23],"product_tag":[33,37],"class_list":{"0":"post-1524","1":"product","2":"type-product","3":"status-publish","4":"has-post-thumbnail","6":"product_cat-agua","7":"product_cat-turismo-eco-criativo","8":"product_tag-paraty","9":"product_tag-passeio-de-barco-privativo","11":"first","12":"instock","13":"virtual","14":"purchasable","15":"product-type-simple"},"yoast_head":"<!-- This site is optimized with the Yoast SEO plugin v27.3 - https:\/\/yoast.com\/product\/yoast-seo-wordpress\/ -->\n<title>PASSEIO DE BARCO PRIVATIVO - Paraty Per Te<\/title>\n<meta name=\"description\" content=\"Desfrute de um passeio exclusivo e personalizado pelas \u00e1guas cristalinas de Paraty com nosso servi\u00e7o de passeio de barco privativo.\" \/>\n<meta name=\"robots\" content=\"index, follow, max-snippet:-1, max-image-preview:large, max-video-preview:-1\" \/>\n<link rel=\"canonical\" href=\"https:\/\/paratyperte.com\/fr\/produit\/passeio-de-barco-privativo\/\" \/>\n<meta property=\"og:locale\" content=\"fr_FR\" \/>\n<meta property=\"og:type\" content=\"article\" \/>\n<meta property=\"og:title\" content=\"PASSEIO DE BARCO PRIVATIVO - Paraty Per Te\" \/>\n<meta property=\"og:description\" content=\"Desfrute de um passeio exclusivo e personalizado pelas \u00e1guas cristalinas de Paraty com nosso servi\u00e7o de passeio de barco privativo.\" \/>\n<meta property=\"og:url\" content=\"https:\/\/paratyperte.com\/fr\/produit\/passeio-de-barco-privativo\/\" \/>\n<meta property=\"og:site_name\" content=\"Paraty Per Te\" \/>\n<meta property=\"article:publisher\" content=\"https:\/\/www.facebook.com\/paratyperte\/\" \/>\n<meta property=\"article:modified_time\" content=\"2024-05-22T13:29:12+00:00\" \/>\n<meta property=\"og:image\" content=\"https:\/\/paratyperte.com\/wp-content\/uploads\/2024\/03\/Design-sem-nome-72.jpg\" \/>\n\t<meta property=\"og:image:width\" content=\"1000\" \/>\n\t<meta property=\"og:image:height\" content=\"1500\" \/>\n\t<meta property=\"og:image:type\" content=\"image\/jpeg\" \/>\n<meta name=\"twitter:card\" content=\"summary_large_image\" \/>\n<meta name=\"twitter:label1\" content=\"Dur\u00e9e de lecture estim\u00e9e\" \/>\n\t<meta name=\"twitter:data1\" content=\"2 minutes\" \/>\n<script type=\"application\/ld+json\" class=\"yoast-schema-graph\">{\"@context\":\"https:\\\/\\\/schema.org\",\"@graph\":[{\"@type\":\"WebPage\",\"@id\":\"https:\\\/\\\/paratyperte.com\\\/produto\\\/passeio-de-barco-privativo\\\/\",\"url\":\"https:\\\/\\\/paratyperte.com\\\/produto\\\/passeio-de-barco-privativo\\\/\",\"name\":\"PASSEIO DE BARCO PRIVATIVO - Paraty Per Te\",\"isPartOf\":{\"@id\":\"https:\\\/\\\/paratyperte.com\\\/#website\"},\"primaryImageOfPage\":{\"@id\":\"https:\\\/\\\/paratyperte.com\\\/produto\\\/passeio-de-barco-privativo\\\/#primaryimage\"},\"image\":{\"@id\":\"https:\\\/\\\/paratyperte.com\\\/produto\\\/passeio-de-barco-privativo\\\/#primaryimage\"},\"thumbnailUrl\":\"https:\\\/\\\/paratyperte.com\\\/wp-content\\\/uploads\\\/2024\\\/03\\\/Design-sem-nome-72.jpg\",\"datePublished\":\"2024-03-27T17:12:47+00:00\",\"dateModified\":\"2024-05-22T13:29:12+00:00\",\"description\":\"Desfrute de um passeio exclusivo e personalizado pelas \u00e1guas cristalinas de Paraty com nosso servi\u00e7o de passeio de barco privativo.\",\"breadcrumb\":{\"@id\":\"https:\\\/\\\/paratyperte.com\\\/produto\\\/passeio-de-barco-privativo\\\/#breadcrumb\"},\"inLanguage\":\"fr-FR\",\"potentialAction\":[{\"@type\":\"ReadAction\",\"target\":[\"https:\\\/\\\/paratyperte.com\\\/produto\\\/passeio-de-barco-privativo\\\/\"]}]},{\"@type\":\"ImageObject\",\"inLanguage\":\"fr-FR\",\"@id\":\"https:\\\/\\\/paratyperte.com\\\/produto\\\/passeio-de-barco-privativo\\\/#primaryimage\",\"url\":\"https:\\\/\\\/paratyperte.com\\\/wp-content\\\/uploads\\\/2024\\\/03\\\/Design-sem-nome-72.jpg\",\"contentUrl\":\"https:\\\/\\\/paratyperte.com\\\/wp-content\\\/uploads\\\/2024\\\/03\\\/Design-sem-nome-72.jpg\",\"width\":1000,\"height\":1500,\"caption\":\"PASSEIO DE BARCO PRIVATIVO EM PARATY\"},{\"@type\":\"BreadcrumbList\",\"@id\":\"https:\\\/\\\/paratyperte.com\\\/produto\\\/passeio-de-barco-privativo\\\/#breadcrumb\",\"itemListElement\":[{\"@type\":\"ListItem\",\"position\":1,\"name\":\"In\u00edcio\",\"item\":\"https:\\\/\\\/paratyperte.com\\\/\"},{\"@type\":\"ListItem\",\"position\":2,\"name\":\"Produtos\",\"item\":\"https:\\\/\\\/paratyperte.com\\\/shop\\\/\"},{\"@type\":\"ListItem\",\"position\":3,\"name\":\"PASSEIO DE BARCO PRIVATIVO\"}]},{\"@type\":\"WebSite\",\"@id\":\"https:\\\/\\\/paratyperte.com\\\/#website\",\"url\":\"https:\\\/\\\/paratyperte.com\\\/\",\"name\":\"Paraty Per Te\",\"description\":\"Ag\u00eancia de turismo em Paraty\",\"publisher\":{\"@id\":\"https:\\\/\\\/paratyperte.com\\\/#organization\"},\"potentialAction\":[{\"@type\":\"SearchAction\",\"target\":{\"@type\":\"EntryPoint\",\"urlTemplate\":\"https:\\\/\\\/paratyperte.com\\\/?s={search_term_string}\"},\"query-input\":{\"@type\":\"PropertyValueSpecification\",\"valueRequired\":true,\"valueName\":\"search_term_string\"}}],\"inLanguage\":\"fr-FR\"},{\"@type\":\"Organization\",\"@id\":\"https:\\\/\\\/paratyperte.com\\\/#organization\",\"name\":\"Paraty Per Te\",\"url\":\"https:\\\/\\\/paratyperte.com\\\/\",\"logo\":{\"@type\":\"ImageObject\",\"inLanguage\":\"fr-FR\",\"@id\":\"https:\\\/\\\/paratyperte.com\\\/#\\\/schema\\\/logo\\\/image\\\/\",\"url\":\"https:\\\/\\\/paratyperte.com\\\/wp-content\\\/uploads\\\/2024\\\/03\\\/cropped-PARATY-PER-TE-LOGO-SEM-FUNDO-1.png\",\"contentUrl\":\"https:\\\/\\\/paratyperte.com\\\/wp-content\\\/uploads\\\/2024\\\/03\\\/cropped-PARATY-PER-TE-LOGO-SEM-FUNDO-1.png\",\"width\":2644,\"height\":2147,\"caption\":\"Paraty Per Te\"},\"image\":{\"@id\":\"https:\\\/\\\/paratyperte.com\\\/#\\\/schema\\\/logo\\\/image\\\/\"},\"sameAs\":[\"https:\\\/\\\/www.facebook.com\\\/paratyperte\\\/\",\"https:\\\/\\\/www.tripadvisor.com.br\\\/ShowUserReviews-g303503-d24012638-r917170680-PARATY_PER_TE_TURISMO-Paraty_State_of_Rio_de_Janeiro.html\"]}]}<\/script>\n<!-- \/ Yoast SEO plugin. -->","yoast_head_json":{"title":"PASSEIO DE BARCO PRIVATIVO - Paraty Per Te","description":"Desfrute de um passeio exclusivo e personalizado pelas \u00e1guas cristalinas de Paraty com nosso servi\u00e7o de passeio de barco privativo.","robots":{"index":"index","follow":"follow","max-snippet":"max-snippet:-1","max-image-preview":"max-image-preview:large","max-video-preview":"max-video-preview:-1"},"canonical":"https:\/\/paratyperte.com\/fr\/produit\/passeio-de-barco-privativo\/","og_locale":"fr_FR","og_type":"article","og_title":"PASSEIO DE BARCO PRIVATIVO - Paraty Per Te","og_description":"Desfrute de um passeio exclusivo e personalizado pelas \u00e1guas cristalinas de Paraty com nosso servi\u00e7o de passeio de barco privativo.","og_url":"https:\/\/paratyperte.com\/fr\/produit\/passeio-de-barco-privativo\/","og_site_name":"Paraty Per Te","article_publisher":"https:\/\/www.facebook.com\/paratyperte\/","article_modified_time":"2024-05-22T13:29:12+00:00","og_image":[{"width":1000,"height":1500,"url":"https:\/\/paratyperte.com\/wp-content\/uploads\/2024\/03\/Design-sem-nome-72.jpg","type":"image\/jpeg"}],"twitter_card":"summary_large_image","twitter_misc":{"Dur\u00e9e de lecture estim\u00e9e":"2 minutes"},"schema":{"@context":"https:\/\/schema.org","@graph":[{"@type":"WebPage","@id":"https:\/\/paratyperte.com\/produto\/passeio-de-barco-privativo\/","url":"https:\/\/paratyperte.com\/produto\/passeio-de-barco-privativo\/","name":"PASSEIO DE BARCO PRIVATIVO - Paraty Per Te","isPartOf":{"@id":"https:\/\/paratyperte.com\/#website"},"primaryImageOfPage":{"@id":"https:\/\/paratyperte.com\/produto\/passeio-de-barco-privativo\/#primaryimage"},"image":{"@id":"https:\/\/paratyperte.com\/produto\/passeio-de-barco-privativo\/#primaryimage"},"thumbnailUrl":"https:\/\/paratyperte.com\/wp-content\/uploads\/2024\/03\/Design-sem-nome-72.jpg","datePublished":"2024-03-27T17:12:47+00:00","dateModified":"2024-05-22T13:29:12+00:00","description":"Desfrute de um passeio exclusivo e personalizado pelas \u00e1guas cristalinas de Paraty com nosso servi\u00e7o de passeio de barco privativo.","breadcrumb":{"@id":"https:\/\/paratyperte.com\/produto\/passeio-de-barco-privativo\/#breadcrumb"},"inLanguage":"fr-FR","potentialAction":[{"@type":"ReadAction","target":["https:\/\/paratyperte.com\/produto\/passeio-de-barco-privativo\/"]}]},{"@type":"ImageObject","inLanguage":"fr-FR","@id":"https:\/\/paratyperte.com\/produto\/passeio-de-barco-privativo\/#primaryimage","url":"https:\/\/paratyperte.com\/wp-content\/uploads\/2024\/03\/Design-sem-nome-72.jpg","contentUrl":"https:\/\/paratyperte.com\/wp-content\/uploads\/2024\/03\/Design-sem-nome-72.jpg","width":1000,"height":1500,"caption":"PASSEIO DE BARCO PRIVATIVO EM PARATY"},{"@type":"BreadcrumbList","@id":"https:\/\/paratyperte.com\/produto\/passeio-de-barco-privativo\/#breadcrumb","itemListElement":[{"@type":"ListItem","position":1,"name":"In\u00edcio","item":"https:\/\/paratyperte.com\/"},{"@type":"ListItem","position":2,"name":"Produtos","item":"https:\/\/paratyperte.com\/shop\/"},{"@type":"ListItem","position":3,"name":"PASSEIO DE BARCO PRIVATIVO"}]},{"@type":"WebSite","@id":"https:\/\/paratyperte.com\/#website","url":"https:\/\/paratyperte.com\/","name":"Partie Par Te","description":"Agence de voyage \u00e0 Paraty","publisher":{"@id":"https:\/\/paratyperte.com\/#organization"},"potentialAction":[{"@type":"SearchAction","target":{"@type":"EntryPoint","urlTemplate":"https:\/\/paratyperte.com\/?s={search_term_string}"},"query-input":{"@type":"PropertyValueSpecification","valueRequired":true,"valueName":"search_term_string"}}],"inLanguage":"fr-FR"},{"@type":"Organization","@id":"https:\/\/paratyperte.com\/#organization","name":"Partie Par Te","url":"https:\/\/paratyperte.com\/","logo":{"@type":"ImageObject","inLanguage":"fr-FR","@id":"https:\/\/paratyperte.com\/#\/schema\/logo\/image\/","url":"https:\/\/paratyperte.com\/wp-content\/uploads\/2024\/03\/cropped-PARATY-PER-TE-LOGO-SEM-FUNDO-1.png","contentUrl":"https:\/\/paratyperte.com\/wp-content\/uploads\/2024\/03\/cropped-PARATY-PER-TE-LOGO-SEM-FUNDO-1.png","width":2644,"height":2147,"caption":"Paraty Per Te"},"image":{"@id":"https:\/\/paratyperte.com\/#\/schema\/logo\/image\/"},"sameAs":["https:\/\/www.facebook.com\/paratyperte\/","https:\/\/www.tripadvisor.com.br\/ShowUserReviews-g303503-d24012638-r917170680-PARATY_PER_TE_TURISMO-Paraty_State_of_Rio_de_Janeiro.html"]}]}},"_links":{"self":[{"href":"https:\/\/paratyperte.com\/fr\/wp-json\/wp\/v2\/product\/1524","targetHints":{"allow":["GET"]}}],"collection":[{"href":"https:\/\/paratyperte.com\/fr\/wp-json\/wp\/v2\/product"}],"about":[{"href":"https:\/\/paratyperte.com\/fr\/wp-json\/wp\/v2\/types\/product"}],"replies":[{"embeddable":true,"href":"https:\/\/paratyperte.com\/fr\/wp-json\/wp\/v2\/comments?post=1524"}],"wp:featuredmedia":[{"embeddable":true,"href":"https:\/\/paratyperte.com\/fr\/wp-json\/wp\/v2\/media\/25"}],"wp:attachment":[{"href":"https:\/\/paratyperte.com\/fr\/wp-json\/wp\/v2\/media?parent=1524"}],"wp:term":[{"taxonomy":"product_brand","embeddable":true,"href":"https:\/\/paratyperte.com\/fr\/wp-json\/wp\/v2\/product_brand?post=1524"},{"taxonomy":"product_cat","embeddable":true,"href":"https:\/\/paratyperte.com\/fr\/wp-json\/wp\/v2\/product_cat?post=1524"},{"taxonomy":"product_tag","embeddable":true,"href":"https:\/\/paratyperte.com\/fr\/wp-json\/wp\/v2\/product_tag?post=1524"}],"curies":[{"name":"wp","href":"https:\/\/api.w.org\/{rel}","templated":true}]}}