{"id":1521,"date":"2024-03-27T14:04:01","date_gmt":"2024-03-27T17:04:01","guid":{"rendered":"https:\/\/paratyperte.com\/?post_type=product&#038;p=1521"},"modified":"2024-05-29T10:26:07","modified_gmt":"2024-05-29T13:26:07","slug":"paraty-running-tour","status":"publish","type":"product","link":"https:\/\/paratyperte.com\/fr\/produit\/paraty-running-tour\/","title":{"rendered":"Parti Dans La Course Tour"},"content":{"rendered":"<p>Le parcours running est adapt\u00e9 \u00e0 tous types de coureurs, en respectant toujours la condition physique de chacun. Que vous soyez un sportif confirm\u00e9 \u00e0 la recherche d'un nouveau d\u00e9fi ou un d\u00e9butant \u00e0 la recherche d'une activit\u00e9 dynamique et stimulante, notre circuit est adapt\u00e9 \u00e0 vos caract\u00e9ristiques individuelles et peut se d\u00e9rouler en ville ou sur des sentiers forestiers<\/p>\n<p>Durante o percurso, os corredores t\u00eam a oportunidade de se exercitar enquanto exploram as maravilhas que a bela cidade de Paraty tem a oferecer. Nossos guias locais, apaixonados pela cidade e pela corrida, garantem uma jornada aut\u00eantica e enriquecedora, compartilhando informa\u00e7\u00f5es interessantes sobre Paraty e zelando pela sua seguran\u00e7a e bem-estar. Participar do Paraty Running Tour significa vivenciar uma experi\u00eancia que vai al\u00e9m do simples exerc\u00edcio f\u00edsico. Nosso objetivo \u00e9 estimular n\u00e3o apenas o corpo, mas tamb\u00e9m a mente e o esp\u00edrito. Desfrute de uma corrida din\u00e2mica, cheia de estilo e descobertas pela encantadora Paraty.<\/p>\n<p>C'est l'occasion id\u00e9ale de s'entra\u00eener, d'explorer et de se connecter avec l'une des villes les plus charmantes du Br\u00e9sil et sa nature. Rejoignez-nous et vivez le Paraty Running Tour !<\/p>","protected":false},"excerpt":{"rendered":"<p>O passeio de corrida \u00e9 adaptado para todos os perfis de corredores, respeitando sempre o seu estado de condicionamento f\u00edsico. Seja voc\u00ea um atleta experiente em busca de um novo desafio ou um iniciante procurando por uma atividade din\u00e2mica e estimulante, nosso tour \u00e9 ajustado de acordo com suas caracter\u00edsticas individuais. Durante o percurso, os [&hellip;]<\/p>\n","protected":false},"featured_media":765,"comment_status":"open","ping_status":"closed","template":"","meta":{"_joinchat":[]},"product_brand":[],"product_cat":[49,23],"product_tag":[36,41],"class_list":{"0":"post-1521","1":"product","2":"type-product","3":"status-publish","4":"has-post-thumbnail","6":"product_cat-terra","7":"product_cat-turismo-eco-criativo","8":"product_tag-paraty-running-tour","9":"product_tag-tour-corrida-em-paraty","11":"first","12":"instock","13":"virtual","14":"purchasable","15":"product-type-simple"},"yoast_head":"<!-- This site is optimized with the Yoast SEO plugin v27.3 - https:\/\/yoast.com\/product\/yoast-seo-wordpress\/ -->\n<title>Paraty Running Tour - Paraty Per Te<\/title>\n<meta name=\"description\" content=\"Paraty Running Tour: Tour Corrida em Paraty. Explore as ruas hist\u00f3ricas, trilhas e paisagens deslumbrantes enquanto pratica corrida.\" \/>\n<meta name=\"robots\" content=\"index, follow, max-snippet:-1, max-image-preview:large, max-video-preview:-1\" \/>\n<link rel=\"canonical\" href=\"https:\/\/paratyperte.com\/fr\/produit\/paraty-running-tour\/\" \/>\n<meta property=\"og:locale\" content=\"fr_FR\" \/>\n<meta property=\"og:type\" content=\"article\" \/>\n<meta property=\"og:title\" content=\"Paraty Running Tour - Paraty Per Te\" \/>\n<meta property=\"og:description\" content=\"Paraty Running Tour: Tour Corrida em Paraty. Explore as ruas hist\u00f3ricas, trilhas e paisagens deslumbrantes enquanto pratica corrida.\" \/>\n<meta property=\"og:url\" content=\"https:\/\/paratyperte.com\/fr\/produit\/paraty-running-tour\/\" \/>\n<meta property=\"og:site_name\" content=\"Paraty Per Te\" \/>\n<meta property=\"article:publisher\" content=\"https:\/\/www.facebook.com\/paratyperte\/\" \/>\n<meta property=\"article:modified_time\" content=\"2024-05-29T13:26:07+00:00\" \/>\n<meta property=\"og:image\" content=\"https:\/\/paratyperte.com\/wp-content\/uploads\/2024\/03\/Design-sem-nome-82.jpg\" \/>\n\t<meta property=\"og:image:width\" content=\"1000\" \/>\n\t<meta property=\"og:image:height\" content=\"1500\" \/>\n\t<meta property=\"og:image:type\" content=\"image\/jpeg\" \/>\n<meta name=\"twitter:card\" content=\"summary_large_image\" \/>\n<meta name=\"twitter:label1\" content=\"Dur\u00e9e de lecture estim\u00e9e\" \/>\n\t<meta name=\"twitter:data1\" content=\"2 minutes\" \/>\n<script type=\"application\/ld+json\" class=\"yoast-schema-graph\">{\"@context\":\"https:\\\/\\\/schema.org\",\"@graph\":[{\"@type\":\"WebPage\",\"@id\":\"https:\\\/\\\/paratyperte.com\\\/produto\\\/paraty-running-tour\\\/\",\"url\":\"https:\\\/\\\/paratyperte.com\\\/produto\\\/paraty-running-tour\\\/\",\"name\":\"Paraty Running Tour - Paraty Per Te\",\"isPartOf\":{\"@id\":\"https:\\\/\\\/paratyperte.com\\\/#website\"},\"primaryImageOfPage\":{\"@id\":\"https:\\\/\\\/paratyperte.com\\\/produto\\\/paraty-running-tour\\\/#primaryimage\"},\"image\":{\"@id\":\"https:\\\/\\\/paratyperte.com\\\/produto\\\/paraty-running-tour\\\/#primaryimage\"},\"thumbnailUrl\":\"https:\\\/\\\/paratyperte.com\\\/wp-content\\\/uploads\\\/2024\\\/03\\\/Design-sem-nome-82.jpg\",\"datePublished\":\"2024-03-27T17:04:01+00:00\",\"dateModified\":\"2024-05-29T13:26:07+00:00\",\"description\":\"Paraty Running Tour: Tour Corrida em Paraty. Explore as ruas hist\u00f3ricas, trilhas e paisagens deslumbrantes enquanto pratica corrida.\",\"breadcrumb\":{\"@id\":\"https:\\\/\\\/paratyperte.com\\\/produto\\\/paraty-running-tour\\\/#breadcrumb\"},\"inLanguage\":\"fr-FR\",\"potentialAction\":[{\"@type\":\"ReadAction\",\"target\":[\"https:\\\/\\\/paratyperte.com\\\/produto\\\/paraty-running-tour\\\/\"]}]},{\"@type\":\"ImageObject\",\"inLanguage\":\"fr-FR\",\"@id\":\"https:\\\/\\\/paratyperte.com\\\/produto\\\/paraty-running-tour\\\/#primaryimage\",\"url\":\"https:\\\/\\\/paratyperte.com\\\/wp-content\\\/uploads\\\/2024\\\/03\\\/Design-sem-nome-82.jpg\",\"contentUrl\":\"https:\\\/\\\/paratyperte.com\\\/wp-content\\\/uploads\\\/2024\\\/03\\\/Design-sem-nome-82.jpg\",\"width\":1000,\"height\":1500,\"caption\":\"Paraty Running Tour: Tour Corrida em Paraty\"},{\"@type\":\"BreadcrumbList\",\"@id\":\"https:\\\/\\\/paratyperte.com\\\/produto\\\/paraty-running-tour\\\/#breadcrumb\",\"itemListElement\":[{\"@type\":\"ListItem\",\"position\":1,\"name\":\"In\u00edcio\",\"item\":\"https:\\\/\\\/paratyperte.com\\\/\"},{\"@type\":\"ListItem\",\"position\":2,\"name\":\"Produtos\",\"item\":\"https:\\\/\\\/paratyperte.com\\\/shop\\\/\"},{\"@type\":\"ListItem\",\"position\":3,\"name\":\"Paraty Running Tour\"}]},{\"@type\":\"WebSite\",\"@id\":\"https:\\\/\\\/paratyperte.com\\\/#website\",\"url\":\"https:\\\/\\\/paratyperte.com\\\/\",\"name\":\"Paraty Per Te\",\"description\":\"Ag\u00eancia de turismo em Paraty\",\"publisher\":{\"@id\":\"https:\\\/\\\/paratyperte.com\\\/#organization\"},\"potentialAction\":[{\"@type\":\"SearchAction\",\"target\":{\"@type\":\"EntryPoint\",\"urlTemplate\":\"https:\\\/\\\/paratyperte.com\\\/?s={search_term_string}\"},\"query-input\":{\"@type\":\"PropertyValueSpecification\",\"valueRequired\":true,\"valueName\":\"search_term_string\"}}],\"inLanguage\":\"fr-FR\"},{\"@type\":\"Organization\",\"@id\":\"https:\\\/\\\/paratyperte.com\\\/#organization\",\"name\":\"Paraty Per Te\",\"url\":\"https:\\\/\\\/paratyperte.com\\\/\",\"logo\":{\"@type\":\"ImageObject\",\"inLanguage\":\"fr-FR\",\"@id\":\"https:\\\/\\\/paratyperte.com\\\/#\\\/schema\\\/logo\\\/image\\\/\",\"url\":\"https:\\\/\\\/paratyperte.com\\\/wp-content\\\/uploads\\\/2024\\\/03\\\/cropped-PARATY-PER-TE-LOGO-SEM-FUNDO-1.png\",\"contentUrl\":\"https:\\\/\\\/paratyperte.com\\\/wp-content\\\/uploads\\\/2024\\\/03\\\/cropped-PARATY-PER-TE-LOGO-SEM-FUNDO-1.png\",\"width\":2644,\"height\":2147,\"caption\":\"Paraty Per Te\"},\"image\":{\"@id\":\"https:\\\/\\\/paratyperte.com\\\/#\\\/schema\\\/logo\\\/image\\\/\"},\"sameAs\":[\"https:\\\/\\\/www.facebook.com\\\/paratyperte\\\/\",\"https:\\\/\\\/www.tripadvisor.com.br\\\/ShowUserReviews-g303503-d24012638-r917170680-PARATY_PER_TE_TURISMO-Paraty_State_of_Rio_de_Janeiro.html\"]}]}<\/script>\n<!-- \/ Yoast SEO plugin. -->","yoast_head_json":{"title":"Paraty Running Tour - Paraty Per Te","description":"Paraty Running Tour: Tour Corrida em Paraty. Explore as ruas hist\u00f3ricas, trilhas e paisagens deslumbrantes enquanto pratica corrida.","robots":{"index":"index","follow":"follow","max-snippet":"max-snippet:-1","max-image-preview":"max-image-preview:large","max-video-preview":"max-video-preview:-1"},"canonical":"https:\/\/paratyperte.com\/fr\/produit\/paraty-running-tour\/","og_locale":"fr_FR","og_type":"article","og_title":"Paraty Running Tour - Paraty Per Te","og_description":"Paraty Running Tour: Tour Corrida em Paraty. Explore as ruas hist\u00f3ricas, trilhas e paisagens deslumbrantes enquanto pratica corrida.","og_url":"https:\/\/paratyperte.com\/fr\/produit\/paraty-running-tour\/","og_site_name":"Paraty Per Te","article_publisher":"https:\/\/www.facebook.com\/paratyperte\/","article_modified_time":"2024-05-29T13:26:07+00:00","og_image":[{"width":1000,"height":1500,"url":"https:\/\/paratyperte.com\/wp-content\/uploads\/2024\/03\/Design-sem-nome-82.jpg","type":"image\/jpeg"}],"twitter_card":"summary_large_image","twitter_misc":{"Dur\u00e9e de lecture estim\u00e9e":"2 minutes"},"schema":{"@context":"https:\/\/schema.org","@graph":[{"@type":"WebPage","@id":"https:\/\/paratyperte.com\/produto\/paraty-running-tour\/","url":"https:\/\/paratyperte.com\/produto\/paraty-running-tour\/","name":"Paraty Running Tour - Paraty Per Te","isPartOf":{"@id":"https:\/\/paratyperte.com\/#website"},"primaryImageOfPage":{"@id":"https:\/\/paratyperte.com\/produto\/paraty-running-tour\/#primaryimage"},"image":{"@id":"https:\/\/paratyperte.com\/produto\/paraty-running-tour\/#primaryimage"},"thumbnailUrl":"https:\/\/paratyperte.com\/wp-content\/uploads\/2024\/03\/Design-sem-nome-82.jpg","datePublished":"2024-03-27T17:04:01+00:00","dateModified":"2024-05-29T13:26:07+00:00","description":"Paraty Running Tour: Tour Corrida em Paraty. Explore as ruas hist\u00f3ricas, trilhas e paisagens deslumbrantes enquanto pratica corrida.","breadcrumb":{"@id":"https:\/\/paratyperte.com\/produto\/paraty-running-tour\/#breadcrumb"},"inLanguage":"fr-FR","potentialAction":[{"@type":"ReadAction","target":["https:\/\/paratyperte.com\/produto\/paraty-running-tour\/"]}]},{"@type":"ImageObject","inLanguage":"fr-FR","@id":"https:\/\/paratyperte.com\/produto\/paraty-running-tour\/#primaryimage","url":"https:\/\/paratyperte.com\/wp-content\/uploads\/2024\/03\/Design-sem-nome-82.jpg","contentUrl":"https:\/\/paratyperte.com\/wp-content\/uploads\/2024\/03\/Design-sem-nome-82.jpg","width":1000,"height":1500,"caption":"Paraty Running Tour: Tour Corrida em Paraty"},{"@type":"BreadcrumbList","@id":"https:\/\/paratyperte.com\/produto\/paraty-running-tour\/#breadcrumb","itemListElement":[{"@type":"ListItem","position":1,"name":"In\u00edcio","item":"https:\/\/paratyperte.com\/"},{"@type":"ListItem","position":2,"name":"Produtos","item":"https:\/\/paratyperte.com\/shop\/"},{"@type":"ListItem","position":3,"name":"Paraty Running Tour"}]},{"@type":"WebSite","@id":"https:\/\/paratyperte.com\/#website","url":"https:\/\/paratyperte.com\/","name":"Partie Par Te","description":"Agence de voyage \u00e0 Paraty","publisher":{"@id":"https:\/\/paratyperte.com\/#organization"},"potentialAction":[{"@type":"SearchAction","target":{"@type":"EntryPoint","urlTemplate":"https:\/\/paratyperte.com\/?s={search_term_string}"},"query-input":{"@type":"PropertyValueSpecification","valueRequired":true,"valueName":"search_term_string"}}],"inLanguage":"fr-FR"},{"@type":"Organization","@id":"https:\/\/paratyperte.com\/#organization","name":"Partie Par Te","url":"https:\/\/paratyperte.com\/","logo":{"@type":"ImageObject","inLanguage":"fr-FR","@id":"https:\/\/paratyperte.com\/#\/schema\/logo\/image\/","url":"https:\/\/paratyperte.com\/wp-content\/uploads\/2024\/03\/cropped-PARATY-PER-TE-LOGO-SEM-FUNDO-1.png","contentUrl":"https:\/\/paratyperte.com\/wp-content\/uploads\/2024\/03\/cropped-PARATY-PER-TE-LOGO-SEM-FUNDO-1.png","width":2644,"height":2147,"caption":"Paraty Per Te"},"image":{"@id":"https:\/\/paratyperte.com\/#\/schema\/logo\/image\/"},"sameAs":["https:\/\/www.facebook.com\/paratyperte\/","https:\/\/www.tripadvisor.com.br\/ShowUserReviews-g303503-d24012638-r917170680-PARATY_PER_TE_TURISMO-Paraty_State_of_Rio_de_Janeiro.html"]}]}},"_links":{"self":[{"href":"https:\/\/paratyperte.com\/fr\/wp-json\/wp\/v2\/product\/1521","targetHints":{"allow":["GET"]}}],"collection":[{"href":"https:\/\/paratyperte.com\/fr\/wp-json\/wp\/v2\/product"}],"about":[{"href":"https:\/\/paratyperte.com\/fr\/wp-json\/wp\/v2\/types\/product"}],"replies":[{"embeddable":true,"href":"https:\/\/paratyperte.com\/fr\/wp-json\/wp\/v2\/comments?post=1521"}],"wp:featuredmedia":[{"embeddable":true,"href":"https:\/\/paratyperte.com\/fr\/wp-json\/wp\/v2\/media\/765"}],"wp:attachment":[{"href":"https:\/\/paratyperte.com\/fr\/wp-json\/wp\/v2\/media?parent=1521"}],"wp:term":[{"taxonomy":"product_brand","embeddable":true,"href":"https:\/\/paratyperte.com\/fr\/wp-json\/wp\/v2\/product_brand?post=1521"},{"taxonomy":"product_cat","embeddable":true,"href":"https:\/\/paratyperte.com\/fr\/wp-json\/wp\/v2\/product_cat?post=1521"},{"taxonomy":"product_tag","embeddable":true,"href":"https:\/\/paratyperte.com\/fr\/wp-json\/wp\/v2\/product_tag?post=1521"}],"curies":[{"name":"wp","href":"https:\/\/api.w.org\/{rel}","templated":true}]}}