{"id":1517,"date":"2024-03-27T13:54:50","date_gmt":"2024-03-27T16:54:50","guid":{"rendered":"https:\/\/paratyperte.com\/?post_type=product&#038;p=1517"},"modified":"2024-05-17T15:54:34","modified_gmt":"2024-05-17T18:54:34","slug":"passeio-de-canoa-canadense-em-paraty","status":"publish","type":"product","link":"https:\/\/paratyperte.com\/fr\/produit\/passeio-de-canoa-canadense-em-paraty\/","title":{"rendered":"Excursion en cano\u00eb au lever du soleil\u00a0: mangroves, plages et \u00eeles"},"content":{"rendered":"<p><span style=\"font-weight: 400;\"><strong>Dur\u00e9e<\/strong> Environ 4 heures (selon votre rythme)<\/span><\/p>\n<p><span style=\"font-weight: 400;\"><strong>Niveau de difficult\u00e9 :<\/strong> M\u00e9dio<\/span><\/p>\n<p><span style=\"font-weight: 400;\"><strong>Tempo de remada:<\/strong> Environ 2h30min<\/span><\/p>\n<p><span style=\"font-weight: 400;\">Nos itin\u00e9raires de cano\u00eb offrent une exp\u00e9rience unique et m\u00e9morable dans l'un des endroits les plus spectaculaires du Br\u00e9sil. Nous recommandons de commencer \u00e0 6h ou, au plus tard, \u00e0 7h pour profiter pleinement de l'excursion et admirer le lever du soleil. Pour ceux qui recherchent un moment magique au coucher du soleil, nous proposons \u00e9galement la possibilit\u00e9 de partir l'apr\u00e8s-midi, offrant ainsi un coucher de soleil incroyable.<\/span><\/p>\n<p><span style=\"font-weight: 400;\">Nous offrons une journ\u00e9e pleine de d\u00e9couvertes. Pendant la balade en cano\u00eb, vous d\u00e9couvrirez des mangroves, des plages et des \u00eeles.<\/span> <span style=\"font-weight: 400;\">Vous aurez l'opportunit\u00e9 unique d'explorer le magnifique mangrove, de visiter des plages paradisiaques et de d\u00e9couvrir des \u00eeles charmantes dans la s\u00e9curis\u00e9e Ba\u00eda de Paraty. Tout au long du parcours, nous ferons des arr\u00eats strat\u00e9giques pour vous permettre de plonger dans des eaux cristallines et d'appr\u00e9cier la riche biodiversit\u00e9 de la r\u00e9gion. Parmi les suggestions d'arr\u00eats, on trouve l'\u00e9poustouflante Ilha do Itu, la Praia do Rosa et la charmante Ilha do Malv\u00e3o. Notre itin\u00e9raire est soigneusement con\u00e7u pour combiner des moments de pagaie avec des p\u00e9riodes de temps libre pour la d\u00e9tente et la relaxation au c\u0153ur de la nature luxuriante de Paraty.<\/span><\/p>","protected":false},"excerpt":{"rendered":"<p>Dura\u00e7\u00e3o: Aproximadamente 4 horas (de acordo com seu ritmo) N\u00edvel de dificuldade: M\u00e9dio Tempo de remada: Aproximadamente 2h30min Nossos roteiros de canoagem proporcionam uma experi\u00eancia \u00fanica e memor\u00e1vel em um dos locais mais deslumbrantes do Brasil. Recomendamos iniciar \u00e0s 6h ou, no m\u00e1ximo, \u00e0s 7h para aproveitar ao m\u00e1ximo o passeio e contemplar o nascer [&hellip;]<\/p>\n","protected":false},"featured_media":1908,"comment_status":"open","ping_status":"closed","template":"","meta":{"_joinchat":[]},"product_brand":[],"product_cat":[46,23],"product_tag":[54,52,53],"class_list":{"0":"post-1517","1":"product","2":"type-product","3":"status-publish","4":"has-post-thumbnail","6":"product_cat-agua","7":"product_cat-turismo-eco-criativo","8":"product_tag-passeio-de-canoa-ao-amanhecer","9":"product_tag-passeio-de-canoa-ao-amanhecer-mangue","10":"product_tag-praia-e-ilha","12":"first","13":"instock","14":"virtual","15":"purchasable","16":"product-type-simple"},"yoast_head":"<!-- This site is optimized with the Yoast SEO plugin v27.4 - https:\/\/yoast.com\/product\/yoast-seo-wordpress\/ -->\n<title>Passeio de canoa ao amanhecer: Manguezal, Praia e Ilhas - Paraty Per Te<\/title>\n<meta name=\"description\" content=\"Navegue pelas \u00e1guas cristalinas da regi\u00e3o, descubra paisagens deslumbrantes e conecte-se com a natureza com nosso passeio de canoa canadense.\" \/>\n<meta name=\"robots\" content=\"index, follow, max-snippet:-1, max-image-preview:large, max-video-preview:-1\" \/>\n<link rel=\"canonical\" href=\"https:\/\/paratyperte.com\/fr\/produit\/passeio-de-canoa-canadense-em-paraty\/\" \/>\n<meta property=\"og:locale\" content=\"fr_FR\" \/>\n<meta property=\"og:type\" content=\"article\" \/>\n<meta property=\"og:title\" content=\"Passeio de canoa ao amanhecer: Manguezal, Praia e Ilhas - Paraty Per Te\" \/>\n<meta property=\"og:description\" content=\"Navegue pelas \u00e1guas cristalinas da regi\u00e3o, descubra paisagens deslumbrantes e conecte-se com a natureza com nosso passeio de canoa canadense.\" \/>\n<meta property=\"og:url\" content=\"https:\/\/paratyperte.com\/fr\/produit\/passeio-de-canoa-canadense-em-paraty\/\" \/>\n<meta property=\"og:site_name\" content=\"Paraty Per Te\" \/>\n<meta property=\"article:publisher\" content=\"https:\/\/www.facebook.com\/paratyperte\/\" \/>\n<meta property=\"article:modified_time\" content=\"2024-05-17T18:54:34+00:00\" \/>\n<meta property=\"og:image\" content=\"https:\/\/paratyperte.com\/wp-content\/uploads\/2024\/04\/Design-sem-nome-2024-04-09T124401.529.jpg\" \/>\n\t<meta property=\"og:image:width\" content=\"1000\" \/>\n\t<meta property=\"og:image:height\" content=\"1500\" \/>\n\t<meta property=\"og:image:type\" content=\"image\/jpeg\" \/>\n<meta name=\"twitter:card\" content=\"summary_large_image\" \/>\n<meta name=\"twitter:label1\" content=\"Dur\u00e9e de lecture estim\u00e9e\" \/>\n\t<meta name=\"twitter:data1\" content=\"2 minutes\" \/>\n<script type=\"application\/ld+json\" class=\"yoast-schema-graph\">{\"@context\":\"https:\\\/\\\/schema.org\",\"@graph\":[{\"@type\":\"WebPage\",\"@id\":\"https:\\\/\\\/paratyperte.com\\\/produto\\\/passeio-de-canoa-canadense-em-paraty\\\/\",\"url\":\"https:\\\/\\\/paratyperte.com\\\/produto\\\/passeio-de-canoa-canadense-em-paraty\\\/\",\"name\":\"Passeio de canoa ao amanhecer: Manguezal, Praia e Ilhas - Paraty Per Te\",\"isPartOf\":{\"@id\":\"https:\\\/\\\/paratyperte.com\\\/#website\"},\"primaryImageOfPage\":{\"@id\":\"https:\\\/\\\/paratyperte.com\\\/produto\\\/passeio-de-canoa-canadense-em-paraty\\\/#primaryimage\"},\"image\":{\"@id\":\"https:\\\/\\\/paratyperte.com\\\/produto\\\/passeio-de-canoa-canadense-em-paraty\\\/#primaryimage\"},\"thumbnailUrl\":\"https:\\\/\\\/paratyperte.com\\\/wp-content\\\/uploads\\\/2024\\\/04\\\/Design-sem-nome-2024-04-09T124401.529.jpg\",\"datePublished\":\"2024-03-27T16:54:50+00:00\",\"dateModified\":\"2024-05-17T18:54:34+00:00\",\"description\":\"Navegue pelas \u00e1guas cristalinas da regi\u00e3o, descubra paisagens deslumbrantes e conecte-se com a natureza com nosso passeio de canoa canadense.\",\"breadcrumb\":{\"@id\":\"https:\\\/\\\/paratyperte.com\\\/produto\\\/passeio-de-canoa-canadense-em-paraty\\\/#breadcrumb\"},\"inLanguage\":\"fr-FR\",\"potentialAction\":[{\"@type\":\"ReadAction\",\"target\":[\"https:\\\/\\\/paratyperte.com\\\/produto\\\/passeio-de-canoa-canadense-em-paraty\\\/\"]}]},{\"@type\":\"ImageObject\",\"inLanguage\":\"fr-FR\",\"@id\":\"https:\\\/\\\/paratyperte.com\\\/produto\\\/passeio-de-canoa-canadense-em-paraty\\\/#primaryimage\",\"url\":\"https:\\\/\\\/paratyperte.com\\\/wp-content\\\/uploads\\\/2024\\\/04\\\/Design-sem-nome-2024-04-09T124401.529.jpg\",\"contentUrl\":\"https:\\\/\\\/paratyperte.com\\\/wp-content\\\/uploads\\\/2024\\\/04\\\/Design-sem-nome-2024-04-09T124401.529.jpg\",\"width\":1000,\"height\":1500,\"caption\":\"agencia de viagens em paraty\"},{\"@type\":\"BreadcrumbList\",\"@id\":\"https:\\\/\\\/paratyperte.com\\\/produto\\\/passeio-de-canoa-canadense-em-paraty\\\/#breadcrumb\",\"itemListElement\":[{\"@type\":\"ListItem\",\"position\":1,\"name\":\"In\u00edcio\",\"item\":\"https:\\\/\\\/paratyperte.com\\\/\"},{\"@type\":\"ListItem\",\"position\":2,\"name\":\"Produtos\",\"item\":\"https:\\\/\\\/paratyperte.com\\\/shop\\\/\"},{\"@type\":\"ListItem\",\"position\":3,\"name\":\"Passeio de canoa ao amanhecer: Manguezal, Praia e Ilhas\"}]},{\"@type\":\"WebSite\",\"@id\":\"https:\\\/\\\/paratyperte.com\\\/#website\",\"url\":\"https:\\\/\\\/paratyperte.com\\\/\",\"name\":\"Paraty Per Te\",\"description\":\"Ag\u00eancia de turismo em Paraty\",\"publisher\":{\"@id\":\"https:\\\/\\\/paratyperte.com\\\/#organization\"},\"potentialAction\":[{\"@type\":\"SearchAction\",\"target\":{\"@type\":\"EntryPoint\",\"urlTemplate\":\"https:\\\/\\\/paratyperte.com\\\/?s={search_term_string}\"},\"query-input\":{\"@type\":\"PropertyValueSpecification\",\"valueRequired\":true,\"valueName\":\"search_term_string\"}}],\"inLanguage\":\"fr-FR\"},{\"@type\":\"Organization\",\"@id\":\"https:\\\/\\\/paratyperte.com\\\/#organization\",\"name\":\"Paraty Per Te\",\"url\":\"https:\\\/\\\/paratyperte.com\\\/\",\"logo\":{\"@type\":\"ImageObject\",\"inLanguage\":\"fr-FR\",\"@id\":\"https:\\\/\\\/paratyperte.com\\\/#\\\/schema\\\/logo\\\/image\\\/\",\"url\":\"https:\\\/\\\/paratyperte.com\\\/wp-content\\\/uploads\\\/2024\\\/03\\\/cropped-PARATY-PER-TE-LOGO-SEM-FUNDO-1.png\",\"contentUrl\":\"https:\\\/\\\/paratyperte.com\\\/wp-content\\\/uploads\\\/2024\\\/03\\\/cropped-PARATY-PER-TE-LOGO-SEM-FUNDO-1.png\",\"width\":2644,\"height\":2147,\"caption\":\"Paraty Per Te\"},\"image\":{\"@id\":\"https:\\\/\\\/paratyperte.com\\\/#\\\/schema\\\/logo\\\/image\\\/\"},\"sameAs\":[\"https:\\\/\\\/www.facebook.com\\\/paratyperte\\\/\",\"https:\\\/\\\/www.tripadvisor.com.br\\\/ShowUserReviews-g303503-d24012638-r917170680-PARATY_PER_TE_TURISMO-Paraty_State_of_Rio_de_Janeiro.html\"]}]}<\/script>\n<!-- \/ Yoast SEO plugin. -->","yoast_head_json":{"title":"Passeio de canoa ao amanhecer: Manguezal, Praia e Ilhas - Paraty Per Te","description":"Navegue pelas \u00e1guas cristalinas da regi\u00e3o, descubra paisagens deslumbrantes e conecte-se com a natureza com nosso passeio de canoa canadense.","robots":{"index":"index","follow":"follow","max-snippet":"max-snippet:-1","max-image-preview":"max-image-preview:large","max-video-preview":"max-video-preview:-1"},"canonical":"https:\/\/paratyperte.com\/fr\/produit\/passeio-de-canoa-canadense-em-paraty\/","og_locale":"fr_FR","og_type":"article","og_title":"Passeio de canoa ao amanhecer: Manguezal, Praia e Ilhas - Paraty Per Te","og_description":"Navegue pelas \u00e1guas cristalinas da regi\u00e3o, descubra paisagens deslumbrantes e conecte-se com a natureza com nosso passeio de canoa canadense.","og_url":"https:\/\/paratyperte.com\/fr\/produit\/passeio-de-canoa-canadense-em-paraty\/","og_site_name":"Paraty Per Te","article_publisher":"https:\/\/www.facebook.com\/paratyperte\/","article_modified_time":"2024-05-17T18:54:34+00:00","og_image":[{"width":1000,"height":1500,"url":"https:\/\/paratyperte.com\/wp-content\/uploads\/2024\/04\/Design-sem-nome-2024-04-09T124401.529.jpg","type":"image\/jpeg"}],"twitter_card":"summary_large_image","twitter_misc":{"Dur\u00e9e de lecture estim\u00e9e":"2 minutes"},"schema":{"@context":"https:\/\/schema.org","@graph":[{"@type":"WebPage","@id":"https:\/\/paratyperte.com\/produto\/passeio-de-canoa-canadense-em-paraty\/","url":"https:\/\/paratyperte.com\/produto\/passeio-de-canoa-canadense-em-paraty\/","name":"Passeio de canoa ao amanhecer: Manguezal, Praia e Ilhas - Paraty Per Te","isPartOf":{"@id":"https:\/\/paratyperte.com\/#website"},"primaryImageOfPage":{"@id":"https:\/\/paratyperte.com\/produto\/passeio-de-canoa-canadense-em-paraty\/#primaryimage"},"image":{"@id":"https:\/\/paratyperte.com\/produto\/passeio-de-canoa-canadense-em-paraty\/#primaryimage"},"thumbnailUrl":"https:\/\/paratyperte.com\/wp-content\/uploads\/2024\/04\/Design-sem-nome-2024-04-09T124401.529.jpg","datePublished":"2024-03-27T16:54:50+00:00","dateModified":"2024-05-17T18:54:34+00:00","description":"Navegue pelas \u00e1guas cristalinas da regi\u00e3o, descubra paisagens deslumbrantes e conecte-se com a natureza com nosso passeio de canoa canadense.","breadcrumb":{"@id":"https:\/\/paratyperte.com\/produto\/passeio-de-canoa-canadense-em-paraty\/#breadcrumb"},"inLanguage":"fr-FR","potentialAction":[{"@type":"ReadAction","target":["https:\/\/paratyperte.com\/produto\/passeio-de-canoa-canadense-em-paraty\/"]}]},{"@type":"ImageObject","inLanguage":"fr-FR","@id":"https:\/\/paratyperte.com\/produto\/passeio-de-canoa-canadense-em-paraty\/#primaryimage","url":"https:\/\/paratyperte.com\/wp-content\/uploads\/2024\/04\/Design-sem-nome-2024-04-09T124401.529.jpg","contentUrl":"https:\/\/paratyperte.com\/wp-content\/uploads\/2024\/04\/Design-sem-nome-2024-04-09T124401.529.jpg","width":1000,"height":1500,"caption":"agencia de viagens em paraty"},{"@type":"BreadcrumbList","@id":"https:\/\/paratyperte.com\/produto\/passeio-de-canoa-canadense-em-paraty\/#breadcrumb","itemListElement":[{"@type":"ListItem","position":1,"name":"In\u00edcio","item":"https:\/\/paratyperte.com\/"},{"@type":"ListItem","position":2,"name":"Produtos","item":"https:\/\/paratyperte.com\/shop\/"},{"@type":"ListItem","position":3,"name":"Passeio de canoa ao amanhecer: Manguezal, Praia e Ilhas"}]},{"@type":"WebSite","@id":"https:\/\/paratyperte.com\/#website","url":"https:\/\/paratyperte.com\/","name":"Partie Par Te","description":"Agence de voyage \u00e0 Paraty","publisher":{"@id":"https:\/\/paratyperte.com\/#organization"},"potentialAction":[{"@type":"SearchAction","target":{"@type":"EntryPoint","urlTemplate":"https:\/\/paratyperte.com\/?s={search_term_string}"},"query-input":{"@type":"PropertyValueSpecification","valueRequired":true,"valueName":"search_term_string"}}],"inLanguage":"fr-FR"},{"@type":"Organization","@id":"https:\/\/paratyperte.com\/#organization","name":"Partie Par Te","url":"https:\/\/paratyperte.com\/","logo":{"@type":"ImageObject","inLanguage":"fr-FR","@id":"https:\/\/paratyperte.com\/#\/schema\/logo\/image\/","url":"https:\/\/paratyperte.com\/wp-content\/uploads\/2024\/03\/cropped-PARATY-PER-TE-LOGO-SEM-FUNDO-1.png","contentUrl":"https:\/\/paratyperte.com\/wp-content\/uploads\/2024\/03\/cropped-PARATY-PER-TE-LOGO-SEM-FUNDO-1.png","width":2644,"height":2147,"caption":"Paraty Per Te"},"image":{"@id":"https:\/\/paratyperte.com\/#\/schema\/logo\/image\/"},"sameAs":["https:\/\/www.facebook.com\/paratyperte\/","https:\/\/www.tripadvisor.com.br\/ShowUserReviews-g303503-d24012638-r917170680-PARATY_PER_TE_TURISMO-Paraty_State_of_Rio_de_Janeiro.html"]}]}},"_links":{"self":[{"href":"https:\/\/paratyperte.com\/fr\/wp-json\/wp\/v2\/product\/1517","targetHints":{"allow":["GET"]}}],"collection":[{"href":"https:\/\/paratyperte.com\/fr\/wp-json\/wp\/v2\/product"}],"about":[{"href":"https:\/\/paratyperte.com\/fr\/wp-json\/wp\/v2\/types\/product"}],"replies":[{"embeddable":true,"href":"https:\/\/paratyperte.com\/fr\/wp-json\/wp\/v2\/comments?post=1517"}],"wp:featuredmedia":[{"embeddable":true,"href":"https:\/\/paratyperte.com\/fr\/wp-json\/wp\/v2\/media\/1908"}],"wp:attachment":[{"href":"https:\/\/paratyperte.com\/fr\/wp-json\/wp\/v2\/media?parent=1517"}],"wp:term":[{"taxonomy":"product_brand","embeddable":true,"href":"https:\/\/paratyperte.com\/fr\/wp-json\/wp\/v2\/product_brand?post=1517"},{"taxonomy":"product_cat","embeddable":true,"href":"https:\/\/paratyperte.com\/fr\/wp-json\/wp\/v2\/product_cat?post=1517"},{"taxonomy":"product_tag","embeddable":true,"href":"https:\/\/paratyperte.com\/fr\/wp-json\/wp\/v2\/product_tag?post=1517"}],"curies":[{"name":"wp","href":"https:\/\/api.w.org\/{rel}","templated":true}]}}