{"id":1505,"date":"2024-03-27T13:22:45","date_gmt":"2024-03-27T16:22:45","guid":{"rendered":"https:\/\/paratyperte.com\/?post_type=product&#038;p=1505"},"modified":"2024-06-19T18:18:36","modified_gmt":"2024-06-19T21:18:36","slug":"guarani-tribe-experience","status":"publish","type":"product","link":"https:\/\/paratyperte.com\/fr\/produit\/guarani-tribe-experience\/","title":{"rendered":"Guarani tribe experience"},"content":{"rendered":"<p><span style=\"font-weight: 400;\"><strong>Dur\u00e9e<\/strong> De 6 \u00e0 8 heures<\/span><\/p>\n<p><span style=\"font-weight: 400;\">Profitez d'un voyage immersif en explorant un village indig\u00e8ne Guarani ou Patax\u00f3, en vous plongeant dans une profonde interaction culturelle. Dans cette exp\u00e9rience, les participants ont l'opportunit\u00e9 d'explorer la richesse de la culture ancestrale, de partager leurs connaissances avec la communaut\u00e9 autochtone et de participer \u00e0 des activit\u00e9s flexibles, adapt\u00e9es aux int\u00e9r\u00eats et aux propositions des autochtones<\/span><\/p>\n<p><span style=\"font-weight: 400;\">Plongez au c\u0153ur du quotidien des communaut\u00e9s traditionnelles \u00e0 travers des ateliers culturels, des exp\u00e9riences de vie, des cercles de conversation et de nombreux \u00e9changes. Cette exp\u00e9rience va au-del\u00e0 du tourisme traditionnel, offrant une connexion spirituelle et culturelle qui enrichit votre compr\u00e9hension de la vision du monde et de la r\u00e9alit\u00e9 des peuples autochtones. C'est une occasion unique de rechercher l'authenticit\u00e9, de se connecter aux racines du pass\u00e9 et de comprendre le pr\u00e9sent, en s'immergeant compl\u00e8tement dans le mode de vie de ce peuple.<\/span><\/p>","protected":false},"excerpt":{"rendered":"<p>Dura\u00e7\u00e3o: 6 a 8 horas Desfrute de uma jornada imersiva ao explorar uma aldeia ind\u00edgena Guarani ou Patax\u00f3, mergulhando em uma profunda intera\u00e7\u00e3o cultural. Nesta experi\u00eancia, os participantes t\u00eam a oportunidade de explorar a riqueza da cultura ancestral, compartilhar conhecimentos com a comunidade ind\u00edgena e participar de atividades flex\u00edveis, adaptadas aos interesses e propostas dos [&hellip;]<\/p>\n","protected":false},"featured_media":1152,"comment_status":"open","ping_status":"closed","template":"","meta":{"_joinchat":[]},"product_brand":[],"product_cat":[48,23],"product_tag":[26,27,25,44],"class_list":{"0":"post-1505","1":"product","2":"type-product","3":"status-publish","4":"has-post-thumbnail","6":"product_cat-fogo","7":"product_cat-turismo-eco-criativo","8":"product_tag-tribo-guarani","9":"product_tag-trilha","10":"product_tag-visita-guiada-na-tribo-guarani","11":"product_tag-visita-guiada-tribo-guarani","13":"first","14":"instock","15":"virtual","16":"purchasable","17":"product-type-simple"},"yoast_head":"<!-- This site is optimized with the Yoast SEO plugin v27.3 - https:\/\/yoast.com\/product\/yoast-seo-wordpress\/ -->\n<title>Guarani tribe experience - Paraty Per Te<\/title>\n<meta name=\"description\" content=\"Visita guiada \u00e0 tribo Guarani em Paraty. Uma experi\u00eancia imersiva na cultura ind\u00edgena que promove intera\u00e7\u00e3o profunda e viv\u00eancias aut\u00eanticas.\" \/>\n<meta name=\"robots\" content=\"index, follow, max-snippet:-1, max-image-preview:large, max-video-preview:-1\" \/>\n<link rel=\"canonical\" href=\"https:\/\/paratyperte.com\/fr\/produit\/guarani-tribe-experience\/\" \/>\n<meta property=\"og:locale\" content=\"fr_FR\" \/>\n<meta property=\"og:type\" content=\"article\" \/>\n<meta property=\"og:title\" content=\"Guarani tribe experience - Paraty Per Te\" \/>\n<meta property=\"og:description\" content=\"Visita guiada \u00e0 tribo Guarani em Paraty. Uma experi\u00eancia imersiva na cultura ind\u00edgena que promove intera\u00e7\u00e3o profunda e viv\u00eancias aut\u00eanticas.\" \/>\n<meta property=\"og:url\" content=\"https:\/\/paratyperte.com\/fr\/produit\/guarani-tribe-experience\/\" \/>\n<meta property=\"og:site_name\" content=\"Paraty Per Te\" \/>\n<meta property=\"article:publisher\" content=\"https:\/\/www.facebook.com\/paratyperte\/\" \/>\n<meta property=\"article:modified_time\" content=\"2024-06-19T21:18:36+00:00\" \/>\n<meta property=\"og:image\" content=\"https:\/\/paratyperte.com\/wp-content\/uploads\/2024\/03\/Design-sem-nome-1.jpg\" \/>\n\t<meta property=\"og:image:width\" content=\"1000\" \/>\n\t<meta property=\"og:image:height\" content=\"1500\" \/>\n\t<meta property=\"og:image:type\" content=\"image\/jpeg\" \/>\n<meta name=\"twitter:card\" content=\"summary_large_image\" \/>\n<meta name=\"twitter:label1\" content=\"Dur\u00e9e de lecture estim\u00e9e\" \/>\n\t<meta name=\"twitter:data1\" content=\"1 minute\" \/>\n<script type=\"application\/ld+json\" class=\"yoast-schema-graph\">{\"@context\":\"https:\\\/\\\/schema.org\",\"@graph\":[{\"@type\":\"WebPage\",\"@id\":\"https:\\\/\\\/paratyperte.com\\\/produto\\\/guarani-tribe-experience\\\/\",\"url\":\"https:\\\/\\\/paratyperte.com\\\/produto\\\/guarani-tribe-experience\\\/\",\"name\":\"Guarani tribe experience - Paraty Per Te\",\"isPartOf\":{\"@id\":\"https:\\\/\\\/paratyperte.com\\\/#website\"},\"primaryImageOfPage\":{\"@id\":\"https:\\\/\\\/paratyperte.com\\\/produto\\\/guarani-tribe-experience\\\/#primaryimage\"},\"image\":{\"@id\":\"https:\\\/\\\/paratyperte.com\\\/produto\\\/guarani-tribe-experience\\\/#primaryimage\"},\"thumbnailUrl\":\"https:\\\/\\\/paratyperte.com\\\/wp-content\\\/uploads\\\/2024\\\/03\\\/Design-sem-nome-1.jpg\",\"datePublished\":\"2024-03-27T16:22:45+00:00\",\"dateModified\":\"2024-06-19T21:18:36+00:00\",\"description\":\"Visita guiada \u00e0 tribo Guarani em Paraty. Uma experi\u00eancia imersiva na cultura ind\u00edgena que promove intera\u00e7\u00e3o profunda e viv\u00eancias aut\u00eanticas.\",\"breadcrumb\":{\"@id\":\"https:\\\/\\\/paratyperte.com\\\/produto\\\/guarani-tribe-experience\\\/#breadcrumb\"},\"inLanguage\":\"fr-FR\",\"potentialAction\":[{\"@type\":\"ReadAction\",\"target\":[\"https:\\\/\\\/paratyperte.com\\\/produto\\\/guarani-tribe-experience\\\/\"]}]},{\"@type\":\"ImageObject\",\"inLanguage\":\"fr-FR\",\"@id\":\"https:\\\/\\\/paratyperte.com\\\/produto\\\/guarani-tribe-experience\\\/#primaryimage\",\"url\":\"https:\\\/\\\/paratyperte.com\\\/wp-content\\\/uploads\\\/2024\\\/03\\\/Design-sem-nome-1.jpg\",\"contentUrl\":\"https:\\\/\\\/paratyperte.com\\\/wp-content\\\/uploads\\\/2024\\\/03\\\/Design-sem-nome-1.jpg\",\"width\":1000,\"height\":1500,\"caption\":\"Visita Guiada Tribo Guarani\"},{\"@type\":\"BreadcrumbList\",\"@id\":\"https:\\\/\\\/paratyperte.com\\\/produto\\\/guarani-tribe-experience\\\/#breadcrumb\",\"itemListElement\":[{\"@type\":\"ListItem\",\"position\":1,\"name\":\"In\u00edcio\",\"item\":\"https:\\\/\\\/paratyperte.com\\\/\"},{\"@type\":\"ListItem\",\"position\":2,\"name\":\"Produtos\",\"item\":\"https:\\\/\\\/paratyperte.com\\\/shop\\\/\"},{\"@type\":\"ListItem\",\"position\":3,\"name\":\"Guarani tribe experience\"}]},{\"@type\":\"WebSite\",\"@id\":\"https:\\\/\\\/paratyperte.com\\\/#website\",\"url\":\"https:\\\/\\\/paratyperte.com\\\/\",\"name\":\"Paraty Per Te\",\"description\":\"Ag\u00eancia de turismo em Paraty\",\"publisher\":{\"@id\":\"https:\\\/\\\/paratyperte.com\\\/#organization\"},\"potentialAction\":[{\"@type\":\"SearchAction\",\"target\":{\"@type\":\"EntryPoint\",\"urlTemplate\":\"https:\\\/\\\/paratyperte.com\\\/?s={search_term_string}\"},\"query-input\":{\"@type\":\"PropertyValueSpecification\",\"valueRequired\":true,\"valueName\":\"search_term_string\"}}],\"inLanguage\":\"fr-FR\"},{\"@type\":\"Organization\",\"@id\":\"https:\\\/\\\/paratyperte.com\\\/#organization\",\"name\":\"Paraty Per Te\",\"url\":\"https:\\\/\\\/paratyperte.com\\\/\",\"logo\":{\"@type\":\"ImageObject\",\"inLanguage\":\"fr-FR\",\"@id\":\"https:\\\/\\\/paratyperte.com\\\/#\\\/schema\\\/logo\\\/image\\\/\",\"url\":\"https:\\\/\\\/paratyperte.com\\\/wp-content\\\/uploads\\\/2024\\\/03\\\/cropped-PARATY-PER-TE-LOGO-SEM-FUNDO-1.png\",\"contentUrl\":\"https:\\\/\\\/paratyperte.com\\\/wp-content\\\/uploads\\\/2024\\\/03\\\/cropped-PARATY-PER-TE-LOGO-SEM-FUNDO-1.png\",\"width\":2644,\"height\":2147,\"caption\":\"Paraty Per Te\"},\"image\":{\"@id\":\"https:\\\/\\\/paratyperte.com\\\/#\\\/schema\\\/logo\\\/image\\\/\"},\"sameAs\":[\"https:\\\/\\\/www.facebook.com\\\/paratyperte\\\/\",\"https:\\\/\\\/www.tripadvisor.com.br\\\/ShowUserReviews-g303503-d24012638-r917170680-PARATY_PER_TE_TURISMO-Paraty_State_of_Rio_de_Janeiro.html\"]}]}<\/script>\n<!-- \/ Yoast SEO plugin. -->","yoast_head_json":{"title":"Guarani tribe experience - Paraty Per Te","description":"Visita guiada \u00e0 tribo Guarani em Paraty. Uma experi\u00eancia imersiva na cultura ind\u00edgena que promove intera\u00e7\u00e3o profunda e viv\u00eancias aut\u00eanticas.","robots":{"index":"index","follow":"follow","max-snippet":"max-snippet:-1","max-image-preview":"max-image-preview:large","max-video-preview":"max-video-preview:-1"},"canonical":"https:\/\/paratyperte.com\/fr\/produit\/guarani-tribe-experience\/","og_locale":"fr_FR","og_type":"article","og_title":"Guarani tribe experience - Paraty Per Te","og_description":"Visita guiada \u00e0 tribo Guarani em Paraty. Uma experi\u00eancia imersiva na cultura ind\u00edgena que promove intera\u00e7\u00e3o profunda e viv\u00eancias aut\u00eanticas.","og_url":"https:\/\/paratyperte.com\/fr\/produit\/guarani-tribe-experience\/","og_site_name":"Paraty Per Te","article_publisher":"https:\/\/www.facebook.com\/paratyperte\/","article_modified_time":"2024-06-19T21:18:36+00:00","og_image":[{"width":1000,"height":1500,"url":"https:\/\/paratyperte.com\/wp-content\/uploads\/2024\/03\/Design-sem-nome-1.jpg","type":"image\/jpeg"}],"twitter_card":"summary_large_image","twitter_misc":{"Dur\u00e9e de lecture estim\u00e9e":"1 minute"},"schema":{"@context":"https:\/\/schema.org","@graph":[{"@type":"WebPage","@id":"https:\/\/paratyperte.com\/produto\/guarani-tribe-experience\/","url":"https:\/\/paratyperte.com\/produto\/guarani-tribe-experience\/","name":"Guarani tribe experience - Paraty Per Te","isPartOf":{"@id":"https:\/\/paratyperte.com\/#website"},"primaryImageOfPage":{"@id":"https:\/\/paratyperte.com\/produto\/guarani-tribe-experience\/#primaryimage"},"image":{"@id":"https:\/\/paratyperte.com\/produto\/guarani-tribe-experience\/#primaryimage"},"thumbnailUrl":"https:\/\/paratyperte.com\/wp-content\/uploads\/2024\/03\/Design-sem-nome-1.jpg","datePublished":"2024-03-27T16:22:45+00:00","dateModified":"2024-06-19T21:18:36+00:00","description":"Visita guiada \u00e0 tribo Guarani em Paraty. Uma experi\u00eancia imersiva na cultura ind\u00edgena que promove intera\u00e7\u00e3o profunda e viv\u00eancias aut\u00eanticas.","breadcrumb":{"@id":"https:\/\/paratyperte.com\/produto\/guarani-tribe-experience\/#breadcrumb"},"inLanguage":"fr-FR","potentialAction":[{"@type":"ReadAction","target":["https:\/\/paratyperte.com\/produto\/guarani-tribe-experience\/"]}]},{"@type":"ImageObject","inLanguage":"fr-FR","@id":"https:\/\/paratyperte.com\/produto\/guarani-tribe-experience\/#primaryimage","url":"https:\/\/paratyperte.com\/wp-content\/uploads\/2024\/03\/Design-sem-nome-1.jpg","contentUrl":"https:\/\/paratyperte.com\/wp-content\/uploads\/2024\/03\/Design-sem-nome-1.jpg","width":1000,"height":1500,"caption":"Visita Guiada Tribo Guarani"},{"@type":"BreadcrumbList","@id":"https:\/\/paratyperte.com\/produto\/guarani-tribe-experience\/#breadcrumb","itemListElement":[{"@type":"ListItem","position":1,"name":"In\u00edcio","item":"https:\/\/paratyperte.com\/"},{"@type":"ListItem","position":2,"name":"Produtos","item":"https:\/\/paratyperte.com\/shop\/"},{"@type":"ListItem","position":3,"name":"Guarani tribe experience"}]},{"@type":"WebSite","@id":"https:\/\/paratyperte.com\/#website","url":"https:\/\/paratyperte.com\/","name":"Partie Par Te","description":"Agence de voyage \u00e0 Paraty","publisher":{"@id":"https:\/\/paratyperte.com\/#organization"},"potentialAction":[{"@type":"SearchAction","target":{"@type":"EntryPoint","urlTemplate":"https:\/\/paratyperte.com\/?s={search_term_string}"},"query-input":{"@type":"PropertyValueSpecification","valueRequired":true,"valueName":"search_term_string"}}],"inLanguage":"fr-FR"},{"@type":"Organization","@id":"https:\/\/paratyperte.com\/#organization","name":"Partie Par Te","url":"https:\/\/paratyperte.com\/","logo":{"@type":"ImageObject","inLanguage":"fr-FR","@id":"https:\/\/paratyperte.com\/#\/schema\/logo\/image\/","url":"https:\/\/paratyperte.com\/wp-content\/uploads\/2024\/03\/cropped-PARATY-PER-TE-LOGO-SEM-FUNDO-1.png","contentUrl":"https:\/\/paratyperte.com\/wp-content\/uploads\/2024\/03\/cropped-PARATY-PER-TE-LOGO-SEM-FUNDO-1.png","width":2644,"height":2147,"caption":"Paraty Per Te"},"image":{"@id":"https:\/\/paratyperte.com\/#\/schema\/logo\/image\/"},"sameAs":["https:\/\/www.facebook.com\/paratyperte\/","https:\/\/www.tripadvisor.com.br\/ShowUserReviews-g303503-d24012638-r917170680-PARATY_PER_TE_TURISMO-Paraty_State_of_Rio_de_Janeiro.html"]}]}},"_links":{"self":[{"href":"https:\/\/paratyperte.com\/fr\/wp-json\/wp\/v2\/product\/1505","targetHints":{"allow":["GET"]}}],"collection":[{"href":"https:\/\/paratyperte.com\/fr\/wp-json\/wp\/v2\/product"}],"about":[{"href":"https:\/\/paratyperte.com\/fr\/wp-json\/wp\/v2\/types\/product"}],"replies":[{"embeddable":true,"href":"https:\/\/paratyperte.com\/fr\/wp-json\/wp\/v2\/comments?post=1505"}],"wp:featuredmedia":[{"embeddable":true,"href":"https:\/\/paratyperte.com\/fr\/wp-json\/wp\/v2\/media\/1152"}],"wp:attachment":[{"href":"https:\/\/paratyperte.com\/fr\/wp-json\/wp\/v2\/media?parent=1505"}],"wp:term":[{"taxonomy":"product_brand","embeddable":true,"href":"https:\/\/paratyperte.com\/fr\/wp-json\/wp\/v2\/product_brand?post=1505"},{"taxonomy":"product_cat","embeddable":true,"href":"https:\/\/paratyperte.com\/fr\/wp-json\/wp\/v2\/product_cat?post=1505"},{"taxonomy":"product_tag","embeddable":true,"href":"https:\/\/paratyperte.com\/fr\/wp-json\/wp\/v2\/product_tag?post=1505"}],"curies":[{"name":"wp","href":"https:\/\/api.w.org\/{rel}","templated":true}]}}