{"id":2843,"date":"2026-05-10T17:58:38","date_gmt":"2026-05-10T20:58:38","guid":{"rendered":"https:\/\/paratyperte.com\/?page_id=2843"},"modified":"2026-05-10T18:02:23","modified_gmt":"2026-05-10T21:02:23","slug":"politica-de-cookies","status":"publish","type":"page","link":"https:\/\/paratyperte.com\/fr\/politica-de-cookies\/","title":{"rendered":"Pol\u00edtica de cookies"},"content":{"rendered":"<div data-elementor-type=\"wp-page\" data-elementor-id=\"2843\" class=\"elementor elementor-2843\" data-elementor-post-type=\"page\">\n\t\t\t\t<div class=\"elementor-element elementor-element-10923f1 e-flex e-con-boxed e-con e-parent\" data-id=\"10923f1\" data-element_type=\"container\" data-e-type=\"container\">\n\t\t\t\t\t<div class=\"e-con-inner\">\n\t\t\t\t<div class=\"elementor-element elementor-element-42fd06a elementor-widget elementor-widget-text-editor\" data-id=\"42fd06a\" data-element_type=\"widget\" data-e-type=\"widget\" data-widget_type=\"text-editor.default\">\n\t\t\t\t<div class=\"elementor-widget-container\">\n\t\t\t\t\t\t\t\t\t<h5 data-path-to-node=\"2\">Pol\u00edtica de Cookies<\/h5><p data-path-to-node=\"3\"><b data-path-to-node=\"3\" data-index-in-node=\"0\">\u00daltima atualiza\u00e7\u00e3o:<\/b> Maio de 2024<\/p><p data-path-to-node=\"4\">Esta Pol\u00edtica de Cookies explica como o site <b data-path-to-node=\"4\" data-index-in-node=\"45\">paratyperte.com<\/b> utiliza cookies e tecnologias semelhantes para reconhec\u00ea-lo quando voc\u00ea visita nossa plataforma. Ela detalha o que s\u00e3o essas tecnologias, por que as usamos e os seus direitos de controlar o nosso uso delas.<\/p><h5 data-path-to-node=\"5\">1. O que s\u00e3o Cookies?<\/h5><p data-path-to-node=\"6\">Cookies s\u00e3o pequenos arquivos de dados que s\u00e3o colocados no seu computador ou dispositivo m\u00f3vel quando voc\u00ea visita um site. Eles s\u00e3o amplamente utilizados pelos propriet\u00e1rios de sites para fazer com que seus sites funcionem, ou funcionem de forma mais eficiente, al\u00e9m de fornecer informa\u00e7\u00f5es de relat\u00f3rios.<\/p><ul data-path-to-node=\"7\"><li><p data-path-to-node=\"7,0,0\"><b data-path-to-node=\"7,0,0\" data-index-in-node=\"0\">Cookies Prim\u00e1rios:<\/b> Definidos diretamente pelo propriet\u00e1rio do site (paratyperte.com).<\/p><\/li><li><p data-path-to-node=\"7,1,0\"><b data-path-to-node=\"7,1,0\" data-index-in-node=\"0\">Cookies de Terceiros:<\/b> Definidos por parceiros e servi\u00e7os externos integrados ao site.<\/p><\/li><\/ul><h5 data-path-to-node=\"8\">2. Por que usamos Cookies?<\/h5><p data-path-to-node=\"9\">Usamos cookies por v\u00e1rios motivos t\u00e9cnicos e de experi\u00eancia:<\/p><ul data-path-to-node=\"10\"><li><p data-path-to-node=\"10,0,0\"><b data-path-to-node=\"10,0,0\" data-index-in-node=\"0\">Essenciais:<\/b> Necess\u00e1rios para que o site funcione corretamente (ex: navega\u00e7\u00e3o e acesso a \u00e1reas seguras).<\/p><\/li><li><p data-path-to-node=\"10,1,0\"><b data-path-to-node=\"10,1,0\" data-index-in-node=\"0\">Desempenho e Anal\u00edticos:<\/b> Para entender como os visitantes interagem com o site, coletando dados an\u00f4nimos que nos ajudam a melhorar nossos servi\u00e7os.<\/p><\/li><li><p data-path-to-node=\"10,2,0\"><b data-path-to-node=\"10,2,0\" data-index-in-node=\"0\">Funcionais:<\/b> Permitem que o site se lembre de suas escolhas (como idioma ou prefer\u00eancias).<\/p><\/li><li><p data-path-to-node=\"10,3,0\"><b data-path-to-node=\"10,3,0\" data-index-in-node=\"0\">Marketing:<\/b> Utilizados para exibir an\u00fancios relevantes aos seus interesses.<\/p><\/li><\/ul><h5 data-path-to-node=\"11\">3. Cookies de Terceiros<\/h5><p data-path-to-node=\"12\">Em alguns casos, utilizamos servi\u00e7os de terceiros confi\u00e1veis, tais como:<\/p><ul data-path-to-node=\"13\"><li><p data-path-to-node=\"13,0,0\"><b data-path-to-node=\"13,0,0\" data-index-in-node=\"0\">Google Analytics:<\/b> Para monitorar o tr\u00e1fego do site e entender o comportamento do usu\u00e1rio.<\/p><\/li><li><p data-path-to-node=\"13,1,0\"><b data-path-to-node=\"13,1,0\" data-index-in-node=\"0\">Redes Sociais:<\/b> Plugins e bot\u00f5es que permitem a intera\u00e7\u00e3o direta com suas redes sociais.<\/p><\/li><\/ul><h5 data-path-to-node=\"14\">4. Como voc\u00ea pode controlar os Cookies?<\/h5><p data-path-to-node=\"15\">Voc\u00ea tem o direito de decidir se aceita ou rejeita cookies. A maioria dos navegadores permite que voc\u00ea:<\/p><ul data-path-to-node=\"16\"><li><p data-path-to-node=\"16,0,0\">Visualize e apague cookies individualmente.<\/p><\/li><li><p data-path-to-node=\"16,1,0\">Bloqueie cookies de terceiros.<\/p><\/li><li><p data-path-to-node=\"16,2,0\">Bloqueie cookies de sites espec\u00edficos ou todos os cookies.<\/p><\/li><\/ul><p data-path-to-node=\"17\"><i data-path-to-node=\"17\" data-index-in-node=\"0\">Nota: Se voc\u00ea optar por recusar cookies essenciais, algumas funcionalidades do site paratyperte.com podem n\u00e3o funcionar corretamente.<\/i><\/p><h5 data-path-to-node=\"18\">5. Altera\u00e7\u00f5es nesta Pol\u00edtica<\/h5><p data-path-to-node=\"19\">Podemos atualizar esta pol\u00edtica periodicamente para refletir mudan\u00e7as operacionais, legais ou regulamentares. Recomendamos que voc\u00ea visite esta p\u00e1gina regularmente para se manter informado.<\/p><h5 data-path-to-node=\"20\">6. Contato<\/h5><p data-path-to-node=\"21\">Se tiver d\u00favidas sobre o uso de cookies em nossa plataforma, entre em contato atrav\u00e9s dos canais oficiais dispon\u00edveis no dom\u00ednio <b data-path-to-node=\"21\" data-index-in-node=\"129\">paratyperte.com<\/b>.<\/p>\t\t\t\t\t\t\t\t<\/div>\n\t\t\t\t<\/div>\n\t\t\t\t\t<\/div>\n\t\t\t\t<\/div>\n\t\t\t\t<\/div>","protected":false},"excerpt":{"rendered":"<p>Pol\u00edtica de Cookies \u00daltima atualiza\u00e7\u00e3o: Maio de 2024 Esta Pol\u00edtica de Cookies explica como o site paratyperte.com utiliza cookies e tecnologias semelhantes para reconhec\u00ea-lo quando voc\u00ea visita nossa plataforma. Ela detalha o que s\u00e3o essas tecnologias, por que as usamos e os seus direitos de controlar o nosso uso delas. 1. O que s\u00e3o Cookies? [&hellip;]<\/p>\n","protected":false},"author":1,"featured_media":0,"parent":0,"menu_order":0,"comment_status":"closed","ping_status":"closed","template":"","meta":{"_joinchat":[],"footnotes":""},"class_list":["post-2843","page","type-page","status-publish","hentry"],"yoast_head":"<!-- This site is optimized with the Yoast SEO plugin v27.5 - https:\/\/yoast.com\/product\/yoast-seo-wordpress\/ -->\n<title>Pol\u00edtica de cookies - Paraty Per Te<\/title>\n<meta name=\"robots\" content=\"index, follow, max-snippet:-1, max-image-preview:large, max-video-preview:-1\" \/>\n<link rel=\"canonical\" href=\"https:\/\/paratyperte.com\/fr\/politica-de-cookies\/\" \/>\n<meta property=\"og:locale\" content=\"fr_FR\" \/>\n<meta property=\"og:type\" content=\"article\" \/>\n<meta property=\"og:title\" content=\"Pol\u00edtica de cookies - Paraty Per Te\" \/>\n<meta property=\"og:description\" content=\"Pol\u00edtica de Cookies \u00daltima atualiza\u00e7\u00e3o: Maio de 2024 Esta Pol\u00edtica de Cookies explica como o site paratyperte.com utiliza cookies e tecnologias semelhantes para reconhec\u00ea-lo quando voc\u00ea visita nossa plataforma. Ela detalha o que s\u00e3o essas tecnologias, por que as usamos e os seus direitos de controlar o nosso uso delas. 1. O que s\u00e3o Cookies? [&hellip;]\" \/>\n<meta property=\"og:url\" content=\"https:\/\/paratyperte.com\/fr\/politica-de-cookies\/\" \/>\n<meta property=\"og:site_name\" content=\"Paraty Per Te\" \/>\n<meta property=\"article:publisher\" content=\"https:\/\/www.facebook.com\/paratyperte\/\" \/>\n<meta property=\"article:modified_time\" content=\"2026-05-10T21:02:23+00:00\" \/>\n<meta name=\"twitter:card\" content=\"summary_large_image\" \/>\n<meta name=\"twitter:label1\" content=\"Dur\u00e9e de lecture estim\u00e9e\" \/>\n\t<meta name=\"twitter:data1\" content=\"2 minutes\" \/>\n<script type=\"application\/ld+json\" class=\"yoast-schema-graph\">{\"@context\":\"https:\\\/\\\/schema.org\",\"@graph\":[{\"@type\":\"WebPage\",\"@id\":\"https:\\\/\\\/paratyperte.com\\\/politica-de-cookies\\\/\",\"url\":\"https:\\\/\\\/paratyperte.com\\\/politica-de-cookies\\\/\",\"name\":\"Pol\u00edtica de cookies - Paraty Per Te\",\"isPartOf\":{\"@id\":\"https:\\\/\\\/paratyperte.com\\\/#website\"},\"datePublished\":\"2026-05-10T20:58:38+00:00\",\"dateModified\":\"2026-05-10T21:02:23+00:00\",\"breadcrumb\":{\"@id\":\"https:\\\/\\\/paratyperte.com\\\/politica-de-cookies\\\/#breadcrumb\"},\"inLanguage\":\"fr-FR\",\"potentialAction\":[{\"@type\":\"ReadAction\",\"target\":[\"https:\\\/\\\/paratyperte.com\\\/politica-de-cookies\\\/\"]}]},{\"@type\":\"BreadcrumbList\",\"@id\":\"https:\\\/\\\/paratyperte.com\\\/politica-de-cookies\\\/#breadcrumb\",\"itemListElement\":[{\"@type\":\"ListItem\",\"position\":1,\"name\":\"In\u00edcio\",\"item\":\"https:\\\/\\\/paratyperte.com\\\/\"},{\"@type\":\"ListItem\",\"position\":2,\"name\":\"Pol\u00edtica de cookies\"}]},{\"@type\":\"WebSite\",\"@id\":\"https:\\\/\\\/paratyperte.com\\\/#website\",\"url\":\"https:\\\/\\\/paratyperte.com\\\/\",\"name\":\"Paraty Per Te\",\"description\":\"Ag\u00eancia de turismo em Paraty\",\"publisher\":{\"@id\":\"https:\\\/\\\/paratyperte.com\\\/#organization\"},\"potentialAction\":[{\"@type\":\"SearchAction\",\"target\":{\"@type\":\"EntryPoint\",\"urlTemplate\":\"https:\\\/\\\/paratyperte.com\\\/?s={search_term_string}\"},\"query-input\":{\"@type\":\"PropertyValueSpecification\",\"valueRequired\":true,\"valueName\":\"search_term_string\"}}],\"inLanguage\":\"fr-FR\"},{\"@type\":\"Organization\",\"@id\":\"https:\\\/\\\/paratyperte.com\\\/#organization\",\"name\":\"Paraty Per Te\",\"url\":\"https:\\\/\\\/paratyperte.com\\\/\",\"logo\":{\"@type\":\"ImageObject\",\"inLanguage\":\"fr-FR\",\"@id\":\"https:\\\/\\\/paratyperte.com\\\/#\\\/schema\\\/logo\\\/image\\\/\",\"url\":\"https:\\\/\\\/paratyperte.com\\\/wp-content\\\/uploads\\\/2024\\\/03\\\/cropped-PARATY-PER-TE-LOGO-SEM-FUNDO-1.png\",\"contentUrl\":\"https:\\\/\\\/paratyperte.com\\\/wp-content\\\/uploads\\\/2024\\\/03\\\/cropped-PARATY-PER-TE-LOGO-SEM-FUNDO-1.png\",\"width\":2644,\"height\":2147,\"caption\":\"Paraty Per Te\"},\"image\":{\"@id\":\"https:\\\/\\\/paratyperte.com\\\/#\\\/schema\\\/logo\\\/image\\\/\"},\"sameAs\":[\"https:\\\/\\\/www.facebook.com\\\/paratyperte\\\/\",\"https:\\\/\\\/www.tripadvisor.com.br\\\/ShowUserReviews-g303503-d24012638-r917170680-PARATY_PER_TE_TURISMO-Paraty_State_of_Rio_de_Janeiro.html\"]}]}<\/script>\n<!-- \/ Yoast SEO plugin. -->","yoast_head_json":{"title":"Pol\u00edtica de cookies - Paraty Per Te","robots":{"index":"index","follow":"follow","max-snippet":"max-snippet:-1","max-image-preview":"max-image-preview:large","max-video-preview":"max-video-preview:-1"},"canonical":"https:\/\/paratyperte.com\/fr\/politica-de-cookies\/","og_locale":"fr_FR","og_type":"article","og_title":"Pol\u00edtica de cookies - Paraty Per Te","og_description":"Pol\u00edtica de Cookies \u00daltima atualiza\u00e7\u00e3o: Maio de 2024 Esta Pol\u00edtica de Cookies explica como o site paratyperte.com utiliza cookies e tecnologias semelhantes para reconhec\u00ea-lo quando voc\u00ea visita nossa plataforma. Ela detalha o que s\u00e3o essas tecnologias, por que as usamos e os seus direitos de controlar o nosso uso delas. 1. O que s\u00e3o Cookies? [&hellip;]","og_url":"https:\/\/paratyperte.com\/fr\/politica-de-cookies\/","og_site_name":"Paraty Per Te","article_publisher":"https:\/\/www.facebook.com\/paratyperte\/","article_modified_time":"2026-05-10T21:02:23+00:00","twitter_card":"summary_large_image","twitter_misc":{"Dur\u00e9e de lecture estim\u00e9e":"2 minutes"},"schema":{"@context":"https:\/\/schema.org","@graph":[{"@type":"WebPage","@id":"https:\/\/paratyperte.com\/politica-de-cookies\/","url":"https:\/\/paratyperte.com\/politica-de-cookies\/","name":"Pol\u00edtica de cookies - Paraty Per Te","isPartOf":{"@id":"https:\/\/paratyperte.com\/#website"},"datePublished":"2026-05-10T20:58:38+00:00","dateModified":"2026-05-10T21:02:23+00:00","breadcrumb":{"@id":"https:\/\/paratyperte.com\/politica-de-cookies\/#breadcrumb"},"inLanguage":"fr-FR","potentialAction":[{"@type":"ReadAction","target":["https:\/\/paratyperte.com\/politica-de-cookies\/"]}]},{"@type":"BreadcrumbList","@id":"https:\/\/paratyperte.com\/politica-de-cookies\/#breadcrumb","itemListElement":[{"@type":"ListItem","position":1,"name":"In\u00edcio","item":"https:\/\/paratyperte.com\/"},{"@type":"ListItem","position":2,"name":"Pol\u00edtica de cookies"}]},{"@type":"WebSite","@id":"https:\/\/paratyperte.com\/#website","url":"https:\/\/paratyperte.com\/","name":"Partie Par Te","description":"Agence de voyage \u00e0 Paraty","publisher":{"@id":"https:\/\/paratyperte.com\/#organization"},"potentialAction":[{"@type":"SearchAction","target":{"@type":"EntryPoint","urlTemplate":"https:\/\/paratyperte.com\/?s={search_term_string}"},"query-input":{"@type":"PropertyValueSpecification","valueRequired":true,"valueName":"search_term_string"}}],"inLanguage":"fr-FR"},{"@type":"Organization","@id":"https:\/\/paratyperte.com\/#organization","name":"Partie Par Te","url":"https:\/\/paratyperte.com\/","logo":{"@type":"ImageObject","inLanguage":"fr-FR","@id":"https:\/\/paratyperte.com\/#\/schema\/logo\/image\/","url":"https:\/\/paratyperte.com\/wp-content\/uploads\/2024\/03\/cropped-PARATY-PER-TE-LOGO-SEM-FUNDO-1.png","contentUrl":"https:\/\/paratyperte.com\/wp-content\/uploads\/2024\/03\/cropped-PARATY-PER-TE-LOGO-SEM-FUNDO-1.png","width":2644,"height":2147,"caption":"Paraty Per Te"},"image":{"@id":"https:\/\/paratyperte.com\/#\/schema\/logo\/image\/"},"sameAs":["https:\/\/www.facebook.com\/paratyperte\/","https:\/\/www.tripadvisor.com.br\/ShowUserReviews-g303503-d24012638-r917170680-PARATY_PER_TE_TURISMO-Paraty_State_of_Rio_de_Janeiro.html"]}]}},"_links":{"self":[{"href":"https:\/\/paratyperte.com\/fr\/wp-json\/wp\/v2\/pages\/2843","targetHints":{"allow":["GET"]}}],"collection":[{"href":"https:\/\/paratyperte.com\/fr\/wp-json\/wp\/v2\/pages"}],"about":[{"href":"https:\/\/paratyperte.com\/fr\/wp-json\/wp\/v2\/types\/page"}],"author":[{"embeddable":true,"href":"https:\/\/paratyperte.com\/fr\/wp-json\/wp\/v2\/users\/1"}],"replies":[{"embeddable":true,"href":"https:\/\/paratyperte.com\/fr\/wp-json\/wp\/v2\/comments?post=2843"}],"version-history":[{"count":0,"href":"https:\/\/paratyperte.com\/fr\/wp-json\/wp\/v2\/pages\/2843\/revisions"}],"wp:attachment":[{"href":"https:\/\/paratyperte.com\/fr\/wp-json\/wp\/v2\/media?parent=2843"}],"curies":[{"name":"wp","href":"https:\/\/api.w.org\/{rel}","templated":true}]}}