{"id":1725,"date":"2024-04-03T14:18:28","date_gmt":"2024-04-03T17:18:28","guid":{"rendered":"https:\/\/paratyperte.com\/?page_id=1725"},"modified":"2024-05-07T13:42:23","modified_gmt":"2024-05-07T16:42:23","slug":"fogo","status":"publish","type":"page","link":"https:\/\/paratyperte.com\/fr\/fogo\/","title":{"rendered":"FOGO"},"content":{"rendered":"<style>.elementor-1725 .elementor-element.elementor-element-b7a27cc > .elementor-container{max-width:720px;}.elementor-1725 .elementor-element.elementor-element-b7a27cc:not(.elementor-motion-effects-element-type-background), .elementor-1725 .elementor-element.elementor-element-b7a27cc > .elementor-motion-effects-container > .elementor-motion-effects-layer{background-image:url(\"https:\/\/paratyperte.com\/wp-content\/uploads\/2024\/03\/tripsz_paraty.jpg-1.webp\");background-position:bottom left;background-repeat:no-repeat;background-size:cover;}.elementor-1725 .elementor-element.elementor-element-b7a27cc > .elementor-background-overlay{background-color:transparent;background-image:linear-gradient(180deg, #00000000 0%, #000000E3 100%);opacity:1;transition:background 0.3s, border-radius 0.3s, opacity 0.3s;}.elementor-1725 .elementor-element.elementor-element-b7a27cc{transition:background 0.3s, border 0.3s, border-radius 0.3s, box-shadow 0.3s;padding:250px 0px 180px 0px;}.elementor-1725 .elementor-element.elementor-element-1d8068e.elementor-column > .elementor-widget-wrap{justify-content:center;}.elementor-1725 .elementor-element.elementor-element-1d8068e > .elementor-element-populated{padding:0% 12% 0% 12%;}.elementor-1725 .elementor-element.elementor-element-c06822d{text-align:center;}.elementor-1725 .elementor-element.elementor-element-c06822d .elementor-heading-title{font-family:\"Poppins\";font-size:60px;font-weight:600;color:#FFFFFF;}.elementor-1725 .elementor-element.elementor-element-60c65c4{--display:flex;--padding-top:40px;--padding-bottom:60px;--padding-left:20px;--padding-right:20px;}.elementor-1725 .elementor-element.elementor-element-a9f0fe5 .jkit-product-grid{--product-grid-column:4;}.elementor-1725 .elementor-element.elementor-element-a9f0fe5 .jeg-elementor-kit.jkit-product-grid .jkit-products, .elementor-1725 .elementor-element.elementor-element-a9f0fe5 .jeg-elementor-kit.jkit-product-carousel .jkit-products .button{text-align:center;}.elementor-1725 .elementor-element.elementor-element-a9f0fe5 .jeg-elementor-kit.jkit-product-grid .star-rating{--rating-margin-center:0;font-size:13px;}.elementor-1725 .elementor-element.elementor-element-a9f0fe5 .jeg-elementor-kit.jkit-product-grid .product-image{border-radius:20px 20px 20px 20px;}.elementor-1725 .elementor-element.elementor-element-a9f0fe5 .jeg-elementor-kit.jkit-product-grid .woocommerce ul.products li.product .product-link span.onsale{right:8px;top:9px;--jkit-onsale-gap:5px;}.elementor-1725 .elementor-element.elementor-element-a9f0fe5 .jeg-elementor-kit.jkit-product-grid .product-title{font-family:\"Poppins\";font-size:18px;text-transform:uppercase;line-height:19px;}.elementor-1725 .elementor-element.elementor-element-a9f0fe5 .jeg-elementor-kit.jkit-postblock .jeg_empty_module{text-align:left;}:root{--page-title-display:none;}@media(max-width:1024px){.elementor-1725 .elementor-element.elementor-element-b7a27cc{padding:14em 0em 7em 0em;}.elementor-1725 .elementor-element.elementor-element-1d8068e > .elementor-element-populated{padding:0% 0% 0% 0%;}.elementor-1725 .elementor-element.elementor-element-c06822d > .elementor-widget-container{padding:0% 8% 0% 8%;}.elementor-1725 .elementor-element.elementor-element-a9f0fe5 .jkit-product-grid{--product-grid-column:3;}}@media(max-width:767px){.elementor-1725 .elementor-element.elementor-element-b7a27cc{padding:200px 0px 100px 0px;}.elementor-1725 .elementor-element.elementor-element-1d8068e > .elementor-element-populated{padding:0px 0px 0px 0px;}.elementor-1725 .elementor-element.elementor-element-c06822d .elementor-heading-title{font-size:45px;}.elementor-1725 .elementor-element.elementor-element-c06822d > .elementor-widget-container{padding:0% 0% 0% 0%;}.elementor-1725 .elementor-element.elementor-element-a9f0fe5 .jkit-product-grid{--product-grid-column:1;}.elementor-1725 .elementor-element.elementor-element-a9f0fe5 .jeg-elementor-kit.jkit-product-grid .jkit-products, .elementor-1725 .elementor-element.elementor-element-a9f0fe5 .jeg-elementor-kit.jkit-product-carousel .jkit-products .button{text-align:center;}.elementor-1725 .elementor-element.elementor-element-a9f0fe5 .jeg-elementor-kit.jkit-product-grid .star-rating{--rating-margin-center:0;}}<\/style>\t\t<div data-elementor-type=\"wp-page\" data-elementor-id=\"1725\" class=\"elementor elementor-1725\" data-elementor-post-type=\"page\">\n\t\t\t\t\t\t<section class=\"elementor-section elementor-top-section elementor-element elementor-element-b7a27cc elementor-section-boxed elementor-section-height-default elementor-section-height-default\" data-id=\"b7a27cc\" data-element_type=\"section\" data-e-type=\"section\" data-settings=\"{&quot;background_background&quot;:&quot;classic&quot;}\">\n\t\t\t\t\t\t\t<div class=\"elementor-background-overlay\"><\/div>\n\t\t\t\t\t\t\t<div class=\"elementor-container elementor-column-gap-default\">\n\t\t\t\t\t<div class=\"elementor-column elementor-col-100 elementor-top-column elementor-element elementor-element-1d8068e\" data-id=\"1d8068e\" data-element_type=\"column\" data-e-type=\"column\">\n\t\t\t<div class=\"elementor-widget-wrap elementor-element-populated\">\n\t\t\t\t\t\t<div class=\"elementor-element elementor-element-c06822d elementor-invisible elementor-widget elementor-widget-heading\" data-id=\"c06822d\" data-element_type=\"widget\" data-e-type=\"widget\" data-settings=\"{&quot;_animation&quot;:&quot;fadeInUp&quot;}\" data-widget_type=\"heading.default\">\n\t\t\t\t<div class=\"elementor-widget-container\">\n\t\t\t\t\t<h1 class=\"elementor-heading-title elementor-size-default\">FOGO<\/h1>\t\t\t\t<\/div>\n\t\t\t\t<\/div>\n\t\t\t\t\t<\/div>\n\t\t<\/div>\n\t\t\t\t\t<\/div>\n\t\t<\/section>\n\t\t<div class=\"elementor-element elementor-element-60c65c4 e-flex e-con-boxed e-con e-parent\" data-id=\"60c65c4\" data-element_type=\"container\" data-e-type=\"container\">\n\t\t\t\t\t<div class=\"e-con-inner\">\n\t\t\t\t<div class=\"elementor-element elementor-element-a9f0fe5 elementor-widget elementor-widget-jkit_product_grid\" data-id=\"a9f0fe5\" data-element_type=\"widget\" data-e-type=\"widget\" data-widget_type=\"jkit_product_grid.default\">\n\t\t\t\t<div class=\"elementor-widget-container\">\n\t\t\t\t\t<div  class=\"jeg-elementor-kit jkit-product-grid jkit-pagination-disable post-element jeg_module___69d7443ae617c\"  data-id=\"jeg_module___69d7443ae617c\" data-settings=\"{&quot;sg_content_column&quot;:4,&quot;sg_content_show_element&quot;:&quot;image,title&quot;,&quot;sg_content_show_button&quot;:&quot;&quot;,&quot;sg_content_sorting&quot;:&quot;&quot;,&quot;sg_content_image_heading&quot;:&quot;&quot;,&quot;sg_content_image_size&quot;:&quot;&quot;,&quot;sg_content_sale&quot;:&quot;&quot;,&quot;sg_content_percentage&quot;:&quot;&quot;,&quot;number_post&quot;:{&quot;unit&quot;:&quot;px&quot;,&quot;size&quot;:36,&quot;sizes&quot;:[]},&quot;post_offset&quot;:0,&quot;wc_include_post&quot;:&quot;&quot;,&quot;wc_exclude_post&quot;:&quot;&quot;,&quot;wc_include_category&quot;:&quot;48&quot;,&quot;wc_exclude_category&quot;:&quot;&quot;,&quot;wc_include_tag&quot;:&quot;&quot;,&quot;wc_exclude_tag&quot;:&quot;&quot;,&quot;sort_by&quot;:&quot;alphabet_asc&quot;,&quot;pagination_mode&quot;:&quot;disable&quot;,&quot;pagination_loadmore_text&quot;:&quot;Load More&quot;,&quot;pagination_loading_text&quot;:&quot;Loading...&quot;,&quot;pagination_number_post&quot;:{&quot;unit&quot;:&quot;px&quot;,&quot;size&quot;:4,&quot;sizes&quot;:[]},&quot;pagination_scroll_limit&quot;:0,&quot;pagination_icon&quot;:{&quot;value&quot;:&quot;&quot;,&quot;library&quot;:&quot;&quot;},&quot;pagination_icon_position&quot;:&quot;before&quot;,&quot;sg_content_image_size_imagesize_size&quot;:&quot;woocommerce_thumbnail&quot;,&quot;post_type&quot;:&quot;product&quot;,&quot;paged&quot;:1,&quot;class&quot;:&quot;jkit_product_grid&quot;}\"><div class=\"jkit-block-container\"><div class=\"woocommerce\"><ul class=\"products jkit-products jkit-align-left\"><li class=\"product type-product post-1505 status-publish first instock product_cat-fogo product_cat-turismo-eco-criativo product_tag-tribo-guarani product_tag-trilha product_tag-visita-guiada-na-tribo-guarani product_tag-visita-guiada-tribo-guarani has-post-thumbnail virtual purchasable product-type-simple jkit-product-block\"><a href=\"https:\/\/paratyperte.com\/fr\/produit\/guarani-tribe-experience\/\" class=\"jkit-product\"><div class=\"product-link\"><img fetchpriority=\"high\" decoding=\"async\" width=\"300\" height=\"300\" src=\"https:\/\/paratyperte.com\/wp-content\/uploads\/2024\/03\/Design-sem-nome-1-300x300.jpg\" class=\"wp-post-image product-image\" alt=\"Visite Guid\u00e9e De La Tribu Guarani\" srcset=\"https:\/\/paratyperte.com\/wp-content\/uploads\/2024\/03\/Design-sem-nome-1-300x300.jpg 300w, https:\/\/paratyperte.com\/wp-content\/uploads\/2024\/03\/Design-sem-nome-1-100x100.jpg 100w, https:\/\/paratyperte.com\/wp-content\/uploads\/2024\/03\/Design-sem-nome-1-150x150.jpg 150w\" sizes=\"(max-width: 300px) 100vw, 300px\" \/><\/div><h2 class=\"product-title\">Guarani tribe experience<\/h2><\/a><\/li><li class=\"product type-product post-1995 status-publish instock product_cat-fogo product_tag-aula-de-ceramicas product_tag-desenho product_tag-inspiracao-criativa product_tag-pintura has-post-thumbnail virtual purchasable product-type-simple jkit-product-block\"><a href=\"https:\/\/paratyperte.com\/fr\/produit\/inspiracao-criativa\/\" class=\"jkit-product\"><div class=\"product-link\"><img decoding=\"async\" width=\"300\" height=\"300\" data-src=\"https:\/\/paratyperte.com\/wp-content\/uploads\/2024\/03\/Design-sem-nome-94-300x300.jpg\" class=\"wp-post-image product-image lazyload\" alt=\"Visite Culturelle, Artistique, Cr\u00e9atif\" data-srcset=\"https:\/\/paratyperte.com\/wp-content\/uploads\/2024\/03\/Design-sem-nome-94-300x300.jpg 300w, https:\/\/paratyperte.com\/wp-content\/uploads\/2024\/03\/Design-sem-nome-94-100x100.jpg 100w, https:\/\/paratyperte.com\/wp-content\/uploads\/2024\/03\/Design-sem-nome-94-150x150.jpg 150w\" data-sizes=\"(max-width: 300px) 100vw, 300px\" src=\"data:image\/svg+xml;base64,PHN2ZyB3aWR0aD0iMSIgaGVpZ2h0PSIxIiB4bWxucz0iaHR0cDovL3d3dy53My5vcmcvMjAwMC9zdmciPjwvc3ZnPg==\" style=\"--smush-placeholder-width: 300px; --smush-placeholder-aspect-ratio: 300\/300;\" \/><\/div><h2 class=\"product-title\">L&#039;Inspiration Cr\u00e9atrice.<\/h2><\/a><\/li><li class=\"product type-product post-1994 status-publish instock product_cat-fogo product_tag-culinaria-de-paraty product_tag-gastronomia-de-pararty product_tag-sabores-de-paraty has-post-thumbnail virtual purchasable product-type-simple jkit-product-block\"><a href=\"https:\/\/paratyperte.com\/fr\/produit\/sabores-de-paraty\/\" class=\"jkit-product\"><div class=\"product-link\"><img decoding=\"async\" width=\"300\" height=\"300\" data-src=\"https:\/\/paratyperte.com\/wp-content\/uploads\/2024\/03\/Design-sem-nome-77-300x300.jpg\" class=\"wp-post-image product-image lazyload\" alt=\"Saveurs de Paraty\" data-srcset=\"https:\/\/paratyperte.com\/wp-content\/uploads\/2024\/03\/Design-sem-nome-77-300x300.jpg 300w, https:\/\/paratyperte.com\/wp-content\/uploads\/2024\/03\/Design-sem-nome-77-100x100.jpg 100w, https:\/\/paratyperte.com\/wp-content\/uploads\/2024\/03\/Design-sem-nome-77-150x150.jpg 150w\" data-sizes=\"(max-width: 300px) 100vw, 300px\" src=\"data:image\/svg+xml;base64,PHN2ZyB3aWR0aD0iMSIgaGVpZ2h0PSIxIiB4bWxucz0iaHR0cDovL3d3dy53My5vcmcvMjAwMC9zdmciPjwvc3ZnPg==\" style=\"--smush-placeholder-width: 300px; --smush-placeholder-aspect-ratio: 300\/300;\" \/><\/div><h2 class=\"product-title\">Saveurs de Paraty<\/h2><\/a><\/li><li class=\"product type-product post-2587 status-publish last instock product_cat-fogo product_cat-turismo-eco-criativo has-post-thumbnail shipping-taxable product-type-simple jkit-product-block\"><a href=\"https:\/\/paratyperte.com\/fr\/produit\/vivencia-caicara\/\" class=\"jkit-product\"><div class=\"product-link\"><img decoding=\"async\" width=\"300\" height=\"300\" data-src=\"https:\/\/paratyperte.com\/wp-content\/uploads\/2024\/05\/churrasco_caicara_paraty-1-300x300.jpg\" class=\"wp-post-image product-image lazyload\" alt=\"l&#039;exp\u00e9rience du centre de\" data-srcset=\"https:\/\/paratyperte.com\/wp-content\/uploads\/2024\/05\/churrasco_caicara_paraty-1-300x300.jpg 300w, https:\/\/paratyperte.com\/wp-content\/uploads\/2024\/05\/churrasco_caicara_paraty-1-150x150.jpg 150w, https:\/\/paratyperte.com\/wp-content\/uploads\/2024\/05\/churrasco_caicara_paraty-1-100x100.jpg 100w\" data-sizes=\"(max-width: 300px) 100vw, 300px\" src=\"data:image\/svg+xml;base64,PHN2ZyB3aWR0aD0iMSIgaGVpZ2h0PSIxIiB4bWxucz0iaHR0cDovL3d3dy53My5vcmcvMjAwMC9zdmciPjwvc3ZnPg==\" style=\"--smush-placeholder-width: 300px; --smush-placeholder-aspect-ratio: 300\/300;\" \/><\/div><h2 class=\"product-title\">Exp\u00e9rience Cai\u00e7ara<\/h2><\/a><\/li><\/ul><\/div><\/div><\/div>\t\t\t\t<\/div>\n\t\t\t\t<\/div>\n\t\t\t\t\t<\/div>\n\t\t\t\t<\/div>\n\t\t\t\t<\/div>","protected":false},"excerpt":{"rendered":"<p>FOGO Guarani tribe experience Inspira\u00e7\u00e3o Criativa Sabores de Paraty Tour Cultural Art\u00edstico Criativo<\/p>","protected":false},"author":1,"featured_media":927,"parent":0,"menu_order":0,"comment_status":"closed","ping_status":"closed","template":"","meta":{"_joinchat":[],"footnotes":""},"class_list":["post-1725","page","type-page","status-publish","has-post-thumbnail","hentry"],"yoast_head":"<!-- This site is optimized with the Yoast SEO plugin v27.3 - https:\/\/yoast.com\/product\/yoast-seo-wordpress\/ -->\n<title>FOGO - Paraty Per Te<\/title>\n<meta name=\"description\" content=\"Ag\u00eancia de turismo eco-criativo em Paraty com a Paraty Per Te Turismo. Explore nossas experi\u00eancias \u00fanicas e conecte-se com a natureza, hist\u00f3ria e tradi\u00e7\u00f5es locais.\" \/>\n<meta name=\"robots\" content=\"index, follow, max-snippet:-1, max-image-preview:large, max-video-preview:-1\" \/>\n<link rel=\"canonical\" href=\"https:\/\/paratyperte.com\/fr\/fogo\/\" \/>\n<meta property=\"og:locale\" content=\"fr_FR\" \/>\n<meta property=\"og:type\" content=\"article\" \/>\n<meta property=\"og:title\" content=\"FOGO - Paraty Per Te\" \/>\n<meta property=\"og:description\" content=\"Ag\u00eancia de turismo eco-criativo em Paraty com a Paraty Per Te Turismo. Explore nossas experi\u00eancias \u00fanicas e conecte-se com a natureza, hist\u00f3ria e tradi\u00e7\u00f5es locais.\" \/>\n<meta property=\"og:url\" content=\"https:\/\/paratyperte.com\/fr\/fogo\/\" \/>\n<meta property=\"og:site_name\" content=\"Paraty Per Te\" \/>\n<meta property=\"article:publisher\" content=\"https:\/\/www.facebook.com\/paratyperte\/\" \/>\n<meta property=\"article:modified_time\" content=\"2024-05-07T16:42:23+00:00\" \/>\n<meta property=\"og:image\" content=\"https:\/\/paratyperte.com\/wp-content\/uploads\/2024\/03\/Design-sem-nome-83.jpg\" \/>\n\t<meta property=\"og:image:width\" content=\"500\" \/>\n\t<meta property=\"og:image:height\" content=\"500\" \/>\n\t<meta property=\"og:image:type\" content=\"image\/jpeg\" \/>\n<meta name=\"twitter:card\" content=\"summary_large_image\" \/>\n<meta name=\"twitter:label1\" content=\"Dur\u00e9e de lecture estim\u00e9e\" \/>\n\t<meta name=\"twitter:data1\" content=\"1 minute\" \/>\n<script type=\"application\/ld+json\" class=\"yoast-schema-graph\">{\"@context\":\"https:\\\/\\\/schema.org\",\"@graph\":[{\"@type\":\"WebPage\",\"@id\":\"https:\\\/\\\/paratyperte.com\\\/fogo\\\/\",\"url\":\"https:\\\/\\\/paratyperte.com\\\/fogo\\\/\",\"name\":\"FOGO - Paraty Per Te\",\"isPartOf\":{\"@id\":\"https:\\\/\\\/paratyperte.com\\\/#website\"},\"primaryImageOfPage\":{\"@id\":\"https:\\\/\\\/paratyperte.com\\\/fogo\\\/#primaryimage\"},\"image\":{\"@id\":\"https:\\\/\\\/paratyperte.com\\\/fogo\\\/#primaryimage\"},\"thumbnailUrl\":\"https:\\\/\\\/paratyperte.com\\\/wp-content\\\/uploads\\\/2024\\\/03\\\/Design-sem-nome-83.jpg\",\"datePublished\":\"2024-04-03T17:18:28+00:00\",\"dateModified\":\"2024-05-07T16:42:23+00:00\",\"description\":\"Ag\u00eancia de turismo eco-criativo em Paraty com a Paraty Per Te Turismo. Explore nossas experi\u00eancias \u00fanicas e conecte-se com a natureza, hist\u00f3ria e tradi\u00e7\u00f5es locais.\",\"breadcrumb\":{\"@id\":\"https:\\\/\\\/paratyperte.com\\\/fogo\\\/#breadcrumb\"},\"inLanguage\":\"fr-FR\",\"potentialAction\":[{\"@type\":\"ReadAction\",\"target\":[\"https:\\\/\\\/paratyperte.com\\\/fogo\\\/\"]}]},{\"@type\":\"ImageObject\",\"inLanguage\":\"fr-FR\",\"@id\":\"https:\\\/\\\/paratyperte.com\\\/fogo\\\/#primaryimage\",\"url\":\"https:\\\/\\\/paratyperte.com\\\/wp-content\\\/uploads\\\/2024\\\/03\\\/Design-sem-nome-83.jpg\",\"contentUrl\":\"https:\\\/\\\/paratyperte.com\\\/wp-content\\\/uploads\\\/2024\\\/03\\\/Design-sem-nome-83.jpg\",\"width\":500,\"height\":500,\"caption\":\"PARATY PER TE\"},{\"@type\":\"BreadcrumbList\",\"@id\":\"https:\\\/\\\/paratyperte.com\\\/fogo\\\/#breadcrumb\",\"itemListElement\":[{\"@type\":\"ListItem\",\"position\":1,\"name\":\"In\u00edcio\",\"item\":\"https:\\\/\\\/paratyperte.com\\\/\"},{\"@type\":\"ListItem\",\"position\":2,\"name\":\"FOGO\"}]},{\"@type\":\"WebSite\",\"@id\":\"https:\\\/\\\/paratyperte.com\\\/#website\",\"url\":\"https:\\\/\\\/paratyperte.com\\\/\",\"name\":\"Paraty Per Te\",\"description\":\"Ag\u00eancia de turismo em Paraty\",\"publisher\":{\"@id\":\"https:\\\/\\\/paratyperte.com\\\/#organization\"},\"potentialAction\":[{\"@type\":\"SearchAction\",\"target\":{\"@type\":\"EntryPoint\",\"urlTemplate\":\"https:\\\/\\\/paratyperte.com\\\/?s={search_term_string}\"},\"query-input\":{\"@type\":\"PropertyValueSpecification\",\"valueRequired\":true,\"valueName\":\"search_term_string\"}}],\"inLanguage\":\"fr-FR\"},{\"@type\":\"Organization\",\"@id\":\"https:\\\/\\\/paratyperte.com\\\/#organization\",\"name\":\"Paraty Per Te\",\"url\":\"https:\\\/\\\/paratyperte.com\\\/\",\"logo\":{\"@type\":\"ImageObject\",\"inLanguage\":\"fr-FR\",\"@id\":\"https:\\\/\\\/paratyperte.com\\\/#\\\/schema\\\/logo\\\/image\\\/\",\"url\":\"https:\\\/\\\/paratyperte.com\\\/wp-content\\\/uploads\\\/2024\\\/03\\\/cropped-PARATY-PER-TE-LOGO-SEM-FUNDO-1.png\",\"contentUrl\":\"https:\\\/\\\/paratyperte.com\\\/wp-content\\\/uploads\\\/2024\\\/03\\\/cropped-PARATY-PER-TE-LOGO-SEM-FUNDO-1.png\",\"width\":2644,\"height\":2147,\"caption\":\"Paraty Per Te\"},\"image\":{\"@id\":\"https:\\\/\\\/paratyperte.com\\\/#\\\/schema\\\/logo\\\/image\\\/\"},\"sameAs\":[\"https:\\\/\\\/www.facebook.com\\\/paratyperte\\\/\",\"https:\\\/\\\/www.tripadvisor.com.br\\\/ShowUserReviews-g303503-d24012638-r917170680-PARATY_PER_TE_TURISMO-Paraty_State_of_Rio_de_Janeiro.html\"]}]}<\/script>\n<!-- \/ Yoast SEO plugin. -->","yoast_head_json":{"title":"FOGO - Paraty Per Te","description":"L&#039;agence du tourisme, de l&#039;\u00e9co-cr\u00e9ativit\u00e9 avec le C\u00f4t\u00e9 Par Vous de la Tourn\u00e9e. \u00c0 la d\u00e9couverte de notre exp\u00e9rience unique et se connecter avec la nature, l&#039;histoire et les traditions de la population locale.","robots":{"index":"index","follow":"follow","max-snippet":"max-snippet:-1","max-image-preview":"max-image-preview:large","max-video-preview":"max-video-preview:-1"},"canonical":"https:\/\/paratyperte.com\/fr\/fogo\/","og_locale":"fr_FR","og_type":"article","og_title":"FOGO - Paraty Per Te","og_description":"Ag\u00eancia de turismo eco-criativo em Paraty com a Paraty Per Te Turismo. Explore nossas experi\u00eancias \u00fanicas e conecte-se com a natureza, hist\u00f3ria e tradi\u00e7\u00f5es locais.","og_url":"https:\/\/paratyperte.com\/fr\/fogo\/","og_site_name":"Paraty Per Te","article_publisher":"https:\/\/www.facebook.com\/paratyperte\/","article_modified_time":"2024-05-07T16:42:23+00:00","og_image":[{"width":500,"height":500,"url":"https:\/\/paratyperte.com\/wp-content\/uploads\/2024\/03\/Design-sem-nome-83.jpg","type":"image\/jpeg"}],"twitter_card":"summary_large_image","twitter_misc":{"Dur\u00e9e de lecture estim\u00e9e":"1 minute"},"schema":{"@context":"https:\/\/schema.org","@graph":[{"@type":"WebPage","@id":"https:\/\/paratyperte.com\/fogo\/","url":"https:\/\/paratyperte.com\/fogo\/","name":"FOGO - Paraty Per Te","isPartOf":{"@id":"https:\/\/paratyperte.com\/#website"},"primaryImageOfPage":{"@id":"https:\/\/paratyperte.com\/fogo\/#primaryimage"},"image":{"@id":"https:\/\/paratyperte.com\/fogo\/#primaryimage"},"thumbnailUrl":"https:\/\/paratyperte.com\/wp-content\/uploads\/2024\/03\/Design-sem-nome-83.jpg","datePublished":"2024-04-03T17:18:28+00:00","dateModified":"2024-05-07T16:42:23+00:00","description":"L&#039;agence du tourisme, de l&#039;\u00e9co-cr\u00e9ativit\u00e9 avec le C\u00f4t\u00e9 Par Vous de la Tourn\u00e9e. \u00c0 la d\u00e9couverte de notre exp\u00e9rience unique et se connecter avec la nature, l&#039;histoire et les traditions de la population locale.","breadcrumb":{"@id":"https:\/\/paratyperte.com\/fogo\/#breadcrumb"},"inLanguage":"fr-FR","potentialAction":[{"@type":"ReadAction","target":["https:\/\/paratyperte.com\/fogo\/"]}]},{"@type":"ImageObject","inLanguage":"fr-FR","@id":"https:\/\/paratyperte.com\/fogo\/#primaryimage","url":"https:\/\/paratyperte.com\/wp-content\/uploads\/2024\/03\/Design-sem-nome-83.jpg","contentUrl":"https:\/\/paratyperte.com\/wp-content\/uploads\/2024\/03\/Design-sem-nome-83.jpg","width":500,"height":500,"caption":"PARATY PER TE"},{"@type":"BreadcrumbList","@id":"https:\/\/paratyperte.com\/fogo\/#breadcrumb","itemListElement":[{"@type":"ListItem","position":1,"name":"In\u00edcio","item":"https:\/\/paratyperte.com\/"},{"@type":"ListItem","position":2,"name":"FOGO"}]},{"@type":"WebSite","@id":"https:\/\/paratyperte.com\/#website","url":"https:\/\/paratyperte.com\/","name":"Partie Par Te","description":"Agence de voyage \u00e0 Paraty","publisher":{"@id":"https:\/\/paratyperte.com\/#organization"},"potentialAction":[{"@type":"SearchAction","target":{"@type":"EntryPoint","urlTemplate":"https:\/\/paratyperte.com\/?s={search_term_string}"},"query-input":{"@type":"PropertyValueSpecification","valueRequired":true,"valueName":"search_term_string"}}],"inLanguage":"fr-FR"},{"@type":"Organization","@id":"https:\/\/paratyperte.com\/#organization","name":"Partie Par Te","url":"https:\/\/paratyperte.com\/","logo":{"@type":"ImageObject","inLanguage":"fr-FR","@id":"https:\/\/paratyperte.com\/#\/schema\/logo\/image\/","url":"https:\/\/paratyperte.com\/wp-content\/uploads\/2024\/03\/cropped-PARATY-PER-TE-LOGO-SEM-FUNDO-1.png","contentUrl":"https:\/\/paratyperte.com\/wp-content\/uploads\/2024\/03\/cropped-PARATY-PER-TE-LOGO-SEM-FUNDO-1.png","width":2644,"height":2147,"caption":"Paraty Per Te"},"image":{"@id":"https:\/\/paratyperte.com\/#\/schema\/logo\/image\/"},"sameAs":["https:\/\/www.facebook.com\/paratyperte\/","https:\/\/www.tripadvisor.com.br\/ShowUserReviews-g303503-d24012638-r917170680-PARATY_PER_TE_TURISMO-Paraty_State_of_Rio_de_Janeiro.html"]}]}},"_links":{"self":[{"href":"https:\/\/paratyperte.com\/fr\/wp-json\/wp\/v2\/pages\/1725","targetHints":{"allow":["GET"]}}],"collection":[{"href":"https:\/\/paratyperte.com\/fr\/wp-json\/wp\/v2\/pages"}],"about":[{"href":"https:\/\/paratyperte.com\/fr\/wp-json\/wp\/v2\/types\/page"}],"author":[{"embeddable":true,"href":"https:\/\/paratyperte.com\/fr\/wp-json\/wp\/v2\/users\/1"}],"replies":[{"embeddable":true,"href":"https:\/\/paratyperte.com\/fr\/wp-json\/wp\/v2\/comments?post=1725"}],"version-history":[{"count":0,"href":"https:\/\/paratyperte.com\/fr\/wp-json\/wp\/v2\/pages\/1725\/revisions"}],"wp:featuredmedia":[{"embeddable":true,"href":"https:\/\/paratyperte.com\/fr\/wp-json\/wp\/v2\/media\/927"}],"wp:attachment":[{"href":"https:\/\/paratyperte.com\/fr\/wp-json\/wp\/v2\/media?parent=1725"}],"curies":[{"name":"wp","href":"https:\/\/api.w.org\/{rel}","templated":true}]}}