{"id":2716,"date":"2024-10-02T07:49:10","date_gmt":"2024-10-02T10:49:10","guid":{"rendered":"https:\/\/paratyperte.com\/?page_id=2716"},"modified":"2024-10-17T11:57:24","modified_gmt":"2024-10-17T14:57:24","slug":"embarcacoes","status":"publish","type":"page","link":"https:\/\/paratyperte.com\/es\/embarcacoes\/","title":{"rendered":"Embarca\u00e7\u00f5es"},"content":{"rendered":"<style>.elementor-2716 .elementor-element.elementor-element-1b69d3d{--display:flex;--flex-direction:column;--container-widget-width:100%;--container-widget-height:initial;--container-widget-flex-grow:0;--container-widget-align-self:initial;--flex-wrap-mobile:wrap;--overlay-opacity:0.77;--padding-top:200px;--padding-bottom:150px;--padding-left:0px;--padding-right:0px;}.elementor-2716 .elementor-element.elementor-element-1b69d3d:not(.elementor-motion-effects-element-type-background), .elementor-2716 .elementor-element.elementor-element-1b69d3d > .elementor-motion-effects-container > .elementor-motion-effects-layer{background-image:url(\"https:\/\/paratyperte.com\/wp-content\/uploads\/2024\/05\/vivencia_caicara_paraty.jpg\");background-position:center center;background-size:cover;}.elementor-2716 .elementor-element.elementor-element-1b69d3d::before, .elementor-2716 .elementor-element.elementor-element-1b69d3d > .elementor-background-video-container::before, .elementor-2716 .elementor-element.elementor-element-1b69d3d > .e-con-inner > .elementor-background-video-container::before, .elementor-2716 .elementor-element.elementor-element-1b69d3d > .elementor-background-slideshow::before, .elementor-2716 .elementor-element.elementor-element-1b69d3d > .e-con-inner > .elementor-background-slideshow::before, .elementor-2716 .elementor-element.elementor-element-1b69d3d > .elementor-motion-effects-container > .elementor-motion-effects-layer::before{--background-overlay:'';background-color:#FFFFFF;}.elementor-2716 .elementor-element.elementor-element-8a61a22{text-align:center;width:var( --container-widget-width, 85% );max-width:85%;--container-widget-width:85%;--container-widget-flex-grow:0;}.elementor-2716 .elementor-element.elementor-element-8a61a22 .elementor-heading-title{font-size:37px;font-weight:800;line-height:52px;}.elementor-2716 .elementor-element.elementor-element-8a61a22.elementor-element{--align-self:center;}.elementor-2716 .elementor-element.elementor-element-f74965a{--display:flex;--flex-direction:column;--container-widget-width:100%;--container-widget-height:initial;--container-widget-flex-grow:0;--container-widget-align-self:initial;--flex-wrap-mobile:wrap;--padding-top:40px;--padding-bottom:40px;--padding-left:20px;--padding-right:20px;}.elementor-2716 .elementor-element.elementor-element-c0d9a68{font-family:\"Poppins\";color:#000000;}.elementor-2716 .elementor-element.elementor-element-80e3289{--display:flex;--padding-top:60px;--padding-bottom:60px;--padding-left:0px;--padding-right:0px;}.elementor-2716 .elementor-element.elementor-element-c9a70cc .jkit-product-grid{--product-grid-column:3;}.elementor-2716 .elementor-element.elementor-element-c9a70cc .jeg-elementor-kit.jkit-product-grid .jkit-products, .elementor-2716 .elementor-element.elementor-element-c9a70cc .jeg-elementor-kit.jkit-product-carousel .jkit-products .button{text-align:center;}.elementor-2716 .elementor-element.elementor-element-c9a70cc .jeg-elementor-kit.jkit-product-grid .star-rating{--rating-margin-center:0;font-size:13px;}.elementor-2716 .elementor-element.elementor-element-c9a70cc .jeg-elementor-kit.jkit-product-grid .product-image{border-radius:20px 20px 20px 20px;}.elementor-2716 .elementor-element.elementor-element-c9a70cc .jeg-elementor-kit.jkit-product-grid .woocommerce ul.products li.product .product-link span.onsale{right:8px;top:9px;--jkit-onsale-gap:5px;}.elementor-2716 .elementor-element.elementor-element-c9a70cc .jeg-elementor-kit.jkit-product-grid .product-title{font-family:\"Poppins\";font-size:18px;text-transform:uppercase;line-height:19px;}.elementor-2716 .elementor-element.elementor-element-c9a70cc .jeg-elementor-kit.jkit-postblock .jeg_empty_module{text-align:left;}@media(max-width:1024px){.elementor-2716 .elementor-element.elementor-element-c9a70cc .jkit-product-grid{--product-grid-column:3;}}@media(max-width:767px){.elementor-2716 .elementor-element.elementor-element-1b69d3d{--padding-top:80px;--padding-bottom:80px;--padding-left:10px;--padding-right:10px;}.elementor-2716 .elementor-element.elementor-element-8a61a22 .elementor-heading-title{font-size:26px;line-height:1.2em;}.elementor-2716 .elementor-element.elementor-element-8a61a22{width:100%;max-width:100%;}.elementor-2716 .elementor-element.elementor-element-80e3289{--padding-top:40px;--padding-bottom:40px;--padding-left:10px;--padding-right:10px;}.elementor-2716 .elementor-element.elementor-element-c9a70cc .jkit-product-grid{--product-grid-column:1;}.elementor-2716 .elementor-element.elementor-element-c9a70cc .jeg-elementor-kit.jkit-product-grid .jkit-products, .elementor-2716 .elementor-element.elementor-element-c9a70cc .jeg-elementor-kit.jkit-product-carousel .jkit-products .button{text-align:center;}.elementor-2716 .elementor-element.elementor-element-c9a70cc .jeg-elementor-kit.jkit-product-grid .star-rating{--rating-margin-center:0;}}@media(min-width:768px){.elementor-2716 .elementor-element.elementor-element-f74965a{--content-width:1300px;}.elementor-2716 .elementor-element.elementor-element-80e3289{--content-width:1300px;}}<\/style>\t\t<div data-elementor-type=\"wp-page\" data-elementor-id=\"2716\" class=\"elementor elementor-2716\" data-elementor-post-type=\"page\">\n\t\t\t\t<div class=\"elementor-element elementor-element-1b69d3d e-flex e-con-boxed e-con e-parent\" data-id=\"1b69d3d\" data-element_type=\"container\" data-e-type=\"container\" data-settings=\"{&quot;background_background&quot;:&quot;classic&quot;}\">\n\t\t\t\t\t<div class=\"e-con-inner\">\n\t\t\t\t<div class=\"elementor-element elementor-element-8a61a22 elementor-widget__width-initial elementor-widget-mobile__width-inherit elementor-invisible elementor-widget elementor-widget-heading\" data-id=\"8a61a22\" data-element_type=\"widget\" data-e-type=\"widget\" data-settings=\"{&quot;_animation&quot;:&quot;fadeInUp&quot;}\" data-widget_type=\"heading.default\">\n\t\t\t\t<div class=\"elementor-widget-container\">\n\t\t\t\t\t<h2 class=\"elementor-heading-title elementor-size-default\">Descubra Paraty em um passeio de barco privativo: Escolha a sua embarca\u00e7\u00e3o ideal!<\/h2>\t\t\t\t<\/div>\n\t\t\t\t<\/div>\n\t\t\t\t\t<\/div>\n\t\t\t\t<\/div>\n\t\t<div class=\"elementor-element elementor-element-f74965a e-flex e-con-boxed e-con e-parent\" data-id=\"f74965a\" data-element_type=\"container\" data-e-type=\"container\">\n\t\t\t\t\t<div class=\"e-con-inner\">\n\t\t\t\t<div class=\"elementor-element elementor-element-c0d9a68 elementor-widget elementor-widget-text-editor\" data-id=\"c0d9a68\" data-element_type=\"widget\" data-e-type=\"widget\" data-widget_type=\"text-editor.default\">\n\t\t\t\t<div class=\"elementor-widget-container\">\n\t\t\t\t\t\t\t\t\t<p>Descubra a beleza da ba\u00eda de Paraty em um passeio de barco privativo com a Paraty Per Te. Oferecemos tr\u00eas op\u00e7\u00f5es de embarca\u00e7\u00f5es, cada uma pensada para proporcionar conforto, flexibilidade e privacidade enquanto voc\u00ea navega pelas \u00e1guas cristalinas, ilhas paradis\u00edacas e praias escondidas. Com a nossa experi\u00eancia local, criamos roteiros sob medida para tornar a sua aventura em Paraty inesquec\u00edvel. Confira nossas op\u00e7\u00f5es e escolha a que mais combina com sua viagem!<\/p><p>Aproveite a liberdade do passeio privativo: voc\u00ea escolhe o hor\u00e1rio de sa\u00edda e pode personalizar o roteiro com base em suas prefer\u00eancias, sempre com as recomenda\u00e7\u00f5es do nosso experiente marinheiro. <strong>A DISPONIBILIDADE DESSE PASSEIO \u00c9 SOB CONSULTA.<\/strong> Entre em contato conosco pelo bot\u00e3o do chat\/WhatsApp!<\/p><p><strong>Personalize seu passeio<\/strong><\/p><p>Todos os nossos passeios s\u00e3o flex\u00edveis e podem ser adaptados \u00e0s suas necessidades. Voc\u00ea decide as paradas e pode trazer suas pr\u00f3prias bebidas e petiscos ou optar por uma refei\u00e7\u00e3o em um dos restaurantes locais durante o trajeto. Garantimos total liberdade para que sua viv\u00eancia em Paraty seja verdadeiramente \u00fanica e memor\u00e1vel.<\/p><p><strong>Servi\u00e7os Opcionais:<\/strong> Petiscos, Bebidas e Churrasco (Sob Consulta &#8211; N\u00e3o inclusos). Tamb\u00e9m oferecemos o servi\u00e7o de personal shopper, cuidando de toda a log\u00edstica de compras ou fornecendo a op\u00e7\u00e3o de servi\u00e7o de churrasqueiro para sua conveni\u00eancia.<\/p>\t\t\t\t\t\t\t\t<\/div>\n\t\t\t\t<\/div>\n\t\t\t\t\t<\/div>\n\t\t\t\t<\/div>\n\t\t<div class=\"elementor-element elementor-element-80e3289 e-flex e-con-boxed e-con e-parent\" data-id=\"80e3289\" data-element_type=\"container\" data-e-type=\"container\">\n\t\t\t\t\t<div class=\"e-con-inner\">\n\t\t\t\t<div class=\"elementor-element elementor-element-c9a70cc animated-slow elementor-invisible elementor-widget elementor-widget-jkit_product_grid\" data-id=\"c9a70cc\" data-element_type=\"widget\" data-e-type=\"widget\" data-settings=\"{&quot;_animation&quot;:&quot;fadeIn&quot;}\" data-widget_type=\"jkit_product_grid.default\">\n\t\t\t\t<div class=\"elementor-widget-container\">\n\t\t\t\t\t<div  class=\"jeg-elementor-kit jkit-product-grid jkit-pagination-disable post-element jeg_module___69d7715724d41\"  data-id=\"jeg_module___69d7715724d41\" data-settings=\"{&quot;sg_content_column&quot;:4,&quot;sg_content_show_element&quot;:&quot;image,title&quot;,&quot;sg_content_show_button&quot;:&quot;&quot;,&quot;sg_content_sorting&quot;:&quot;&quot;,&quot;sg_content_image_heading&quot;:&quot;&quot;,&quot;sg_content_image_size&quot;:&quot;&quot;,&quot;sg_content_sale&quot;:&quot;&quot;,&quot;sg_content_percentage&quot;:&quot;&quot;,&quot;number_post&quot;:{&quot;unit&quot;:&quot;px&quot;,&quot;size&quot;:4,&quot;sizes&quot;:[]},&quot;post_offset&quot;:0,&quot;wc_include_post&quot;:&quot;2733,2734,2735,2772&quot;,&quot;wc_exclude_post&quot;:&quot;&quot;,&quot;wc_include_category&quot;:&quot;&quot;,&quot;wc_exclude_category&quot;:&quot;&quot;,&quot;wc_include_tag&quot;:&quot;&quot;,&quot;wc_exclude_tag&quot;:&quot;&quot;,&quot;sort_by&quot;:&quot;alphabet_asc&quot;,&quot;pagination_mode&quot;:&quot;disable&quot;,&quot;pagination_loadmore_text&quot;:&quot;Load More&quot;,&quot;pagination_loading_text&quot;:&quot;Loading...&quot;,&quot;pagination_number_post&quot;:{&quot;unit&quot;:&quot;px&quot;,&quot;size&quot;:4,&quot;sizes&quot;:[]},&quot;pagination_scroll_limit&quot;:0,&quot;pagination_icon&quot;:{&quot;value&quot;:&quot;&quot;,&quot;library&quot;:&quot;&quot;},&quot;pagination_icon_position&quot;:&quot;before&quot;,&quot;sg_content_image_size_imagesize_size&quot;:&quot;full&quot;,&quot;post_type&quot;:&quot;product&quot;,&quot;paged&quot;:1,&quot;class&quot;:&quot;jkit_product_grid&quot;}\"><div class=\"jkit-block-container\"><div class=\"woocommerce\"><ul class=\"products jkit-products jkit-align-left\"><li class=\"product type-product post-2734 status-publish first instock product_cat-agua has-post-thumbnail virtual purchasable product-type-simple jkit-product-block\"><a href=\"https:\/\/paratyperte.com\/es\/producto\/passeio-de-lancha-rapidez-e-conforto\/\" class=\"jkit-product\"><div class=\"product-link\"><img fetchpriority=\"high\" decoding=\"async\" width=\"768\" height=\"1024\" src=\"https:\/\/paratyperte.com\/wp-content\/uploads\/2024\/10\/IMG-20240122-WA0012-1.jpg\" class=\"wp-post-image product-image\" alt=\"Passeio de Lancha \u2013 Rapidez e Conforto\" srcset=\"https:\/\/paratyperte.com\/wp-content\/uploads\/2024\/10\/IMG-20240122-WA0012-1.jpg 768w, https:\/\/paratyperte.com\/wp-content\/uploads\/2024\/10\/IMG-20240122-WA0012-1-225x300.jpg 225w, https:\/\/paratyperte.com\/wp-content\/uploads\/2024\/10\/IMG-20240122-WA0012-1-9x12.jpg 9w, https:\/\/paratyperte.com\/wp-content\/uploads\/2024\/10\/IMG-20240122-WA0012-1-600x800.jpg 600w\" sizes=\"(max-width: 768px) 100vw, 768px\" \/><\/div><h2 class=\"product-title\">Passeio de Lancha \u2013 Rapidez e Conforto<\/h2><\/a><\/li><li class=\"product type-product post-2733 status-publish instock product_cat-agua has-post-thumbnail virtual purchasable product-type-simple jkit-product-block\"><a href=\"https:\/\/paratyperte.com\/es\/producto\/passeio-de-traineira-tradicao-de-paraty-nas-aguas\/\" class=\"jkit-product\"><div class=\"product-link\"><img decoding=\"async\" width=\"864\" height=\"1296\" data-src=\"https:\/\/paratyperte.com\/wp-content\/uploads\/2024\/10\/Imagem-do-WhatsApp-de-2024-10-17-as-11.56.22_99d56532.jpg\" class=\"wp-post-image product-image lazyload\" alt=\"Passeio de Traineira \u2013 Tradi\u00e7\u00e3o de Paraty nas \u00c1guas\" data-srcset=\"https:\/\/paratyperte.com\/wp-content\/uploads\/2024\/10\/Imagem-do-WhatsApp-de-2024-10-17-as-11.56.22_99d56532.jpg 864w, https:\/\/paratyperte.com\/wp-content\/uploads\/2024\/10\/Imagem-do-WhatsApp-de-2024-10-17-as-11.56.22_99d56532-200x300.jpg 200w, https:\/\/paratyperte.com\/wp-content\/uploads\/2024\/10\/Imagem-do-WhatsApp-de-2024-10-17-as-11.56.22_99d56532-683x1024.jpg 683w, https:\/\/paratyperte.com\/wp-content\/uploads\/2024\/10\/Imagem-do-WhatsApp-de-2024-10-17-as-11.56.22_99d56532-768x1152.jpg 768w, https:\/\/paratyperte.com\/wp-content\/uploads\/2024\/10\/Imagem-do-WhatsApp-de-2024-10-17-as-11.56.22_99d56532-8x12.jpg 8w, https:\/\/paratyperte.com\/wp-content\/uploads\/2024\/10\/Imagem-do-WhatsApp-de-2024-10-17-as-11.56.22_99d56532-600x900.jpg 600w\" data-sizes=\"(max-width: 864px) 100vw, 864px\" src=\"data:image\/svg+xml;base64,PHN2ZyB3aWR0aD0iMSIgaGVpZ2h0PSIxIiB4bWxucz0iaHR0cDovL3d3dy53My5vcmcvMjAwMC9zdmciPjwvc3ZnPg==\" style=\"--smush-placeholder-width: 864px; --smush-placeholder-aspect-ratio: 864\/1296;\" \/><\/div><h2 class=\"product-title\">Passeio de Traineira \u2013 Tradi\u00e7\u00e3o de Paraty nas \u00c1guas<\/h2><\/a><\/li><li class=\"product type-product post-2735 status-publish instock product_cat-agua has-post-thumbnail virtual purchasable product-type-simple jkit-product-block\"><a href=\"https:\/\/paratyperte.com\/es\/producto\/passeio-de-veleiro-elegancia-e-conexao-com-a-natureza\/\" class=\"jkit-product\"><div class=\"product-link\"><img decoding=\"async\" width=\"867\" height=\"1156\" data-src=\"https:\/\/paratyperte.com\/wp-content\/uploads\/2024\/10\/Imagem-do-WhatsApp-de-2024-10-17-as-11.55.21_34a2337e.jpg\" class=\"wp-post-image product-image lazyload\" alt=\"Passeio de Veleiro \u2013 Eleg\u00e2ncia e Conex\u00e3o com a Natureza\" data-srcset=\"https:\/\/paratyperte.com\/wp-content\/uploads\/2024\/10\/Imagem-do-WhatsApp-de-2024-10-17-as-11.55.21_34a2337e.jpg 867w, https:\/\/paratyperte.com\/wp-content\/uploads\/2024\/10\/Imagem-do-WhatsApp-de-2024-10-17-as-11.55.21_34a2337e-225x300.jpg 225w, https:\/\/paratyperte.com\/wp-content\/uploads\/2024\/10\/Imagem-do-WhatsApp-de-2024-10-17-as-11.55.21_34a2337e-768x1024.jpg 768w, https:\/\/paratyperte.com\/wp-content\/uploads\/2024\/10\/Imagem-do-WhatsApp-de-2024-10-17-as-11.55.21_34a2337e-9x12.jpg 9w, https:\/\/paratyperte.com\/wp-content\/uploads\/2024\/10\/Imagem-do-WhatsApp-de-2024-10-17-as-11.55.21_34a2337e-600x800.jpg 600w\" data-sizes=\"(max-width: 867px) 100vw, 867px\" src=\"data:image\/svg+xml;base64,PHN2ZyB3aWR0aD0iMSIgaGVpZ2h0PSIxIiB4bWxucz0iaHR0cDovL3d3dy53My5vcmcvMjAwMC9zdmciPjwvc3ZnPg==\" style=\"--smush-placeholder-width: 867px; --smush-placeholder-aspect-ratio: 867\/1156;\" \/><\/div><h2 class=\"product-title\">Passeio de Veleiro \u2013 Eleg\u00e2ncia e Conex\u00e3o com a Natureza<\/h2><\/a><\/li><\/ul><\/div><\/div><\/div>\t\t\t\t<\/div>\n\t\t\t\t<\/div>\n\t\t\t\t\t<\/div>\n\t\t\t\t<\/div>\n\t\t\t\t<\/div>","protected":false},"excerpt":{"rendered":"<p>Descubra Paraty em um passeio de barco privativo: Escolha a sua embarca\u00e7\u00e3o ideal! Descubra a beleza da ba\u00eda de Paraty em um passeio de barco privativo com a Paraty Per Te. Oferecemos tr\u00eas op\u00e7\u00f5es de embarca\u00e7\u00f5es, cada uma pensada para proporcionar conforto, flexibilidade e privacidade enquanto voc\u00ea navega pelas \u00e1guas cristalinas, ilhas paradis\u00edacas e praias [&hellip;]<\/p>\n","protected":false},"author":1,"featured_media":0,"parent":0,"menu_order":0,"comment_status":"closed","ping_status":"closed","template":"","meta":{"_joinchat":[],"footnotes":""},"class_list":["post-2716","page","type-page","status-publish","hentry"],"yoast_head":"<!-- This site is optimized with the Yoast SEO plugin v27.3 - https:\/\/yoast.com\/product\/yoast-seo-wordpress\/ -->\n<title>Embarca\u00e7\u00f5es - Paraty Per Te<\/title>\n<meta name=\"robots\" content=\"index, follow, max-snippet:-1, max-image-preview:large, max-video-preview:-1\" \/>\n<link rel=\"canonical\" href=\"https:\/\/paratyperte.com\/es\/embarcacoes\/\" \/>\n<meta property=\"og:locale\" content=\"es_ES\" \/>\n<meta property=\"og:type\" content=\"article\" \/>\n<meta property=\"og:title\" content=\"Embarca\u00e7\u00f5es - Paraty Per Te\" \/>\n<meta property=\"og:description\" content=\"Descubra Paraty em um passeio de barco privativo: Escolha a sua embarca\u00e7\u00e3o ideal! Descubra a beleza da ba\u00eda de Paraty em um passeio de barco privativo com a Paraty Per Te. Oferecemos tr\u00eas op\u00e7\u00f5es de embarca\u00e7\u00f5es, cada uma pensada para proporcionar conforto, flexibilidade e privacidade enquanto voc\u00ea navega pelas \u00e1guas cristalinas, ilhas paradis\u00edacas e praias [&hellip;]\" \/>\n<meta property=\"og:url\" content=\"https:\/\/paratyperte.com\/es\/embarcacoes\/\" \/>\n<meta property=\"og:site_name\" content=\"Paraty Per Te\" \/>\n<meta property=\"article:publisher\" content=\"https:\/\/www.facebook.com\/paratyperte\/\" \/>\n<meta property=\"article:modified_time\" content=\"2024-10-17T14:57:24+00:00\" \/>\n<meta property=\"og:image\" content=\"https:\/\/paratyperte.com\/wp-content\/uploads\/2024\/10\/IMG-20240122-WA0012-1.jpg\" \/>\n<meta name=\"twitter:card\" content=\"summary_large_image\" \/>\n<meta name=\"twitter:label1\" content=\"Tiempo de lectura\" \/>\n\t<meta name=\"twitter:data1\" content=\"2 minutos\" \/>\n<script type=\"application\/ld+json\" class=\"yoast-schema-graph\">{\"@context\":\"https:\\\/\\\/schema.org\",\"@graph\":[{\"@type\":\"WebPage\",\"@id\":\"https:\\\/\\\/paratyperte.com\\\/it\\\/embarcacoes\\\/\",\"url\":\"https:\\\/\\\/paratyperte.com\\\/it\\\/embarcacoes\\\/\",\"name\":\"Embarca\u00e7\u00f5es - Paraty Per Te\",\"isPartOf\":{\"@id\":\"https:\\\/\\\/paratyperte.com\\\/#website\"},\"primaryImageOfPage\":{\"@id\":\"https:\\\/\\\/paratyperte.com\\\/it\\\/embarcacoes\\\/#primaryimage\"},\"image\":{\"@id\":\"https:\\\/\\\/paratyperte.com\\\/it\\\/embarcacoes\\\/#primaryimage\"},\"thumbnailUrl\":\"https:\\\/\\\/paratyperte.com\\\/wp-content\\\/uploads\\\/2024\\\/10\\\/IMG-20240122-WA0012-1.jpg\",\"datePublished\":\"2024-10-02T10:49:10+00:00\",\"dateModified\":\"2024-10-17T14:57:24+00:00\",\"breadcrumb\":{\"@id\":\"https:\\\/\\\/paratyperte.com\\\/it\\\/embarcacoes\\\/#breadcrumb\"},\"inLanguage\":\"es\",\"potentialAction\":[{\"@type\":\"ReadAction\",\"target\":[\"https:\\\/\\\/paratyperte.com\\\/it\\\/embarcacoes\\\/\"]}]},{\"@type\":\"ImageObject\",\"inLanguage\":\"es\",\"@id\":\"https:\\\/\\\/paratyperte.com\\\/it\\\/embarcacoes\\\/#primaryimage\",\"url\":\"https:\\\/\\\/paratyperte.com\\\/wp-content\\\/uploads\\\/2024\\\/10\\\/IMG-20240122-WA0012-1.jpg\",\"contentUrl\":\"https:\\\/\\\/paratyperte.com\\\/wp-content\\\/uploads\\\/2024\\\/10\\\/IMG-20240122-WA0012-1.jpg\"},{\"@type\":\"BreadcrumbList\",\"@id\":\"https:\\\/\\\/paratyperte.com\\\/it\\\/embarcacoes\\\/#breadcrumb\",\"itemListElement\":[{\"@type\":\"ListItem\",\"position\":1,\"name\":\"In\u00edcio\",\"item\":\"https:\\\/\\\/paratyperte.com\\\/\"},{\"@type\":\"ListItem\",\"position\":2,\"name\":\"Embarca\u00e7\u00f5es\"}]},{\"@type\":\"WebSite\",\"@id\":\"https:\\\/\\\/paratyperte.com\\\/#website\",\"url\":\"https:\\\/\\\/paratyperte.com\\\/\",\"name\":\"Paraty Per Te\",\"description\":\"Ag\u00eancia de turismo em Paraty\",\"publisher\":{\"@id\":\"https:\\\/\\\/paratyperte.com\\\/#organization\"},\"potentialAction\":[{\"@type\":\"SearchAction\",\"target\":{\"@type\":\"EntryPoint\",\"urlTemplate\":\"https:\\\/\\\/paratyperte.com\\\/?s={search_term_string}\"},\"query-input\":{\"@type\":\"PropertyValueSpecification\",\"valueRequired\":true,\"valueName\":\"search_term_string\"}}],\"inLanguage\":\"es\"},{\"@type\":\"Organization\",\"@id\":\"https:\\\/\\\/paratyperte.com\\\/#organization\",\"name\":\"Paraty Per Te\",\"url\":\"https:\\\/\\\/paratyperte.com\\\/\",\"logo\":{\"@type\":\"ImageObject\",\"inLanguage\":\"es\",\"@id\":\"https:\\\/\\\/paratyperte.com\\\/#\\\/schema\\\/logo\\\/image\\\/\",\"url\":\"https:\\\/\\\/paratyperte.com\\\/wp-content\\\/uploads\\\/2024\\\/03\\\/cropped-PARATY-PER-TE-LOGO-SEM-FUNDO-1.png\",\"contentUrl\":\"https:\\\/\\\/paratyperte.com\\\/wp-content\\\/uploads\\\/2024\\\/03\\\/cropped-PARATY-PER-TE-LOGO-SEM-FUNDO-1.png\",\"width\":2644,\"height\":2147,\"caption\":\"Paraty Per Te\"},\"image\":{\"@id\":\"https:\\\/\\\/paratyperte.com\\\/#\\\/schema\\\/logo\\\/image\\\/\"},\"sameAs\":[\"https:\\\/\\\/www.facebook.com\\\/paratyperte\\\/\",\"https:\\\/\\\/www.tripadvisor.com.br\\\/ShowUserReviews-g303503-d24012638-r917170680-PARATY_PER_TE_TURISMO-Paraty_State_of_Rio_de_Janeiro.html\"]}]}<\/script>\n<!-- \/ Yoast SEO plugin. -->","yoast_head_json":{"title":"Embarca\u00e7\u00f5es - Paraty Per Te","robots":{"index":"index","follow":"follow","max-snippet":"max-snippet:-1","max-image-preview":"max-image-preview:large","max-video-preview":"max-video-preview:-1"},"canonical":"https:\/\/paratyperte.com\/es\/embarcacoes\/","og_locale":"es_ES","og_type":"article","og_title":"Embarca\u00e7\u00f5es - Paraty Per Te","og_description":"Descubra Paraty em um passeio de barco privativo: Escolha a sua embarca\u00e7\u00e3o ideal! Descubra a beleza da ba\u00eda de Paraty em um passeio de barco privativo com a Paraty Per Te. Oferecemos tr\u00eas op\u00e7\u00f5es de embarca\u00e7\u00f5es, cada uma pensada para proporcionar conforto, flexibilidade e privacidade enquanto voc\u00ea navega pelas \u00e1guas cristalinas, ilhas paradis\u00edacas e praias [&hellip;]","og_url":"https:\/\/paratyperte.com\/es\/embarcacoes\/","og_site_name":"Paraty Per Te","article_publisher":"https:\/\/www.facebook.com\/paratyperte\/","article_modified_time":"2024-10-17T14:57:24+00:00","og_image":[{"url":"https:\/\/paratyperte.com\/wp-content\/uploads\/2024\/10\/IMG-20240122-WA0012-1.jpg","type":"","width":"","height":""}],"twitter_card":"summary_large_image","twitter_misc":{"Tiempo de lectura":"2 minutos"},"schema":{"@context":"https:\/\/schema.org","@graph":[{"@type":"WebPage","@id":"https:\/\/paratyperte.com\/it\/embarcacoes\/","url":"https:\/\/paratyperte.com\/it\/embarcacoes\/","name":"Embarca\u00e7\u00f5es - Paraty Per Te","isPartOf":{"@id":"https:\/\/paratyperte.com\/#website"},"primaryImageOfPage":{"@id":"https:\/\/paratyperte.com\/it\/embarcacoes\/#primaryimage"},"image":{"@id":"https:\/\/paratyperte.com\/it\/embarcacoes\/#primaryimage"},"thumbnailUrl":"https:\/\/paratyperte.com\/wp-content\/uploads\/2024\/10\/IMG-20240122-WA0012-1.jpg","datePublished":"2024-10-02T10:49:10+00:00","dateModified":"2024-10-17T14:57:24+00:00","breadcrumb":{"@id":"https:\/\/paratyperte.com\/it\/embarcacoes\/#breadcrumb"},"inLanguage":"es","potentialAction":[{"@type":"ReadAction","target":["https:\/\/paratyperte.com\/it\/embarcacoes\/"]}]},{"@type":"ImageObject","inLanguage":"es","@id":"https:\/\/paratyperte.com\/it\/embarcacoes\/#primaryimage","url":"https:\/\/paratyperte.com\/wp-content\/uploads\/2024\/10\/IMG-20240122-WA0012-1.jpg","contentUrl":"https:\/\/paratyperte.com\/wp-content\/uploads\/2024\/10\/IMG-20240122-WA0012-1.jpg"},{"@type":"BreadcrumbList","@id":"https:\/\/paratyperte.com\/it\/embarcacoes\/#breadcrumb","itemListElement":[{"@type":"ListItem","position":1,"name":"In\u00edcio","item":"https:\/\/paratyperte.com\/"},{"@type":"ListItem","position":2,"name":"Embarca\u00e7\u00f5es"}]},{"@type":"WebSite","@id":"https:\/\/paratyperte.com\/#website","url":"https:\/\/paratyperte.com\/","name":"Paraty Per Te","description":"Ag\u00eancia de turismo em Paraty","publisher":{"@id":"https:\/\/paratyperte.com\/#organization"},"potentialAction":[{"@type":"SearchAction","target":{"@type":"EntryPoint","urlTemplate":"https:\/\/paratyperte.com\/?s={search_term_string}"},"query-input":{"@type":"PropertyValueSpecification","valueRequired":true,"valueName":"search_term_string"}}],"inLanguage":"es"},{"@type":"Organization","@id":"https:\/\/paratyperte.com\/#organization","name":"Paraty Per Te","url":"https:\/\/paratyperte.com\/","logo":{"@type":"ImageObject","inLanguage":"es","@id":"https:\/\/paratyperte.com\/#\/schema\/logo\/image\/","url":"https:\/\/paratyperte.com\/wp-content\/uploads\/2024\/03\/cropped-PARATY-PER-TE-LOGO-SEM-FUNDO-1.png","contentUrl":"https:\/\/paratyperte.com\/wp-content\/uploads\/2024\/03\/cropped-PARATY-PER-TE-LOGO-SEM-FUNDO-1.png","width":2644,"height":2147,"caption":"Paraty Per Te"},"image":{"@id":"https:\/\/paratyperte.com\/#\/schema\/logo\/image\/"},"sameAs":["https:\/\/www.facebook.com\/paratyperte\/","https:\/\/www.tripadvisor.com.br\/ShowUserReviews-g303503-d24012638-r917170680-PARATY_PER_TE_TURISMO-Paraty_State_of_Rio_de_Janeiro.html"]}]}},"_links":{"self":[{"href":"https:\/\/paratyperte.com\/es\/wp-json\/wp\/v2\/pages\/2716","targetHints":{"allow":["GET"]}}],"collection":[{"href":"https:\/\/paratyperte.com\/es\/wp-json\/wp\/v2\/pages"}],"about":[{"href":"https:\/\/paratyperte.com\/es\/wp-json\/wp\/v2\/types\/page"}],"author":[{"embeddable":true,"href":"https:\/\/paratyperte.com\/es\/wp-json\/wp\/v2\/users\/1"}],"replies":[{"embeddable":true,"href":"https:\/\/paratyperte.com\/es\/wp-json\/wp\/v2\/comments?post=2716"}],"version-history":[{"count":0,"href":"https:\/\/paratyperte.com\/es\/wp-json\/wp\/v2\/pages\/2716\/revisions"}],"wp:attachment":[{"href":"https:\/\/paratyperte.com\/es\/wp-json\/wp\/v2\/media?parent=2716"}],"curies":[{"name":"wp","href":"https:\/\/api.w.org\/{rel}","templated":true}]}}