{"id":2733,"date":"2024-10-16T21:28:37","date_gmt":"2024-10-17T00:28:37","guid":{"rendered":"https:\/\/paratyperte.com\/?post_type=product&#038;p=2733"},"modified":"2024-10-17T12:07:53","modified_gmt":"2024-10-17T15:07:53","slug":"passeio-de-traineira-tradicao-de-paraty-nas-aguas","status":"publish","type":"product","link":"https:\/\/paratyperte.com\/en_US\/product\/passeio-de-traineira-tradicao-de-paraty-nas-aguas\/","title":{"rendered":"Passeio de Traineira \u2013 Tradi\u00e7\u00e3o de Paraty nas \u00c1guas"},"content":{"rendered":"<p>Experimente a traineira, o barco de pesca t\u00edpico de Paraty, ideal para quem busca uma experi\u00eancia aut\u00eantica e tranquila, conectada \u00e0 cultura local. Navegue em um ritmo calmo pelas \u00e1guas da ba\u00eda, com paradas em praias desertas, ilhas isoladas e pontos de mergulho repletos de biodiversidade. Essa op\u00e7\u00e3o \u00e9 perfeita para fam\u00edlias e grupos que desejam relaxar e apreciar a natureza. Voc\u00ea pode trazer suas pr\u00f3prias bebidas e alimentos ou fazer uma parada em um restaurante local.<\/p>\n<p><strong>Destaques a Bordo:<br \/>\n<\/strong>\u2022 Coletes salva-vidas<br \/>\n\u2022 Cooler com gelo<br \/>\n\u2022 M\u00e1scaras e snorkel para mergulho<br \/>\n\u2022 Flutuantes<br \/>\n\u2022 Stand Up Paddle<br \/>\n\u2022 Churrasqueira<br \/>\n\u2022 Ducha de \u00e1gua doce<br \/>\n\u2022 Banheiro<br \/>\n\u2022 Som via Bluetooth<\/p>","protected":false},"excerpt":{"rendered":"<p>Experimente a traineira, o barco de pesca t\u00edpico de Paraty, ideal para quem busca uma experi\u00eancia aut\u00eantica e tranquila, conectada \u00e0 cultura local. Navegue em um ritmo calmo pelas \u00e1guas da ba\u00eda, com paradas em praias desertas, ilhas isoladas e pontos de mergulho repletos de biodiversidade. Essa op\u00e7\u00e3o \u00e9 perfeita para fam\u00edlias e grupos que [&hellip;]<\/p>\n","protected":false},"featured_media":2812,"comment_status":"open","ping_status":"closed","template":"","meta":{"_joinchat":[]},"product_brand":[],"product_cat":[46],"product_tag":[],"class_list":{"0":"post-2733","1":"product","2":"type-product","3":"status-publish","4":"has-post-thumbnail","6":"product_cat-agua","8":"first","9":"instock","10":"virtual","11":"purchasable","12":"product-type-simple"},"yoast_head":"<!-- This site is optimized with the Yoast SEO plugin v27.3 - https:\/\/yoast.com\/product\/yoast-seo-wordpress\/ -->\n<title>Passeio de Traineira \u2013 Tradi\u00e7\u00e3o de Paraty nas \u00c1guas - Paraty Per Te<\/title>\n<meta name=\"description\" content=\"Experimente a traineira, o barco de pesca t\u00edpico de Paraty, ideal para quem busca uma experi\u00eancia aut\u00eantica e tranquila, conectada \u00e0 cultura local.\" \/>\n<meta name=\"robots\" content=\"index, follow, max-snippet:-1, max-image-preview:large, max-video-preview:-1\" \/>\n<link rel=\"canonical\" href=\"https:\/\/paratyperte.com\/en_US\/product\/passeio-de-traineira-tradicao-de-paraty-nas-aguas\/\" \/>\n<meta property=\"og:locale\" content=\"en_US\" \/>\n<meta property=\"og:type\" content=\"article\" \/>\n<meta property=\"og:title\" content=\"Passeio de Traineira \u2013 Tradi\u00e7\u00e3o de Paraty nas \u00c1guas - Paraty Per Te\" \/>\n<meta property=\"og:description\" content=\"Experimente a traineira, o barco de pesca t\u00edpico de Paraty, ideal para quem busca uma experi\u00eancia aut\u00eantica e tranquila, conectada \u00e0 cultura local.\" \/>\n<meta property=\"og:url\" content=\"https:\/\/paratyperte.com\/en_US\/product\/passeio-de-traineira-tradicao-de-paraty-nas-aguas\/\" \/>\n<meta property=\"og:site_name\" content=\"Paraty Per Te\" \/>\n<meta property=\"article:publisher\" content=\"https:\/\/www.facebook.com\/paratyperte\/\" \/>\n<meta property=\"article:modified_time\" content=\"2024-10-17T15:07:53+00:00\" \/>\n<meta property=\"og:image\" content=\"https:\/\/paratyperte.com\/wp-content\/uploads\/2024\/10\/Imagem-do-WhatsApp-de-2024-10-17-as-11.56.22_99d56532.jpg\" \/>\n\t<meta property=\"og:image:width\" content=\"864\" \/>\n\t<meta property=\"og:image:height\" content=\"1296\" \/>\n\t<meta property=\"og:image:type\" content=\"image\/jpeg\" \/>\n<meta name=\"twitter:card\" content=\"summary_large_image\" \/>\n<meta name=\"twitter:label1\" content=\"Est. reading time\" \/>\n\t<meta name=\"twitter:data1\" content=\"1 minute\" \/>\n<script type=\"application\/ld+json\" class=\"yoast-schema-graph\">{\"@context\":\"https:\\\/\\\/schema.org\",\"@graph\":[{\"@type\":\"WebPage\",\"@id\":\"https:\\\/\\\/paratyperte.com\\\/produto\\\/passeio-de-traineira-tradicao-de-paraty-nas-aguas\\\/\",\"url\":\"https:\\\/\\\/paratyperte.com\\\/produto\\\/passeio-de-traineira-tradicao-de-paraty-nas-aguas\\\/\",\"name\":\"Passeio de Traineira \u2013 Tradi\u00e7\u00e3o de Paraty nas \u00c1guas - Paraty Per Te\",\"isPartOf\":{\"@id\":\"https:\\\/\\\/paratyperte.com\\\/#website\"},\"primaryImageOfPage\":{\"@id\":\"https:\\\/\\\/paratyperte.com\\\/produto\\\/passeio-de-traineira-tradicao-de-paraty-nas-aguas\\\/#primaryimage\"},\"image\":{\"@id\":\"https:\\\/\\\/paratyperte.com\\\/produto\\\/passeio-de-traineira-tradicao-de-paraty-nas-aguas\\\/#primaryimage\"},\"thumbnailUrl\":\"https:\\\/\\\/paratyperte.com\\\/wp-content\\\/uploads\\\/2024\\\/10\\\/Imagem-do-WhatsApp-de-2024-10-17-as-11.56.22_99d56532.jpg\",\"datePublished\":\"2024-10-17T00:28:37+00:00\",\"dateModified\":\"2024-10-17T15:07:53+00:00\",\"description\":\"Experimente a traineira, o barco de pesca t\u00edpico de Paraty, ideal para quem busca uma experi\u00eancia aut\u00eantica e tranquila, conectada \u00e0 cultura local.\",\"breadcrumb\":{\"@id\":\"https:\\\/\\\/paratyperte.com\\\/produto\\\/passeio-de-traineira-tradicao-de-paraty-nas-aguas\\\/#breadcrumb\"},\"inLanguage\":\"en-US\",\"potentialAction\":[{\"@type\":\"ReadAction\",\"target\":[\"https:\\\/\\\/paratyperte.com\\\/produto\\\/passeio-de-traineira-tradicao-de-paraty-nas-aguas\\\/\"]}]},{\"@type\":\"ImageObject\",\"inLanguage\":\"en-US\",\"@id\":\"https:\\\/\\\/paratyperte.com\\\/produto\\\/passeio-de-traineira-tradicao-de-paraty-nas-aguas\\\/#primaryimage\",\"url\":\"https:\\\/\\\/paratyperte.com\\\/wp-content\\\/uploads\\\/2024\\\/10\\\/Imagem-do-WhatsApp-de-2024-10-17-as-11.56.22_99d56532.jpg\",\"contentUrl\":\"https:\\\/\\\/paratyperte.com\\\/wp-content\\\/uploads\\\/2024\\\/10\\\/Imagem-do-WhatsApp-de-2024-10-17-as-11.56.22_99d56532.jpg\",\"width\":864,\"height\":1296},{\"@type\":\"BreadcrumbList\",\"@id\":\"https:\\\/\\\/paratyperte.com\\\/produto\\\/passeio-de-traineira-tradicao-de-paraty-nas-aguas\\\/#breadcrumb\",\"itemListElement\":[{\"@type\":\"ListItem\",\"position\":1,\"name\":\"In\u00edcio\",\"item\":\"https:\\\/\\\/paratyperte.com\\\/\"},{\"@type\":\"ListItem\",\"position\":2,\"name\":\"Produtos\",\"item\":\"https:\\\/\\\/paratyperte.com\\\/shop\\\/\"},{\"@type\":\"ListItem\",\"position\":3,\"name\":\"Passeio de Traineira \u2013 Tradi\u00e7\u00e3o de Paraty nas \u00c1guas\"}]},{\"@type\":\"WebSite\",\"@id\":\"https:\\\/\\\/paratyperte.com\\\/#website\",\"url\":\"https:\\\/\\\/paratyperte.com\\\/\",\"name\":\"Paraty Per Te\",\"description\":\"Ag\u00eancia de turismo em Paraty\",\"publisher\":{\"@id\":\"https:\\\/\\\/paratyperte.com\\\/#organization\"},\"potentialAction\":[{\"@type\":\"SearchAction\",\"target\":{\"@type\":\"EntryPoint\",\"urlTemplate\":\"https:\\\/\\\/paratyperte.com\\\/?s={search_term_string}\"},\"query-input\":{\"@type\":\"PropertyValueSpecification\",\"valueRequired\":true,\"valueName\":\"search_term_string\"}}],\"inLanguage\":\"en-US\"},{\"@type\":\"Organization\",\"@id\":\"https:\\\/\\\/paratyperte.com\\\/#organization\",\"name\":\"Paraty Per Te\",\"url\":\"https:\\\/\\\/paratyperte.com\\\/\",\"logo\":{\"@type\":\"ImageObject\",\"inLanguage\":\"en-US\",\"@id\":\"https:\\\/\\\/paratyperte.com\\\/#\\\/schema\\\/logo\\\/image\\\/\",\"url\":\"https:\\\/\\\/paratyperte.com\\\/wp-content\\\/uploads\\\/2024\\\/03\\\/cropped-PARATY-PER-TE-LOGO-SEM-FUNDO-1.png\",\"contentUrl\":\"https:\\\/\\\/paratyperte.com\\\/wp-content\\\/uploads\\\/2024\\\/03\\\/cropped-PARATY-PER-TE-LOGO-SEM-FUNDO-1.png\",\"width\":2644,\"height\":2147,\"caption\":\"Paraty Per Te\"},\"image\":{\"@id\":\"https:\\\/\\\/paratyperte.com\\\/#\\\/schema\\\/logo\\\/image\\\/\"},\"sameAs\":[\"https:\\\/\\\/www.facebook.com\\\/paratyperte\\\/\",\"https:\\\/\\\/www.tripadvisor.com.br\\\/ShowUserReviews-g303503-d24012638-r917170680-PARATY_PER_TE_TURISMO-Paraty_State_of_Rio_de_Janeiro.html\"]}]}<\/script>\n<!-- \/ Yoast SEO plugin. -->","yoast_head_json":{"title":"Passeio de Traineira \u2013 Tradi\u00e7\u00e3o de Paraty nas \u00c1guas - Paraty Per Te","description":"Experimente a traineira, o barco de pesca t\u00edpico de Paraty, ideal para quem busca uma experi\u00eancia aut\u00eantica e tranquila, conectada \u00e0 cultura local.","robots":{"index":"index","follow":"follow","max-snippet":"max-snippet:-1","max-image-preview":"max-image-preview:large","max-video-preview":"max-video-preview:-1"},"canonical":"https:\/\/paratyperte.com\/en_US\/product\/passeio-de-traineira-tradicao-de-paraty-nas-aguas\/","og_locale":"en_US","og_type":"article","og_title":"Passeio de Traineira \u2013 Tradi\u00e7\u00e3o de Paraty nas \u00c1guas - Paraty Per Te","og_description":"Experimente a traineira, o barco de pesca t\u00edpico de Paraty, ideal para quem busca uma experi\u00eancia aut\u00eantica e tranquila, conectada \u00e0 cultura local.","og_url":"https:\/\/paratyperte.com\/en_US\/product\/passeio-de-traineira-tradicao-de-paraty-nas-aguas\/","og_site_name":"Paraty Per Te","article_publisher":"https:\/\/www.facebook.com\/paratyperte\/","article_modified_time":"2024-10-17T15:07:53+00:00","og_image":[{"width":864,"height":1296,"url":"https:\/\/paratyperte.com\/wp-content\/uploads\/2024\/10\/Imagem-do-WhatsApp-de-2024-10-17-as-11.56.22_99d56532.jpg","type":"image\/jpeg"}],"twitter_card":"summary_large_image","twitter_misc":{"Est. reading time":"1 minute"},"schema":{"@context":"https:\/\/schema.org","@graph":[{"@type":"WebPage","@id":"https:\/\/paratyperte.com\/produto\/passeio-de-traineira-tradicao-de-paraty-nas-aguas\/","url":"https:\/\/paratyperte.com\/produto\/passeio-de-traineira-tradicao-de-paraty-nas-aguas\/","name":"Passeio de Traineira \u2013 Tradi\u00e7\u00e3o de Paraty nas \u00c1guas - Paraty Per Te","isPartOf":{"@id":"https:\/\/paratyperte.com\/#website"},"primaryImageOfPage":{"@id":"https:\/\/paratyperte.com\/produto\/passeio-de-traineira-tradicao-de-paraty-nas-aguas\/#primaryimage"},"image":{"@id":"https:\/\/paratyperte.com\/produto\/passeio-de-traineira-tradicao-de-paraty-nas-aguas\/#primaryimage"},"thumbnailUrl":"https:\/\/paratyperte.com\/wp-content\/uploads\/2024\/10\/Imagem-do-WhatsApp-de-2024-10-17-as-11.56.22_99d56532.jpg","datePublished":"2024-10-17T00:28:37+00:00","dateModified":"2024-10-17T15:07:53+00:00","description":"Experimente a traineira, o barco de pesca t\u00edpico de Paraty, ideal para quem busca uma experi\u00eancia aut\u00eantica e tranquila, conectada \u00e0 cultura local.","breadcrumb":{"@id":"https:\/\/paratyperte.com\/produto\/passeio-de-traineira-tradicao-de-paraty-nas-aguas\/#breadcrumb"},"inLanguage":"en-US","potentialAction":[{"@type":"ReadAction","target":["https:\/\/paratyperte.com\/produto\/passeio-de-traineira-tradicao-de-paraty-nas-aguas\/"]}]},{"@type":"ImageObject","inLanguage":"en-US","@id":"https:\/\/paratyperte.com\/produto\/passeio-de-traineira-tradicao-de-paraty-nas-aguas\/#primaryimage","url":"https:\/\/paratyperte.com\/wp-content\/uploads\/2024\/10\/Imagem-do-WhatsApp-de-2024-10-17-as-11.56.22_99d56532.jpg","contentUrl":"https:\/\/paratyperte.com\/wp-content\/uploads\/2024\/10\/Imagem-do-WhatsApp-de-2024-10-17-as-11.56.22_99d56532.jpg","width":864,"height":1296},{"@type":"BreadcrumbList","@id":"https:\/\/paratyperte.com\/produto\/passeio-de-traineira-tradicao-de-paraty-nas-aguas\/#breadcrumb","itemListElement":[{"@type":"ListItem","position":1,"name":"In\u00edcio","item":"https:\/\/paratyperte.com\/"},{"@type":"ListItem","position":2,"name":"Produtos","item":"https:\/\/paratyperte.com\/shop\/"},{"@type":"ListItem","position":3,"name":"Passeio de Traineira \u2013 Tradi\u00e7\u00e3o de Paraty nas \u00c1guas"}]},{"@type":"WebSite","@id":"https:\/\/paratyperte.com\/#website","url":"https:\/\/paratyperte.com\/","name":"Party Per Te","description":"Tour agency in Paraty","publisher":{"@id":"https:\/\/paratyperte.com\/#organization"},"potentialAction":[{"@type":"SearchAction","target":{"@type":"EntryPoint","urlTemplate":"https:\/\/paratyperte.com\/?s={search_term_string}"},"query-input":{"@type":"PropertyValueSpecification","valueRequired":true,"valueName":"search_term_string"}}],"inLanguage":"en-US"},{"@type":"Organization","@id":"https:\/\/paratyperte.com\/#organization","name":"Party Per Te","url":"https:\/\/paratyperte.com\/","logo":{"@type":"ImageObject","inLanguage":"en-US","@id":"https:\/\/paratyperte.com\/#\/schema\/logo\/image\/","url":"https:\/\/paratyperte.com\/wp-content\/uploads\/2024\/03\/cropped-PARATY-PER-TE-LOGO-SEM-FUNDO-1.png","contentUrl":"https:\/\/paratyperte.com\/wp-content\/uploads\/2024\/03\/cropped-PARATY-PER-TE-LOGO-SEM-FUNDO-1.png","width":2644,"height":2147,"caption":"Paraty Per Te"},"image":{"@id":"https:\/\/paratyperte.com\/#\/schema\/logo\/image\/"},"sameAs":["https:\/\/www.facebook.com\/paratyperte\/","https:\/\/www.tripadvisor.com.br\/ShowUserReviews-g303503-d24012638-r917170680-PARATY_PER_TE_TURISMO-Paraty_State_of_Rio_de_Janeiro.html"]}]}},"_links":{"self":[{"href":"https:\/\/paratyperte.com\/en_US\/wp-json\/wp\/v2\/product\/2733","targetHints":{"allow":["GET"]}}],"collection":[{"href":"https:\/\/paratyperte.com\/en_US\/wp-json\/wp\/v2\/product"}],"about":[{"href":"https:\/\/paratyperte.com\/en_US\/wp-json\/wp\/v2\/types\/product"}],"replies":[{"embeddable":true,"href":"https:\/\/paratyperte.com\/en_US\/wp-json\/wp\/v2\/comments?post=2733"}],"wp:featuredmedia":[{"embeddable":true,"href":"https:\/\/paratyperte.com\/en_US\/wp-json\/wp\/v2\/media\/2812"}],"wp:attachment":[{"href":"https:\/\/paratyperte.com\/en_US\/wp-json\/wp\/v2\/media?parent=2733"}],"wp:term":[{"taxonomy":"product_brand","embeddable":true,"href":"https:\/\/paratyperte.com\/en_US\/wp-json\/wp\/v2\/product_brand?post=2733"},{"taxonomy":"product_cat","embeddable":true,"href":"https:\/\/paratyperte.com\/en_US\/wp-json\/wp\/v2\/product_cat?post=2733"},{"taxonomy":"product_tag","embeddable":true,"href":"https:\/\/paratyperte.com\/en_US\/wp-json\/wp\/v2\/product_tag?post=2733"}],"curies":[{"name":"wp","href":"https:\/\/api.w.org\/{rel}","templated":true}]}}