{"id":2583,"date":"2024-05-22T10:54:11","date_gmt":"2024-05-22T13:54:11","guid":{"rendered":"https:\/\/paratyperte.com\/?post_type=product&#038;p=2583"},"modified":"2024-05-28T13:16:43","modified_gmt":"2024-05-28T16:16:43","slug":"praias-paradisiacas","status":"publish","type":"product","link":"https:\/\/paratyperte.com\/en_US\/product\/praias-paradisiacas\/","title":{"rendered":"White Sand Beach"},"content":{"rendered":"<p><b>Praias\u00a0 Paradis\u00edacas<\/b><\/p>\n<p><span style=\"font-weight: 400;\">Prepare-se para uma experi\u00eancia inesquec\u00edvel nas mais belas praias da regi\u00e3o, tudo isso a bordo de um carro privativo, garantindo conforto e seguran\u00e7a.<\/span><\/p>\n<p><span style=\"font-weight: 400;\">Nosso tour exclusivo proporciona uma maneira \u00fanica de explorar as maravilhas de Paraty no seu pr\u00f3prio ritmo. Imagine-se navegando por estradas sinuosas com vistas deslumbrantes para o mar, parando em praias perfeitas para um mergulho refrescante ou um dia de descanso sob o sol.<\/span><\/p>\n<p><span style=\"font-weight: 400;\">Ao escolher este passeio, voc\u00ea ter\u00e1 a companhia de um guia motorista\u00a0 apaixonado por Paraty. Eles n\u00e3o apenas garantem uma viagem segura, mas tamb\u00e9m compartilham hist\u00f3rias fascinantes e curiosidades sobre a regi\u00e3o, enriquecendo sua jornada com conhecimento local aut\u00eantico.<\/span><\/p>\n<p><span style=\"font-weight: 400;\">Com a Paraty Per Te, voc\u00ea desfruta da flexibilidade de criar seu pr\u00f3prio roteiro personalizado. Inclua as paradas que mais lhe interessam e aproveite ao m\u00e1ximo cada momento dessa aventura<\/span><\/p>\n<p><strong>Observa\u00e7\u00f5es:<\/strong><\/p>\n<p><span style=\"font-weight: 400;\">O valor do servi\u00e7o varia de acordo com a dura\u00e7\u00e3o da excurs\u00e3o e o n\u00famero de pessoas.<\/span><\/p>","protected":false},"excerpt":{"rendered":"<p>Praias\u00a0 Paradis\u00edacas Prepare-se para uma experi\u00eancia inesquec\u00edvel nas mais belas praias da regi\u00e3o, tudo isso a bordo de um carro privativo, garantindo conforto e seguran\u00e7a. Nosso tour exclusivo proporciona uma maneira \u00fanica de explorar as maravilhas de Paraty no seu pr\u00f3prio ritmo. Imagine-se navegando por estradas sinuosas com vistas deslumbrantes para o mar, parando em [&hellip;]<\/p>\n","protected":false},"featured_media":2626,"comment_status":"open","ping_status":"closed","template":"","meta":{"_joinchat":[]},"product_brand":[],"product_cat":[46,66,23],"product_tag":[],"class_list":{"0":"post-2583","1":"product","2":"type-product","3":"status-publish","4":"has-post-thumbnail","6":"product_cat-agua","7":"product_cat-transfer","8":"product_cat-turismo-eco-criativo","10":"first","11":"instock","12":"shipping-taxable","13":"product-type-simple"},"yoast_head":"<!-- This site is optimized with the Yoast SEO plugin v27.3 - https:\/\/yoast.com\/product\/yoast-seo-wordpress\/ -->\n<title>Praias Paradis\u00edacas - Paraty Per Te<\/title>\n<meta name=\"description\" content=\"Explore as praias paradis\u00edacas de Paraty com conforto e seguran\u00e7a em um tour privativo. Desfrute das mais belas praias com um guia experiente. Reserve j\u00e1!\" \/>\n<meta name=\"robots\" content=\"index, follow, max-snippet:-1, max-image-preview:large, max-video-preview:-1\" \/>\n<link rel=\"canonical\" href=\"https:\/\/paratyperte.com\/en_US\/product\/praias-paradisiacas\/\" \/>\n<meta property=\"og:locale\" content=\"en_US\" \/>\n<meta property=\"og:type\" content=\"article\" \/>\n<meta property=\"og:title\" content=\"Praias Paradis\u00edacas - Paraty Per Te\" \/>\n<meta property=\"og:description\" content=\"Explore as praias paradis\u00edacas de Paraty com conforto e seguran\u00e7a em um tour privativo. Desfrute das mais belas praias com um guia experiente. Reserve j\u00e1!\" \/>\n<meta property=\"og:url\" content=\"https:\/\/paratyperte.com\/en_US\/product\/praias-paradisiacas\/\" \/>\n<meta property=\"og:site_name\" content=\"Paraty Per Te\" \/>\n<meta property=\"article:publisher\" content=\"https:\/\/www.facebook.com\/paratyperte\/\" \/>\n<meta property=\"article:modified_time\" content=\"2024-05-28T16:16:43+00:00\" \/>\n<meta property=\"og:image\" content=\"https:\/\/paratyperte.com\/wp-content\/uploads\/2024\/05\/costa-verde_paraty.jpg\" \/>\n\t<meta property=\"og:image:width\" content=\"800\" \/>\n\t<meta property=\"og:image:height\" content=\"450\" \/>\n\t<meta property=\"og:image:type\" content=\"image\/jpeg\" \/>\n<meta name=\"twitter:card\" content=\"summary_large_image\" \/>\n<meta name=\"twitter:label1\" content=\"Est. reading time\" \/>\n\t<meta name=\"twitter:data1\" content=\"2 minutes\" \/>\n<script type=\"application\/ld+json\" class=\"yoast-schema-graph\">{\"@context\":\"https:\\\/\\\/schema.org\",\"@graph\":[{\"@type\":\"WebPage\",\"@id\":\"https:\\\/\\\/paratyperte.com\\\/produto\\\/praias-paradisiacas\\\/\",\"url\":\"https:\\\/\\\/paratyperte.com\\\/produto\\\/praias-paradisiacas\\\/\",\"name\":\"Praias Paradis\u00edacas - Paraty Per Te\",\"isPartOf\":{\"@id\":\"https:\\\/\\\/paratyperte.com\\\/#website\"},\"primaryImageOfPage\":{\"@id\":\"https:\\\/\\\/paratyperte.com\\\/produto\\\/praias-paradisiacas\\\/#primaryimage\"},\"image\":{\"@id\":\"https:\\\/\\\/paratyperte.com\\\/produto\\\/praias-paradisiacas\\\/#primaryimage\"},\"thumbnailUrl\":\"https:\\\/\\\/paratyperte.com\\\/wp-content\\\/uploads\\\/2024\\\/05\\\/costa-verde_paraty.jpg\",\"datePublished\":\"2024-05-22T13:54:11+00:00\",\"dateModified\":\"2024-05-28T16:16:43+00:00\",\"description\":\"Explore as praias paradis\u00edacas de Paraty com conforto e seguran\u00e7a em um tour privativo. Desfrute das mais belas praias com um guia experiente. Reserve j\u00e1!\",\"breadcrumb\":{\"@id\":\"https:\\\/\\\/paratyperte.com\\\/produto\\\/praias-paradisiacas\\\/#breadcrumb\"},\"inLanguage\":\"en-US\",\"potentialAction\":[{\"@type\":\"ReadAction\",\"target\":[\"https:\\\/\\\/paratyperte.com\\\/produto\\\/praias-paradisiacas\\\/\"]}]},{\"@type\":\"ImageObject\",\"inLanguage\":\"en-US\",\"@id\":\"https:\\\/\\\/paratyperte.com\\\/produto\\\/praias-paradisiacas\\\/#primaryimage\",\"url\":\"https:\\\/\\\/paratyperte.com\\\/wp-content\\\/uploads\\\/2024\\\/05\\\/costa-verde_paraty.jpg\",\"contentUrl\":\"https:\\\/\\\/paratyperte.com\\\/wp-content\\\/uploads\\\/2024\\\/05\\\/costa-verde_paraty.jpg\",\"width\":800,\"height\":450,\"caption\":\"praias costa verde paraty\"},{\"@type\":\"BreadcrumbList\",\"@id\":\"https:\\\/\\\/paratyperte.com\\\/produto\\\/praias-paradisiacas\\\/#breadcrumb\",\"itemListElement\":[{\"@type\":\"ListItem\",\"position\":1,\"name\":\"In\u00edcio\",\"item\":\"https:\\\/\\\/paratyperte.com\\\/\"},{\"@type\":\"ListItem\",\"position\":2,\"name\":\"Produtos\",\"item\":\"https:\\\/\\\/paratyperte.com\\\/shop\\\/\"},{\"@type\":\"ListItem\",\"position\":3,\"name\":\"Praias Paradis\u00edacas\"}]},{\"@type\":\"WebSite\",\"@id\":\"https:\\\/\\\/paratyperte.com\\\/#website\",\"url\":\"https:\\\/\\\/paratyperte.com\\\/\",\"name\":\"Paraty Per Te\",\"description\":\"Ag\u00eancia de turismo em Paraty\",\"publisher\":{\"@id\":\"https:\\\/\\\/paratyperte.com\\\/#organization\"},\"potentialAction\":[{\"@type\":\"SearchAction\",\"target\":{\"@type\":\"EntryPoint\",\"urlTemplate\":\"https:\\\/\\\/paratyperte.com\\\/?s={search_term_string}\"},\"query-input\":{\"@type\":\"PropertyValueSpecification\",\"valueRequired\":true,\"valueName\":\"search_term_string\"}}],\"inLanguage\":\"en-US\"},{\"@type\":\"Organization\",\"@id\":\"https:\\\/\\\/paratyperte.com\\\/#organization\",\"name\":\"Paraty Per Te\",\"url\":\"https:\\\/\\\/paratyperte.com\\\/\",\"logo\":{\"@type\":\"ImageObject\",\"inLanguage\":\"en-US\",\"@id\":\"https:\\\/\\\/paratyperte.com\\\/#\\\/schema\\\/logo\\\/image\\\/\",\"url\":\"https:\\\/\\\/paratyperte.com\\\/wp-content\\\/uploads\\\/2024\\\/03\\\/cropped-PARATY-PER-TE-LOGO-SEM-FUNDO-1.png\",\"contentUrl\":\"https:\\\/\\\/paratyperte.com\\\/wp-content\\\/uploads\\\/2024\\\/03\\\/cropped-PARATY-PER-TE-LOGO-SEM-FUNDO-1.png\",\"width\":2644,\"height\":2147,\"caption\":\"Paraty Per Te\"},\"image\":{\"@id\":\"https:\\\/\\\/paratyperte.com\\\/#\\\/schema\\\/logo\\\/image\\\/\"},\"sameAs\":[\"https:\\\/\\\/www.facebook.com\\\/paratyperte\\\/\",\"https:\\\/\\\/www.tripadvisor.com.br\\\/ShowUserReviews-g303503-d24012638-r917170680-PARATY_PER_TE_TURISMO-Paraty_State_of_Rio_de_Janeiro.html\"]}]}<\/script>\n<!-- \/ Yoast SEO plugin. -->","yoast_head_json":{"title":"Praias Paradis\u00edacas - Paraty Per Te","description":"Explore as praias paradis\u00edacas de Paraty com conforto e seguran\u00e7a em um tour privativo. Desfrute das mais belas praias com um guia experiente. Reserve j\u00e1!","robots":{"index":"index","follow":"follow","max-snippet":"max-snippet:-1","max-image-preview":"max-image-preview:large","max-video-preview":"max-video-preview:-1"},"canonical":"https:\/\/paratyperte.com\/en_US\/product\/praias-paradisiacas\/","og_locale":"en_US","og_type":"article","og_title":"Praias Paradis\u00edacas - Paraty Per Te","og_description":"Explore as praias paradis\u00edacas de Paraty com conforto e seguran\u00e7a em um tour privativo. Desfrute das mais belas praias com um guia experiente. Reserve j\u00e1!","og_url":"https:\/\/paratyperte.com\/en_US\/product\/praias-paradisiacas\/","og_site_name":"Paraty Per Te","article_publisher":"https:\/\/www.facebook.com\/paratyperte\/","article_modified_time":"2024-05-28T16:16:43+00:00","og_image":[{"width":800,"height":450,"url":"https:\/\/paratyperte.com\/wp-content\/uploads\/2024\/05\/costa-verde_paraty.jpg","type":"image\/jpeg"}],"twitter_card":"summary_large_image","twitter_misc":{"Est. reading time":"2 minutes"},"schema":{"@context":"https:\/\/schema.org","@graph":[{"@type":"WebPage","@id":"https:\/\/paratyperte.com\/produto\/praias-paradisiacas\/","url":"https:\/\/paratyperte.com\/produto\/praias-paradisiacas\/","name":"Praias Paradis\u00edacas - Paraty Per Te","isPartOf":{"@id":"https:\/\/paratyperte.com\/#website"},"primaryImageOfPage":{"@id":"https:\/\/paratyperte.com\/produto\/praias-paradisiacas\/#primaryimage"},"image":{"@id":"https:\/\/paratyperte.com\/produto\/praias-paradisiacas\/#primaryimage"},"thumbnailUrl":"https:\/\/paratyperte.com\/wp-content\/uploads\/2024\/05\/costa-verde_paraty.jpg","datePublished":"2024-05-22T13:54:11+00:00","dateModified":"2024-05-28T16:16:43+00:00","description":"Explore as praias paradis\u00edacas de Paraty com conforto e seguran\u00e7a em um tour privativo. Desfrute das mais belas praias com um guia experiente. Reserve j\u00e1!","breadcrumb":{"@id":"https:\/\/paratyperte.com\/produto\/praias-paradisiacas\/#breadcrumb"},"inLanguage":"en-US","potentialAction":[{"@type":"ReadAction","target":["https:\/\/paratyperte.com\/produto\/praias-paradisiacas\/"]}]},{"@type":"ImageObject","inLanguage":"en-US","@id":"https:\/\/paratyperte.com\/produto\/praias-paradisiacas\/#primaryimage","url":"https:\/\/paratyperte.com\/wp-content\/uploads\/2024\/05\/costa-verde_paraty.jpg","contentUrl":"https:\/\/paratyperte.com\/wp-content\/uploads\/2024\/05\/costa-verde_paraty.jpg","width":800,"height":450,"caption":"praias costa verde paraty"},{"@type":"BreadcrumbList","@id":"https:\/\/paratyperte.com\/produto\/praias-paradisiacas\/#breadcrumb","itemListElement":[{"@type":"ListItem","position":1,"name":"In\u00edcio","item":"https:\/\/paratyperte.com\/"},{"@type":"ListItem","position":2,"name":"Produtos","item":"https:\/\/paratyperte.com\/shop\/"},{"@type":"ListItem","position":3,"name":"Praias Paradis\u00edacas"}]},{"@type":"WebSite","@id":"https:\/\/paratyperte.com\/#website","url":"https:\/\/paratyperte.com\/","name":"Party Per Te","description":"Tour agency in Paraty","publisher":{"@id":"https:\/\/paratyperte.com\/#organization"},"potentialAction":[{"@type":"SearchAction","target":{"@type":"EntryPoint","urlTemplate":"https:\/\/paratyperte.com\/?s={search_term_string}"},"query-input":{"@type":"PropertyValueSpecification","valueRequired":true,"valueName":"search_term_string"}}],"inLanguage":"en-US"},{"@type":"Organization","@id":"https:\/\/paratyperte.com\/#organization","name":"Party Per Te","url":"https:\/\/paratyperte.com\/","logo":{"@type":"ImageObject","inLanguage":"en-US","@id":"https:\/\/paratyperte.com\/#\/schema\/logo\/image\/","url":"https:\/\/paratyperte.com\/wp-content\/uploads\/2024\/03\/cropped-PARATY-PER-TE-LOGO-SEM-FUNDO-1.png","contentUrl":"https:\/\/paratyperte.com\/wp-content\/uploads\/2024\/03\/cropped-PARATY-PER-TE-LOGO-SEM-FUNDO-1.png","width":2644,"height":2147,"caption":"Paraty Per Te"},"image":{"@id":"https:\/\/paratyperte.com\/#\/schema\/logo\/image\/"},"sameAs":["https:\/\/www.facebook.com\/paratyperte\/","https:\/\/www.tripadvisor.com.br\/ShowUserReviews-g303503-d24012638-r917170680-PARATY_PER_TE_TURISMO-Paraty_State_of_Rio_de_Janeiro.html"]}]}},"_links":{"self":[{"href":"https:\/\/paratyperte.com\/en_US\/wp-json\/wp\/v2\/product\/2583","targetHints":{"allow":["GET"]}}],"collection":[{"href":"https:\/\/paratyperte.com\/en_US\/wp-json\/wp\/v2\/product"}],"about":[{"href":"https:\/\/paratyperte.com\/en_US\/wp-json\/wp\/v2\/types\/product"}],"replies":[{"embeddable":true,"href":"https:\/\/paratyperte.com\/en_US\/wp-json\/wp\/v2\/comments?post=2583"}],"wp:featuredmedia":[{"embeddable":true,"href":"https:\/\/paratyperte.com\/en_US\/wp-json\/wp\/v2\/media\/2626"}],"wp:attachment":[{"href":"https:\/\/paratyperte.com\/en_US\/wp-json\/wp\/v2\/media?parent=2583"}],"wp:term":[{"taxonomy":"product_brand","embeddable":true,"href":"https:\/\/paratyperte.com\/en_US\/wp-json\/wp\/v2\/product_brand?post=2583"},{"taxonomy":"product_cat","embeddable":true,"href":"https:\/\/paratyperte.com\/en_US\/wp-json\/wp\/v2\/product_cat?post=2583"},{"taxonomy":"product_tag","embeddable":true,"href":"https:\/\/paratyperte.com\/en_US\/wp-json\/wp\/v2\/product_tag?post=2583"}],"curies":[{"name":"wp","href":"https:\/\/api.w.org\/{rel}","templated":true}]}}