{"id":2559,"date":"2024-05-20T13:42:42","date_gmt":"2024-05-20T16:42:42","guid":{"rendered":"https:\/\/paratyperte.com\/?post_type=product&#038;p=2559"},"modified":"2024-05-22T11:18:03","modified_gmt":"2024-05-22T14:18:03","slug":"roteiro-fogo","status":"publish","type":"product","link":"https:\/\/paratyperte.com\/en_US\/product\/roteiro-fogo\/","title":{"rendered":"ROTEIRO FOGO"},"content":{"rendered":"<h4><strong>Guarani Tribe Experience<\/strong><\/h4>\n<h6><strong>Dutation<\/strong> From 6 to 8 hours<\/h6>\n<p>Enjoy an immersive journey exploring an indigenous Guarani or Patax\u00f3 village,  Diving into a deep cultural interaction. In this experience, participants have the opportunity to explore the richness of ancestral culture, share knowledge with the indigenous community and participate in flexible activities, adapted to the interests and proposals of the natives<\/p>\n<p>Mergulhe na rotina de comunidades tradicionais por meio de oficinas culturais, viv\u00eancias, rodas de conversa e muita troca. Essa viv\u00eancia vai al\u00e9m dos limites do turismo tradicional, proporcionando uma conex\u00e3o espiritual e cultural que enriquece a compreens\u00e3o da vis\u00e3o de mundo e da realidade dos povos ind\u00edgenas. \u00c9 uma oportunidade \u00fanica de buscar autenticidade, conectar-se com o passado e compreender o presente, mergulhando no modo de vida desse povo em uma imers\u00e3o completa.<\/p>\n<h4><strong>Creative Inspiration.<\/strong><\/h4>\n<p>Experimente um dia criativo em Paraty, focado em despertar e fortalecer sua criatividade e intui\u00e7\u00e3o. Oferecemos uma sele\u00e7\u00e3o de atividades com especialistas locais, incluindo aulas de cer\u00e2mica, pintura, desenho, m\u00fasica, fotografia, medita\u00e7\u00e3o e at\u00e9 mesmo t\u00eanis. Escolha a atividade que mais combine com voc\u00ea e aproveite um dia revigorante para a mente e o corpo, adaptado de acordo com suas prefer\u00eancias e objetivos pessoais.<\/p>\n<h4><strong>Sabores de Paraty: Uma Experi\u00eancia Gastron\u00f4mica Criativa<\/strong><\/h4>\n<p>Desvende os segredos da culin\u00e1ria de Paraty em uma divertida e educativa aula pr\u00e1tica de culin\u00e1ria com um renomado chef local, onde voc\u00ea aprender\u00e1 t\u00e9cnicas e segredos culin\u00e1rios.<\/p>\n<p>Prepare-se para mergulhar na riqueza gastron\u00f4mica de Paraty, uma cidade reconhecida pela Unesco como um polo criativo na culin\u00e1ria. Nossa proposta \u00e9 despertar todos os seus sentidos em uma experi\u00eancia sensorial completa, revelando os aromas, sabores e hist\u00f3rias por tr\u00e1s dos pratos.<\/p>\n<p>A aula \u00e9 totalmente customizada para atender \u00e0s suas prefer\u00eancias, perfil e necessidades diet\u00e9ticas, garantindo uma experi\u00eancia \u00fanica e personalizada. Durante todo o processo de prepara\u00e7\u00e3o, nosso instrutor estar\u00e1 \u00e0 disposi\u00e7\u00e3o para gui\u00e1-lo e responder a quaisquer perguntas que surgirem. Ap\u00f3s colocar as m\u00e3os na massa e preparar sua refei\u00e7\u00e3o brasileira, \u00e9 hora de se deliciar com o resultado final feito por voc\u00ea mesmo.<\/p>\n<h4><strong>Cai\u00e7ara Experience<\/strong><\/h4>\n<p>Mergulhe no estilo de vida cai\u00e7ara com esta experi\u00eancia aut\u00eantica, navegando pela ba\u00eda de Paraty em um barco tradicional de madeira. Guiado por um marinheiro pescador experiente, voc\u00ea se conectar\u00e1 \u00e0 simplicidade e riqueza da vida \u00e0 beira-mar. Ap\u00f3s a pescaria, desfrute de um delicioso peixe preparado na hora, enquanto ouve hist\u00f3rias e lendas locais, entendendo a import\u00e2ncia da preserva\u00e7\u00e3o ambiental e da rela\u00e7\u00e3o harmoniosa com o mar. Para os entusiastas da pesca, uma vers\u00e3o focada nessa atividade est\u00e1 dispon\u00edvel.<\/p>","protected":false},"excerpt":{"rendered":"<p>Guarani Tribe Experience Dura\u00e7\u00e3o: 6 a 8 horas Desfrute de uma jornada imersiva ao explorar uma aldeia ind\u00edgena Guarani ou Patax\u00f3, mergulhando em uma profunda intera\u00e7\u00e3o cultural. Nesta experi\u00eancia, os participantes t\u00eam a oportunidade de explorar a riqueza da cultura ancestral, compartilhar conhecimentos com a comunidade ind\u00edgena e participar de atividades flex\u00edveis, adaptadas aos interesses [&hellip;]<\/p>\n","protected":false},"featured_media":31,"comment_status":"open","ping_status":"closed","template":"","meta":{"_joinchat":[]},"product_brand":[],"product_cat":[23],"product_tag":[],"class_list":{"0":"post-2559","1":"product","2":"type-product","3":"status-publish","4":"has-post-thumbnail","6":"product_cat-turismo-eco-criativo","8":"first","9":"instock","10":"virtual","11":"purchasable","12":"product-type-simple"},"yoast_head":"<!-- This site is optimized with the Yoast SEO plugin v27.3 - https:\/\/yoast.com\/product\/yoast-seo-wordpress\/ -->\n<title>ROTEIRO FOGO - Paraty Per Te<\/title>\n<meta name=\"robots\" content=\"index, follow, max-snippet:-1, max-image-preview:large, max-video-preview:-1\" \/>\n<link rel=\"canonical\" href=\"https:\/\/paratyperte.com\/en_US\/product\/roteiro-fogo\/\" \/>\n<meta property=\"og:locale\" content=\"en_US\" \/>\n<meta property=\"og:type\" content=\"article\" \/>\n<meta property=\"og:title\" content=\"ROTEIRO FOGO - Paraty Per Te\" \/>\n<meta property=\"og:description\" content=\"Guarani Tribe Experience Dura\u00e7\u00e3o: 6 a 8 horas Desfrute de uma jornada imersiva ao explorar uma aldeia ind\u00edgena Guarani ou Patax\u00f3, mergulhando em uma profunda intera\u00e7\u00e3o cultural. Nesta experi\u00eancia, os participantes t\u00eam a oportunidade de explorar a riqueza da cultura ancestral, compartilhar conhecimentos com a comunidade ind\u00edgena e participar de atividades flex\u00edveis, adaptadas aos interesses [&hellip;]\" \/>\n<meta property=\"og:url\" content=\"https:\/\/paratyperte.com\/en_US\/product\/roteiro-fogo\/\" \/>\n<meta property=\"og:site_name\" content=\"Paraty Per Te\" \/>\n<meta property=\"article:publisher\" content=\"https:\/\/www.facebook.com\/paratyperte\/\" \/>\n<meta property=\"article:modified_time\" content=\"2024-05-22T14:18:03+00:00\" \/>\n<meta property=\"og:image\" content=\"https:\/\/paratyperte.com\/wp-content\/uploads\/2024\/03\/Design-sem-nome-73.jpg\" \/>\n\t<meta property=\"og:image:width\" content=\"1000\" \/>\n\t<meta property=\"og:image:height\" content=\"1200\" \/>\n\t<meta property=\"og:image:type\" content=\"image\/jpeg\" \/>\n<meta name=\"twitter:card\" content=\"summary_large_image\" \/>\n<meta name=\"twitter:label1\" content=\"Est. reading time\" \/>\n\t<meta name=\"twitter:data1\" content=\"3 minutes\" \/>\n<script type=\"application\/ld+json\" class=\"yoast-schema-graph\">{\"@context\":\"https:\\\/\\\/schema.org\",\"@graph\":[{\"@type\":\"WebPage\",\"@id\":\"https:\\\/\\\/paratyperte.com\\\/produto\\\/roteiro-fogo\\\/\",\"url\":\"https:\\\/\\\/paratyperte.com\\\/produto\\\/roteiro-fogo\\\/\",\"name\":\"ROTEIRO FOGO - Paraty Per Te\",\"isPartOf\":{\"@id\":\"https:\\\/\\\/paratyperte.com\\\/#website\"},\"primaryImageOfPage\":{\"@id\":\"https:\\\/\\\/paratyperte.com\\\/produto\\\/roteiro-fogo\\\/#primaryimage\"},\"image\":{\"@id\":\"https:\\\/\\\/paratyperte.com\\\/produto\\\/roteiro-fogo\\\/#primaryimage\"},\"thumbnailUrl\":\"https:\\\/\\\/paratyperte.com\\\/wp-content\\\/uploads\\\/2024\\\/03\\\/Design-sem-nome-73.jpg\",\"datePublished\":\"2024-05-20T16:42:42+00:00\",\"dateModified\":\"2024-05-22T14:18:03+00:00\",\"breadcrumb\":{\"@id\":\"https:\\\/\\\/paratyperte.com\\\/produto\\\/roteiro-fogo\\\/#breadcrumb\"},\"inLanguage\":\"en-US\",\"potentialAction\":[{\"@type\":\"ReadAction\",\"target\":[\"https:\\\/\\\/paratyperte.com\\\/produto\\\/roteiro-fogo\\\/\"]}]},{\"@type\":\"ImageObject\",\"inLanguage\":\"en-US\",\"@id\":\"https:\\\/\\\/paratyperte.com\\\/produto\\\/roteiro-fogo\\\/#primaryimage\",\"url\":\"https:\\\/\\\/paratyperte.com\\\/wp-content\\\/uploads\\\/2024\\\/03\\\/Design-sem-nome-73.jpg\",\"contentUrl\":\"https:\\\/\\\/paratyperte.com\\\/wp-content\\\/uploads\\\/2024\\\/03\\\/Design-sem-nome-73.jpg\",\"width\":1000,\"height\":1200},{\"@type\":\"BreadcrumbList\",\"@id\":\"https:\\\/\\\/paratyperte.com\\\/produto\\\/roteiro-fogo\\\/#breadcrumb\",\"itemListElement\":[{\"@type\":\"ListItem\",\"position\":1,\"name\":\"In\u00edcio\",\"item\":\"https:\\\/\\\/paratyperte.com\\\/\"},{\"@type\":\"ListItem\",\"position\":2,\"name\":\"Produtos\",\"item\":\"https:\\\/\\\/paratyperte.com\\\/shop\\\/\"},{\"@type\":\"ListItem\",\"position\":3,\"name\":\"ROTEIRO FOGO\"}]},{\"@type\":\"WebSite\",\"@id\":\"https:\\\/\\\/paratyperte.com\\\/#website\",\"url\":\"https:\\\/\\\/paratyperte.com\\\/\",\"name\":\"Paraty Per Te\",\"description\":\"Ag\u00eancia de turismo em Paraty\",\"publisher\":{\"@id\":\"https:\\\/\\\/paratyperte.com\\\/#organization\"},\"potentialAction\":[{\"@type\":\"SearchAction\",\"target\":{\"@type\":\"EntryPoint\",\"urlTemplate\":\"https:\\\/\\\/paratyperte.com\\\/?s={search_term_string}\"},\"query-input\":{\"@type\":\"PropertyValueSpecification\",\"valueRequired\":true,\"valueName\":\"search_term_string\"}}],\"inLanguage\":\"en-US\"},{\"@type\":\"Organization\",\"@id\":\"https:\\\/\\\/paratyperte.com\\\/#organization\",\"name\":\"Paraty Per Te\",\"url\":\"https:\\\/\\\/paratyperte.com\\\/\",\"logo\":{\"@type\":\"ImageObject\",\"inLanguage\":\"en-US\",\"@id\":\"https:\\\/\\\/paratyperte.com\\\/#\\\/schema\\\/logo\\\/image\\\/\",\"url\":\"https:\\\/\\\/paratyperte.com\\\/wp-content\\\/uploads\\\/2024\\\/03\\\/cropped-PARATY-PER-TE-LOGO-SEM-FUNDO-1.png\",\"contentUrl\":\"https:\\\/\\\/paratyperte.com\\\/wp-content\\\/uploads\\\/2024\\\/03\\\/cropped-PARATY-PER-TE-LOGO-SEM-FUNDO-1.png\",\"width\":2644,\"height\":2147,\"caption\":\"Paraty Per Te\"},\"image\":{\"@id\":\"https:\\\/\\\/paratyperte.com\\\/#\\\/schema\\\/logo\\\/image\\\/\"},\"sameAs\":[\"https:\\\/\\\/www.facebook.com\\\/paratyperte\\\/\",\"https:\\\/\\\/www.tripadvisor.com.br\\\/ShowUserReviews-g303503-d24012638-r917170680-PARATY_PER_TE_TURISMO-Paraty_State_of_Rio_de_Janeiro.html\"]}]}<\/script>\n<!-- \/ Yoast SEO plugin. -->","yoast_head_json":{"title":"ROTEIRO FOGO - Paraty Per Te","robots":{"index":"index","follow":"follow","max-snippet":"max-snippet:-1","max-image-preview":"max-image-preview:large","max-video-preview":"max-video-preview:-1"},"canonical":"https:\/\/paratyperte.com\/en_US\/product\/roteiro-fogo\/","og_locale":"en_US","og_type":"article","og_title":"ROTEIRO FOGO - Paraty Per Te","og_description":"Guarani Tribe Experience Dura\u00e7\u00e3o: 6 a 8 horas Desfrute de uma jornada imersiva ao explorar uma aldeia ind\u00edgena Guarani ou Patax\u00f3, mergulhando em uma profunda intera\u00e7\u00e3o cultural. Nesta experi\u00eancia, os participantes t\u00eam a oportunidade de explorar a riqueza da cultura ancestral, compartilhar conhecimentos com a comunidade ind\u00edgena e participar de atividades flex\u00edveis, adaptadas aos interesses [&hellip;]","og_url":"https:\/\/paratyperte.com\/en_US\/product\/roteiro-fogo\/","og_site_name":"Paraty Per Te","article_publisher":"https:\/\/www.facebook.com\/paratyperte\/","article_modified_time":"2024-05-22T14:18:03+00:00","og_image":[{"width":1000,"height":1200,"url":"https:\/\/paratyperte.com\/wp-content\/uploads\/2024\/03\/Design-sem-nome-73.jpg","type":"image\/jpeg"}],"twitter_card":"summary_large_image","twitter_misc":{"Est. reading time":"3 minutes"},"schema":{"@context":"https:\/\/schema.org","@graph":[{"@type":"WebPage","@id":"https:\/\/paratyperte.com\/produto\/roteiro-fogo\/","url":"https:\/\/paratyperte.com\/produto\/roteiro-fogo\/","name":"ROTEIRO FOGO - Paraty Per Te","isPartOf":{"@id":"https:\/\/paratyperte.com\/#website"},"primaryImageOfPage":{"@id":"https:\/\/paratyperte.com\/produto\/roteiro-fogo\/#primaryimage"},"image":{"@id":"https:\/\/paratyperte.com\/produto\/roteiro-fogo\/#primaryimage"},"thumbnailUrl":"https:\/\/paratyperte.com\/wp-content\/uploads\/2024\/03\/Design-sem-nome-73.jpg","datePublished":"2024-05-20T16:42:42+00:00","dateModified":"2024-05-22T14:18:03+00:00","breadcrumb":{"@id":"https:\/\/paratyperte.com\/produto\/roteiro-fogo\/#breadcrumb"},"inLanguage":"en-US","potentialAction":[{"@type":"ReadAction","target":["https:\/\/paratyperte.com\/produto\/roteiro-fogo\/"]}]},{"@type":"ImageObject","inLanguage":"en-US","@id":"https:\/\/paratyperte.com\/produto\/roteiro-fogo\/#primaryimage","url":"https:\/\/paratyperte.com\/wp-content\/uploads\/2024\/03\/Design-sem-nome-73.jpg","contentUrl":"https:\/\/paratyperte.com\/wp-content\/uploads\/2024\/03\/Design-sem-nome-73.jpg","width":1000,"height":1200},{"@type":"BreadcrumbList","@id":"https:\/\/paratyperte.com\/produto\/roteiro-fogo\/#breadcrumb","itemListElement":[{"@type":"ListItem","position":1,"name":"In\u00edcio","item":"https:\/\/paratyperte.com\/"},{"@type":"ListItem","position":2,"name":"Produtos","item":"https:\/\/paratyperte.com\/shop\/"},{"@type":"ListItem","position":3,"name":"ROTEIRO FOGO"}]},{"@type":"WebSite","@id":"https:\/\/paratyperte.com\/#website","url":"https:\/\/paratyperte.com\/","name":"Party Per Te","description":"Tour agency in Paraty","publisher":{"@id":"https:\/\/paratyperte.com\/#organization"},"potentialAction":[{"@type":"SearchAction","target":{"@type":"EntryPoint","urlTemplate":"https:\/\/paratyperte.com\/?s={search_term_string}"},"query-input":{"@type":"PropertyValueSpecification","valueRequired":true,"valueName":"search_term_string"}}],"inLanguage":"en-US"},{"@type":"Organization","@id":"https:\/\/paratyperte.com\/#organization","name":"Party Per Te","url":"https:\/\/paratyperte.com\/","logo":{"@type":"ImageObject","inLanguage":"en-US","@id":"https:\/\/paratyperte.com\/#\/schema\/logo\/image\/","url":"https:\/\/paratyperte.com\/wp-content\/uploads\/2024\/03\/cropped-PARATY-PER-TE-LOGO-SEM-FUNDO-1.png","contentUrl":"https:\/\/paratyperte.com\/wp-content\/uploads\/2024\/03\/cropped-PARATY-PER-TE-LOGO-SEM-FUNDO-1.png","width":2644,"height":2147,"caption":"Paraty Per Te"},"image":{"@id":"https:\/\/paratyperte.com\/#\/schema\/logo\/image\/"},"sameAs":["https:\/\/www.facebook.com\/paratyperte\/","https:\/\/www.tripadvisor.com.br\/ShowUserReviews-g303503-d24012638-r917170680-PARATY_PER_TE_TURISMO-Paraty_State_of_Rio_de_Janeiro.html"]}]}},"_links":{"self":[{"href":"https:\/\/paratyperte.com\/en_US\/wp-json\/wp\/v2\/product\/2559","targetHints":{"allow":["GET"]}}],"collection":[{"href":"https:\/\/paratyperte.com\/en_US\/wp-json\/wp\/v2\/product"}],"about":[{"href":"https:\/\/paratyperte.com\/en_US\/wp-json\/wp\/v2\/types\/product"}],"replies":[{"embeddable":true,"href":"https:\/\/paratyperte.com\/en_US\/wp-json\/wp\/v2\/comments?post=2559"}],"wp:featuredmedia":[{"embeddable":true,"href":"https:\/\/paratyperte.com\/en_US\/wp-json\/wp\/v2\/media\/31"}],"wp:attachment":[{"href":"https:\/\/paratyperte.com\/en_US\/wp-json\/wp\/v2\/media?parent=2559"}],"wp:term":[{"taxonomy":"product_brand","embeddable":true,"href":"https:\/\/paratyperte.com\/en_US\/wp-json\/wp\/v2\/product_brand?post=2559"},{"taxonomy":"product_cat","embeddable":true,"href":"https:\/\/paratyperte.com\/en_US\/wp-json\/wp\/v2\/product_cat?post=2559"},{"taxonomy":"product_tag","embeddable":true,"href":"https:\/\/paratyperte.com\/en_US\/wp-json\/wp\/v2\/product_tag?post=2559"}],"curies":[{"name":"wp","href":"https:\/\/api.w.org\/{rel}","templated":true}]}}