{"id":1513,"date":"2024-03-27T13:50:10","date_gmt":"2024-03-27T16:50:10","guid":{"rendered":"https:\/\/paratyperte.com\/?post_type=product&#038;p=1513"},"modified":"2024-05-24T13:53:10","modified_gmt":"2024-05-24T16:53:10","slug":"city-tour-cultural-artistico-criativo","status":"publish","type":"product","link":"https:\/\/paratyperte.com\/en_US\/product\/city-tour-cultural-artistico-criativo\/","title":{"rendered":"City Tours, Cultural, Artistic, Creative"},"content":{"rendered":"<h5><strong>Passeio a p\u00e9 pelo Centro Hist\u00f3rico<\/strong><\/h5>\n<h6><strong>Dutation<\/strong> 1 hora e 30 minutos a 3 horas<\/h6>\n<p>Neste fascinante passeio a p\u00e9 pelo centro hist\u00f3rico de Paraty, Patrim\u00f4nio Mundial da UNESCO, seu guia local o levar\u00e1 de volta no tempo para descobrir a ess\u00eancia do Brasil e tra\u00e7ar o desenvolvimento de Paraty atrav\u00e9s dos booms econ\u00f4micos do a\u00e7\u00facar, ouro e caf\u00e9. Nas estreitas ruas de pedra, cercadas por uma arquitetura colonial deslumbrante, voc\u00ea mergulhar\u00e1 em uma narrativa repleta de curiosidades e anedotas que d\u00e3o vida \u00e0 hist\u00f3ria da cidade. Seu guia ir\u00e1 compartilhar hist\u00f3rias fascinantes que revelam como o passado se entrela\u00e7a com o presente.<\/p>\n<p>Mas essa experi\u00eancia n\u00e3o se limita apenas \u00e0 hist\u00f3ria; Paraty \u00e9 um ref\u00fagio de criatividade e express\u00e3o art\u00edstica. Durante o tour, voc\u00ea ter\u00e1 a oportunidade de conhecer talentosos artistas locais, conversar com eles sobre suas obras e sentir-se inspirado por suas cria\u00e7\u00f5es \u00fanicas. A arte floresce em todos os cantos desta cidade m\u00e1gica, e voc\u00ea poder\u00e1 ver como ela \u00e9 parte essencial da identidade de Paraty.<\/p>\n<p>Prepare-se para uma viagem no tempo que ir\u00e1 mergulhar voc\u00ea na hist\u00f3ria, cultura e arte de Paraty.<\/p>","protected":false},"excerpt":{"rendered":"<p>Passeio a p\u00e9 pelo Centro Hist\u00f3rico Dura\u00e7\u00e3o: 1 hora e 30 minutos a 3 horas Neste fascinante passeio a p\u00e9 pelo centro hist\u00f3rico de Paraty, Patrim\u00f4nio Mundial da UNESCO, seu guia local o levar\u00e1 de volta no tempo para descobrir a ess\u00eancia do Brasil e tra\u00e7ar o desenvolvimento de Paraty atrav\u00e9s dos booms econ\u00f4micos do [&hellip;]<\/p>\n","protected":false},"featured_media":2170,"comment_status":"open","ping_status":"closed","template":"","meta":{"_joinchat":[]},"product_brand":[],"product_cat":[49,23],"product_tag":[31],"class_list":{"0":"post-1513","1":"product","2":"type-product","3":"status-publish","4":"has-post-thumbnail","6":"product_cat-terra","7":"product_cat-turismo-eco-criativo","8":"product_tag-tour-cultural-artistico-criativo","10":"first","11":"instock","12":"virtual","13":"purchasable","14":"product-type-simple"},"yoast_head":"<!-- This site is optimized with the Yoast SEO plugin v27.3 - https:\/\/yoast.com\/product\/yoast-seo-wordpress\/ -->\n<title>City Tour Cultural Art\u00edstico Criativo - Paraty Per Te<\/title>\n<meta name=\"description\" content=\"Guiados por um guia local, explore as ruas de pedra e a arquitetura colonial enquanto aprende sobre a hist\u00f3ria da cidade, Patrim\u00f4nio Mundial da UNESCO.\" \/>\n<meta name=\"robots\" content=\"index, follow, max-snippet:-1, max-image-preview:large, max-video-preview:-1\" \/>\n<link rel=\"canonical\" href=\"https:\/\/paratyperte.com\/en_US\/product\/city-tour-cultural-artistico-criativo\/\" \/>\n<meta property=\"og:locale\" content=\"en_US\" \/>\n<meta property=\"og:type\" content=\"article\" \/>\n<meta property=\"og:title\" content=\"City Tour Cultural Art\u00edstico Criativo - Paraty Per Te\" \/>\n<meta property=\"og:description\" content=\"Guiados por um guia local, explore as ruas de pedra e a arquitetura colonial enquanto aprende sobre a hist\u00f3ria da cidade, Patrim\u00f4nio Mundial da UNESCO.\" \/>\n<meta property=\"og:url\" content=\"https:\/\/paratyperte.com\/en_US\/product\/city-tour-cultural-artistico-criativo\/\" \/>\n<meta property=\"og:site_name\" content=\"Paraty Per Te\" \/>\n<meta property=\"article:publisher\" content=\"https:\/\/www.facebook.com\/paratyperte\/\" \/>\n<meta property=\"article:modified_time\" content=\"2024-05-24T16:53:10+00:00\" \/>\n<meta property=\"og:image\" content=\"https:\/\/paratyperte.com\/wp-content\/uploads\/2024\/03\/Design-sem-nome-2024-04-12T140108.251.jpg\" \/>\n\t<meta property=\"og:image:width\" content=\"1000\" \/>\n\t<meta property=\"og:image:height\" content=\"1500\" \/>\n\t<meta property=\"og:image:type\" content=\"image\/jpeg\" \/>\n<meta name=\"twitter:card\" content=\"summary_large_image\" \/>\n<meta name=\"twitter:label1\" content=\"Est. reading time\" \/>\n\t<meta name=\"twitter:data1\" content=\"2 minutes\" \/>\n<script type=\"application\/ld+json\" class=\"yoast-schema-graph\">{\"@context\":\"https:\\\/\\\/schema.org\",\"@graph\":[{\"@type\":\"WebPage\",\"@id\":\"https:\\\/\\\/paratyperte.com\\\/produto\\\/city-tour-cultural-artistico-criativo\\\/\",\"url\":\"https:\\\/\\\/paratyperte.com\\\/produto\\\/city-tour-cultural-artistico-criativo\\\/\",\"name\":\"City Tour Cultural Art\u00edstico Criativo - Paraty Per Te\",\"isPartOf\":{\"@id\":\"https:\\\/\\\/paratyperte.com\\\/#website\"},\"primaryImageOfPage\":{\"@id\":\"https:\\\/\\\/paratyperte.com\\\/produto\\\/city-tour-cultural-artistico-criativo\\\/#primaryimage\"},\"image\":{\"@id\":\"https:\\\/\\\/paratyperte.com\\\/produto\\\/city-tour-cultural-artistico-criativo\\\/#primaryimage\"},\"thumbnailUrl\":\"https:\\\/\\\/paratyperte.com\\\/wp-content\\\/uploads\\\/2024\\\/03\\\/Design-sem-nome-2024-04-12T140108.251.jpg\",\"datePublished\":\"2024-03-27T16:50:10+00:00\",\"dateModified\":\"2024-05-24T16:53:10+00:00\",\"description\":\"Guiados por um guia local, explore as ruas de pedra e a arquitetura colonial enquanto aprende sobre a hist\u00f3ria da cidade, Patrim\u00f4nio Mundial da UNESCO.\",\"breadcrumb\":{\"@id\":\"https:\\\/\\\/paratyperte.com\\\/produto\\\/city-tour-cultural-artistico-criativo\\\/#breadcrumb\"},\"inLanguage\":\"en-US\",\"potentialAction\":[{\"@type\":\"ReadAction\",\"target\":[\"https:\\\/\\\/paratyperte.com\\\/produto\\\/city-tour-cultural-artistico-criativo\\\/\"]}]},{\"@type\":\"ImageObject\",\"inLanguage\":\"en-US\",\"@id\":\"https:\\\/\\\/paratyperte.com\\\/produto\\\/city-tour-cultural-artistico-criativo\\\/#primaryimage\",\"url\":\"https:\\\/\\\/paratyperte.com\\\/wp-content\\\/uploads\\\/2024\\\/03\\\/Design-sem-nome-2024-04-12T140108.251.jpg\",\"contentUrl\":\"https:\\\/\\\/paratyperte.com\\\/wp-content\\\/uploads\\\/2024\\\/03\\\/Design-sem-nome-2024-04-12T140108.251.jpg\",\"width\":1000,\"height\":1500,\"caption\":\"xr:d:DAGCI4P9fbw:43,j:3468196372942351152,t:24041217\"},{\"@type\":\"BreadcrumbList\",\"@id\":\"https:\\\/\\\/paratyperte.com\\\/produto\\\/city-tour-cultural-artistico-criativo\\\/#breadcrumb\",\"itemListElement\":[{\"@type\":\"ListItem\",\"position\":1,\"name\":\"In\u00edcio\",\"item\":\"https:\\\/\\\/paratyperte.com\\\/\"},{\"@type\":\"ListItem\",\"position\":2,\"name\":\"Produtos\",\"item\":\"https:\\\/\\\/paratyperte.com\\\/shop\\\/\"},{\"@type\":\"ListItem\",\"position\":3,\"name\":\"City Tour Cultural Art\u00edstico Criativo\"}]},{\"@type\":\"WebSite\",\"@id\":\"https:\\\/\\\/paratyperte.com\\\/#website\",\"url\":\"https:\\\/\\\/paratyperte.com\\\/\",\"name\":\"Paraty Per Te\",\"description\":\"Ag\u00eancia de turismo em Paraty\",\"publisher\":{\"@id\":\"https:\\\/\\\/paratyperte.com\\\/#organization\"},\"potentialAction\":[{\"@type\":\"SearchAction\",\"target\":{\"@type\":\"EntryPoint\",\"urlTemplate\":\"https:\\\/\\\/paratyperte.com\\\/?s={search_term_string}\"},\"query-input\":{\"@type\":\"PropertyValueSpecification\",\"valueRequired\":true,\"valueName\":\"search_term_string\"}}],\"inLanguage\":\"en-US\"},{\"@type\":\"Organization\",\"@id\":\"https:\\\/\\\/paratyperte.com\\\/#organization\",\"name\":\"Paraty Per Te\",\"url\":\"https:\\\/\\\/paratyperte.com\\\/\",\"logo\":{\"@type\":\"ImageObject\",\"inLanguage\":\"en-US\",\"@id\":\"https:\\\/\\\/paratyperte.com\\\/#\\\/schema\\\/logo\\\/image\\\/\",\"url\":\"https:\\\/\\\/paratyperte.com\\\/wp-content\\\/uploads\\\/2024\\\/03\\\/cropped-PARATY-PER-TE-LOGO-SEM-FUNDO-1.png\",\"contentUrl\":\"https:\\\/\\\/paratyperte.com\\\/wp-content\\\/uploads\\\/2024\\\/03\\\/cropped-PARATY-PER-TE-LOGO-SEM-FUNDO-1.png\",\"width\":2644,\"height\":2147,\"caption\":\"Paraty Per Te\"},\"image\":{\"@id\":\"https:\\\/\\\/paratyperte.com\\\/#\\\/schema\\\/logo\\\/image\\\/\"},\"sameAs\":[\"https:\\\/\\\/www.facebook.com\\\/paratyperte\\\/\",\"https:\\\/\\\/www.tripadvisor.com.br\\\/ShowUserReviews-g303503-d24012638-r917170680-PARATY_PER_TE_TURISMO-Paraty_State_of_Rio_de_Janeiro.html\"]}]}<\/script>\n<!-- \/ Yoast SEO plugin. -->","yoast_head_json":{"title":"City Tour Cultural Art\u00edstico Criativo - Paraty Per Te","description":"Guiados por um guia local, explore as ruas de pedra e a arquitetura colonial enquanto aprende sobre a hist\u00f3ria da cidade, Patrim\u00f4nio Mundial da UNESCO.","robots":{"index":"index","follow":"follow","max-snippet":"max-snippet:-1","max-image-preview":"max-image-preview:large","max-video-preview":"max-video-preview:-1"},"canonical":"https:\/\/paratyperte.com\/en_US\/product\/city-tour-cultural-artistico-criativo\/","og_locale":"en_US","og_type":"article","og_title":"City Tour Cultural Art\u00edstico Criativo - Paraty Per Te","og_description":"Guiados por um guia local, explore as ruas de pedra e a arquitetura colonial enquanto aprende sobre a hist\u00f3ria da cidade, Patrim\u00f4nio Mundial da UNESCO.","og_url":"https:\/\/paratyperte.com\/en_US\/product\/city-tour-cultural-artistico-criativo\/","og_site_name":"Paraty Per Te","article_publisher":"https:\/\/www.facebook.com\/paratyperte\/","article_modified_time":"2024-05-24T16:53:10+00:00","og_image":[{"width":1000,"height":1500,"url":"https:\/\/paratyperte.com\/wp-content\/uploads\/2024\/03\/Design-sem-nome-2024-04-12T140108.251.jpg","type":"image\/jpeg"}],"twitter_card":"summary_large_image","twitter_misc":{"Est. reading time":"2 minutes"},"schema":{"@context":"https:\/\/schema.org","@graph":[{"@type":"WebPage","@id":"https:\/\/paratyperte.com\/produto\/city-tour-cultural-artistico-criativo\/","url":"https:\/\/paratyperte.com\/produto\/city-tour-cultural-artistico-criativo\/","name":"City Tour Cultural Art\u00edstico Criativo - Paraty Per Te","isPartOf":{"@id":"https:\/\/paratyperte.com\/#website"},"primaryImageOfPage":{"@id":"https:\/\/paratyperte.com\/produto\/city-tour-cultural-artistico-criativo\/#primaryimage"},"image":{"@id":"https:\/\/paratyperte.com\/produto\/city-tour-cultural-artistico-criativo\/#primaryimage"},"thumbnailUrl":"https:\/\/paratyperte.com\/wp-content\/uploads\/2024\/03\/Design-sem-nome-2024-04-12T140108.251.jpg","datePublished":"2024-03-27T16:50:10+00:00","dateModified":"2024-05-24T16:53:10+00:00","description":"Guiados por um guia local, explore as ruas de pedra e a arquitetura colonial enquanto aprende sobre a hist\u00f3ria da cidade, Patrim\u00f4nio Mundial da UNESCO.","breadcrumb":{"@id":"https:\/\/paratyperte.com\/produto\/city-tour-cultural-artistico-criativo\/#breadcrumb"},"inLanguage":"en-US","potentialAction":[{"@type":"ReadAction","target":["https:\/\/paratyperte.com\/produto\/city-tour-cultural-artistico-criativo\/"]}]},{"@type":"ImageObject","inLanguage":"en-US","@id":"https:\/\/paratyperte.com\/produto\/city-tour-cultural-artistico-criativo\/#primaryimage","url":"https:\/\/paratyperte.com\/wp-content\/uploads\/2024\/03\/Design-sem-nome-2024-04-12T140108.251.jpg","contentUrl":"https:\/\/paratyperte.com\/wp-content\/uploads\/2024\/03\/Design-sem-nome-2024-04-12T140108.251.jpg","width":1000,"height":1500,"caption":"xr:d:DAGCI4P9fbw:43,j:3468196372942351152,t:24041217"},{"@type":"BreadcrumbList","@id":"https:\/\/paratyperte.com\/produto\/city-tour-cultural-artistico-criativo\/#breadcrumb","itemListElement":[{"@type":"ListItem","position":1,"name":"In\u00edcio","item":"https:\/\/paratyperte.com\/"},{"@type":"ListItem","position":2,"name":"Produtos","item":"https:\/\/paratyperte.com\/shop\/"},{"@type":"ListItem","position":3,"name":"City Tour Cultural Art\u00edstico Criativo"}]},{"@type":"WebSite","@id":"https:\/\/paratyperte.com\/#website","url":"https:\/\/paratyperte.com\/","name":"Party Per Te","description":"Tour agency in Paraty","publisher":{"@id":"https:\/\/paratyperte.com\/#organization"},"potentialAction":[{"@type":"SearchAction","target":{"@type":"EntryPoint","urlTemplate":"https:\/\/paratyperte.com\/?s={search_term_string}"},"query-input":{"@type":"PropertyValueSpecification","valueRequired":true,"valueName":"search_term_string"}}],"inLanguage":"en-US"},{"@type":"Organization","@id":"https:\/\/paratyperte.com\/#organization","name":"Party Per Te","url":"https:\/\/paratyperte.com\/","logo":{"@type":"ImageObject","inLanguage":"en-US","@id":"https:\/\/paratyperte.com\/#\/schema\/logo\/image\/","url":"https:\/\/paratyperte.com\/wp-content\/uploads\/2024\/03\/cropped-PARATY-PER-TE-LOGO-SEM-FUNDO-1.png","contentUrl":"https:\/\/paratyperte.com\/wp-content\/uploads\/2024\/03\/cropped-PARATY-PER-TE-LOGO-SEM-FUNDO-1.png","width":2644,"height":2147,"caption":"Paraty Per Te"},"image":{"@id":"https:\/\/paratyperte.com\/#\/schema\/logo\/image\/"},"sameAs":["https:\/\/www.facebook.com\/paratyperte\/","https:\/\/www.tripadvisor.com.br\/ShowUserReviews-g303503-d24012638-r917170680-PARATY_PER_TE_TURISMO-Paraty_State_of_Rio_de_Janeiro.html"]}]}},"_links":{"self":[{"href":"https:\/\/paratyperte.com\/en_US\/wp-json\/wp\/v2\/product\/1513","targetHints":{"allow":["GET"]}}],"collection":[{"href":"https:\/\/paratyperte.com\/en_US\/wp-json\/wp\/v2\/product"}],"about":[{"href":"https:\/\/paratyperte.com\/en_US\/wp-json\/wp\/v2\/types\/product"}],"replies":[{"embeddable":true,"href":"https:\/\/paratyperte.com\/en_US\/wp-json\/wp\/v2\/comments?post=1513"}],"wp:featuredmedia":[{"embeddable":true,"href":"https:\/\/paratyperte.com\/en_US\/wp-json\/wp\/v2\/media\/2170"}],"wp:attachment":[{"href":"https:\/\/paratyperte.com\/en_US\/wp-json\/wp\/v2\/media?parent=1513"}],"wp:term":[{"taxonomy":"product_brand","embeddable":true,"href":"https:\/\/paratyperte.com\/en_US\/wp-json\/wp\/v2\/product_brand?post=1513"},{"taxonomy":"product_cat","embeddable":true,"href":"https:\/\/paratyperte.com\/en_US\/wp-json\/wp\/v2\/product_cat?post=1513"},{"taxonomy":"product_tag","embeddable":true,"href":"https:\/\/paratyperte.com\/en_US\/wp-json\/wp\/v2\/product_tag?post=1513"}],"curies":[{"name":"wp","href":"https:\/\/api.w.org\/{rel}","templated":true}]}}